{"id":10235,"date":"2017-09-01T21:40:35","date_gmt":"2017-09-01T19:40:35","guid":{"rendered":"http:\/\/wolfsmonitor.de\/?page_id=10235"},"modified":"2017-09-30T09:51:46","modified_gmt":"2017-09-30T07:51:46","slug":"beitraege-september-2017","status":"publish","type":"page","link":"https:\/\/wolfsmonitor.de\/?page_id=10235","title":{"rendered":"Beitr\u00e4ge September 2017"},"content":{"rendered":"<p>Hier finden Sie alle Wolfsmonitor-Beitr\u00e4ge aus dem September 2017!<\/p>\n<p><span title=\"umwelt.nrw-Info 1.4.2016\">Bitte klicken Sie direkt auf den gew\u00fcnschten Titel im &#8222;Klappmenue&#8220; oben unter &#8222;Beitr\u00e4ge&#8220; oder auf folgende, chronologisch angeordnete Beitrags\u00fcberschriften:<\/span><\/p>\n<ol>\n<li><span id=\"eow-title\" class=\"watch-title\" dir=\"ltr\" title=\"re:publica 2017 - Flachsinn - \u00fcber gute und schlechte Aufmerksamkeit, wie man sie bekommt, wer ...\"><\/span><a href=\"https:\/\/wolfsmonitor.de\/?p=10224\" target=\"_blank\" rel=\"noopener\"><span style=\"color: #0000ff;\">Acht Verb\u00e4nde fordern nationales Zentrum f\u00fcr Herdenschutz<\/span><\/a>, 1. September 2017<\/li>\n<li><span style=\"color: #0000ff;\"><a href=\"https:\/\/wolfsmonitor.de\/?p=10182\" target=\"_blank\" rel=\"noopener\"><span style=\"color: #0000ff;\">Von W\u00f6lfen, die in Becher pinkeln\u2026<\/span><\/a><\/span>2. September 2017<\/li>\n<li><a href=\"https:\/\/wolfsmonitor.de\/?p=10255\" target=\"_blank\" rel=\"noopener\"><span style=\"color: #0000ff;\">Neueste Ausgabe des GzSdW-Vereinsmagazins online!<\/span><\/a>, 4.September 2017<\/li>\n<li><span style=\"color: #0000ff;\"><a href=\"https:\/\/wolfsmonitor.de\/?p=10246\" target=\"_blank\" rel=\"noopener\"><span style=\"color: #0000ff;\">Acht Verb\u00e4nde pr\u00e4sentieren sieben Eckpunkte f\u00fcr ein konfliktarmes Miteinander von Wolf und Weidetieren<\/span><\/a><\/span>, 5. September 2017<\/li>\n<li><span style=\"color: #0000ff;\"><a href=\"https:\/\/wolfsmonitor.de\/?p=10275\" target=\"_blank\" rel=\"noopener\"><span style=\"color: #0000ff;\">Verb\u00e4nde im Widerstrei<\/span>t<\/a><\/span>, 6. September 2017<\/li>\n<li><span style=\"color: #0000ff;\"><a href=\"https:\/\/wolfsmonitor.de\/?p=10288\" target=\"_blank\" rel=\"noopener\"><span style=\"color: #0000ff;\">Kompetenzzentrum Wolf in Iden personell komplett<\/span><\/a><\/span>, 6. September 2017<\/li>\n<li><span style=\"color: #0000ff;\"><a href=\"https:\/\/wolfsmonitor.de\/?p=10296\" target=\"_blank\" rel=\"noopener\"><span style=\"color: #0000ff;\">NRW: \u201eBei uns ist der Wolf los\u201c\u2026<\/span><\/a><\/span>, 7. September 2017<\/li>\n<li><span style=\"color: #0000ff;\"><a href=\"https:\/\/wolfsmonitor.de\/?p=10303\" target=\"_blank\" rel=\"noopener\"><span style=\"color: #0000ff;\">Th\u00fcringen: 4 bis 5 streunende Hunde und eine W\u00f6lfin verantwortlich f\u00fcr Risse<\/span><\/a><\/span>, 8. September 2017<\/li>\n<li><a href=\"https:\/\/wolfsmonitor.de\/?p=10325\" target=\"_blank\" rel=\"noopener\"><span style=\"color: #0000ff;\">Saisonales Muster: Mehr Wolfs\u00fcbergriffe im Sp\u00e4tsommer und Herbst<\/span><\/a>, 8. September 2017<\/li>\n<li><span style=\"color: #0000ff;\"><a href=\"https:\/\/wolfsmonitor.de\/?p=10335\" target=\"_blank\" rel=\"noopener\"><span style=\"color: #0000ff;\">D\u00e9j\u00e0 Vu in Sachsen<\/span><\/a>,<\/span> 9. September 2017<\/li>\n<li><span style=\"color: #0000ff;\"><a href=\"https:\/\/wolfsmonitor.de\/?p=10317\" target=\"_blank\" rel=\"noopener\"><span style=\"color: #0000ff;\">Wolf mit Torfspaten erschlagen<\/span><\/a><\/span>, 10. September 2017<\/li>\n<li><a href=\"https:\/\/wolfsmonitor.de\/?p=10363\" target=\"_blank\" rel=\"noopener\"><span style=\"color: #0000ff;\">Sch\u00fctzenswerte W\u00f6lfe \u2013 M\u00e4rchen oder Wahrheit?<\/span><\/a>, 11. September 2017<\/li>\n<li><span style=\"color: #0000ff;\"><a href=\"https:\/\/wolfsmonitor.de\/?p=10391\" target=\"_blank\" rel=\"noopener\"><span style=\"color: #0000ff;\">\u201eRiesiger Schaden f\u00fcr die internationale Zusammenarbeit im Artenschutz\u201c<\/span><\/a>,<\/span> 12. September 2017<\/li>\n<li><span style=\"color: #0000ff;\"><a href=\"https:\/\/wolfsmonitor.de\/?p=10397\" target=\"_blank\" rel=\"noopener\"><span style=\"color: #0000ff;\">Wahlkampf in Niedersachsen: Weniger f\u00fcr Landwirtschaft und weniger W\u00f6lfe?<\/span><\/a><\/span>, 12. September 2017<\/li>\n<li><a href=\"https:\/\/wolfsmonitor.de\/?p=10434\" target=\"_blank\" rel=\"noopener\"><span style=\"color: #0000ff;\">Ein GzSdW-Dossier: Von Problemw\u00f6lfen, Wolfsobergrenzen und Abschussfreigaben<\/span><\/a>, 13. September 2017<\/li>\n<li><span style=\"color: #0000ff;\"><a href=\"https:\/\/wolfsmonitor.de\/?p=10429\" target=\"_blank\" rel=\"noopener\"><span style=\"color: #0000ff;\">Schattenkabinett wird im Netz zum \u201eGruselkabinett\u201c<\/span><\/a><\/span>, 13. September 2017<\/li>\n<li><span style=\"color: #0000ff;\"><a href=\"https:\/\/wolfsmonitor.de\/?p=10454\" target=\"_blank\" rel=\"noopener\"><span style=\"color: #0000ff;\">&#8222;Z\u00e4une bauen statt Brennholz sammeln&#8220;<\/span><\/a>,<\/span> 14. September 2017<\/li>\n<li><a href=\"https:\/\/wolfsmonitor.de\/?p=10465\" target=\"_blank\" rel=\"noopener\"><span style=\"color: #0000ff;\">&#8222;Weg mit allem B\u00f6sen. Amen.&#8220;<\/span><\/a>, 14. September 2017<\/li>\n<li><a href=\"https:\/\/wolfsmonitor.de\/?p=10472\" target=\"_blank\" rel=\"noopener\"><span style=\"color: #0000ff;\">Seitenblick: Was sagen die Parteien eigentlich zum Naturschutz?<\/span><\/a>, 15. September 2017<\/li>\n<li><a href=\"https:\/\/wolfsmonitor.de\/?p=10478\" target=\"_blank\" rel=\"noopener\"><span style=\"color: #0000ff;\">Emp\u00f6rung in Polen: Wisent \u201eGorz\u00f3w\u201c in Deutschland erschossen<\/span><\/a>, 16. September 2017<\/li>\n<li><a href=\"https:\/\/wolfsmonitor.de\/?p=10497\" target=\"_blank\" rel=\"noopener\"><span style=\"color: #0000ff;\">Brandenburgs erschossener Wisentbulle: Ministerium zeigt sich &#8222;entsetzt und emp\u00f6rt&#8220;<\/span><\/a>, 17. September 2017<\/li>\n<li><a href=\"https:\/\/wolfsmonitor.de\/?p=10508\" target=\"_blank\" rel=\"noopener\"><span style=\"color: #0000ff;\">Ausgeb\u00fcxter Wolf erschossen: Wildpark begr\u00fcndet Abschuss&#8230;.<\/span><\/a>, 17. September 2017<\/li>\n<li><span style=\"color: #0000ff;\"><a href=\"https:\/\/wolfsmonitor.de\/?p=10519\" target=\"_blank\" rel=\"noopener\"><span style=\"color: #0000ff;\">Wild vor Wald? \u2013 Wolf vor Wild!<\/span><\/a><\/span>, 18. September 2017<\/li>\n<li><span style=\"color: #0000ff;\"><a href=\"https:\/\/wolfsmonitor.de\/?p=10526\" target=\"_blank\" rel=\"noopener\"><span style=\"color: #0000ff;\">HAZ-Umfrage: \u201eW\u00f6lfe zum Abschuss freigeben?<\/span>&#8222;<\/a>,<\/span> 20. September 2017<\/li>\n<li><span style=\"color: #0000ff;\"><a href=\"https:\/\/wolfsmonitor.de\/?p=10538\" target=\"_blank\" rel=\"noopener\"><span style=\"color: #0000ff;\">Munsteraner Wolfswelpen wahrscheinlich totgebissen<\/span><\/a><\/span>, 20. September 2017<\/li>\n<li><span style=\"color: #0000ff;\"><a href=\"https:\/\/wolfsmonitor.de\/?p=10544\" target=\"_blank\" rel=\"noopener\"><span style=\"color: #0000ff;\">Hans-Joachim Jan\u00dfen beim Thema Wolf zur nieders\u00e4chsischen CDU: &#8222;Sie betreiben vor der Wahl blanken Populismus&#8220;<\/span><\/a>, <\/span>21. September 2017<\/li>\n<li><span style=\"color: #0000ff;\"><a href=\"https:\/\/wolfsmonitor.de\/?p=10552\" target=\"_blank\" rel=\"noopener\"><span style=\"color: #0000ff;\">Goldenstedter W\u00f6lfin ist&#8230;&#8220;nicht als auff\u00e4llig zu betrachten&#8220;!<\/span><\/a>,<\/span> 22. September 2017<\/li>\n<li><a href=\"https:\/\/wolfsmonitor.de\/?p=10559\" target=\"_blank\" rel=\"noopener\"><span style=\"color: #0000ff;\">Aktuelle Umfrage best\u00e4tigt: Wolf ist willkommen!<\/span><\/a>, 23. September 2017<\/li>\n<li><span style=\"color: #0000ff;\"><a href=\"https:\/\/wolfsmonitor.de\/?p=10568\" target=\"_blank\" rel=\"noopener\"><span style=\"color: #0000ff;\">Wut und Trauer in Polen \u00fcber Wisentabschuss bis hoch ins Parlament<\/span><\/a><\/span>, 23. September 2017<\/li>\n<li><a href=\"https:\/\/wolfsmonitor.de\/?p=10574\" target=\"_blank\" rel=\"noopener\"><span style=\"color: #0000ff;\">Jagdstatistik: W\u00f6lfe \u201edringend n\u00f6tig\u201c<\/span><\/a>, 24. September 2017<\/li>\n<li><span style=\"color: #0000ff;\"><a href=\"https:\/\/wolfsmonitor.de\/?p=10592\" target=\"_blank\" rel=\"noopener\"><span style=\"color: #0000ff;\">&#8222;Wer heute den Abschuss von W\u00f6lfen propa\u00adgiert, fordert zum Rechtsbruch auf&#8220;<\/span><\/a>, 25. September 2017<\/span><\/li>\n<li><span style=\"color: #0000ff;\"><a href=\"https:\/\/wolfsmonitor.de\/?p=10600\" target=\"_blank\" rel=\"noopener\"><span style=\"color: #0000ff;\">Massive \u00f6kologische Probleme durch das Fehlen gro\u00dfer Beutegreifer<\/span><\/a>,<\/span> 27. September 2017<\/li>\n<li><span style=\"color: #0000ff;\"><a href=\"https:\/\/wolfsmonitor.de\/?p=10617\" target=\"_blank\" rel=\"noopener\"><span style=\"color: #0000ff;\">Wolfsabschuss in Th\u00fcringen?<\/span><\/a>,<\/span> 28. September 2017<\/li>\n<li><span style=\"color: #0000ff;\"><a href=\"https:\/\/wolfsmonitor.de\/?p=10609\" target=\"_blank\" rel=\"noopener\"><span style=\"color: #0000ff;\">Althusmann in Hildesheim: Drittklassige Wahlkampfrhetorik<\/span><\/a><\/span>, 28. September 2017<\/li>\n<li><span style=\"color: #0000ff;\"><a href=\"https:\/\/wolfsmonitor.de\/?p=10640\" target=\"_blank\" rel=\"noopener\"><span style=\"color: #0000ff;\">Bund und Land Niedersachsen: &#8222;Jagdrecht ist keine L\u00f6sung<\/span>&#8222;<\/a><\/span>, 29. September 2017<\/li>\n<li><a href=\"https:\/\/wolfsmonitor.de\/?p=10651\" target=\"_blank\" rel=\"noopener\"><span style=\"color: #0000ff;\">Am Ende `ne &#8222;Ente&#8220;? &#8211; Urlauberin in Griechenland von W\u00f6lfen gefressen?<\/span><\/a>, 30. September 2017<\/li>\n<\/ol>\n<p>Sie k\u00f6nnen alle Beitr\u00e4ge auch nach \u201cKategorien\u201d geordnet aufrufen. Bitte nutzen Sie dazu die gleichnamige Auswahl in der rechten Seitenleiste!<\/p>\n<p>Viel Spa\u00df!<\/p>\n<p>Ihr<\/p>\n<p>J\u00fcrgen Vogler<\/p>\n<p>&nbsp;<\/p>\n<div class=\"shariff shariff-align-center shariff-widget-align-center\" data-services=\"facebook%7Ctwitter\" data-url=\"https%3A%2F%2Fwolfsmonitor.de%2F%3Fpage_id%3D10235\" data-timestamp=\"1506765106\" data-backendurl=\"?rest_route=\/shariff\/v1\/share_counts&\"><ul class=\"shariff-buttons theme-color orientation-horizontal buttonsize-small\"><li class=\"shariff-button facebook shariff-nocustomcolor\" style=\"background-color:#4273c8\"><a href=\"https:\/\/www.facebook.com\/sharer\/sharer.php?u=https%3A%2F%2Fwolfsmonitor.de%2F%3Fpage_id%3D10235\" title=\"Bei Facebook teilen\" aria-label=\"Bei Facebook teilen\" role=\"button\" rel=\"nofollow\" class=\"shariff-link\" style=\"; background-color:#3b5998; color:#fff\" target=\"_blank\"><span class=\"shariff-icon\" style=\"\"><svg width=\"32px\" height=\"20px\" xmlns=\"http:\/\/www.w3.org\/2000\/svg\" viewBox=\"0 0 18 32\"><path fill=\"#3b5998\" d=\"M17.1 0.2v4.7h-2.8q-1.5 0-2.1 0.6t-0.5 1.9v3.4h5.2l-0.7 5.3h-4.5v13.6h-5.5v-13.6h-4.5v-5.3h4.5v-3.9q0-3.3 1.9-5.2t5-1.8q2.6 0 4.1 0.2z\"\/><\/svg><\/span><span class=\"shariff-text\">teilen<\/span>&nbsp;<span data-service=\"facebook\" style=\"color:#3b5998\" class=\"shariff-count shariff-hidezero\"><\/span>&nbsp;<\/a><\/li><li class=\"shariff-button twitter shariff-nocustomcolor\" style=\"background-color:#32bbf5\"><a href=\"https:\/\/twitter.com\/share?url=https%3A%2F%2Fwolfsmonitor.de%2F%3Fpage_id%3D10235&text=Beitr%C3%A4ge%20September%202017\" title=\"Bei Twitter teilen\" aria-label=\"Bei Twitter teilen\" role=\"button\" rel=\"noopener nofollow\" class=\"shariff-link\" style=\"; background-color:#55acee; color:#fff\" target=\"_blank\"><span class=\"shariff-icon\" style=\"\"><svg width=\"32px\" height=\"20px\" xmlns=\"http:\/\/www.w3.org\/2000\/svg\" viewBox=\"0 0 30 32\"><path fill=\"#55acee\" d=\"M29.7 6.8q-1.2 1.8-3 3.1 0 0.3 0 0.8 0 2.5-0.7 4.9t-2.2 4.7-3.5 4-4.9 2.8-6.1 1q-5.1 0-9.3-2.7 0.6 0.1 1.5 0.1 4.3 0 7.6-2.6-2-0.1-3.5-1.2t-2.2-3q0.6 0.1 1.1 0.1 0.8 0 1.6-0.2-2.1-0.4-3.5-2.1t-1.4-3.9v-0.1q1.3 0.7 2.8 0.8-1.2-0.8-2-2.2t-0.7-2.9q0-1.7 0.8-3.1 2.3 2.8 5.5 4.5t7 1.9q-0.2-0.7-0.2-1.4 0-2.5 1.8-4.3t4.3-1.8q2.7 0 4.5 1.9 2.1-0.4 3.9-1.5-0.7 2.2-2.7 3.4 1.8-0.2 3.5-0.9z\"\/><\/svg><\/span><span class=\"shariff-text\">twittern<\/span>&nbsp;<span data-service=\"twitter\" style=\"color:#55acee\" class=\"shariff-count shariff-hidezero\"><\/span>&nbsp;<\/a><\/li><li class=\"shariff-button rss shariff-nocustomcolor\" style=\"background-color:#ff8c00\"><a href=\"https:\/\/wolfsmonitor.de\/?feed=rss\" title=\"RSS-feed\" aria-label=\"RSS-feed\" role=\"button\" class=\"shariff-link\" style=\"; background-color:#fe9312; color:#fff\" target=\"_blank\"><span class=\"shariff-icon\" style=\"\"><svg width=\"32px\" height=\"20px\" xmlns=\"http:\/\/www.w3.org\/2000\/svg\" viewBox=\"0 0 32 32\"><path fill=\"#fe9312\" d=\"M4.3 23.5c-2.3 0-4.3 1.9-4.3 4.3 0 2.3 1.9 4.2 4.3 4.2 2.4 0 4.3-1.9 4.3-4.2 0-2.3-1.9-4.3-4.3-4.3zM0 10.9v6.1c4 0 7.7 1.6 10.6 4.4 2.8 2.8 4.4 6.6 4.4 10.6h6.2c0-11.7-9.5-21.1-21.1-21.1zM0 0v6.1c14.2 0 25.8 11.6 25.8 25.9h6.2c0-17.6-14.4-32-32-32z\"\/><\/svg><\/span><span class=\"shariff-text\">RSS-feed<\/span>&nbsp;<\/a><\/li><li class=\"shariff-button mailto shariff-nocustomcolor\" style=\"background-color:#a8a8a8\"><a href=\"mailto:?body=https%3A%2F%2Fwolfsmonitor.de%2F%3Fpage_id%3D10235&subject=Beitr%C3%A4ge%20September%202017\" title=\"Per E-Mail versenden\" aria-label=\"Per E-Mail versenden\" role=\"button\" rel=\"noopener nofollow\" class=\"shariff-link\" style=\"; background-color:#999; color:#fff\"><span class=\"shariff-icon\" style=\"\"><svg width=\"32px\" height=\"20px\" xmlns=\"http:\/\/www.w3.org\/2000\/svg\" viewBox=\"0 0 32 32\"><path fill=\"#999\" d=\"M32 12.7v14.2q0 1.2-0.8 2t-2 0.9h-26.3q-1.2 0-2-0.9t-0.8-2v-14.2q0.8 0.9 1.8 1.6 6.5 4.4 8.9 6.1 1 0.8 1.6 1.2t1.7 0.9 2 0.4h0.1q0.9 0 2-0.4t1.7-0.9 1.6-1.2q3-2.2 8.9-6.1 1-0.7 1.8-1.6zM32 7.4q0 1.4-0.9 2.7t-2.2 2.2q-6.7 4.7-8.4 5.8-0.2 0.1-0.7 0.5t-1 0.7-0.9 0.6-1.1 0.5-0.9 0.2h-0.1q-0.4 0-0.9-0.2t-1.1-0.5-0.9-0.6-1-0.7-0.7-0.5q-1.6-1.1-4.7-3.2t-3.6-2.6q-1.1-0.7-2.1-2t-1-2.5q0-1.4 0.7-2.3t2.1-0.9h26.3q1.2 0 2 0.8t0.9 2z\"\/><\/svg><\/span><span class=\"shariff-text\">E-Mail<\/span>&nbsp;<\/a><\/li><li class=\"shariff-button info shariff-nocustomcolor\" style=\"background-color:#a8a8a8\"><a href=\"http:\/\/ct.de\/-2467514\" title=\"Weitere Informationen\" aria-label=\"Weitere Informationen\" role=\"button\" rel=\"noopener \" class=\"shariff-link\" style=\"; background-color:#999; color:#fff\" target=\"_blank\"><span class=\"shariff-icon\" style=\"\"><svg width=\"32px\" height=\"20px\" xmlns=\"http:\/\/www.w3.org\/2000\/svg\" viewBox=\"0 0 11 32\"><path fill=\"#999\" d=\"M11.4 24v2.3q0 0.5-0.3 0.8t-0.8 0.4h-9.1q-0.5 0-0.8-0.4t-0.4-0.8v-2.3q0-0.5 0.4-0.8t0.8-0.4h1.1v-6.8h-1.1q-0.5 0-0.8-0.4t-0.4-0.8v-2.3q0-0.5 0.4-0.8t0.8-0.4h6.8q0.5 0 0.8 0.4t0.4 0.8v10.3h1.1q0.5 0 0.8 0.4t0.3 0.8zM9.2 3.4v3.4q0 0.5-0.4 0.8t-0.8 0.4h-4.6q-0.4 0-0.8-0.4t-0.4-0.8v-3.4q0-0.4 0.4-0.8t0.8-0.4h4.6q0.5 0 0.8 0.4t0.4 0.8z\"\/><\/svg><\/span><\/a><\/li><\/ul><\/div>","protected":false},"excerpt":{"rendered":"<p>Hier finden Sie alle Wolfsmonitor-Beitr\u00e4ge aus dem September 2017! Bitte klicken Sie direkt auf den gew\u00fcnschten Titel im &#8222;Klappmenue&#8220; oben unter &#8222;Beitr\u00e4ge&#8220; oder auf folgende, chronologisch angeordnete Beitrags\u00fcberschriften: Acht Verb\u00e4nde fordern nationales Zentrum f\u00fcr Herdenschutz, 1. September 2017 Von W\u00f6lfen, die in Becher pinkeln\u20262. September 2017 Neueste Ausgabe des GzSdW-Vereinsmagazins online!, 4.September 2017 Acht Verb\u00e4nde [&hellip;]<\/p>\n<div class=\"shariff shariff-align-center shariff-widget-align-center\" data-services=\"facebook%7Ctwitter\" data-url=\"https%3A%2F%2Fwolfsmonitor.de%2F%3Fpage_id%3D10235\" data-timestamp=\"1506765106\" data-backendurl=\"?rest_route=\/shariff\/v1\/share_counts&\"><ul class=\"shariff-buttons theme-color orientation-horizontal buttonsize-small\"><li class=\"shariff-button facebook shariff-nocustomcolor\" style=\"background-color:#4273c8\"><a href=\"https:\/\/www.facebook.com\/sharer\/sharer.php?u=https%3A%2F%2Fwolfsmonitor.de%2F%3Fpage_id%3D10235\" title=\"Bei Facebook teilen\" aria-label=\"Bei Facebook teilen\" role=\"button\" rel=\"nofollow\" class=\"shariff-link\" style=\"; background-color:#3b5998; color:#fff\" target=\"_blank\"><span class=\"shariff-icon\" style=\"\"><svg width=\"32px\" height=\"20px\" xmlns=\"http:\/\/www.w3.org\/2000\/svg\" viewBox=\"0 0 18 32\"><path fill=\"#3b5998\" d=\"M17.1 0.2v4.7h-2.8q-1.5 0-2.1 0.6t-0.5 1.9v3.4h5.2l-0.7 5.3h-4.5v13.6h-5.5v-13.6h-4.5v-5.3h4.5v-3.9q0-3.3 1.9-5.2t5-1.8q2.6 0 4.1 0.2z\"\/><\/svg><\/span><span class=\"shariff-text\">teilen<\/span>&nbsp;<span data-service=\"facebook\" style=\"color:#3b5998\" class=\"shariff-count shariff-hidezero\"><\/span>&nbsp;<\/a><\/li><li class=\"shariff-button twitter shariff-nocustomcolor\" style=\"background-color:#32bbf5\"><a href=\"https:\/\/twitter.com\/share?url=https%3A%2F%2Fwolfsmonitor.de%2F%3Fpage_id%3D10235&text=Beitr%C3%A4ge%20September%202017\" title=\"Bei Twitter teilen\" aria-label=\"Bei Twitter teilen\" role=\"button\" rel=\"noopener nofollow\" class=\"shariff-link\" style=\"; background-color:#55acee; color:#fff\" target=\"_blank\"><span class=\"shariff-icon\" style=\"\"><svg width=\"32px\" height=\"20px\" xmlns=\"http:\/\/www.w3.org\/2000\/svg\" viewBox=\"0 0 30 32\"><path fill=\"#55acee\" d=\"M29.7 6.8q-1.2 1.8-3 3.1 0 0.3 0 0.8 0 2.5-0.7 4.9t-2.2 4.7-3.5 4-4.9 2.8-6.1 1q-5.1 0-9.3-2.7 0.6 0.1 1.5 0.1 4.3 0 7.6-2.6-2-0.1-3.5-1.2t-2.2-3q0.6 0.1 1.1 0.1 0.8 0 1.6-0.2-2.1-0.4-3.5-2.1t-1.4-3.9v-0.1q1.3 0.7 2.8 0.8-1.2-0.8-2-2.2t-0.7-2.9q0-1.7 0.8-3.1 2.3 2.8 5.5 4.5t7 1.9q-0.2-0.7-0.2-1.4 0-2.5 1.8-4.3t4.3-1.8q2.7 0 4.5 1.9 2.1-0.4 3.9-1.5-0.7 2.2-2.7 3.4 1.8-0.2 3.5-0.9z\"\/><\/svg><\/span><span class=\"shariff-text\">twittern<\/span>&nbsp;<span data-service=\"twitter\" style=\"color:#55acee\" class=\"shariff-count shariff-hidezero\"><\/span>&nbsp;<\/a><\/li><li class=\"shariff-button rss shariff-nocustomcolor\" style=\"background-color:#ff8c00\"><a href=\"https:\/\/wolfsmonitor.de\/?feed=rss\" title=\"RSS-feed\" aria-label=\"RSS-feed\" role=\"button\" class=\"shariff-link\" style=\"; background-color:#fe9312; color:#fff\" target=\"_blank\"><span class=\"shariff-icon\" style=\"\"><svg width=\"32px\" height=\"20px\" xmlns=\"http:\/\/www.w3.org\/2000\/svg\" viewBox=\"0 0 32 32\"><path fill=\"#fe9312\" d=\"M4.3 23.5c-2.3 0-4.3 1.9-4.3 4.3 0 2.3 1.9 4.2 4.3 4.2 2.4 0 4.3-1.9 4.3-4.2 0-2.3-1.9-4.3-4.3-4.3zM0 10.9v6.1c4 0 7.7 1.6 10.6 4.4 2.8 2.8 4.4 6.6 4.4 10.6h6.2c0-11.7-9.5-21.1-21.1-21.1zM0 0v6.1c14.2 0 25.8 11.6 25.8 25.9h6.2c0-17.6-14.4-32-32-32z\"\/><\/svg><\/span><span class=\"shariff-text\">RSS-feed<\/span>&nbsp;<\/a><\/li><li class=\"shariff-button mailto shariff-nocustomcolor\" style=\"background-color:#a8a8a8\"><a href=\"mailto:?body=https%3A%2F%2Fwolfsmonitor.de%2F%3Fpage_id%3D10235&subject=Beitr%C3%A4ge%20September%202017\" title=\"Per E-Mail versenden\" aria-label=\"Per E-Mail versenden\" role=\"button\" rel=\"noopener nofollow\" class=\"shariff-link\" style=\"; background-color:#999; color:#fff\"><span class=\"shariff-icon\" style=\"\"><svg width=\"32px\" height=\"20px\" xmlns=\"http:\/\/www.w3.org\/2000\/svg\" viewBox=\"0 0 32 32\"><path fill=\"#999\" d=\"M32 12.7v14.2q0 1.2-0.8 2t-2 0.9h-26.3q-1.2 0-2-0.9t-0.8-2v-14.2q0.8 0.9 1.8 1.6 6.5 4.4 8.9 6.1 1 0.8 1.6 1.2t1.7 0.9 2 0.4h0.1q0.9 0 2-0.4t1.7-0.9 1.6-1.2q3-2.2 8.9-6.1 1-0.7 1.8-1.6zM32 7.4q0 1.4-0.9 2.7t-2.2 2.2q-6.7 4.7-8.4 5.8-0.2 0.1-0.7 0.5t-1 0.7-0.9 0.6-1.1 0.5-0.9 0.2h-0.1q-0.4 0-0.9-0.2t-1.1-0.5-0.9-0.6-1-0.7-0.7-0.5q-1.6-1.1-4.7-3.2t-3.6-2.6q-1.1-0.7-2.1-2t-1-2.5q0-1.4 0.7-2.3t2.1-0.9h26.3q1.2 0 2 0.8t0.9 2z\"\/><\/svg><\/span><span class=\"shariff-text\">E-Mail<\/span>&nbsp;<\/a><\/li><li class=\"shariff-button info shariff-nocustomcolor\" style=\"background-color:#a8a8a8\"><a href=\"http:\/\/ct.de\/-2467514\" title=\"Weitere Informationen\" aria-label=\"Weitere Informationen\" role=\"button\" rel=\"noopener \" class=\"shariff-link\" style=\"; background-color:#999; color:#fff\" target=\"_blank\"><span class=\"shariff-icon\" style=\"\"><svg width=\"32px\" height=\"20px\" xmlns=\"http:\/\/www.w3.org\/2000\/svg\" viewBox=\"0 0 11 32\"><path fill=\"#999\" d=\"M11.4 24v2.3q0 0.5-0.3 0.8t-0.8 0.4h-9.1q-0.5 0-0.8-0.4t-0.4-0.8v-2.3q0-0.5 0.4-0.8t0.8-0.4h1.1v-6.8h-1.1q-0.5 0-0.8-0.4t-0.4-0.8v-2.3q0-0.5 0.4-0.8t0.8-0.4h6.8q0.5 0 0.8 0.4t0.4 0.8v10.3h1.1q0.5 0 0.8 0.4t0.3 0.8zM9.2 3.4v3.4q0 0.5-0.4 0.8t-0.8 0.4h-4.6q-0.4 0-0.8-0.4t-0.4-0.8v-3.4q0-0.4 0.4-0.8t0.8-0.4h4.6q0.5 0 0.8 0.4t0.4 0.8z\"\/><\/svg><\/span><\/a><\/li><\/ul><\/div>","protected":false},"author":1,"featured_media":0,"parent":6947,"menu_order":9,"comment_status":"closed","ping_status":"closed","template":"","meta":{"spay_email":""},"jetpack_shortlink":"https:\/\/wp.me\/P61YbU-2F5","jetpack-related-posts":[{"id":14773,"url":"https:\/\/wolfsmonitor.de\/?page_id=14773","url_meta":{"origin":10235,"position":0},"title":"Beitr\u00e4ge September 2018","date":"1. September 2018","format":false,"excerpt":"Hier finden Sie alle Wolfsmonitor-Beitr\u00e4ge aus dem September 2018. Bitte klicken Sie direkt auf den gew\u00fcnschten Titel im \"Klappmenue\" oben unter \"Beitr\u00e4ge\" oder auf folgende, chronologisch angeordnete Beitrags\u00fcberschriften: Der Wolfsmythen-Check: WWF nimmt zu g\u00e4ngigen Vorurteilen Stellung, 1. September 2018 \u00d6sterreich: 400 Wolfsrudel oder nur f\u00fcnf?, 3. September 2018 Wolfsattacke auf\u2026","rel":"","context":"\u00c4hnlicher Beitrag","img":{"alt_text":"","src":"","width":0,"height":0},"classes":[]},{"id":1108,"url":"https:\/\/wolfsmonitor.de\/?page_id=1108","url_meta":{"origin":10235,"position":1},"title":"Beitr\u00e4ge September 2015","date":"3. September 2015","format":false,"excerpt":"Hier finden Sie alle Beitr\u00e4ge aus dem September 2015, dem sechsten Monat des Blogs! Bitte klicken Sie direkt auf den gew\u00fcnschten Titel im \"Klappmenue\" oder auf folgende, chronologisch angeordnete Beitrags\u00fcberschriften: \u00a0B\u00fcrgerstiftung f\u00f6rdert Wolfsbetreuer, 3. September 2015 Josef H. Reichholf: Jagd auf wandernde Arten unvertretbar!, 5. September 2015 W\u00f6lfe dieses Wochenende\u2026","rel":"","context":"\u00c4hnlicher Beitrag","img":{"alt_text":"","src":"","width":0,"height":0},"classes":[]},{"id":17844,"url":"https:\/\/wolfsmonitor.de\/?page_id=17844","url_meta":{"origin":10235,"position":2},"title":"Beitr\u00e4ge September 2019","date":"2. September 2019","format":false,"excerpt":"Hier finden Sie alle Wolfsmonitor-Beitr\u00e4ge aus dem September 2019. Die rote Kappe abziehen \u2013 ein Tag mit der Wolfsforscherin Gudrun Pfl\u00fcger, 2. September 2019 Wolfsalarm beim NABU, 3. September 2019 Omin\u00f6ser Wolfsschwund im Emsland, 8. September 2019 Illegale Luchst\u00f6tung: Richter verh\u00e4ngt 3.000 Euro Geldstrafe, 12. September 2019 Waldwahrheiten, 16. September\u2026","rel":"","context":"\u00c4hnlicher Beitrag","img":{"alt_text":"","src":"","width":0,"height":0},"classes":[]},{"id":4858,"url":"https:\/\/wolfsmonitor.de\/?page_id=4858","url_meta":{"origin":10235,"position":3},"title":"Beitr\u00e4ge September 2016","date":"1. September 2016","format":false,"excerpt":"Hier finden Sie alle Beitr\u00e4ge aus dem September 2016! Bitte klicken Sie direkt auf den gew\u00fcnschten Titel im \"Klappmenue\" oben oder auf folgende, chronologisch angeordnete Beitrags\u00fcberschriften: 3 Antworten von Frank Fa\u00df (Teil 1), 1. September 2016 Tipp: Aktionstag Wolf am 3. September im Wildpark L\u00fcneburger Heide, 2. September 2016 NRW-Wolf:\u2026","rel":"","context":"\u00c4hnlicher Beitrag","img":{"alt_text":"","src":"","width":0,"height":0},"classes":[]},{"id":996,"url":"https:\/\/wolfsmonitor.de\/?page_id=996","url_meta":{"origin":10235,"position":4},"title":"Beitr\u00e4ge August 2015","date":"31. Juli 2015","format":false,"excerpt":"Hier finden Sie alle Beitr\u00e4ge aus dem August 2015, dem f\u00fcnften Monat des Blogs! Bitte klicken Sie direkt auf den gew\u00fcnschten Titel in der Menueauswahl oder auf folgende, chronologisch angeordnete Beitrags\u00fcberschriften: \u00a0John Linnell: \"Die Erfahrung wird zeigen, ...\", 01. August 2015 Bewegt sich der Deutsche Jagdverband weiter ins Abseits?, 03.\u2026","rel":"","context":"\u00c4hnlicher Beitrag","img":{"alt_text":"","src":"","width":0,"height":0},"classes":[]},{"id":18500,"url":"https:\/\/wolfsmonitor.de\/?page_id=18500","url_meta":{"origin":10235,"position":5},"title":"Beitr\u00e4ge Mai 2020","date":"18. Mai 2020","format":false,"excerpt":"Hier finden Sie alle Beitr\u00e4ge aus dem Mai 2020, dem einundsechzigsten Monat des Blogs! Bitte klicken Sie direkt auf den gew\u00fcnschten Titel in der Menueauswahl oder auf folgende, chronologisch angeordnete Beitrags\u00fcberschriften: Olaf Lies verk\u00fcndet Wolfsverordnung f\u00fcr Niedersachsen, 18. Mai 2020Pr\u00fcfung der \u00c4nderungen im Naturschutzgesetz des Bundes auf EU-Konformit\u00e4t, 20. Mai\u2026","rel":"","context":"\u00c4hnlicher Beitrag","img":{"alt_text":"","src":"","width":0,"height":0},"classes":[]}],"_links":{"self":[{"href":"https:\/\/wolfsmonitor.de\/index.php?rest_route=\/wp\/v2\/pages\/10235"}],"collection":[{"href":"https:\/\/wolfsmonitor.de\/index.php?rest_route=\/wp\/v2\/pages"}],"about":[{"href":"https:\/\/wolfsmonitor.de\/index.php?rest_route=\/wp\/v2\/types\/page"}],"author":[{"embeddable":true,"href":"https:\/\/wolfsmonitor.de\/index.php?rest_route=\/wp\/v2\/users\/1"}],"replies":[{"embeddable":true,"href":"https:\/\/wolfsmonitor.de\/index.php?rest_route=%2Fwp%2Fv2%2Fcomments&post=10235"}],"version-history":[{"count":39,"href":"https:\/\/wolfsmonitor.de\/index.php?rest_route=\/wp\/v2\/pages\/10235\/revisions"}],"predecessor-version":[{"id":10656,"href":"https:\/\/wolfsmonitor.de\/index.php?rest_route=\/wp\/v2\/pages\/10235\/revisions\/10656"}],"up":[{"embeddable":true,"href":"https:\/\/wolfsmonitor.de\/index.php?rest_route=\/wp\/v2\/pages\/6947"}],"wp:attachment":[{"href":"https:\/\/wolfsmonitor.de\/index.php?rest_route=%2Fwp%2Fv2%2Fmedia&parent=10235"}],"curies":[{"name":"wp","href":"https:\/\/api.w.org\/{rel}","templated":true}]}}