{"id":11585,"date":"2017-12-01T08:45:07","date_gmt":"2017-12-01T06:45:07","guid":{"rendered":"http:\/\/wolfsmonitor.de\/?page_id=11585"},"modified":"2017-12-31T14:35:27","modified_gmt":"2017-12-31T12:35:27","slug":"beitraege-dezember-2017","status":"publish","type":"page","link":"https:\/\/wolfsmonitor.de\/?page_id=11585","title":{"rendered":"Beitr\u00e4ge Dezember 2017"},"content":{"rendered":"<p>Hier finden Sie alle Wolfsmonitor-Beitr\u00e4ge aus dem Dezember 2017 !<\/p>\n<p><span title=\"umwelt.nrw-Info 1.4.2016\">Bitte klicken Sie direkt auf den gew\u00fcnschten Titel im &#8222;Klappmenue&#8220; oben unter &#8222;Beitr\u00e4ge&#8220; oder auf folgende, chronologisch angeordnete Beitrags\u00fcberschriften:<\/span><\/p>\n<ol>\n<li><a href=\"https:\/\/wolfsmonitor.de\/?p=11581\" target=\"_blank\" rel=\"noopener\"><span style=\"color: #0000ff;\">EU-Kommission: W\u00f6lfe bleiben weiterhin streng gesch\u00fctzt!<\/span><\/a>, 1. Dezember 2017<\/li>\n<li><span style=\"color: #0000ff;\"><a href=\"https:\/\/wolfsmonitor.de\/?p=11577\" target=\"_blank\" rel=\"noopener\"><span style=\"color: #0000ff;\">&#8222;Gr\u00fc\u00df Gott&#8220; in Absurdistan<\/span><\/a><\/span>, 2. Dezember 2017<\/li>\n<li><a href=\"https:\/\/wolfsmonitor.de\/?p=11598\" target=\"_blank\" rel=\"noopener\"><span style=\"color: #0000ff;\">Laut bayerische Studie kostet wolfssichere Z\u00e4unung 327 Millionen Euro<\/span><\/a>, 3. Dezember 2017<\/li>\n<li><span style=\"color: #0000ff;\"><a href=\"https:\/\/wolfsmonitor.de\/?p=11616\" target=\"_blank\" rel=\"noopener\"><span style=\"color: #0000ff;\">Kostenlose HSH-Warnschilder vom Freundeskreis freilebender W\u00f6lfe e.V.<\/span><\/a>,<\/span> 4. Dezember 2017<\/li>\n<li><a href=\"https:\/\/wolfsmonitor.de\/?p=11626\" target=\"_blank\" rel=\"noopener\"><span style=\"color: #0000ff;\">Niedersachsen: Neunter tot aufgefundener Wolf in 2017<\/span><\/a>, 4. Dezember 2017<\/li>\n<li><span style=\"color: #0000ff;\"><a href=\"https:\/\/wolfsmonitor.de\/?p=11635\" target=\"_blank\" rel=\"noopener\"><span style=\"color: #0000ff;\">Freundeskreis kritisiert &#8222;haarstr\u00e4ubende Aussagen&#8220; s\u00e4chsischer Jagdfunktion\u00e4re<\/span><\/a><\/span>, 5. Dezember 2017<\/li>\n<li><a href=\"https:\/\/wolfsmonitor.de\/?p=11648\" target=\"_blank\" rel=\"noopener\"><span style=\"color: #0000ff;\">Trotz Wolfsverordnung: Werbung mit W\u00f6lfen in Brandenburg<\/span><\/a>, 6. Dezember 2017<\/li>\n<li><a href=\"https:\/\/wolfsmonitor.de\/?p=11662\" target=\"_blank\" rel=\"noopener\"><span style=\"color: #0000ff;\">Schlag auf Schlag: Noch ein tot aufgefundener Wolf in Niedersachsen<\/span><\/a>, 6. Dezember 2017<\/li>\n<li><a href=\"https:\/\/wolfsmonitor.de\/?p=11674\" target=\"_blank\" rel=\"noopener\"><span style=\"color: #0000ff;\">Freundeskreis freilebender W\u00f6lfe bittet um Unterst\u00fctzung!<\/span><\/a>, 7. Dezember 2017<\/li>\n<li><a href=\"https:\/\/wolfsmonitor.de\/?p=11680\" target=\"_blank\" rel=\"noopener\"><span style=\"color: #0000ff;\">Wir oder der Wolf?<\/span><\/a>, 8. Dezember 2017<\/li>\n<li><a href=\"https:\/\/wolfsmonitor.de\/?p=11695\" target=\"_blank\" rel=\"noopener\"><span style=\"color: #0000ff;\">Morgens Lies und abends Meyer&#8230;<\/span><\/a>, 8. Dezember 2017<\/li>\n<li><a href=\"https:\/\/wolfsmonitor.de\/?p=11692\" target=\"_blank\" rel=\"noopener\"><span style=\"color: #0000ff;\">J\u00e4ger fotografiert ausgeb\u00fcxten Wolf mit gerissenem Hahn<\/span><\/a>, 9. Dezember 2017<\/li>\n<li><span style=\"color: #0000ff;\"><a href=\"https:\/\/wolfsmonitor.de\/?p=11711\" target=\"_blank\" rel=\"noopener\"><span style=\"color: #0000ff;\">&#8222;Irrationale \u00c4ngste nur dort, wo die W\u00f6lfe nie verschwunden waren&#8220;&#8230;<\/span><\/a>,<\/span> 10. Dezember 2017<\/li>\n<li><a href=\"https:\/\/wolfsmonitor.de\/?p=11725\" target=\"_blank\" rel=\"noopener\"><span style=\"color: #0000ff;\">F\u00f6rderkulisse Herdenschutz gilt jetzt in ganz Niedersachsen<\/span><\/a>, 11. Dezember 2017<\/li>\n<li><a href=\"https:\/\/wolfsmonitor.de\/?p=11733\" target=\"_blank\" rel=\"noopener\"><span style=\"color: #0000ff;\">Biosphere Expeditions: 49 Teilnehmer weisen auf Expeditionen 6 W\u00f6lfe nach<\/span><\/a>, 11. Dezember 2017<\/li>\n<li><span style=\"color: #0000ff;\"><a href=\"https:\/\/wolfsmonitor.de\/?p=11741\" target=\"_blank\" rel=\"noopener\"><span style=\"color: #0000ff;\">&#8222;Problemw\u00f6lfe&#8220;: R\u00fcckzieher bei Regelungen in Mecklenburg-Vorpommern<\/span><\/a><\/span>, 12. Dezember 2017<\/li>\n<li><a href=\"https:\/\/wolfsmonitor.de\/?p=11750\" target=\"_blank\" rel=\"noopener\"><span style=\"color: #0000ff;\">Erst neun &#8222;erwachsene&#8220; W\u00f6lfe in Mecklenburg-Vorpommern?!<\/span><\/a>, 13. Dezember 2017<\/li>\n<li><span style=\"color: #0000ff;\"><a href=\"https:\/\/wolfsmonitor.de\/?p=11759\" target=\"_blank\" rel=\"noopener\"><span style=\"color: #0000ff;\">Niedersachsens Umweltminister: \u201eDer Koalitionsvertrag steht, aber man muss sich an die Gesetze halten\u201c\u2026<\/span><\/a><\/span>, 13. Dezember 2017<\/li>\n<li><span style=\"color: #0000ff;\"><a href=\"https:\/\/wolfsmonitor.de\/?p=11765\" target=\"_blank\" rel=\"noopener\"><span style=\"color: #0000ff;\">Europ\u00e4ische Allianz f\u00fcr den Wolfschutz fordert europaweit einheitliche Wolfsmanagement- Standards<\/span><\/a>, <\/span>14. Dezember 2017<\/li>\n<li><span style=\"color: #0000ff;\">\u201e<a href=\"https:\/\/wolfsmonitor.de\/?p=11774\" target=\"_blank\" rel=\"noopener\"><span style=\"color: #0000ff;\">Fehlerteufel\u201c: Kalb bei Gro\u00df Gusborn nun doch nicht von Wolf gerissen<\/span><\/a><\/span>, 14. Dezember 2017<\/li>\n<li><span style=\"color: #0000ff;\"><a href=\"https:\/\/wolfsmonitor.de\/?p=11782\" target=\"_blank\" rel=\"noopener\"><span style=\"color: #0000ff;\">Cuxhaven: Keine Wolfsrisse von Rindern bekannt, die durch geeignete Z\u00e4une gesch\u00fctzt waren<\/span><\/a><\/span>, 15. Dezember 2017<\/li>\n<li><a href=\"https:\/\/wolfsmonitor.de\/?p=11791\" target=\"_blank\" rel=\"noopener\"><span style=\"color: #0000ff;\">Populationsforscher: Etablierte Antikultur gegen den Wolf<\/span><\/a>, 16. Dezember 2017<\/li>\n<li><span style=\"color: #0000ff;\"><a href=\"https:\/\/wolfsmonitor.de\/?p=11796\" target=\"_blank\" rel=\"noopener\"><span style=\"color: #0000ff;\">GzSdW: Vereinszeitung mit aktuellen Meldungen \u00fcber W\u00f6lfe jetzt online!<\/span><\/a>, <\/span>17. Dezember 2017<\/li>\n<li><span style=\"color: #0000ff;\"><a href=\"https:\/\/wolfsmonitor.de\/?p=11805\" target=\"_blank\" rel=\"noopener\"><span style=\"color: #0000ff;\">\u201eExperte verr\u00e4t\u201c: Nach 19 Jahren sind W\u00f6lfe in Sachsen keine Seltenheit mehr&#8230;<\/span><\/a><\/span>, 18. Dezember 2017<\/li>\n<li><span style=\"color: #0000ff;\"><a href=\"https:\/\/wolfsmonitor.de\/?p=11816\" target=\"_blank\" rel=\"noopener\"><span style=\"color: #0000ff;\">Herdenschutz-Hunde? \u201eImmer locker durch die Hose atmen\u201c\u2026<\/span><\/a><\/span>, 19. Dezember 2017<\/li>\n<li><a href=\"https:\/\/wolfsmonitor.de\/?p=11829\" target=\"_blank\" rel=\"noopener\"><span style=\"color: #0000ff;\">Gutachten zu Cuxland-W\u00f6lfen l\u00e4sst weiter auf sich warten&#8230;<\/span><\/a>, 19. Dezember 2017<\/li>\n<li><span style=\"color: #0000ff;\"><a href=\"https:\/\/wolfsmonitor.de\/?p=11838\" target=\"_blank\" rel=\"noopener\"><span style=\"color: #0000ff;\">Emsland: Zahl der W\u00f6lfe unklar<\/span><\/a><\/span>, 20. Dezember 2017<\/li>\n<li><a href=\"https:\/\/wolfsmonitor.de\/?p=11842\" target=\"_blank\" rel=\"noopener\"><span style=\"color: #0000ff;\">Klare Empfehlung: Elli H. Radingers vermutlich erfolgreichstes Buch!<\/span><\/a>, 21. Dezember 2017<\/li>\n<li><span style=\"color: #0000ff;\"><a href=\"https:\/\/wolfsmonitor.de\/?p=11856\" target=\"_blank\" rel=\"noopener\"><span style=\"color: #0000ff;\">Verschiedenartige Reaktionen auf Brandenburgs Wolfsverordnung<\/span><\/a><\/span>, 22. Dezember 2017<\/li>\n<li><span style=\"color: #0000ff;\"><a href=\"https:\/\/wolfsmonitor.de\/?p=11878\" target=\"_blank\" rel=\"noopener\"><span style=\"color: #0000ff;\">Optische Rissbegutachtung k\u00fcnftig offenbar Standardverfahren in Niedersachsen<\/span><\/a><\/span>, 23. Dezember 2017<\/li>\n<li><span style=\"color: #0000ff;\"><a href=\"https:\/\/wolfsmonitor.de\/?p=11892\" target=\"_blank\" rel=\"noopener\"><span style=\"color: #0000ff;\">Wolfsmonitor w\u00fcnscht wundersch\u00f6ne Weihnachten!<\/span><\/a>,<\/span> 24. Dezember 2017<\/li>\n<li><span style=\"color: #0000ff;\"><a href=\"https:\/\/wolfsmonitor.de\/?p=11899\" target=\"_blank\" rel=\"noopener\"><span style=\"color: #0000ff;\">Geisterw\u00f6lfe? \u2013 &#8222;Bullshit im Quadrat!&#8220;<\/span><\/a><\/span>, 26. Dezember 2017<\/li>\n<li><span style=\"color: #0000ff;\"><a href=\"https:\/\/wolfsmonitor.de\/?p=11910\" target=\"_blank\" rel=\"noopener\"><span style=\"color: #0000ff;\">Bisher unter keinem guten Stern: W\u00f6lfe im S\u00fcdwesten Deutschlands<\/span><\/a><\/span>, 27. Dezember 2017<\/li>\n<li><a href=\"https:\/\/wolfsmonitor.de\/?p=11917\" target=\"_blank\" rel=\"noopener\"><span style=\"color: #0000ff;\">Kreisj\u00e4germeisters Lateinstunde?<\/span><\/a>, 28. Dezember 2017<\/li>\n<li><a href=\"https:\/\/wolfsmonitor.de\/?p=11946\" target=\"_blank\" rel=\"noopener\"><span style=\"color: #0000ff;\">Seitenblick: Bauernpr\u00e4sident Rukwied ist &#8222;Dinosaurier des Jahres 2017&#8220;<\/span><\/a>, 28. Dezember 2017<\/li>\n<li><a href=\"https:\/\/wolfsmonitor.de\/?p=11954\" target=\"_blank\" rel=\"noopener\"><span style=\"color: #0000ff;\">Kommentar der GzSdW zur Brandenburger Wolfsverordnung<\/span><\/a>, 29. Dezember 2017<\/li>\n<li><span style=\"color: #0000ff;\"><a href=\"https:\/\/wolfsmonitor.de\/?p=11935\" target=\"_blank\" rel=\"noopener\"><span style=\"color: #0000ff;\">Konterkariert die \u201eoptische Rissbegutachtung\u201c wohlm\u00f6glich das Wolfsmonitoring?<\/span><\/a><\/span>, 29. Dezember 2017<\/li>\n<li><a href=\"https:\/\/wolfsmonitor.de\/?p=11969\" target=\"_blank\" rel=\"noopener\"><span style=\"color: #0000ff;\">Die Wolfsmonitor-Retrospektive auf das Wolfsjahr 2017 \u2013 Teil 1<\/span><\/a>, 31. Dezember 2017<\/li>\n<\/ol>\n<p>Sie k\u00f6nnen alle Beitr\u00e4ge auch nach \u201cKategorien\u201d geordnet aufrufen. Bitte nutzen Sie dazu die gleichnamige Auswahl in der rechten Seitenleiste!<\/p>\n<p>Viel Spa\u00df!<\/p>\n<p>Ihr<\/p>\n<p>J\u00fcrgen Vogler<\/p>\n<div class=\"shariff shariff-align-center shariff-widget-align-center\" data-services=\"facebook%7Ctwitter\" data-url=\"https%3A%2F%2Fwolfsmonitor.de%2F%3Fpage_id%3D11585\" data-timestamp=\"1514730927\" data-backendurl=\"?rest_route=\/shariff\/v1\/share_counts&\"><ul class=\"shariff-buttons theme-color orientation-horizontal buttonsize-small\"><li class=\"shariff-button facebook shariff-nocustomcolor\" style=\"background-color:#4273c8\"><a href=\"https:\/\/www.facebook.com\/sharer\/sharer.php?u=https%3A%2F%2Fwolfsmonitor.de%2F%3Fpage_id%3D11585\" title=\"Bei Facebook teilen\" aria-label=\"Bei Facebook teilen\" role=\"button\" rel=\"nofollow\" class=\"shariff-link\" style=\"; background-color:#3b5998; color:#fff\" target=\"_blank\"><span class=\"shariff-icon\" style=\"\"><svg width=\"32px\" height=\"20px\" xmlns=\"http:\/\/www.w3.org\/2000\/svg\" viewBox=\"0 0 18 32\"><path fill=\"#3b5998\" d=\"M17.1 0.2v4.7h-2.8q-1.5 0-2.1 0.6t-0.5 1.9v3.4h5.2l-0.7 5.3h-4.5v13.6h-5.5v-13.6h-4.5v-5.3h4.5v-3.9q0-3.3 1.9-5.2t5-1.8q2.6 0 4.1 0.2z\"\/><\/svg><\/span><span class=\"shariff-text\">teilen<\/span>&nbsp;<span data-service=\"facebook\" style=\"color:#3b5998\" class=\"shariff-count shariff-hidezero\"><\/span>&nbsp;<\/a><\/li><li class=\"shariff-button twitter shariff-nocustomcolor\" style=\"background-color:#32bbf5\"><a href=\"https:\/\/twitter.com\/share?url=https%3A%2F%2Fwolfsmonitor.de%2F%3Fpage_id%3D11585&text=Beitr%C3%A4ge%20Dezember%202017\" title=\"Bei Twitter teilen\" aria-label=\"Bei Twitter teilen\" role=\"button\" rel=\"noopener nofollow\" class=\"shariff-link\" style=\"; background-color:#55acee; color:#fff\" target=\"_blank\"><span class=\"shariff-icon\" style=\"\"><svg width=\"32px\" height=\"20px\" xmlns=\"http:\/\/www.w3.org\/2000\/svg\" viewBox=\"0 0 30 32\"><path fill=\"#55acee\" d=\"M29.7 6.8q-1.2 1.8-3 3.1 0 0.3 0 0.8 0 2.5-0.7 4.9t-2.2 4.7-3.5 4-4.9 2.8-6.1 1q-5.1 0-9.3-2.7 0.6 0.1 1.5 0.1 4.3 0 7.6-2.6-2-0.1-3.5-1.2t-2.2-3q0.6 0.1 1.1 0.1 0.8 0 1.6-0.2-2.1-0.4-3.5-2.1t-1.4-3.9v-0.1q1.3 0.7 2.8 0.8-1.2-0.8-2-2.2t-0.7-2.9q0-1.7 0.8-3.1 2.3 2.8 5.5 4.5t7 1.9q-0.2-0.7-0.2-1.4 0-2.5 1.8-4.3t4.3-1.8q2.7 0 4.5 1.9 2.1-0.4 3.9-1.5-0.7 2.2-2.7 3.4 1.8-0.2 3.5-0.9z\"\/><\/svg><\/span><span class=\"shariff-text\">twittern<\/span>&nbsp;<span data-service=\"twitter\" style=\"color:#55acee\" class=\"shariff-count shariff-hidezero\"><\/span>&nbsp;<\/a><\/li><li class=\"shariff-button rss shariff-nocustomcolor\" style=\"background-color:#ff8c00\"><a href=\"https:\/\/wolfsmonitor.de\/?feed=rss\" title=\"RSS-feed\" aria-label=\"RSS-feed\" role=\"button\" class=\"shariff-link\" style=\"; background-color:#fe9312; color:#fff\" target=\"_blank\"><span class=\"shariff-icon\" style=\"\"><svg width=\"32px\" height=\"20px\" xmlns=\"http:\/\/www.w3.org\/2000\/svg\" viewBox=\"0 0 32 32\"><path fill=\"#fe9312\" d=\"M4.3 23.5c-2.3 0-4.3 1.9-4.3 4.3 0 2.3 1.9 4.2 4.3 4.2 2.4 0 4.3-1.9 4.3-4.2 0-2.3-1.9-4.3-4.3-4.3zM0 10.9v6.1c4 0 7.7 1.6 10.6 4.4 2.8 2.8 4.4 6.6 4.4 10.6h6.2c0-11.7-9.5-21.1-21.1-21.1zM0 0v6.1c14.2 0 25.8 11.6 25.8 25.9h6.2c0-17.6-14.4-32-32-32z\"\/><\/svg><\/span><span class=\"shariff-text\">RSS-feed<\/span>&nbsp;<\/a><\/li><li class=\"shariff-button mailto shariff-nocustomcolor\" style=\"background-color:#a8a8a8\"><a href=\"mailto:?body=https%3A%2F%2Fwolfsmonitor.de%2F%3Fpage_id%3D11585&subject=Beitr%C3%A4ge%20Dezember%202017\" title=\"Per E-Mail versenden\" aria-label=\"Per E-Mail versenden\" role=\"button\" rel=\"noopener nofollow\" class=\"shariff-link\" style=\"; background-color:#999; color:#fff\"><span class=\"shariff-icon\" style=\"\"><svg width=\"32px\" height=\"20px\" xmlns=\"http:\/\/www.w3.org\/2000\/svg\" viewBox=\"0 0 32 32\"><path fill=\"#999\" d=\"M32 12.7v14.2q0 1.2-0.8 2t-2 0.9h-26.3q-1.2 0-2-0.9t-0.8-2v-14.2q0.8 0.9 1.8 1.6 6.5 4.4 8.9 6.1 1 0.8 1.6 1.2t1.7 0.9 2 0.4h0.1q0.9 0 2-0.4t1.7-0.9 1.6-1.2q3-2.2 8.9-6.1 1-0.7 1.8-1.6zM32 7.4q0 1.4-0.9 2.7t-2.2 2.2q-6.7 4.7-8.4 5.8-0.2 0.1-0.7 0.5t-1 0.7-0.9 0.6-1.1 0.5-0.9 0.2h-0.1q-0.4 0-0.9-0.2t-1.1-0.5-0.9-0.6-1-0.7-0.7-0.5q-1.6-1.1-4.7-3.2t-3.6-2.6q-1.1-0.7-2.1-2t-1-2.5q0-1.4 0.7-2.3t2.1-0.9h26.3q1.2 0 2 0.8t0.9 2z\"\/><\/svg><\/span><span class=\"shariff-text\">E-Mail<\/span>&nbsp;<\/a><\/li><li class=\"shariff-button info shariff-nocustomcolor\" style=\"background-color:#a8a8a8\"><a href=\"http:\/\/ct.de\/-2467514\" title=\"Weitere Informationen\" aria-label=\"Weitere Informationen\" role=\"button\" rel=\"noopener \" class=\"shariff-link\" style=\"; background-color:#999; color:#fff\" target=\"_blank\"><span class=\"shariff-icon\" style=\"\"><svg width=\"32px\" height=\"20px\" xmlns=\"http:\/\/www.w3.org\/2000\/svg\" viewBox=\"0 0 11 32\"><path fill=\"#999\" d=\"M11.4 24v2.3q0 0.5-0.3 0.8t-0.8 0.4h-9.1q-0.5 0-0.8-0.4t-0.4-0.8v-2.3q0-0.5 0.4-0.8t0.8-0.4h1.1v-6.8h-1.1q-0.5 0-0.8-0.4t-0.4-0.8v-2.3q0-0.5 0.4-0.8t0.8-0.4h6.8q0.5 0 0.8 0.4t0.4 0.8v10.3h1.1q0.5 0 0.8 0.4t0.3 0.8zM9.2 3.4v3.4q0 0.5-0.4 0.8t-0.8 0.4h-4.6q-0.4 0-0.8-0.4t-0.4-0.8v-3.4q0-0.4 0.4-0.8t0.8-0.4h4.6q0.5 0 0.8 0.4t0.4 0.8z\"\/><\/svg><\/span><\/a><\/li><\/ul><\/div>","protected":false},"excerpt":{"rendered":"<p>Hier finden Sie alle Wolfsmonitor-Beitr\u00e4ge aus dem Dezember 2017 ! Bitte klicken Sie direkt auf den gew\u00fcnschten Titel im &#8222;Klappmenue&#8220; oben unter &#8222;Beitr\u00e4ge&#8220; oder auf folgende, chronologisch angeordnete Beitrags\u00fcberschriften: EU-Kommission: W\u00f6lfe bleiben weiterhin streng gesch\u00fctzt!, 1. Dezember 2017 &#8222;Gr\u00fc\u00df Gott&#8220; in Absurdistan, 2. Dezember 2017 Laut bayerische Studie kostet wolfssichere Z\u00e4unung 327 Millionen Euro, 3. [&hellip;]<\/p>\n<div class=\"shariff shariff-align-center shariff-widget-align-center\" data-services=\"facebook%7Ctwitter\" data-url=\"https%3A%2F%2Fwolfsmonitor.de%2F%3Fpage_id%3D11585\" data-timestamp=\"1514730927\" data-backendurl=\"?rest_route=\/shariff\/v1\/share_counts&\"><ul class=\"shariff-buttons theme-color orientation-horizontal buttonsize-small\"><li class=\"shariff-button facebook shariff-nocustomcolor\" style=\"background-color:#4273c8\"><a href=\"https:\/\/www.facebook.com\/sharer\/sharer.php?u=https%3A%2F%2Fwolfsmonitor.de%2F%3Fpage_id%3D11585\" title=\"Bei Facebook teilen\" aria-label=\"Bei Facebook teilen\" role=\"button\" rel=\"nofollow\" class=\"shariff-link\" style=\"; background-color:#3b5998; color:#fff\" target=\"_blank\"><span class=\"shariff-icon\" style=\"\"><svg width=\"32px\" height=\"20px\" xmlns=\"http:\/\/www.w3.org\/2000\/svg\" viewBox=\"0 0 18 32\"><path fill=\"#3b5998\" d=\"M17.1 0.2v4.7h-2.8q-1.5 0-2.1 0.6t-0.5 1.9v3.4h5.2l-0.7 5.3h-4.5v13.6h-5.5v-13.6h-4.5v-5.3h4.5v-3.9q0-3.3 1.9-5.2t5-1.8q2.6 0 4.1 0.2z\"\/><\/svg><\/span><span class=\"shariff-text\">teilen<\/span>&nbsp;<span data-service=\"facebook\" style=\"color:#3b5998\" class=\"shariff-count shariff-hidezero\"><\/span>&nbsp;<\/a><\/li><li class=\"shariff-button twitter shariff-nocustomcolor\" style=\"background-color:#32bbf5\"><a href=\"https:\/\/twitter.com\/share?url=https%3A%2F%2Fwolfsmonitor.de%2F%3Fpage_id%3D11585&text=Beitr%C3%A4ge%20Dezember%202017\" title=\"Bei Twitter teilen\" aria-label=\"Bei Twitter teilen\" role=\"button\" rel=\"noopener nofollow\" class=\"shariff-link\" style=\"; background-color:#55acee; color:#fff\" target=\"_blank\"><span class=\"shariff-icon\" style=\"\"><svg width=\"32px\" height=\"20px\" xmlns=\"http:\/\/www.w3.org\/2000\/svg\" viewBox=\"0 0 30 32\"><path fill=\"#55acee\" d=\"M29.7 6.8q-1.2 1.8-3 3.1 0 0.3 0 0.8 0 2.5-0.7 4.9t-2.2 4.7-3.5 4-4.9 2.8-6.1 1q-5.1 0-9.3-2.7 0.6 0.1 1.5 0.1 4.3 0 7.6-2.6-2-0.1-3.5-1.2t-2.2-3q0.6 0.1 1.1 0.1 0.8 0 1.6-0.2-2.1-0.4-3.5-2.1t-1.4-3.9v-0.1q1.3 0.7 2.8 0.8-1.2-0.8-2-2.2t-0.7-2.9q0-1.7 0.8-3.1 2.3 2.8 5.5 4.5t7 1.9q-0.2-0.7-0.2-1.4 0-2.5 1.8-4.3t4.3-1.8q2.7 0 4.5 1.9 2.1-0.4 3.9-1.5-0.7 2.2-2.7 3.4 1.8-0.2 3.5-0.9z\"\/><\/svg><\/span><span class=\"shariff-text\">twittern<\/span>&nbsp;<span data-service=\"twitter\" style=\"color:#55acee\" class=\"shariff-count shariff-hidezero\"><\/span>&nbsp;<\/a><\/li><li class=\"shariff-button rss shariff-nocustomcolor\" style=\"background-color:#ff8c00\"><a href=\"https:\/\/wolfsmonitor.de\/?feed=rss\" title=\"RSS-feed\" aria-label=\"RSS-feed\" role=\"button\" class=\"shariff-link\" style=\"; background-color:#fe9312; color:#fff\" target=\"_blank\"><span class=\"shariff-icon\" style=\"\"><svg width=\"32px\" height=\"20px\" xmlns=\"http:\/\/www.w3.org\/2000\/svg\" viewBox=\"0 0 32 32\"><path fill=\"#fe9312\" d=\"M4.3 23.5c-2.3 0-4.3 1.9-4.3 4.3 0 2.3 1.9 4.2 4.3 4.2 2.4 0 4.3-1.9 4.3-4.2 0-2.3-1.9-4.3-4.3-4.3zM0 10.9v6.1c4 0 7.7 1.6 10.6 4.4 2.8 2.8 4.4 6.6 4.4 10.6h6.2c0-11.7-9.5-21.1-21.1-21.1zM0 0v6.1c14.2 0 25.8 11.6 25.8 25.9h6.2c0-17.6-14.4-32-32-32z\"\/><\/svg><\/span><span class=\"shariff-text\">RSS-feed<\/span>&nbsp;<\/a><\/li><li class=\"shariff-button mailto shariff-nocustomcolor\" style=\"background-color:#a8a8a8\"><a href=\"mailto:?body=https%3A%2F%2Fwolfsmonitor.de%2F%3Fpage_id%3D11585&subject=Beitr%C3%A4ge%20Dezember%202017\" title=\"Per E-Mail versenden\" aria-label=\"Per E-Mail versenden\" role=\"button\" rel=\"noopener nofollow\" class=\"shariff-link\" style=\"; background-color:#999; color:#fff\"><span class=\"shariff-icon\" style=\"\"><svg width=\"32px\" height=\"20px\" xmlns=\"http:\/\/www.w3.org\/2000\/svg\" viewBox=\"0 0 32 32\"><path fill=\"#999\" d=\"M32 12.7v14.2q0 1.2-0.8 2t-2 0.9h-26.3q-1.2 0-2-0.9t-0.8-2v-14.2q0.8 0.9 1.8 1.6 6.5 4.4 8.9 6.1 1 0.8 1.6 1.2t1.7 0.9 2 0.4h0.1q0.9 0 2-0.4t1.7-0.9 1.6-1.2q3-2.2 8.9-6.1 1-0.7 1.8-1.6zM32 7.4q0 1.4-0.9 2.7t-2.2 2.2q-6.7 4.7-8.4 5.8-0.2 0.1-0.7 0.5t-1 0.7-0.9 0.6-1.1 0.5-0.9 0.2h-0.1q-0.4 0-0.9-0.2t-1.1-0.5-0.9-0.6-1-0.7-0.7-0.5q-1.6-1.1-4.7-3.2t-3.6-2.6q-1.1-0.7-2.1-2t-1-2.5q0-1.4 0.7-2.3t2.1-0.9h26.3q1.2 0 2 0.8t0.9 2z\"\/><\/svg><\/span><span class=\"shariff-text\">E-Mail<\/span>&nbsp;<\/a><\/li><li class=\"shariff-button info shariff-nocustomcolor\" style=\"background-color:#a8a8a8\"><a href=\"http:\/\/ct.de\/-2467514\" title=\"Weitere Informationen\" aria-label=\"Weitere Informationen\" role=\"button\" rel=\"noopener \" class=\"shariff-link\" style=\"; background-color:#999; color:#fff\" target=\"_blank\"><span class=\"shariff-icon\" style=\"\"><svg width=\"32px\" height=\"20px\" xmlns=\"http:\/\/www.w3.org\/2000\/svg\" viewBox=\"0 0 11 32\"><path fill=\"#999\" d=\"M11.4 24v2.3q0 0.5-0.3 0.8t-0.8 0.4h-9.1q-0.5 0-0.8-0.4t-0.4-0.8v-2.3q0-0.5 0.4-0.8t0.8-0.4h1.1v-6.8h-1.1q-0.5 0-0.8-0.4t-0.4-0.8v-2.3q0-0.5 0.4-0.8t0.8-0.4h6.8q0.5 0 0.8 0.4t0.4 0.8v10.3h1.1q0.5 0 0.8 0.4t0.3 0.8zM9.2 3.4v3.4q0 0.5-0.4 0.8t-0.8 0.4h-4.6q-0.4 0-0.8-0.4t-0.4-0.8v-3.4q0-0.4 0.4-0.8t0.8-0.4h4.6q0.5 0 0.8 0.4t0.4 0.8z\"\/><\/svg><\/span><\/a><\/li><\/ul><\/div>","protected":false},"author":1,"featured_media":0,"parent":6947,"menu_order":12,"comment_status":"closed","ping_status":"closed","template":"","meta":{"spay_email":""},"jetpack_shortlink":"https:\/\/wp.me\/P61YbU-30R","jetpack-related-posts":[{"id":1927,"url":"https:\/\/wolfsmonitor.de\/?page_id=1927","url_meta":{"origin":11585,"position":0},"title":"Beitr\u00e4ge Dezember 2015","date":"1. Dezember 2015","format":false,"excerpt":"Hier finden Sie alle Beitr\u00e4ge aus dem Dezember 2015, dem neunten Monat des Blogs! Bitte klicken Sie direkt auf den gew\u00fcnschten Titel im \"Klappmenue\" oben oder auf folgende, chronologisch angeordnete Beitrags\u00fcberschriften: \u00a02 tote W\u00f6lfe gefunden, 1. Dezember 2015 Bauerngejammer in Brandenburg, 3. Dezember 2015 Mark Rowlands: Im Schatten des Wolfes,\u2026","rel":"","context":"\u00c4hnlicher Beitrag","img":{"alt_text":"","src":"","width":0,"height":0},"classes":[]},{"id":18109,"url":"https:\/\/wolfsmonitor.de\/?page_id=18109","url_meta":{"origin":11585,"position":1},"title":"Beitr\u00e4ge Dezember 2019","date":"2. Dezember 2019","format":false,"excerpt":"Hier finden Sie alle Beitr\u00e4ge aus dem Dezember 2019, dem sechsundf\u00fcnfzigsten Monat dieses Blogs! Bitte klicken Sie direkt auf den gew\u00fcnschten Titel in der Menueauswahl oder auf folgende, chronologisch angeordnete Beitrags\u00fcberschriften: Die neuen Wolfszahlen sind da \u2013 Zahl der Reviere steigt um ca. 19 %, 2. Dezember 2019 Emsland: Vier\u2026","rel":"","context":"\u00c4hnlicher Beitrag","img":{"alt_text":"","src":"","width":0,"height":0},"classes":[]},{"id":15622,"url":"https:\/\/wolfsmonitor.de\/?page_id=15622","url_meta":{"origin":11585,"position":2},"title":"Beitr\u00e4ge Dezember 2018","date":"1. Dezember 2018","format":false,"excerpt":"Hier finden Sie alle Wolfsmonitor-Beitr\u00e4ge aus dem Dezember 2018. Mutma\u00dflicher Wolfsvorfall als politisches Lehrst\u00fcck, 01. Dezember 2018 Europarat: W\u00f6lfe bleiben weiterhin gesch\u00fctzt!, 03. Dezember 2018 Sachsen-Anhalt: Wachstum des Wolfsbestandes unter 10 Prozent, 04. Dezember 2018 Offenbar kein Wolfsangriff: Wolfshatz j\u00e4h beendet, 04. Dezember 2018 Gesellschaft zum Schutz der W\u00f6lfe: Neues\u2026","rel":"","context":"\u00c4hnlicher Beitrag","img":{"alt_text":"","src":"","width":0,"height":0},"classes":[]},{"id":6353,"url":"https:\/\/wolfsmonitor.de\/?page_id=6353","url_meta":{"origin":11585,"position":3},"title":"Beitr\u00e4ge Dezember 2016","date":"1. Dezember 2016","format":false,"excerpt":"Hier finden Sie alle Beitr\u00e4ge aus dem Dezember 2016! Bitte klicken Sie direkt auf den gew\u00fcnschten Titel im \"Klappmenue\" oben oder auf folgende, chronologisch angeordnete Beitrags\u00fcberschriften: W\u00f6lfe in Brandenburg k\u00f6nnen geschossen werden, 1. Dezember 2016 Wolfsmonitor-Kurznachrichten am 01. Dezember 2016, 1. Dezember 2016 Wolfsmonitor-Kurznachrichten, 2. Dezember 2016, 2. Dezember 2016\u2026","rel":"","context":"\u00c4hnlicher Beitrag","img":{"alt_text":"","src":"","width":0,"height":0},"classes":[]},{"id":11714,"url":"https:\/\/wolfsmonitor.de\/?page_id=11714","url_meta":{"origin":11585,"position":4},"title":"Einsichten 2017","date":"10. Dezember 2017","format":false,"excerpt":"In der Rubrik \u201eEinsichten\u201c werden auf W\u00f6lfe bezogene Ansichten, Einsichten, Textstellen und Zitate vorgestellt. Die Summe der Zitate ausgew\u00e4hlter Wolfskenner ergibt ein Bild vom Wolf, wie es der Realit\u00e4t weitestgehend entsprechen d\u00fcrfte. Nachfolgend finden Sie die Zitate aus den einzelnen Quartalen des Jahrs 2017: \u201eIrrationale \u00c4ngste nur dort, wo die\u2026","rel":"","context":"\u00c4hnlicher Beitrag","img":{"alt_text":"","src":"","width":0,"height":0},"classes":[]},{"id":6943,"url":"https:\/\/wolfsmonitor.de\/?page_id=6943","url_meta":{"origin":11585,"position":5},"title":"Beitr\u00e4ge aus dem Jahr 2015","date":"1. Januar 2017","format":false,"excerpt":"Zur Weiterleitung bitte auf den jeweiligen Monat klicken! Dezember 2015 November 2015 Oktober 2015 September 2015 August 2015 Juli 2015 Juni 2015 Mai 2015 Blogstart im April 2015","rel":"","context":"\u00c4hnlicher Beitrag","img":{"alt_text":"","src":"","width":0,"height":0},"classes":[]}],"_links":{"self":[{"href":"https:\/\/wolfsmonitor.de\/index.php?rest_route=\/wp\/v2\/pages\/11585"}],"collection":[{"href":"https:\/\/wolfsmonitor.de\/index.php?rest_route=\/wp\/v2\/pages"}],"about":[{"href":"https:\/\/wolfsmonitor.de\/index.php?rest_route=\/wp\/v2\/types\/page"}],"author":[{"embeddable":true,"href":"https:\/\/wolfsmonitor.de\/index.php?rest_route=\/wp\/v2\/users\/1"}],"replies":[{"embeddable":true,"href":"https:\/\/wolfsmonitor.de\/index.php?rest_route=%2Fwp%2Fv2%2Fcomments&post=11585"}],"version-history":[{"count":40,"href":"https:\/\/wolfsmonitor.de\/index.php?rest_route=\/wp\/v2\/pages\/11585\/revisions"}],"predecessor-version":[{"id":11984,"href":"https:\/\/wolfsmonitor.de\/index.php?rest_route=\/wp\/v2\/pages\/11585\/revisions\/11984"}],"up":[{"embeddable":true,"href":"https:\/\/wolfsmonitor.de\/index.php?rest_route=\/wp\/v2\/pages\/6947"}],"wp:attachment":[{"href":"https:\/\/wolfsmonitor.de\/index.php?rest_route=%2Fwp%2Fv2%2Fmedia&parent=11585"}],"curies":[{"name":"wp","href":"https:\/\/api.w.org\/{rel}","templated":true}]}}