{"id":11994,"date":"2018-01-02T00:13:23","date_gmt":"2018-01-01T22:13:23","guid":{"rendered":"http:\/\/wolfsmonitor.de\/?page_id=11994"},"modified":"2018-01-31T22:57:56","modified_gmt":"2018-01-31T20:57:56","slug":"beitraege-januar-2018","status":"publish","type":"page","link":"https:\/\/wolfsmonitor.de\/?page_id=11994","title":{"rendered":"Beitr\u00e4ge Januar 2018"},"content":{"rendered":"<p>Hier finden Sie alle Wolfsmonitor-Beitr\u00e4ge aus dem Januar 2018 !<\/p>\n<p><span title=\"umwelt.nrw-Info 1.4.2016\">Bitte klicken Sie direkt auf den gew\u00fcnschten Titel im &#8222;Klappmenue&#8220; oben unter &#8222;Beitr\u00e4ge&#8220; oder auf folgende, chronologisch angeordnete Beitrags\u00fcberschriften:<\/span><\/p>\n<ol>\n<li><a href=\"https:\/\/wolfsmonitor.de\/?p=11988\" target=\"_blank\" rel=\"noopener\"><span style=\"color: #0000ff;\">Toter Wolf bei Thee\u00dfen<\/span><\/a>, 1. Januar 2018<\/li>\n<li><a href=\"https:\/\/wolfsmonitor.de\/?p=12007\" target=\"_blank\" rel=\"noopener\"><span style=\"color: #0000ff;\">Das Verschwinden der W\u00f6lfe in Schweden<\/span><\/a>, 2. Januar 2018<\/li>\n<li><span style=\"color: #0000ff;\"><a href=\"https:\/\/wolfsmonitor.de\/?p=12014\" target=\"_blank\" rel=\"noopener\"><span style=\"color: #0000ff;\">Die Wolfsmonitor-Retrospektive auf das Wolfsjahr 2017 \u2013 Teil 2<\/span><\/a><\/span>, 3. Januar 2018<\/li>\n<li><a href=\"https:\/\/wolfsmonitor.de\/?p=12028\" target=\"_blank\" rel=\"noopener\"><span style=\"color: #0000ff;\">Wolf bei Kirchlinteln \u00fcberfahren<\/span><\/a>, 4. Januar 2018<\/li>\n<li><a href=\"https:\/\/wolfsmonitor.de\/?p=12040\" target=\"_blank\" rel=\"noopener\"><span style=\"color: #0000ff;\">Erschossener Wolf: Experten untersuchen 13 Jagdgewehre<\/span><\/a>, 5. Januar 2018<\/li>\n<li><a href=\"https:\/\/wolfsmonitor.de\/?p=12049\" target=\"_blank\" rel=\"noopener\"><span style=\"color: #0000ff;\">Bejagung des Wolfes ist maximaler Unsinn und stiftet maximalen Unfrieden!<\/span><\/a>, 7. Januar 2018<\/li>\n<li><span style=\"color: #0000ff;\"><a href=\"https:\/\/wolfsmonitor.de\/?p=12066\" target=\"_blank\" rel=\"noopener\"><span style=\"color: #0000ff;\">Sachsen: &#8222;Warum wir W\u00f6lfe (nicht) brauchen&#8220;<\/span><\/a><\/span>&#8230;8. Januar 2018<\/li>\n<li><a href=\"https:\/\/wolfsmonitor.de\/?p=12079\" target=\"_blank\" rel=\"noopener\"><span style=\"color: #0000ff;\">Thee\u00dfener Wolf wurde \u00fcberfahren<\/span><\/a>, 9. Januar 2018<\/li>\n<li><span style=\"color: #0000ff;\"><a href=\"https:\/\/wolfsmonitor.de\/?p=12085\" target=\"_blank\" rel=\"noopener\"><span style=\"color: #0000ff;\">Expertengutachten geht neuem Umweltminister offenbar nicht weit genug<\/span><\/a><\/span>, 9. Januar 2018<\/li>\n<li><a href=\"https:\/\/wolfsmonitor.de\/?p=12092\" target=\"_blank\" rel=\"noopener\"><span style=\"color: #0000ff;\">Sachsen: Angefahrener Wolf von Mitarbeiterin des Wolfsb\u00fcros versorg<\/span>t<\/a>, 10. Januar 2018<\/li>\n<li><a href=\"https:\/\/wolfsmonitor.de\/?p=12102\" target=\"_blank\" rel=\"noopener\"><span style=\"color: #0000ff;\">Wolfsmonitor-Seitenblick: Fleischatlas 2018 heute ver\u00f6ffentlicht!<\/span><\/a>, 10. Januar 2018<\/li>\n<li><a href=\"https:\/\/wolfsmonitor.de\/?p=12109\" target=\"_blank\" rel=\"noopener\"><span style=\"color: #0000ff;\">Kenntnisnahme<\/span><\/a>, 11. Januar 2018<\/li>\n<li><span style=\"color: #0000ff;\"><a href=\"https:\/\/wolfsmonitor.de\/?p=12120\" target=\"_blank\" rel=\"noopener\"><span style=\"color: #0000ff;\">Abgeordneter G\u00fcnther zur Wolfspetition in Sachsen<\/span><\/a><\/span>, 11. Januar 2018<\/li>\n<li><span style=\"color: #0000ff;\"><a href=\"https:\/\/wolfsmonitor.de\/?p=12129\" target=\"_blank\" rel=\"noopener\"><span style=\"color: #0000ff;\">Sachsen: Landratsamt G\u00f6rlitz erteilt offenbar Abschusserlaubnis f\u00fcr Wolf<\/span><\/a>,<\/span> 11. Januar 2018<\/li>\n<li><a href=\"https:\/\/wolfsmonitor.de\/?p=12134\" target=\"_blank\" rel=\"noopener\"><span style=\"color: #0000ff;\">F\u00fcr Pferdehalter: Als Verbandsmitglied neuerdings gegen Wolfsrisse versichert<\/span><\/a>, 13. Januar 2018<\/li>\n<li><a href=\"https:\/\/wolfsmonitor.de\/?p=12146\" target=\"_blank\" rel=\"noopener\"><span style=\"color: #0000ff;\">Wolf aus Meck-Pomm l\u00e4uft bis nach L\u00fcttich (Belgien)<\/span><\/a>, 14. Januar 2018<\/li>\n<li><span style=\"color: #0000ff;\"><a href=\"https:\/\/wolfsmonitor.de\/?p=12158\" target=\"_blank\" rel=\"noopener\"><span style=\"color: #0000ff;\">Seitenblick: Bauernverband fordert T\u00f6tung von bis zu 70 Prozent aller Wildschweine<\/span><\/a><\/span>, 15. Januar 2018<\/li>\n<li><a href=\"https:\/\/wolfsmonitor.de\/?p=12166\" target=\"_blank\" rel=\"noopener\"><span style=\"color: #0000ff;\">Eckhard Fuhr zur Afrikanischen Schweinepest: &#8222;Kluge Predigten helfen nicht weiter!&#8220;<\/span><\/a>, 15. Januar 2018<\/li>\n<li><span style=\"color: #0000ff;\"><a href=\"https:\/\/wolfsmonitor.de\/?p=12175\" target=\"_blank\" rel=\"noopener\"><span style=\"color: #0000ff;\">Fast 160.000 Unterschriften zur Rettung des Goldenstedter Wolfsrudels<\/span><\/a><\/span>, 16. Januar 2018<\/li>\n<li><span style=\"color: #0000ff;\"><a href=\"https:\/\/wolfsmonitor.de\/?p=12183\" target=\"_blank\" rel=\"noopener\"><span style=\"color: #0000ff;\">Jetzt best\u00e4tigt: W\u00f6lfin &#8222;Naya&#8220; wandert bis kurz vor Br\u00fcssel<\/span><\/a><\/span>, 16. Januar 2018<\/li>\n<li><span style=\"color: #0000ff;\"><a href=\"https:\/\/wolfsmonitor.de\/?p=12191\" target=\"_blank\" rel=\"noopener\"><span style=\"color: #0000ff;\">Erneut toter Wolf aus dem Cuxhavener Rudel<\/span><\/a><\/span>, 17. Januar 2018<\/li>\n<li><a href=\"https:\/\/wolfsmonitor.de\/?p=12196\" target=\"_blank\" rel=\"noopener\"><span style=\"color: #0000ff;\">Brandenburgs Wolfsverordnung vor erstem Praxistest?<\/span><\/a>, 18. Januar 2018<\/li>\n<li><a href=\"https:\/\/wolfsmonitor.de\/?p=12212\" target=\"_blank\" rel=\"noopener\"><span style=\"color: #0000ff;\">Entgegen der landl\u00e4ufigen Meinung ist Nachbars Lumpi kein Spitz!,<\/span><\/a> 19. Januar 2018<\/li>\n<li><a href=\"https:\/\/wolfsmonitor.de\/?p=12223\" target=\"_blank\" rel=\"noopener\"><span style=\"color: #0000ff;\">W\u00f6lfe: Die letzten Tage&#8230;<\/span><\/a>, 20. Januar 2018<\/li>\n<li><a href=\"https:\/\/wolfsmonitor.de\/?p=12240\" target=\"_blank\" rel=\"noopener\"><span style=\"color: #0000ff;\">NABU: &#8222;Das Agieren des Bauernbundes ist unverst\u00e4ndlich und emp\u00f6rend&#8220;<\/span><\/a>, 20. Januar 2018<\/li>\n<li><span style=\"color: #0000ff;\"><a href=\"https:\/\/wolfsmonitor.de\/?p=12246\" target=\"_blank\" rel=\"noopener\"><span style=\"color: #0000ff;\">Th\u00fcringer Wolfsmischlinge sollen offenbar erschossen werden<\/span><\/a><\/span>, 21. Januar 2018<\/li>\n<li><span style=\"color: #0000ff;\"><a href=\"https:\/\/wolfsmonitor.de\/?p=12259\" target=\"_blank\" rel=\"noopener\"><span style=\"color: #0000ff;\">Th\u00fcringen: Kritik an Abschusspl\u00e4nen im Netz!<\/span><\/a><\/span>, 22. Januar 2018<\/li>\n<li><span style=\"color: #008080;\"><span style=\"color: #0000ff;\"><a href=\"https:\/\/wolfsmonitor.de\/?p=12271\" target=\"_blank\" rel=\"noopener\"><span style=\"color: #0000ff;\">Wolfsf\u00e4he verendet nach Unfall mit Pkw<\/span><\/a><\/span>,<\/span> 23. Januar 2018<\/li>\n<li><a href=\"https:\/\/wolfsmonitor.de\/?p=12279\" target=\"_blank\" rel=\"noopener\"><span style=\"color: #0000ff;\">\u201eW\u00e4ren wir langsamer gewesen, h\u00e4tten wir es nicht mehr geschafft\u201c<\/span><\/a>\u2026, 23. Januar 2018<\/li>\n<li><a href=\"https:\/\/wolfsmonitor.de\/?p=12288\" target=\"_blank\" rel=\"noopener\"><span style=\"color: #0000ff;\">Toter Wolf bei Barnstorf gefunden. Goldenstedter W\u00f6lfin jetzt ohne Partner?<\/span><\/a>, 24. Januar 2018<\/li>\n<li><a href=\"https:\/\/wolfsmonitor.de\/?p=12298\" target=\"_blank\" rel=\"noopener\"><span style=\"color: #0000ff;\">Wanderw\u00f6lfe<\/span><\/a>, 26. Januar 2018<\/li>\n<li><a href=\"https:\/\/wolfsmonitor.de\/?p=12310\" target=\"_blank\" rel=\"noopener\"><span style=\"color: #0000ff;\">Kampagne gegen W\u00f6lfe?<\/span><\/a>, 27. Januar 2018<\/li>\n<li><span style=\"color: #0000ff;\"><a href=\"https:\/\/wolfsmonitor.de\/?p=12320\" target=\"_blank\" rel=\"noopener\"><span style=\"color: #0000ff;\">Beim Zorn des Schwarzw\u00e4lders: \u201eDann fliegen Kugeln&#8230;nicht auf den Wolf, sondern auf Menschen!\u201c<\/span><\/a><\/span>, 28. Januar 2018<\/li>\n<li><span style=\"color: #0000ff;\"><a href=\"https:\/\/wolfsmonitor.de\/?p=12328\" target=\"_blank\" rel=\"noopener\"><span style=\"color: #0000ff;\">Neue Experten in den Wolfsb\u00fcros in Rietschen und Hannover<\/span><\/a>, <\/span>29. Januar 2018<\/li>\n<li><a href=\"https:\/\/wolfsmonitor.de\/?p=12337\" target=\"_blank\" rel=\"noopener\"><span style=\"color: #0000ff;\">Kurt Kotrschal: W\u00f6lfe nicht st\u00e4ndig zu S\u00fcndenb\u00f6cken zu machen<\/span><\/a>, 29. Januar 2018<\/li>\n<li><a href=\"https:\/\/wolfsmonitor.de\/?p=12342\" target=\"_blank\" rel=\"noopener\"><span style=\"color: #0000ff;\">FDP und AFD beim Thema Wolf einig?<\/span><\/a>, 30. Januar 2018<\/li>\n<li><span style=\"color: #0000ff;\"><a href=\"https:\/\/wolfsmonitor.de\/?p=12348\" target=\"_blank\" rel=\"noopener\"><span style=\"color: #0000ff;\">Die Wolfspolitik des Nieders\u00e4chsischen Ministers f\u00fcr Wissenschaft und Kultur<\/span><\/a>,<\/span> 30. Januar 2018<\/li>\n<li><span style=\"color: #0000ff;\"><a href=\"https:\/\/wolfsmonitor.de\/?p=12361\" target=\"_blank\" rel=\"noopener\"><span style=\"color: #0000ff;\">Freundeskreis freilebender W\u00f6lfe jetzt &#8222;anerkannter Naturschutzverein&#8220;!<\/span><\/a>,<\/span> 31. Januar 2018<\/li>\n<li><span style=\"color: #0000ff;\"><a href=\"https:\/\/wolfsmonitor.de\/?p=12371\" target=\"_blank\" rel=\"noopener\"><span style=\"color: #0000ff;\">Niedersachsen: Kurskorrektur beim Wolf?<\/span><\/a><\/span>, 31. Januar 2018<\/li>\n<\/ol>\n<p>Sie k\u00f6nnen alle Beitr\u00e4ge auch nach \u201cKategorien\u201d geordnet aufrufen. Bitte nutzen Sie dazu die gleichnamige Auswahl in der rechten Seitenleiste!<\/p>\n<p>Viel Spa\u00df!<\/p>\n<p>Ihr<\/p>\n<p>J\u00fcrgen Vogler<\/p>\n<p>Sie k\u00f6nnen alle Beitr\u00e4ge auch nach \u201cKategorien\u201d geordnet aufrufen. Bitte nutzen Sie dazu die gleichnamige Auswahl in der rechten Seitenleiste!<\/p>\n<p>Viel Spa\u00df!<\/p>\n<p>Ihr<\/p>\n<p>J\u00fcrgen Vogler<\/p>\n<div class=\"shariff shariff-align-center shariff-widget-align-center\" data-services=\"facebook%7Ctwitter\" data-url=\"https%3A%2F%2Fwolfsmonitor.de%2F%3Fpage_id%3D11994\" data-timestamp=\"1517439476\" data-backendurl=\"?rest_route=\/shariff\/v1\/share_counts&\"><ul class=\"shariff-buttons theme-color orientation-horizontal buttonsize-small\"><li class=\"shariff-button facebook shariff-nocustomcolor\" style=\"background-color:#4273c8\"><a href=\"https:\/\/www.facebook.com\/sharer\/sharer.php?u=https%3A%2F%2Fwolfsmonitor.de%2F%3Fpage_id%3D11994\" title=\"Bei Facebook teilen\" aria-label=\"Bei Facebook teilen\" role=\"button\" rel=\"nofollow\" class=\"shariff-link\" style=\"; background-color:#3b5998; color:#fff\" target=\"_blank\"><span class=\"shariff-icon\" style=\"\"><svg width=\"32px\" height=\"20px\" xmlns=\"http:\/\/www.w3.org\/2000\/svg\" viewBox=\"0 0 18 32\"><path fill=\"#3b5998\" d=\"M17.1 0.2v4.7h-2.8q-1.5 0-2.1 0.6t-0.5 1.9v3.4h5.2l-0.7 5.3h-4.5v13.6h-5.5v-13.6h-4.5v-5.3h4.5v-3.9q0-3.3 1.9-5.2t5-1.8q2.6 0 4.1 0.2z\"\/><\/svg><\/span><span class=\"shariff-text\">teilen<\/span>&nbsp;<span data-service=\"facebook\" style=\"color:#3b5998\" class=\"shariff-count shariff-hidezero\"><\/span>&nbsp;<\/a><\/li><li class=\"shariff-button twitter shariff-nocustomcolor\" style=\"background-color:#32bbf5\"><a href=\"https:\/\/twitter.com\/share?url=https%3A%2F%2Fwolfsmonitor.de%2F%3Fpage_id%3D11994&text=Beitr%C3%A4ge%20Januar%202018\" title=\"Bei Twitter teilen\" aria-label=\"Bei Twitter teilen\" role=\"button\" rel=\"noopener nofollow\" class=\"shariff-link\" style=\"; background-color:#55acee; color:#fff\" target=\"_blank\"><span class=\"shariff-icon\" style=\"\"><svg width=\"32px\" height=\"20px\" xmlns=\"http:\/\/www.w3.org\/2000\/svg\" viewBox=\"0 0 30 32\"><path fill=\"#55acee\" d=\"M29.7 6.8q-1.2 1.8-3 3.1 0 0.3 0 0.8 0 2.5-0.7 4.9t-2.2 4.7-3.5 4-4.9 2.8-6.1 1q-5.1 0-9.3-2.7 0.6 0.1 1.5 0.1 4.3 0 7.6-2.6-2-0.1-3.5-1.2t-2.2-3q0.6 0.1 1.1 0.1 0.8 0 1.6-0.2-2.1-0.4-3.5-2.1t-1.4-3.9v-0.1q1.3 0.7 2.8 0.8-1.2-0.8-2-2.2t-0.7-2.9q0-1.7 0.8-3.1 2.3 2.8 5.5 4.5t7 1.9q-0.2-0.7-0.2-1.4 0-2.5 1.8-4.3t4.3-1.8q2.7 0 4.5 1.9 2.1-0.4 3.9-1.5-0.7 2.2-2.7 3.4 1.8-0.2 3.5-0.9z\"\/><\/svg><\/span><span class=\"shariff-text\">twittern<\/span>&nbsp;<span data-service=\"twitter\" style=\"color:#55acee\" class=\"shariff-count shariff-hidezero\"><\/span>&nbsp;<\/a><\/li><li class=\"shariff-button rss shariff-nocustomcolor\" style=\"background-color:#ff8c00\"><a href=\"https:\/\/wolfsmonitor.de\/?feed=rss\" title=\"RSS-feed\" aria-label=\"RSS-feed\" role=\"button\" class=\"shariff-link\" style=\"; background-color:#fe9312; color:#fff\" target=\"_blank\"><span class=\"shariff-icon\" style=\"\"><svg width=\"32px\" height=\"20px\" xmlns=\"http:\/\/www.w3.org\/2000\/svg\" viewBox=\"0 0 32 32\"><path fill=\"#fe9312\" d=\"M4.3 23.5c-2.3 0-4.3 1.9-4.3 4.3 0 2.3 1.9 4.2 4.3 4.2 2.4 0 4.3-1.9 4.3-4.2 0-2.3-1.9-4.3-4.3-4.3zM0 10.9v6.1c4 0 7.7 1.6 10.6 4.4 2.8 2.8 4.4 6.6 4.4 10.6h6.2c0-11.7-9.5-21.1-21.1-21.1zM0 0v6.1c14.2 0 25.8 11.6 25.8 25.9h6.2c0-17.6-14.4-32-32-32z\"\/><\/svg><\/span><span class=\"shariff-text\">RSS-feed<\/span>&nbsp;<\/a><\/li><li class=\"shariff-button mailto shariff-nocustomcolor\" style=\"background-color:#a8a8a8\"><a href=\"mailto:?body=https%3A%2F%2Fwolfsmonitor.de%2F%3Fpage_id%3D11994&subject=Beitr%C3%A4ge%20Januar%202018\" title=\"Per E-Mail versenden\" aria-label=\"Per E-Mail versenden\" role=\"button\" rel=\"noopener nofollow\" class=\"shariff-link\" style=\"; background-color:#999; color:#fff\"><span class=\"shariff-icon\" style=\"\"><svg width=\"32px\" height=\"20px\" xmlns=\"http:\/\/www.w3.org\/2000\/svg\" viewBox=\"0 0 32 32\"><path fill=\"#999\" d=\"M32 12.7v14.2q0 1.2-0.8 2t-2 0.9h-26.3q-1.2 0-2-0.9t-0.8-2v-14.2q0.8 0.9 1.8 1.6 6.5 4.4 8.9 6.1 1 0.8 1.6 1.2t1.7 0.9 2 0.4h0.1q0.9 0 2-0.4t1.7-0.9 1.6-1.2q3-2.2 8.9-6.1 1-0.7 1.8-1.6zM32 7.4q0 1.4-0.9 2.7t-2.2 2.2q-6.7 4.7-8.4 5.8-0.2 0.1-0.7 0.5t-1 0.7-0.9 0.6-1.1 0.5-0.9 0.2h-0.1q-0.4 0-0.9-0.2t-1.1-0.5-0.9-0.6-1-0.7-0.7-0.5q-1.6-1.1-4.7-3.2t-3.6-2.6q-1.1-0.7-2.1-2t-1-2.5q0-1.4 0.7-2.3t2.1-0.9h26.3q1.2 0 2 0.8t0.9 2z\"\/><\/svg><\/span><span class=\"shariff-text\">E-Mail<\/span>&nbsp;<\/a><\/li><li class=\"shariff-button info shariff-nocustomcolor\" style=\"background-color:#a8a8a8\"><a href=\"http:\/\/ct.de\/-2467514\" title=\"Weitere Informationen\" aria-label=\"Weitere Informationen\" role=\"button\" rel=\"noopener \" class=\"shariff-link\" style=\"; background-color:#999; color:#fff\" target=\"_blank\"><span class=\"shariff-icon\" style=\"\"><svg width=\"32px\" height=\"20px\" xmlns=\"http:\/\/www.w3.org\/2000\/svg\" viewBox=\"0 0 11 32\"><path fill=\"#999\" d=\"M11.4 24v2.3q0 0.5-0.3 0.8t-0.8 0.4h-9.1q-0.5 0-0.8-0.4t-0.4-0.8v-2.3q0-0.5 0.4-0.8t0.8-0.4h1.1v-6.8h-1.1q-0.5 0-0.8-0.4t-0.4-0.8v-2.3q0-0.5 0.4-0.8t0.8-0.4h6.8q0.5 0 0.8 0.4t0.4 0.8v10.3h1.1q0.5 0 0.8 0.4t0.3 0.8zM9.2 3.4v3.4q0 0.5-0.4 0.8t-0.8 0.4h-4.6q-0.4 0-0.8-0.4t-0.4-0.8v-3.4q0-0.4 0.4-0.8t0.8-0.4h4.6q0.5 0 0.8 0.4t0.4 0.8z\"\/><\/svg><\/span><\/a><\/li><\/ul><\/div>","protected":false},"excerpt":{"rendered":"<p>Hier finden Sie alle Wolfsmonitor-Beitr\u00e4ge aus dem Januar 2018 ! Bitte klicken Sie direkt auf den gew\u00fcnschten Titel im &#8222;Klappmenue&#8220; oben unter &#8222;Beitr\u00e4ge&#8220; oder auf folgende, chronologisch angeordnete Beitrags\u00fcberschriften: Toter Wolf bei Thee\u00dfen, 1. Januar 2018 Das Verschwinden der W\u00f6lfe in Schweden, 2. Januar 2018 Die Wolfsmonitor-Retrospektive auf das Wolfsjahr 2017 \u2013 Teil 2, 3. [&hellip;]<\/p>\n<div class=\"shariff shariff-align-center shariff-widget-align-center\" data-services=\"facebook%7Ctwitter\" data-url=\"https%3A%2F%2Fwolfsmonitor.de%2F%3Fpage_id%3D11994\" data-timestamp=\"1517439476\" data-backendurl=\"?rest_route=\/shariff\/v1\/share_counts&\"><ul class=\"shariff-buttons theme-color orientation-horizontal buttonsize-small\"><li class=\"shariff-button facebook shariff-nocustomcolor\" style=\"background-color:#4273c8\"><a href=\"https:\/\/www.facebook.com\/sharer\/sharer.php?u=https%3A%2F%2Fwolfsmonitor.de%2F%3Fpage_id%3D11994\" title=\"Bei Facebook teilen\" aria-label=\"Bei Facebook teilen\" role=\"button\" rel=\"nofollow\" class=\"shariff-link\" style=\"; background-color:#3b5998; color:#fff\" target=\"_blank\"><span class=\"shariff-icon\" style=\"\"><svg width=\"32px\" height=\"20px\" xmlns=\"http:\/\/www.w3.org\/2000\/svg\" viewBox=\"0 0 18 32\"><path fill=\"#3b5998\" d=\"M17.1 0.2v4.7h-2.8q-1.5 0-2.1 0.6t-0.5 1.9v3.4h5.2l-0.7 5.3h-4.5v13.6h-5.5v-13.6h-4.5v-5.3h4.5v-3.9q0-3.3 1.9-5.2t5-1.8q2.6 0 4.1 0.2z\"\/><\/svg><\/span><span class=\"shariff-text\">teilen<\/span>&nbsp;<span data-service=\"facebook\" style=\"color:#3b5998\" class=\"shariff-count shariff-hidezero\"><\/span>&nbsp;<\/a><\/li><li class=\"shariff-button twitter shariff-nocustomcolor\" style=\"background-color:#32bbf5\"><a href=\"https:\/\/twitter.com\/share?url=https%3A%2F%2Fwolfsmonitor.de%2F%3Fpage_id%3D11994&text=Beitr%C3%A4ge%20Januar%202018\" title=\"Bei Twitter teilen\" aria-label=\"Bei Twitter teilen\" role=\"button\" rel=\"noopener nofollow\" class=\"shariff-link\" style=\"; background-color:#55acee; color:#fff\" target=\"_blank\"><span class=\"shariff-icon\" style=\"\"><svg width=\"32px\" height=\"20px\" xmlns=\"http:\/\/www.w3.org\/2000\/svg\" viewBox=\"0 0 30 32\"><path fill=\"#55acee\" d=\"M29.7 6.8q-1.2 1.8-3 3.1 0 0.3 0 0.8 0 2.5-0.7 4.9t-2.2 4.7-3.5 4-4.9 2.8-6.1 1q-5.1 0-9.3-2.7 0.6 0.1 1.5 0.1 4.3 0 7.6-2.6-2-0.1-3.5-1.2t-2.2-3q0.6 0.1 1.1 0.1 0.8 0 1.6-0.2-2.1-0.4-3.5-2.1t-1.4-3.9v-0.1q1.3 0.7 2.8 0.8-1.2-0.8-2-2.2t-0.7-2.9q0-1.7 0.8-3.1 2.3 2.8 5.5 4.5t7 1.9q-0.2-0.7-0.2-1.4 0-2.5 1.8-4.3t4.3-1.8q2.7 0 4.5 1.9 2.1-0.4 3.9-1.5-0.7 2.2-2.7 3.4 1.8-0.2 3.5-0.9z\"\/><\/svg><\/span><span class=\"shariff-text\">twittern<\/span>&nbsp;<span data-service=\"twitter\" style=\"color:#55acee\" class=\"shariff-count shariff-hidezero\"><\/span>&nbsp;<\/a><\/li><li class=\"shariff-button rss shariff-nocustomcolor\" style=\"background-color:#ff8c00\"><a href=\"https:\/\/wolfsmonitor.de\/?feed=rss\" title=\"RSS-feed\" aria-label=\"RSS-feed\" role=\"button\" class=\"shariff-link\" style=\"; background-color:#fe9312; color:#fff\" target=\"_blank\"><span class=\"shariff-icon\" style=\"\"><svg width=\"32px\" height=\"20px\" xmlns=\"http:\/\/www.w3.org\/2000\/svg\" viewBox=\"0 0 32 32\"><path fill=\"#fe9312\" d=\"M4.3 23.5c-2.3 0-4.3 1.9-4.3 4.3 0 2.3 1.9 4.2 4.3 4.2 2.4 0 4.3-1.9 4.3-4.2 0-2.3-1.9-4.3-4.3-4.3zM0 10.9v6.1c4 0 7.7 1.6 10.6 4.4 2.8 2.8 4.4 6.6 4.4 10.6h6.2c0-11.7-9.5-21.1-21.1-21.1zM0 0v6.1c14.2 0 25.8 11.6 25.8 25.9h6.2c0-17.6-14.4-32-32-32z\"\/><\/svg><\/span><span class=\"shariff-text\">RSS-feed<\/span>&nbsp;<\/a><\/li><li class=\"shariff-button mailto shariff-nocustomcolor\" style=\"background-color:#a8a8a8\"><a href=\"mailto:?body=https%3A%2F%2Fwolfsmonitor.de%2F%3Fpage_id%3D11994&subject=Beitr%C3%A4ge%20Januar%202018\" title=\"Per E-Mail versenden\" aria-label=\"Per E-Mail versenden\" role=\"button\" rel=\"noopener nofollow\" class=\"shariff-link\" style=\"; background-color:#999; color:#fff\"><span class=\"shariff-icon\" style=\"\"><svg width=\"32px\" height=\"20px\" xmlns=\"http:\/\/www.w3.org\/2000\/svg\" viewBox=\"0 0 32 32\"><path fill=\"#999\" d=\"M32 12.7v14.2q0 1.2-0.8 2t-2 0.9h-26.3q-1.2 0-2-0.9t-0.8-2v-14.2q0.8 0.9 1.8 1.6 6.5 4.4 8.9 6.1 1 0.8 1.6 1.2t1.7 0.9 2 0.4h0.1q0.9 0 2-0.4t1.7-0.9 1.6-1.2q3-2.2 8.9-6.1 1-0.7 1.8-1.6zM32 7.4q0 1.4-0.9 2.7t-2.2 2.2q-6.7 4.7-8.4 5.8-0.2 0.1-0.7 0.5t-1 0.7-0.9 0.6-1.1 0.5-0.9 0.2h-0.1q-0.4 0-0.9-0.2t-1.1-0.5-0.9-0.6-1-0.7-0.7-0.5q-1.6-1.1-4.7-3.2t-3.6-2.6q-1.1-0.7-2.1-2t-1-2.5q0-1.4 0.7-2.3t2.1-0.9h26.3q1.2 0 2 0.8t0.9 2z\"\/><\/svg><\/span><span class=\"shariff-text\">E-Mail<\/span>&nbsp;<\/a><\/li><li class=\"shariff-button info shariff-nocustomcolor\" style=\"background-color:#a8a8a8\"><a href=\"http:\/\/ct.de\/-2467514\" title=\"Weitere Informationen\" aria-label=\"Weitere Informationen\" role=\"button\" rel=\"noopener \" class=\"shariff-link\" style=\"; background-color:#999; color:#fff\" target=\"_blank\"><span class=\"shariff-icon\" style=\"\"><svg width=\"32px\" height=\"20px\" xmlns=\"http:\/\/www.w3.org\/2000\/svg\" viewBox=\"0 0 11 32\"><path fill=\"#999\" d=\"M11.4 24v2.3q0 0.5-0.3 0.8t-0.8 0.4h-9.1q-0.5 0-0.8-0.4t-0.4-0.8v-2.3q0-0.5 0.4-0.8t0.8-0.4h1.1v-6.8h-1.1q-0.5 0-0.8-0.4t-0.4-0.8v-2.3q0-0.5 0.4-0.8t0.8-0.4h6.8q0.5 0 0.8 0.4t0.4 0.8v10.3h1.1q0.5 0 0.8 0.4t0.3 0.8zM9.2 3.4v3.4q0 0.5-0.4 0.8t-0.8 0.4h-4.6q-0.4 0-0.8-0.4t-0.4-0.8v-3.4q0-0.4 0.4-0.8t0.8-0.4h4.6q0.5 0 0.8 0.4t0.4 0.8z\"\/><\/svg><\/span><\/a><\/li><\/ul><\/div>","protected":false},"author":1,"featured_media":0,"parent":11991,"menu_order":1,"comment_status":"closed","ping_status":"closed","template":"","meta":{"spay_email":""},"jetpack_shortlink":"https:\/\/wp.me\/P61YbU-37s","jetpack-related-posts":[{"id":15990,"url":"https:\/\/wolfsmonitor.de\/?page_id=15990","url_meta":{"origin":11994,"position":0},"title":"Beitr\u00e4ge Januar 2019","date":"1. Januar 2019","format":false,"excerpt":"Hier finden Sie alle Wolfsmonitor-Beitr\u00e4ge aus dem Januar 2019. FAZ: Kl\u00f6ckners Wolfsbrandbrief ist \"kontraproduktive Effekthascherei\", 1. Januar 2019 Die Wolfsmonitor-Retrospektive auf das Wolfsjahr 2018 \u2013 Teil 2 \u2013 Februar, 2. Januar 2019 Gespr\u00e4ch \u00fcber Kl\u00f6ckners Brandbrief Mitte Januar, 3. Januar 2019 Wolfsmonitor-Retrospektive auf das Wolfsjahr 2018 \u2013 Teil 3 \u2013\u2026","rel":"","context":"\u00c4hnlicher Beitrag","img":{"alt_text":"","src":"","width":0,"height":0},"classes":[]},{"id":18232,"url":"https:\/\/wolfsmonitor.de\/?page_id=18232","url_meta":{"origin":11994,"position":1},"title":"Beitr\u00e4ge Januar 2020","date":"3. Januar 2020","format":false,"excerpt":"Hier finden Sie alle Beitr\u00e4ge aus dem Januar 2020, dem siebenundf\u00fcnfzigsten Monat dieses Blogs! Bitte klicken Sie direkt auf den gew\u00fcnschten Titel in der Menueauswahl oder auf folgende, chronologisch angeordnete Beitrags\u00fcberschriften: G\u00f6rlitzer Wolf wieder auf freiem Fu\u00df, 3. Januar 2020 VFD: \"Der effektivste Herdenschutz ist Pr\u00e4vention\", 7. Januar 2020 Ohrdrufer\u2026","rel":"","context":"\u00c4hnlicher Beitrag","img":{"alt_text":"","src":"","width":0,"height":0},"classes":[]},{"id":2120,"url":"https:\/\/wolfsmonitor.de\/?page_id=2120","url_meta":{"origin":11994,"position":2},"title":"Beitr\u00e4ge Januar 2016","date":"1. Januar 2016","format":false,"excerpt":"Hier finden Sie alle Beitr\u00e4ge aus dem Januar 2016, dem zehnten Monat des Blogs! Bitte klicken Sie direkt auf den gew\u00fcnschten Titel im \"Klappmenue\" oben oder auf folgende, chronologisch angeordnete Beitrags\u00fcberschriften: Nie der Wissenschaft \u00fcberlassen, wie man leben will...., 01. Januar 2016 \u00dcberarbeiteter Managementplan f\u00fcr den Wolf in Th\u00fcringen, 05.\u2026","rel":"","context":"\u00c4hnlicher Beitrag","img":{"alt_text":"","src":"","width":0,"height":0},"classes":[]},{"id":6953,"url":"https:\/\/wolfsmonitor.de\/?page_id=6953","url_meta":{"origin":11994,"position":3},"title":"Beitr\u00e4ge Januar 2017","date":"1. Januar 2017","format":false,"excerpt":"Hier finden Sie alle Beitr\u00e4ge aus dem Januar 2017! Bitte klicken Sie direkt auf den gew\u00fcnschten Titel im \u201eKlappmenue\u201c oben oder auf folgende, chronologisch angeordnete Beitrags\u00fcberschriften: Willkommen im neuen Jahr 2017! \u2026 und weiter geht\u2019s!, 1. Januar 2017 Die \"v\u00f6llige Narrenfreiheit\" der W\u00f6lfe und derer, die ihnen an den Kragen\u2026","rel":"","context":"\u00c4hnlicher Beitrag","img":{"alt_text":"","src":"","width":0,"height":0},"classes":[]},{"id":15622,"url":"https:\/\/wolfsmonitor.de\/?page_id=15622","url_meta":{"origin":11994,"position":4},"title":"Beitr\u00e4ge Dezember 2018","date":"1. Dezember 2018","format":false,"excerpt":"Hier finden Sie alle Wolfsmonitor-Beitr\u00e4ge aus dem Dezember 2018. Mutma\u00dflicher Wolfsvorfall als politisches Lehrst\u00fcck, 01. Dezember 2018 Europarat: W\u00f6lfe bleiben weiterhin gesch\u00fctzt!, 03. Dezember 2018 Sachsen-Anhalt: Wachstum des Wolfsbestandes unter 10 Prozent, 04. Dezember 2018 Offenbar kein Wolfsangriff: Wolfshatz j\u00e4h beendet, 04. Dezember 2018 Gesellschaft zum Schutz der W\u00f6lfe: Neues\u2026","rel":"","context":"\u00c4hnlicher Beitrag","img":{"alt_text":"","src":"","width":0,"height":0},"classes":[]},{"id":6945,"url":"https:\/\/wolfsmonitor.de\/?page_id=6945","url_meta":{"origin":11994,"position":5},"title":"Beitr\u00e4ge aus dem Jahr 2016","date":"1. Januar 2017","format":false,"excerpt":"Zur Beitrags\u00fcbersicht bitte direkt auf den jeweiligen Monat klicken! Dezember 2016 November 2016 Oktober 2016 September 2016 August 2016 Juli 2016 Juni 2016 Mai 2016 April 2016 M\u00e4rz 2016 Februar 2016 Januar 2016","rel":"","context":"\u00c4hnlicher Beitrag","img":{"alt_text":"","src":"","width":0,"height":0},"classes":[]}],"_links":{"self":[{"href":"https:\/\/wolfsmonitor.de\/index.php?rest_route=\/wp\/v2\/pages\/11994"}],"collection":[{"href":"https:\/\/wolfsmonitor.de\/index.php?rest_route=\/wp\/v2\/pages"}],"about":[{"href":"https:\/\/wolfsmonitor.de\/index.php?rest_route=\/wp\/v2\/types\/page"}],"author":[{"embeddable":true,"href":"https:\/\/wolfsmonitor.de\/index.php?rest_route=\/wp\/v2\/users\/1"}],"replies":[{"embeddable":true,"href":"https:\/\/wolfsmonitor.de\/index.php?rest_route=%2Fwp%2Fv2%2Fcomments&post=11994"}],"version-history":[{"count":41,"href":"https:\/\/wolfsmonitor.de\/index.php?rest_route=\/wp\/v2\/pages\/11994\/revisions"}],"predecessor-version":[{"id":12378,"href":"https:\/\/wolfsmonitor.de\/index.php?rest_route=\/wp\/v2\/pages\/11994\/revisions\/12378"}],"up":[{"embeddable":true,"href":"https:\/\/wolfsmonitor.de\/index.php?rest_route=\/wp\/v2\/pages\/11991"}],"wp:attachment":[{"href":"https:\/\/wolfsmonitor.de\/index.php?rest_route=%2Fwp%2Fv2%2Fmedia&parent=11994"}],"curies":[{"name":"wp","href":"https:\/\/api.w.org\/{rel}","templated":true}]}}