{"id":12386,"date":"2018-02-01T19:52:40","date_gmt":"2018-02-01T17:52:40","guid":{"rendered":"http:\/\/wolfsmonitor.de\/?page_id=12386"},"modified":"2018-02-28T21:30:57","modified_gmt":"2018-02-28T19:30:57","slug":"beitraege-februar-2018","status":"publish","type":"page","link":"https:\/\/wolfsmonitor.de\/?page_id=12386","title":{"rendered":"Beitr\u00e4ge Februar 2018"},"content":{"rendered":"<p>Hier finden Sie alle Wolfsmonitor-Beitr\u00e4ge aus dem Februar 2018!<\/p>\n<p><span title=\"umwelt.nrw-Info 1.4.2016\">Bitte klicken Sie direkt auf den gew\u00fcnschten Titel im &#8222;Klappmenue&#8220; oben unter &#8222;Beitr\u00e4ge&#8220; oder auf folgende, chronologisch angeordnete Beitrags\u00fcberschriften:<\/span><\/p>\n<ol>\n<li><span style=\"color: #0000ff;\"><a href=\"https:\/\/wolfsmonitor.de\/?p=12382\" target=\"_blank\" rel=\"noopener\"><span style=\"color: #0000ff;\">\u201eUnser Auftrag ist es, zu berichten \u2013 nicht auf Grundlage von Mutma\u00dfungen Panik zu verbreiten\u201c<\/span>!<\/a>,<\/span> 1. Februar 2018<\/li>\n<li><a href=\"https:\/\/wolfsmonitor.de\/?p=12391\" target=\"_blank\" rel=\"noopener\"><span style=\"color: #0000ff;\">Erster Wolf in Sachsen heute offenbar mit offizieller Genehmigung &#8222;erschossen&#8220;<\/span><\/a>, 2. Februar 2018<\/li>\n<li><a href=\"https:\/\/wolfsmonitor.de\/?p=12401\" target=\"_blank\" rel=\"noopener\"><span style=\"color: #0000ff;\">Irritationen um erschossenen Wolf in Sachsen<\/span><\/a>, 3. Febuar 2018<\/li>\n<li><span style=\"color: #0000ff;\"><a href=\"https:\/\/wolfsmonitor.de\/?p=12410\" target=\"_blank\" rel=\"noopener\"><span style=\"color: #0000ff;\">GroKo: \u201eGlyphosat-Minister Schmidt\u201c verk\u00fcndet Verringerung der Zahl von W\u00f6lfen<\/span><\/a><\/span>, 4. Februar 2018<\/li>\n<li><a href=\"https:\/\/wolfsmonitor.de\/?p=12424\" target=\"_blank\" rel=\"noopener\"><span style=\"color: #0000ff;\">Sachsen: Anzeige gegen Landrat wegen Abschusserlaubnis<\/span><\/a>, 5. Februar 2018<\/li>\n<li><span style=\"color: #0000ff;\"><a href=\"https:\/\/wolfsmonitor.de\/?p=12435\" target=\"_blank\" rel=\"noopener\"><span style=\"color: #0000ff;\">Auf der Fuchsjagd irrt\u00fcmlich W\u00f6lfin erschossen<\/span><\/a><\/span>, 6. Februar 2018<\/li>\n<li><span style=\"color: #0000ff;\"><a href=\"https:\/\/wolfsmonitor.de\/?p=12442\" target=\"_blank\" rel=\"noopener\"><span style=\"color: #0000ff;\">Hendricks (SPD) st\u00fcrmt GroKo-Verhandlung zum Thema Wolf<\/span><\/a><\/span>, 6. Februar 2018<\/li>\n<li><a href=\"https:\/\/wolfsmonitor.de\/?p=12449\" target=\"_blank\" rel=\"noopener\"><span style=\"color: #0000ff;\">Offenbar en vogue: Das Thema Wolf in Bundestags- und Koalitionsdebatten<\/span><\/a>, 7. Februar 2018<\/li>\n<li><a href=\"https:\/\/wolfsmonitor.de\/?p=12462\" target=\"_blank\" rel=\"noopener\"><span style=\"color: #0000ff;\">Der Koalitionsvertrag und die Folgen f\u00fcr Deutschlands W\u00f6lfe<\/span><\/a>, 8. Februar 2018<\/li>\n<li><a href=\"https:\/\/wolfsmonitor.de\/?p=12474\" target=\"_blank\" rel=\"noopener\"><span style=\"color: #0000ff;\">Experte \u00fcberzeugt: Bei Wolfshybriden-Theorie von J\u00e4gern und der AFD in Sachsen geht\u2019s nur um Lobbyinteressen!<\/span><\/a>, 8. Februar 2018<\/li>\n<li><a href=\"https:\/\/wolfsmonitor.de\/?p=12481\" target=\"_blank\" rel=\"noopener\"><span style=\"color: #0000ff;\">W\u00f6lfe durchstreifen den Nordwesten Deutschlands<\/span><\/a>, 10. Februar 2018<\/li>\n<li><span style=\"color: #0000ff;\"><a href=\"https:\/\/wolfsmonitor.de\/?p=12485\" target=\"_blank\" rel=\"noopener\"><span style=\"color: #0000ff;\">&#8222;Bauchlandung&#8220; mit dem Vorschlag der Wolfsregulierung<\/span><\/a>, <\/span>11. Februar 2018<\/li>\n<li><a href=\"https:\/\/wolfsmonitor.de\/?p=12499\" target=\"_blank\" rel=\"noopener\"><span style=\"color: #0000ff;\">Unionsminister wollen Spezialeinheit f\u00fcr W\u00f6lfe<\/span><\/a>, 12. Februar 2018<\/li>\n<li><a href=\"https:\/\/wolfsmonitor.de\/?p=12512\" target=\"_blank\" rel=\"noopener\"><span style=\"color: #0000ff;\">Schon wieder: Ein mit zwei Sch\u00fcssen illegal erlegter Wolf gefunden<\/span><\/a>, 12. Februar 2018<\/li>\n<li><a href=\"https:\/\/wolfsmonitor.de\/?p=12517\" target=\"_blank\" rel=\"noopener\"><span style=\"color: #0000ff;\">Terrier-Vorderpfote von Wolf abgebissen?<\/span><\/a>, 13. Februar 2018<\/li>\n<li><a href=\"https:\/\/wolfsmonitor.de\/?p=12530\" target=\"_blank\" rel=\"noopener\"><span style=\"color: #0000ff;\">Wolf von Lipsa starb nicht an seinen Schussverletzungen<\/span><\/a>, 14. Februar 2018<\/li>\n<li><span style=\"color: #0000ff;\"><a href=\"https:\/\/wolfsmonitor.de\/?p=12539\" target=\"_blank\" rel=\"noopener\"><span style=\"color: #0000ff;\">Erneuter Wolfsnachweis in den Niederlanden<\/span><\/a><\/span>, 14. Februar 2018<\/li>\n<li><span style=\"color: #0000ff;\"><a href=\"https:\/\/wolfsmonitor.de\/?p=12544\" target=\"_blank\" rel=\"noopener\"><span style=\"color: #0000ff;\">Ein Kommentar zum FAZ-Kommentar<\/span><\/a>,<\/span> 15. Februar 2018<\/li>\n<li><a href=\"https:\/\/wolfsmonitor.de\/?p=12556\" target=\"_blank\" rel=\"noopener\"><span style=\"color: #0000ff;\">Offenbar \u00fcber 120 Anzeigen gegen Wolfst\u00f6tung in Sachsen<\/span><\/a>, 16. Februar 2018<\/li>\n<li><a href=\"https:\/\/wolfsmonitor.de\/?p=12563\" target=\"_blank\" rel=\"noopener\"><span style=\"color: #0000ff;\">Niedersachsen: Nutztierrisse je Wolf sinken offenbar deutlich<\/span><\/a>, 18. Februar 2018<\/li>\n<li><span style=\"color: #0000ff;\"><a href=\"https:\/\/wolfsmonitor.de\/?p=12576\" target=\"_blank\" rel=\"noopener\"><span style=\"color: #0000ff;\">Niedersachsen: Sieben tote W\u00f6lfe in den ersten sieben Kalenderwochen<\/span><\/a><\/span>, 20. Februar 2018<\/li>\n<li><span style=\"color: #0000ff;\"><a href=\"https:\/\/wolfsmonitor.de\/?p=12574\" target=\"_blank\" rel=\"noopener\"><span style=\"color: #0000ff;\">Suche nach entlaufenen W\u00f6lfen in Bayern eingestellt<\/span><\/a><\/span>, 20. Februar 2018<\/li>\n<li><span style=\"color: #0000ff;\"><a href=\"https:\/\/wolfsmonitor.de\/?p=12596\" target=\"_blank\" rel=\"noopener\"><span style=\"color: #0000ff;\">Offener Brief an Ministerin Barbara Otte-Kinast: Wandersch\u00e4fer nicht im Stich lassen!<\/span><\/a><\/span>, 21. Februar 2018<\/li>\n<li><a href=\"https:\/\/wolfsmonitor.de\/?p=12590\" target=\"_blank\" rel=\"noopener\"><span style=\"color: #0000ff;\">Erneuter Test der Wolfsverordnung in Brandenburg?<\/span><\/a>, 21. Februar 2018<\/li>\n<li><span style=\"color: #0000ff;\"><a style=\"color: #0000ff;\" href=\"https:\/\/wolfsmonitor.de\/?p=12628\" target=\"_blank\" rel=\"noopener\">Ergebnis der Untersuchung aus Goldenstedt liegt vor<\/a>,<\/span> 22. Februar 2018<\/li>\n<li><span style=\"color: #0000ff;\"><a style=\"color: #0000ff;\" href=\"https:\/\/wolfsmonitor.de\/?p=12636\" target=\"_blank\" rel=\"noopener\">\u201eAnhand der DNA kann man Wolfshybriden nicht nachweisen\u201c\u2026\u00e4hm ja<\/a><\/span>, 22. Februar 2018<\/li>\n<li><a href=\"https:\/\/wolfsmonitor.de\/?p=12641\" target=\"_blank\" rel=\"noopener\"><span style=\"color: #0000ff;\">Hund bei Jagd in der Oberlausitz von Wolf get\u00f6tet<\/span>,<\/a> 23. Februar 2018<\/li>\n<li><span style=\"color: #0000ff;\"><a style=\"color: #0000ff;\" href=\"https:\/\/wolfsmonitor.de\/?p=12648\" target=\"_blank\" rel=\"noopener\">Wolf t\u00f6tet Hund in Oberlausitz: Widerspr\u00fcche und offene Fragen<\/a><\/span>, 24. Februar 2018<\/li>\n<li><span style=\"color: #0000ff;\"><a style=\"color: #0000ff;\" href=\"https:\/\/wolfsmonitor.de\/?p=12662\" target=\"_blank\" rel=\"noopener\">ZDF heute-show: \u201eStaatsfeind Nr.1\u201c<\/a><\/span>, 25. Februar 2018<\/li>\n<li><span style=\"color: #0000ff;\"><a style=\"color: #0000ff;\" href=\"https:\/\/wolfsmonitor.de\/?p=12676\" target=\"_blank\" rel=\"noopener\">Forderungskatalog &#8222;Wolf oder Weide&#8220;<\/a><\/span>, 27. Februar 2018<\/li>\n<li><a href=\"https:\/\/wolfsmonitor.de\/?p=12687\" target=\"_blank\" rel=\"noopener\"><span style=\"color: #0000ff;\">Diepholzer Dramaturgen<\/span><\/a>, 27. Februar 2018<\/li>\n<li><a href=\"https:\/\/wolfsmonitor.de\/?p=12695\" target=\"_blank\" rel=\"noopener\"><span style=\"color: #0000ff;\">Politischer Aschermittwoch?<\/span><\/a>, 28. Februar 2018<\/li>\n<\/ol>\n<p>Sie k\u00f6nnen alle Beitr\u00e4ge auch nach \u201cKategorien\u201d geordnet aufrufen. Bitte nutzen Sie dazu die gleichnamige Auswahl in der rechten Seitenleiste!<\/p>\n<p>Viel Spa\u00df!<\/p>\n<p>Ihr<\/p>\n<p>J\u00fcrgen Vogler<\/p>\n<p>&nbsp;<\/p>\n<div class=\"shariff shariff-align-center shariff-widget-align-center\" data-services=\"facebook%7Ctwitter\" data-url=\"https%3A%2F%2Fwolfsmonitor.de%2F%3Fpage_id%3D12386\" data-timestamp=\"1519853457\" data-backendurl=\"?rest_route=\/shariff\/v1\/share_counts&\"><ul class=\"shariff-buttons theme-color orientation-horizontal buttonsize-small\"><li class=\"shariff-button facebook shariff-nocustomcolor\" style=\"background-color:#4273c8\"><a href=\"https:\/\/www.facebook.com\/sharer\/sharer.php?u=https%3A%2F%2Fwolfsmonitor.de%2F%3Fpage_id%3D12386\" title=\"Bei Facebook teilen\" aria-label=\"Bei Facebook teilen\" role=\"button\" rel=\"nofollow\" class=\"shariff-link\" style=\"; background-color:#3b5998; color:#fff\" target=\"_blank\"><span class=\"shariff-icon\" style=\"\"><svg width=\"32px\" height=\"20px\" xmlns=\"http:\/\/www.w3.org\/2000\/svg\" viewBox=\"0 0 18 32\"><path fill=\"#3b5998\" d=\"M17.1 0.2v4.7h-2.8q-1.5 0-2.1 0.6t-0.5 1.9v3.4h5.2l-0.7 5.3h-4.5v13.6h-5.5v-13.6h-4.5v-5.3h4.5v-3.9q0-3.3 1.9-5.2t5-1.8q2.6 0 4.1 0.2z\"\/><\/svg><\/span><span class=\"shariff-text\">teilen<\/span>&nbsp;<span data-service=\"facebook\" style=\"color:#3b5998\" class=\"shariff-count shariff-hidezero\"><\/span>&nbsp;<\/a><\/li><li class=\"shariff-button twitter shariff-nocustomcolor\" style=\"background-color:#32bbf5\"><a href=\"https:\/\/twitter.com\/share?url=https%3A%2F%2Fwolfsmonitor.de%2F%3Fpage_id%3D12386&text=Beitr%C3%A4ge%20Februar%202018\" title=\"Bei Twitter teilen\" aria-label=\"Bei Twitter teilen\" role=\"button\" rel=\"noopener nofollow\" class=\"shariff-link\" style=\"; background-color:#55acee; color:#fff\" target=\"_blank\"><span class=\"shariff-icon\" style=\"\"><svg width=\"32px\" height=\"20px\" xmlns=\"http:\/\/www.w3.org\/2000\/svg\" viewBox=\"0 0 30 32\"><path fill=\"#55acee\" d=\"M29.7 6.8q-1.2 1.8-3 3.1 0 0.3 0 0.8 0 2.5-0.7 4.9t-2.2 4.7-3.5 4-4.9 2.8-6.1 1q-5.1 0-9.3-2.7 0.6 0.1 1.5 0.1 4.3 0 7.6-2.6-2-0.1-3.5-1.2t-2.2-3q0.6 0.1 1.1 0.1 0.8 0 1.6-0.2-2.1-0.4-3.5-2.1t-1.4-3.9v-0.1q1.3 0.7 2.8 0.8-1.2-0.8-2-2.2t-0.7-2.9q0-1.7 0.8-3.1 2.3 2.8 5.5 4.5t7 1.9q-0.2-0.7-0.2-1.4 0-2.5 1.8-4.3t4.3-1.8q2.7 0 4.5 1.9 2.1-0.4 3.9-1.5-0.7 2.2-2.7 3.4 1.8-0.2 3.5-0.9z\"\/><\/svg><\/span><span class=\"shariff-text\">twittern<\/span>&nbsp;<span data-service=\"twitter\" style=\"color:#55acee\" class=\"shariff-count shariff-hidezero\"><\/span>&nbsp;<\/a><\/li><li class=\"shariff-button rss shariff-nocustomcolor\" style=\"background-color:#ff8c00\"><a href=\"https:\/\/wolfsmonitor.de\/?feed=rss\" title=\"RSS-feed\" aria-label=\"RSS-feed\" role=\"button\" class=\"shariff-link\" style=\"; background-color:#fe9312; color:#fff\" target=\"_blank\"><span class=\"shariff-icon\" style=\"\"><svg width=\"32px\" height=\"20px\" xmlns=\"http:\/\/www.w3.org\/2000\/svg\" viewBox=\"0 0 32 32\"><path fill=\"#fe9312\" d=\"M4.3 23.5c-2.3 0-4.3 1.9-4.3 4.3 0 2.3 1.9 4.2 4.3 4.2 2.4 0 4.3-1.9 4.3-4.2 0-2.3-1.9-4.3-4.3-4.3zM0 10.9v6.1c4 0 7.7 1.6 10.6 4.4 2.8 2.8 4.4 6.6 4.4 10.6h6.2c0-11.7-9.5-21.1-21.1-21.1zM0 0v6.1c14.2 0 25.8 11.6 25.8 25.9h6.2c0-17.6-14.4-32-32-32z\"\/><\/svg><\/span><span class=\"shariff-text\">RSS-feed<\/span>&nbsp;<\/a><\/li><li class=\"shariff-button mailto shariff-nocustomcolor\" style=\"background-color:#a8a8a8\"><a href=\"mailto:?body=https%3A%2F%2Fwolfsmonitor.de%2F%3Fpage_id%3D12386&subject=Beitr%C3%A4ge%20Februar%202018\" title=\"Per E-Mail versenden\" aria-label=\"Per E-Mail versenden\" role=\"button\" rel=\"noopener nofollow\" class=\"shariff-link\" style=\"; background-color:#999; color:#fff\"><span class=\"shariff-icon\" style=\"\"><svg width=\"32px\" height=\"20px\" xmlns=\"http:\/\/www.w3.org\/2000\/svg\" viewBox=\"0 0 32 32\"><path fill=\"#999\" d=\"M32 12.7v14.2q0 1.2-0.8 2t-2 0.9h-26.3q-1.2 0-2-0.9t-0.8-2v-14.2q0.8 0.9 1.8 1.6 6.5 4.4 8.9 6.1 1 0.8 1.6 1.2t1.7 0.9 2 0.4h0.1q0.9 0 2-0.4t1.7-0.9 1.6-1.2q3-2.2 8.9-6.1 1-0.7 1.8-1.6zM32 7.4q0 1.4-0.9 2.7t-2.2 2.2q-6.7 4.7-8.4 5.8-0.2 0.1-0.7 0.5t-1 0.7-0.9 0.6-1.1 0.5-0.9 0.2h-0.1q-0.4 0-0.9-0.2t-1.1-0.5-0.9-0.6-1-0.7-0.7-0.5q-1.6-1.1-4.7-3.2t-3.6-2.6q-1.1-0.7-2.1-2t-1-2.5q0-1.4 0.7-2.3t2.1-0.9h26.3q1.2 0 2 0.8t0.9 2z\"\/><\/svg><\/span><span class=\"shariff-text\">E-Mail<\/span>&nbsp;<\/a><\/li><li class=\"shariff-button info shariff-nocustomcolor\" style=\"background-color:#a8a8a8\"><a href=\"http:\/\/ct.de\/-2467514\" title=\"Weitere Informationen\" aria-label=\"Weitere Informationen\" role=\"button\" rel=\"noopener \" class=\"shariff-link\" style=\"; background-color:#999; color:#fff\" target=\"_blank\"><span class=\"shariff-icon\" style=\"\"><svg width=\"32px\" height=\"20px\" xmlns=\"http:\/\/www.w3.org\/2000\/svg\" viewBox=\"0 0 11 32\"><path fill=\"#999\" d=\"M11.4 24v2.3q0 0.5-0.3 0.8t-0.8 0.4h-9.1q-0.5 0-0.8-0.4t-0.4-0.8v-2.3q0-0.5 0.4-0.8t0.8-0.4h1.1v-6.8h-1.1q-0.5 0-0.8-0.4t-0.4-0.8v-2.3q0-0.5 0.4-0.8t0.8-0.4h6.8q0.5 0 0.8 0.4t0.4 0.8v10.3h1.1q0.5 0 0.8 0.4t0.3 0.8zM9.2 3.4v3.4q0 0.5-0.4 0.8t-0.8 0.4h-4.6q-0.4 0-0.8-0.4t-0.4-0.8v-3.4q0-0.4 0.4-0.8t0.8-0.4h4.6q0.5 0 0.8 0.4t0.4 0.8z\"\/><\/svg><\/span><\/a><\/li><\/ul><\/div>","protected":false},"excerpt":{"rendered":"<p>Hier finden Sie alle Wolfsmonitor-Beitr\u00e4ge aus dem Februar 2018! Bitte klicken Sie direkt auf den gew\u00fcnschten Titel im &#8222;Klappmenue&#8220; oben unter &#8222;Beitr\u00e4ge&#8220; oder auf folgende, chronologisch angeordnete Beitrags\u00fcberschriften: \u201eUnser Auftrag ist es, zu berichten \u2013 nicht auf Grundlage von Mutma\u00dfungen Panik zu verbreiten\u201c!, 1. Februar 2018 Erster Wolf in Sachsen heute offenbar mit offizieller Genehmigung [&hellip;]<\/p>\n<div class=\"shariff shariff-align-center shariff-widget-align-center\" data-services=\"facebook%7Ctwitter\" data-url=\"https%3A%2F%2Fwolfsmonitor.de%2F%3Fpage_id%3D12386\" data-timestamp=\"1519853457\" data-backendurl=\"?rest_route=\/shariff\/v1\/share_counts&\"><ul class=\"shariff-buttons theme-color orientation-horizontal buttonsize-small\"><li class=\"shariff-button facebook shariff-nocustomcolor\" style=\"background-color:#4273c8\"><a href=\"https:\/\/www.facebook.com\/sharer\/sharer.php?u=https%3A%2F%2Fwolfsmonitor.de%2F%3Fpage_id%3D12386\" title=\"Bei Facebook teilen\" aria-label=\"Bei Facebook teilen\" role=\"button\" rel=\"nofollow\" class=\"shariff-link\" style=\"; background-color:#3b5998; color:#fff\" target=\"_blank\"><span class=\"shariff-icon\" style=\"\"><svg width=\"32px\" height=\"20px\" xmlns=\"http:\/\/www.w3.org\/2000\/svg\" viewBox=\"0 0 18 32\"><path fill=\"#3b5998\" d=\"M17.1 0.2v4.7h-2.8q-1.5 0-2.1 0.6t-0.5 1.9v3.4h5.2l-0.7 5.3h-4.5v13.6h-5.5v-13.6h-4.5v-5.3h4.5v-3.9q0-3.3 1.9-5.2t5-1.8q2.6 0 4.1 0.2z\"\/><\/svg><\/span><span class=\"shariff-text\">teilen<\/span>&nbsp;<span data-service=\"facebook\" style=\"color:#3b5998\" class=\"shariff-count shariff-hidezero\"><\/span>&nbsp;<\/a><\/li><li class=\"shariff-button twitter shariff-nocustomcolor\" style=\"background-color:#32bbf5\"><a href=\"https:\/\/twitter.com\/share?url=https%3A%2F%2Fwolfsmonitor.de%2F%3Fpage_id%3D12386&text=Beitr%C3%A4ge%20Februar%202018\" title=\"Bei Twitter teilen\" aria-label=\"Bei Twitter teilen\" role=\"button\" rel=\"noopener nofollow\" class=\"shariff-link\" style=\"; background-color:#55acee; color:#fff\" target=\"_blank\"><span class=\"shariff-icon\" style=\"\"><svg width=\"32px\" height=\"20px\" xmlns=\"http:\/\/www.w3.org\/2000\/svg\" viewBox=\"0 0 30 32\"><path fill=\"#55acee\" d=\"M29.7 6.8q-1.2 1.8-3 3.1 0 0.3 0 0.8 0 2.5-0.7 4.9t-2.2 4.7-3.5 4-4.9 2.8-6.1 1q-5.1 0-9.3-2.7 0.6 0.1 1.5 0.1 4.3 0 7.6-2.6-2-0.1-3.5-1.2t-2.2-3q0.6 0.1 1.1 0.1 0.8 0 1.6-0.2-2.1-0.4-3.5-2.1t-1.4-3.9v-0.1q1.3 0.7 2.8 0.8-1.2-0.8-2-2.2t-0.7-2.9q0-1.7 0.8-3.1 2.3 2.8 5.5 4.5t7 1.9q-0.2-0.7-0.2-1.4 0-2.5 1.8-4.3t4.3-1.8q2.7 0 4.5 1.9 2.1-0.4 3.9-1.5-0.7 2.2-2.7 3.4 1.8-0.2 3.5-0.9z\"\/><\/svg><\/span><span class=\"shariff-text\">twittern<\/span>&nbsp;<span data-service=\"twitter\" style=\"color:#55acee\" class=\"shariff-count shariff-hidezero\"><\/span>&nbsp;<\/a><\/li><li class=\"shariff-button rss shariff-nocustomcolor\" style=\"background-color:#ff8c00\"><a href=\"https:\/\/wolfsmonitor.de\/?feed=rss\" title=\"RSS-feed\" aria-label=\"RSS-feed\" role=\"button\" class=\"shariff-link\" style=\"; background-color:#fe9312; color:#fff\" target=\"_blank\"><span class=\"shariff-icon\" style=\"\"><svg width=\"32px\" height=\"20px\" xmlns=\"http:\/\/www.w3.org\/2000\/svg\" viewBox=\"0 0 32 32\"><path fill=\"#fe9312\" d=\"M4.3 23.5c-2.3 0-4.3 1.9-4.3 4.3 0 2.3 1.9 4.2 4.3 4.2 2.4 0 4.3-1.9 4.3-4.2 0-2.3-1.9-4.3-4.3-4.3zM0 10.9v6.1c4 0 7.7 1.6 10.6 4.4 2.8 2.8 4.4 6.6 4.4 10.6h6.2c0-11.7-9.5-21.1-21.1-21.1zM0 0v6.1c14.2 0 25.8 11.6 25.8 25.9h6.2c0-17.6-14.4-32-32-32z\"\/><\/svg><\/span><span class=\"shariff-text\">RSS-feed<\/span>&nbsp;<\/a><\/li><li class=\"shariff-button mailto shariff-nocustomcolor\" style=\"background-color:#a8a8a8\"><a href=\"mailto:?body=https%3A%2F%2Fwolfsmonitor.de%2F%3Fpage_id%3D12386&subject=Beitr%C3%A4ge%20Februar%202018\" title=\"Per E-Mail versenden\" aria-label=\"Per E-Mail versenden\" role=\"button\" rel=\"noopener nofollow\" class=\"shariff-link\" style=\"; background-color:#999; color:#fff\"><span class=\"shariff-icon\" style=\"\"><svg width=\"32px\" height=\"20px\" xmlns=\"http:\/\/www.w3.org\/2000\/svg\" viewBox=\"0 0 32 32\"><path fill=\"#999\" d=\"M32 12.7v14.2q0 1.2-0.8 2t-2 0.9h-26.3q-1.2 0-2-0.9t-0.8-2v-14.2q0.8 0.9 1.8 1.6 6.5 4.4 8.9 6.1 1 0.8 1.6 1.2t1.7 0.9 2 0.4h0.1q0.9 0 2-0.4t1.7-0.9 1.6-1.2q3-2.2 8.9-6.1 1-0.7 1.8-1.6zM32 7.4q0 1.4-0.9 2.7t-2.2 2.2q-6.7 4.7-8.4 5.8-0.2 0.1-0.7 0.5t-1 0.7-0.9 0.6-1.1 0.5-0.9 0.2h-0.1q-0.4 0-0.9-0.2t-1.1-0.5-0.9-0.6-1-0.7-0.7-0.5q-1.6-1.1-4.7-3.2t-3.6-2.6q-1.1-0.7-2.1-2t-1-2.5q0-1.4 0.7-2.3t2.1-0.9h26.3q1.2 0 2 0.8t0.9 2z\"\/><\/svg><\/span><span class=\"shariff-text\">E-Mail<\/span>&nbsp;<\/a><\/li><li class=\"shariff-button info shariff-nocustomcolor\" style=\"background-color:#a8a8a8\"><a href=\"http:\/\/ct.de\/-2467514\" title=\"Weitere Informationen\" aria-label=\"Weitere Informationen\" role=\"button\" rel=\"noopener \" class=\"shariff-link\" style=\"; background-color:#999; color:#fff\" target=\"_blank\"><span class=\"shariff-icon\" style=\"\"><svg width=\"32px\" height=\"20px\" xmlns=\"http:\/\/www.w3.org\/2000\/svg\" viewBox=\"0 0 11 32\"><path fill=\"#999\" d=\"M11.4 24v2.3q0 0.5-0.3 0.8t-0.8 0.4h-9.1q-0.5 0-0.8-0.4t-0.4-0.8v-2.3q0-0.5 0.4-0.8t0.8-0.4h1.1v-6.8h-1.1q-0.5 0-0.8-0.4t-0.4-0.8v-2.3q0-0.5 0.4-0.8t0.8-0.4h6.8q0.5 0 0.8 0.4t0.4 0.8v10.3h1.1q0.5 0 0.8 0.4t0.3 0.8zM9.2 3.4v3.4q0 0.5-0.4 0.8t-0.8 0.4h-4.6q-0.4 0-0.8-0.4t-0.4-0.8v-3.4q0-0.4 0.4-0.8t0.8-0.4h4.6q0.5 0 0.8 0.4t0.4 0.8z\"\/><\/svg><\/span><\/a><\/li><\/ul><\/div>","protected":false},"author":1,"featured_media":0,"parent":11991,"menu_order":2,"comment_status":"closed","ping_status":"closed","template":"","meta":{"spay_email":""},"jetpack_shortlink":"https:\/\/wp.me\/P61YbU-3dM","jetpack-related-posts":[{"id":7591,"url":"https:\/\/wolfsmonitor.de\/?page_id=7591","url_meta":{"origin":12386,"position":0},"title":"Beitr\u00e4ge Februar 2017","date":"1. Februar 2017","format":false,"excerpt":"Hier finden Sie alle Beitr\u00e4ge aus dem\u00a0 Februar 2017! Bitte klicken Sie direkt auf den gew\u00fcnschten Titel im \u201eKlappmenue\u201c oben oder auf folgende, chronologisch angeordnete Beitrags\u00fcberschriften: Die grobe Richtung stimmt!, 1. Februar 2017 Mecklenburg-Vorpommern: Fotofalle weist drittes Wolfsrudel in der Kali\u00dfer Heide nach, 1. Februar 2017 Nachweis von zwei W\u00f6lfen\u2026","rel":"","context":"\u00c4hnlicher Beitrag","img":{"alt_text":"","src":"","width":0,"height":0},"classes":[]},{"id":16394,"url":"https:\/\/wolfsmonitor.de\/?page_id=16394","url_meta":{"origin":12386,"position":1},"title":"Beitr\u00e4ge Februar 2019","date":"1. Februar 2019","format":false,"excerpt":"Hier finden Sie alle Wolfsmonitor-Beitr\u00e4ge aus dem Februar 2019. Albrecht und Lies genehmigen Absch\u00fcsse \u2013 Erster Widerstand, 1. Februar 2019 Heimliche Entnahme eines Wolfes in Niedersachsen? \u2013 GzSdW: \u201cFalsche Entscheidung korrigieren!\u201d, 1. Februar 2019 Offener Brief an Olaf Lies: Wolfsberater beklagen Intransparenz der Genehmigung zum Abschuss eines Wolfs, 2. Februar\u2026","rel":"","context":"\u00c4hnlicher Beitrag","img":{"alt_text":"","src":"","width":0,"height":0},"classes":[]},{"id":18286,"url":"https:\/\/wolfsmonitor.de\/?page_id=18286","url_meta":{"origin":12386,"position":2},"title":"Beitr\u00e4ge Februar 2020","date":"1. Februar 2020","format":false,"excerpt":"Hier finden Sie alle Beitr\u00e4ge aus dem Februar 2020, dem achtundf\u00fcnfzigsten Monat dieses Blogs! Bitte klicken Sie direkt auf den gew\u00fcnschten Titel in der Menueauswahl oder auf folgende, chronologisch angeordnete Beitrags\u00fcberschriften: Muttertier des Knappenroder II Rudels erschossen und vergraben, 1. Februar 2020 Wolfsabsch\u00fcsse keine L\u00f6sung \u2013 eher versch\u00e4rft sich dadurch\u2026","rel":"","context":"\u00c4hnlicher Beitrag","img":{"alt_text":"","src":"","width":0,"height":0},"classes":[]},{"id":2376,"url":"https:\/\/wolfsmonitor.de\/?page_id=2376","url_meta":{"origin":12386,"position":3},"title":"Beitr\u00e4ge Februar 2016","date":"1. Februar 2016","format":false,"excerpt":"Hier finden Sie alle Beitr\u00e4ge aus dem Februar 2016, dem elften Monat des Blogs! Bitte klicken Sie direkt auf den gew\u00fcnschten Titel im \"Klappmenue\" oben oder auf folgende, chronologisch angeordnete Beitrags\u00fcberschriften: Vorwurf der praktizierten \"Salami-Taktik\" durch den NDR, 1. Februar 2016 Meinungsspiegel - W\u00f6lfe im Januar, 3. Februar 2016 Bundesweite\u2026","rel":"","context":"\u00c4hnlicher Beitrag","img":{"alt_text":"","src":"","width":0,"height":0},"classes":[]},{"id":11994,"url":"https:\/\/wolfsmonitor.de\/?page_id=11994","url_meta":{"origin":12386,"position":4},"title":"Beitr\u00e4ge Januar 2018","date":"2. Januar 2018","format":false,"excerpt":"Hier finden Sie alle Wolfsmonitor-Beitr\u00e4ge aus dem Januar 2018 ! Bitte klicken Sie direkt auf den gew\u00fcnschten Titel im \"Klappmenue\" oben unter \"Beitr\u00e4ge\" oder auf folgende, chronologisch angeordnete Beitrags\u00fcberschriften: Toter Wolf bei Thee\u00dfen, 1. Januar 2018 Das Verschwinden der W\u00f6lfe in Schweden, 2. Januar 2018 Die Wolfsmonitor-Retrospektive auf das Wolfsjahr\u2026","rel":"","context":"\u00c4hnlicher Beitrag","img":{"alt_text":"","src":"","width":0,"height":0},"classes":[]},{"id":7956,"url":"https:\/\/wolfsmonitor.de\/?page_id=7956","url_meta":{"origin":12386,"position":5},"title":"Beitr\u00e4ge M\u00e4rz 2017","date":"1. M\u00e4rz 2017","format":false,"excerpt":"Hier finden Sie alle Beitr\u00e4ge aus dem M\u00e4rz 2017! Bitte klicken Sie direkt auf den gew\u00fcnschten Titel im \u201eKlappmenue\u201c oben oder auf folgende, chronologisch angeordnete Beitrags\u00fcberschriften: CDU- Niedersachsen fordert Obergrenze und die Aufnahme des Wolfes ins Jagdrecht, 1. M\u00e4rz 2017 Bremen: Konsens in der Wolfsdebatte erkennbar? Oder doch nicht?, 2.\u2026","rel":"","context":"\u00c4hnlicher Beitrag","img":{"alt_text":"","src":"","width":0,"height":0},"classes":[]}],"_links":{"self":[{"href":"https:\/\/wolfsmonitor.de\/index.php?rest_route=\/wp\/v2\/pages\/12386"}],"collection":[{"href":"https:\/\/wolfsmonitor.de\/index.php?rest_route=\/wp\/v2\/pages"}],"about":[{"href":"https:\/\/wolfsmonitor.de\/index.php?rest_route=\/wp\/v2\/types\/page"}],"author":[{"embeddable":true,"href":"https:\/\/wolfsmonitor.de\/index.php?rest_route=\/wp\/v2\/users\/1"}],"replies":[{"embeddable":true,"href":"https:\/\/wolfsmonitor.de\/index.php?rest_route=%2Fwp%2Fv2%2Fcomments&post=12386"}],"version-history":[{"count":34,"href":"https:\/\/wolfsmonitor.de\/index.php?rest_route=\/wp\/v2\/pages\/12386\/revisions"}],"predecessor-version":[{"id":12700,"href":"https:\/\/wolfsmonitor.de\/index.php?rest_route=\/wp\/v2\/pages\/12386\/revisions\/12700"}],"up":[{"embeddable":true,"href":"https:\/\/wolfsmonitor.de\/index.php?rest_route=\/wp\/v2\/pages\/11991"}],"wp:attachment":[{"href":"https:\/\/wolfsmonitor.de\/index.php?rest_route=%2Fwp%2Fv2%2Fmedia&parent=12386"}],"curies":[{"name":"wp","href":"https:\/\/api.w.org\/{rel}","templated":true}]}}