{"id":12706,"date":"2018-03-01T08:28:17","date_gmt":"2018-03-01T06:28:17","guid":{"rendered":"http:\/\/wolfsmonitor.de\/?page_id=12706"},"modified":"2018-03-30T12:01:31","modified_gmt":"2018-03-30T10:01:31","slug":"beitraege-maerz-2018","status":"publish","type":"page","link":"https:\/\/wolfsmonitor.de\/?page_id=12706","title":{"rendered":"Beitr\u00e4ge M\u00e4rz 2018"},"content":{"rendered":"<p>Hier finden Sie alle Wolfsmonitor-Beitr\u00e4ge aus dem M\u00e4rz 2018!<\/p>\n<p><span title=\"umwelt.nrw-Info 1.4.2016\">Bitte klicken Sie direkt auf den gew\u00fcnschten Titel im &#8222;Klappmenue&#8220; oben unter &#8222;Beitr\u00e4ge&#8220; oder auf folgende, chronologisch angeordnete Beitrags\u00fcberschriften.<\/span><\/p>\n<ol>\n<li><span style=\"color: #0000ff;\"><a style=\"color: #0000ff;\" href=\"https:\/\/wolfsmonitor.de\/?p=12702\" target=\"_blank\" rel=\"noopener\">Ohrdrufer Wolfsmischlinge: Bisher alle Fangversuche erfolglos<\/a><\/span>, 1. M\u00e4rz 2018<\/li>\n<li><a href=\"https:\/\/wolfsmonitor.de\/?p=12714\" target=\"_blank\" rel=\"noopener\"><span style=\"color: #0000ff;\">\u00bbWei\u00dfe Haie auf Pfoten\u00ab?<\/span><\/a>, 2. M\u00e4rz 2018<\/li>\n<li><span style=\"color: #0000ff;\"><a style=\"color: #0000ff;\" href=\"https:\/\/wolfsmonitor.de\/?p=12720\" target=\"_blank\" rel=\"noopener\">74 EU-Vertragsverletzungs-Verfahren und die Kraftmeierei einiger Verbandsfunktion\u00e4re<\/a><\/span>, 3. M\u00e4rz 2018<\/li>\n<li><span style=\"color: #0000ff;\"><a style=\"color: #0000ff;\" href=\"https:\/\/wolfsmonitor.de\/?p=12732\" target=\"_blank\" rel=\"noopener\">Ab heute: Sonderausstellung zum Thema Wolf im Emsland Moormuseum<\/a><\/span>, 4. M\u00e4rz 2018<\/li>\n<li><a href=\"https:\/\/wolfsmonitor.de\/?p=12738\" target=\"_blank\" rel=\"noopener\"><span style=\"color: #0000ff;\">Kein verbessertes Zusammenleben von Wolf und Mensch, wenn geschossen wird<\/span><\/a>, 5. M\u00e4rz 2018<\/li>\n<li><span style=\"color: #0000ff;\"><a style=\"color: #0000ff;\" href=\"https:\/\/wolfsmonitor.de\/?p=12748\" target=\"_blank\" rel=\"noopener\">Mecklenburg-Vorpommern: Verbleib des L\u00fcbtheener Rudels derzeit unklar<\/a><\/span>, 5. M\u00e4rz 2018<\/li>\n<li><a href=\"https:\/\/wolfsmonitor.de\/?p=12755\" target=\"_blank\" rel=\"noopener\"><span style=\"color: #0000ff;\">\u201eManagen statt massakrieren\u201c: Vier Bundesl\u00e4nder einigen sich auf gemeinsames Wolfsmanagement<\/span><\/a>, 6. M\u00e4rz 2018<\/li>\n<li><a href=\"https:\/\/wolfsmonitor.de\/?p=12762\" target=\"_blank\" rel=\"noopener\"><span style=\"color: #0000ff;\">Brandenburg: Abschuss des Dobbrikower Wolfsrudels offiziell abgelehnt<\/span><\/a>, 6. M\u00e4rz 2018<\/li>\n<li><span style=\"color: #0000ff;\"><a style=\"color: #0000ff;\" href=\"https:\/\/wolfsmonitor.de\/?p=12767\" target=\"_blank\" rel=\"noopener\">Gemeinsames Wolfsmanagement im S\u00fcdwesten im Prinzip eine gute Idee, aber<\/a>.<\/span>&#8230;, 7. M\u00e4rz 2018<\/li>\n<li><span style=\"color: #0000ff;\"><a style=\"color: #0000ff;\" href=\"https:\/\/wolfsmonitor.de\/?p=12777\" target=\"_blank\" rel=\"noopener\">OVG: Anordnung wolfsabweisender Z\u00e4une nur bei konkreter Gefahr erforderlich<\/a><\/span>, 7. M\u00e4rz 2018<\/li>\n<li><a href=\"https:\/\/wolfsmonitor.de\/?p=12791\" target=\"_blank\" rel=\"noopener\"><span style=\"color: #0000ff;\">NRW: Wolfsichtungen im Kreis Wesel und in der Walsumer Rheinaue (Duisburg) best\u00e4tigt<\/span>,<\/a> 8. M\u00e4rz 2018<\/li>\n<li><a href=\"https:\/\/wolfsmonitor.de\/?p=12797\" target=\"_blank\" rel=\"noopener\"><span style=\"color: #0000ff;\">BUND: &#8222;Wolfsverordnung ist kein Freibrief zum Abschuss von W\u00f6lfen in Brandenburg&#8220;<\/span><\/a>, 8. M\u00e4rz 2018<\/li>\n<li><a href=\"https:\/\/wolfsmonitor.de\/?p=12802\" target=\"_blank\" rel=\"noopener\"><span style=\"color: #0000ff;\">Olaf Lies will Abschuss-Quote f\u00fcr W\u00f6lfe \u2013 Reaktionen im Netz<\/span><\/a>, 9. M\u00e4rz 2018<\/li>\n<li><a href=\"https:\/\/wolfsmonitor.de\/?p=12820\" target=\"_blank\" rel=\"noopener\"><span style=\"color: #0000ff;\">W\u00f6lfe \u201ekonsequent t\u00f6ten\u201c?<\/span><\/a>, 10. M\u00e4rz 2018<\/li>\n<li><span style=\"color: #0000ff;\"><a style=\"color: #0000ff;\" href=\"https:\/\/wolfsmonitor.de\/?p=12847\" target=\"_blank\" rel=\"noopener\">Flandern: Toter Wolf gefunden<\/a><\/span>, 12. M\u00e4rz 2018<\/li>\n<li><span style=\"color: #0000ff;\"><a style=\"color: #0000ff;\" href=\"https:\/\/wolfsmonitor.de\/?p=12857\" target=\"_blank\" rel=\"noopener\">EU-Kommission steht hinter den W\u00f6lfen!<\/a><\/span>, 13. M\u00e4rz 2018<\/li>\n<li><a href=\"https:\/\/wolfsmonitor.de\/?p=12862\" target=\"_blank\" rel=\"noopener\"><span style=\"color: #0000ff;\">Veranstaltungstipp: Infoabend &#8222;Wolfsr\u00fcckkehr in Niedersachsen&#8220;<\/span><\/a>, 13. M\u00e4rz 2018<\/li>\n<li><a href=\"https:\/\/wolfsmonitor.de\/?p=12854\" target=\"_blank\" rel=\"noopener\"><span style=\"color: #0000ff;\">Wolfstelefon in Th\u00fcringen<\/span><\/a>, 14. M\u00e4rz 2018<\/li>\n<li><a href=\"https:\/\/wolfsmonitor.de\/?p=12875\" target=\"_blank\" rel=\"noopener\"><span style=\"color: #0000ff;\">Wolfsberater an Minister Lies: &#8230;&#8220;bin \u00fcber Ihre Einlassungen zum Umgang mit W\u00f6lfen zutiefst irritiert.&#8220;&#8230;<\/span><\/a>, 14. M\u00e4rz 2018<\/li>\n<li><span style=\"color: #0000ff;\"><a style=\"color: #0000ff;\" href=\"https:\/\/wolfsmonitor.de\/?p=12895\" target=\"_blank\" rel=\"noopener\">Wolfsdiskussion gewinnt durch &#8222;Mahnfeuer&#8220; an Sch\u00e4rfe<\/a>,<\/span> 16. M\u00e4rz 2018<\/li>\n<li><span style=\"color: #0000ff;\"><a style=\"color: #0000ff;\" href=\"https:\/\/wolfsmonitor.de\/?p=12888\" target=\"_blank\" rel=\"noopener\">Klarstellung: Vom Wolf get\u00f6teter Jagdhund in der Oberlausitz war nicht im Jagdeinsatz<\/a><\/span>, 17.M\u00e4rz 2018<\/li>\n<li><a href=\"https:\/\/wolfsmonitor.de\/?p=12913\" target=\"_blank\" rel=\"noopener\"><span style=\"color: #0000ff;\">Frau Ministerin bittet zum Abschuss<\/span><\/a>, 18. M\u00e4rz 2018<\/li>\n<li><a href=\"https:\/\/wolfsmonitor.de\/?p=12931\" target=\"_blank\" rel=\"noopener\"><span style=\"color: #0000ff;\">Schweden: Rudel aus Verdacht (z)erschossen<\/span><\/a>, 19. M\u00e4rz 2018<\/li>\n<li><a href=\"https:\/\/wolfsmonitor.de\/?p=12944\" target=\"_blank\" rel=\"noopener\"><span style=\"color: #0000ff;\">W\u00f6lfe als politische Einstiegs\u00fcbung?<\/span>,<\/a> 20. M\u00e4rz 2018<\/li>\n<li><span style=\"color: #0000ff;\"><a style=\"color: #0000ff;\" href=\"https:\/\/wolfsmonitor.de\/?p=12962\" target=\"_blank\" rel=\"noopener\">Niedersachsen: Neues Rudel bei Walle und zwei W\u00f6lfe bei Meppen best\u00e4tigt<\/a><\/span>, 20. M\u00e4rz 2018<\/li>\n<li><a href=\"https:\/\/wolfsmonitor.de\/?p=12973\" target=\"_blank\" rel=\"noopener\"><span style=\"color: #0000ff;\">&#8222;Frau Ministerin, korrigieren Sie sich schnellstens in der \u00d6ffentlichkeit!&#8220;<\/span><\/a>, 21. M\u00e4rz 2018<\/li>\n<li><a href=\"https:\/\/wolfsmonitor.de\/?p=12843\" target=\"_blank\" rel=\"noopener\"><span style=\"color: #0000ff;\">Dossier Herdenschutz: Wichtig f\u00fcr W\u00f6lfe und Weidetiere &#8211; jetzt downloaden<\/span><\/a>, 22. M\u00e4rz 2018<\/li>\n<li><a href=\"https:\/\/wolfsmonitor.de\/?p=12984\" target=\"_blank\" rel=\"noopener\"><span style=\"color: #0000ff;\">&#8222;Exkursionen der Jungw\u00f6lfe&#8220;: Erneut ein toter Wolf in Niedersachsen<\/span><\/a>, 23. M\u00e4rz 2018<\/li>\n<li><a href=\"https:\/\/wolfsmonitor.de\/?p=12989\" target=\"_blank\" rel=\"noopener\">\u201e<span style=\"color: #0000ff;\">\u00dcber soviel Inkompetenz kann man nur den Kopf sch\u00fctteln&#8220;<\/span><\/a>, 24. M\u00e4rz 2018<\/li>\n<li><a href=\"https:\/\/wolfsmonitor.de\/?p=12994\" target=\"_blank\" rel=\"noopener\"><span style=\"color: #0000ff;\">Kein \u201eJagdgl\u00fcck\u201c wegen des Wolfes\u2026<\/span><\/a>, 25. M\u00e4rz 2018<\/li>\n<li><span style=\"color: #0000ff;\"><a style=\"color: #0000ff;\" href=\"https:\/\/wolfsmonitor.de\/?p=13006\" target=\"_blank\" rel=\"noopener\">Zu den Motiven fragen Sie bitte Ihren Arzt oder Apotheker\u2026<\/a><\/span>, 26. M\u00e4rz 2018<\/li>\n<li><span style=\"color: #0000ff;\"><a style=\"color: #0000ff;\" href=\"https:\/\/wolfsmonitor.de\/?p=13019\" target=\"_blank\" rel=\"noopener\">Ohrdruf: Drei Wolfsmischlinge erschossen!<\/a><\/span>, 27. M\u00e4rz 2018<\/li>\n<li><span style=\"color: #0000ff;\"><a style=\"color: #0000ff;\" href=\"https:\/\/wolfsmonitor.de\/?p=13029\" target=\"_blank\" rel=\"noopener\">Demonstration f\u00fcr den Schutz der W\u00f6lfe in Deutschland am 5. Mai in Berlin<\/a><\/span>, 28. M\u00e4rz 2018<\/li>\n<li><span style=\"color: #0000ff;\"><a style=\"color: #0000ff;\" href=\"https:\/\/wolfsmonitor.de\/?p=13040\" target=\"_blank\" rel=\"noopener\">\u00d6JV-Brandenburg: Professor Pfannenstiels Pappkameraden\u2026<\/a><\/span>,29. M\u00e4rz 2018<\/li>\n<li><span style=\"color: #0000ff;\"><a style=\"color: #0000ff;\" href=\"https:\/\/wolfsmonitor.de\/?p=13049\" target=\"_blank\" rel=\"noopener\">Ulrich Wotschikowsky: Von &#8222;Problemw\u00f6lfen&#8220;, die so selten sind wie ein wei\u00dfer Hirsch&#8230;<\/a><\/span>, 30. M\u00e4rz 2018<br \/>\n<em>\u00a0<\/em><\/li>\n<\/ol>\n<p>Sie k\u00f6nnen alle Beitr\u00e4ge auch nach \u201cKategorien\u201d geordnet aufrufen. Bitte nutzen Sie dazu die gleichnamige Auswahl in der rechten Seitenleiste!<\/p>\n<p>Viel Spa\u00df!<\/p>\n<p>Ihr<\/p>\n<p>J\u00fcrgen Vogler<\/p>\n<p>&nbsp;<\/p>\n<div class=\"shariff shariff-align-center shariff-widget-align-center\" data-services=\"facebook%7Ctwitter\" data-url=\"https%3A%2F%2Fwolfsmonitor.de%2F%3Fpage_id%3D12706\" data-timestamp=\"1522411291\" data-backendurl=\"?rest_route=\/shariff\/v1\/share_counts&\"><ul class=\"shariff-buttons theme-color orientation-horizontal buttonsize-small\"><li class=\"shariff-button facebook shariff-nocustomcolor\" style=\"background-color:#4273c8\"><a href=\"https:\/\/www.facebook.com\/sharer\/sharer.php?u=https%3A%2F%2Fwolfsmonitor.de%2F%3Fpage_id%3D12706\" title=\"Bei Facebook teilen\" aria-label=\"Bei Facebook teilen\" role=\"button\" rel=\"nofollow\" class=\"shariff-link\" style=\"; background-color:#3b5998; color:#fff\" target=\"_blank\"><span class=\"shariff-icon\" style=\"\"><svg width=\"32px\" height=\"20px\" xmlns=\"http:\/\/www.w3.org\/2000\/svg\" viewBox=\"0 0 18 32\"><path fill=\"#3b5998\" d=\"M17.1 0.2v4.7h-2.8q-1.5 0-2.1 0.6t-0.5 1.9v3.4h5.2l-0.7 5.3h-4.5v13.6h-5.5v-13.6h-4.5v-5.3h4.5v-3.9q0-3.3 1.9-5.2t5-1.8q2.6 0 4.1 0.2z\"\/><\/svg><\/span><span class=\"shariff-text\">teilen<\/span>&nbsp;<span data-service=\"facebook\" style=\"color:#3b5998\" class=\"shariff-count shariff-hidezero\"><\/span>&nbsp;<\/a><\/li><li class=\"shariff-button twitter shariff-nocustomcolor\" style=\"background-color:#32bbf5\"><a href=\"https:\/\/twitter.com\/share?url=https%3A%2F%2Fwolfsmonitor.de%2F%3Fpage_id%3D12706&text=Beitr%C3%A4ge%20M%C3%A4rz%202018\" title=\"Bei Twitter teilen\" aria-label=\"Bei Twitter teilen\" role=\"button\" rel=\"noopener nofollow\" class=\"shariff-link\" style=\"; background-color:#55acee; color:#fff\" target=\"_blank\"><span class=\"shariff-icon\" style=\"\"><svg width=\"32px\" height=\"20px\" xmlns=\"http:\/\/www.w3.org\/2000\/svg\" viewBox=\"0 0 30 32\"><path fill=\"#55acee\" d=\"M29.7 6.8q-1.2 1.8-3 3.1 0 0.3 0 0.8 0 2.5-0.7 4.9t-2.2 4.7-3.5 4-4.9 2.8-6.1 1q-5.1 0-9.3-2.7 0.6 0.1 1.5 0.1 4.3 0 7.6-2.6-2-0.1-3.5-1.2t-2.2-3q0.6 0.1 1.1 0.1 0.8 0 1.6-0.2-2.1-0.4-3.5-2.1t-1.4-3.9v-0.1q1.3 0.7 2.8 0.8-1.2-0.8-2-2.2t-0.7-2.9q0-1.7 0.8-3.1 2.3 2.8 5.5 4.5t7 1.9q-0.2-0.7-0.2-1.4 0-2.5 1.8-4.3t4.3-1.8q2.7 0 4.5 1.9 2.1-0.4 3.9-1.5-0.7 2.2-2.7 3.4 1.8-0.2 3.5-0.9z\"\/><\/svg><\/span><span class=\"shariff-text\">twittern<\/span>&nbsp;<span data-service=\"twitter\" style=\"color:#55acee\" class=\"shariff-count shariff-hidezero\"><\/span>&nbsp;<\/a><\/li><li class=\"shariff-button rss shariff-nocustomcolor\" style=\"background-color:#ff8c00\"><a href=\"https:\/\/wolfsmonitor.de\/?feed=rss\" title=\"RSS-feed\" aria-label=\"RSS-feed\" role=\"button\" class=\"shariff-link\" style=\"; background-color:#fe9312; color:#fff\" target=\"_blank\"><span class=\"shariff-icon\" style=\"\"><svg width=\"32px\" height=\"20px\" xmlns=\"http:\/\/www.w3.org\/2000\/svg\" viewBox=\"0 0 32 32\"><path fill=\"#fe9312\" d=\"M4.3 23.5c-2.3 0-4.3 1.9-4.3 4.3 0 2.3 1.9 4.2 4.3 4.2 2.4 0 4.3-1.9 4.3-4.2 0-2.3-1.9-4.3-4.3-4.3zM0 10.9v6.1c4 0 7.7 1.6 10.6 4.4 2.8 2.8 4.4 6.6 4.4 10.6h6.2c0-11.7-9.5-21.1-21.1-21.1zM0 0v6.1c14.2 0 25.8 11.6 25.8 25.9h6.2c0-17.6-14.4-32-32-32z\"\/><\/svg><\/span><span class=\"shariff-text\">RSS-feed<\/span>&nbsp;<\/a><\/li><li class=\"shariff-button mailto shariff-nocustomcolor\" style=\"background-color:#a8a8a8\"><a href=\"mailto:?body=https%3A%2F%2Fwolfsmonitor.de%2F%3Fpage_id%3D12706&subject=Beitr%C3%A4ge%20M%C3%A4rz%202018\" title=\"Per E-Mail versenden\" aria-label=\"Per E-Mail versenden\" role=\"button\" rel=\"noopener nofollow\" class=\"shariff-link\" style=\"; background-color:#999; color:#fff\"><span class=\"shariff-icon\" style=\"\"><svg width=\"32px\" height=\"20px\" xmlns=\"http:\/\/www.w3.org\/2000\/svg\" viewBox=\"0 0 32 32\"><path fill=\"#999\" d=\"M32 12.7v14.2q0 1.2-0.8 2t-2 0.9h-26.3q-1.2 0-2-0.9t-0.8-2v-14.2q0.8 0.9 1.8 1.6 6.5 4.4 8.9 6.1 1 0.8 1.6 1.2t1.7 0.9 2 0.4h0.1q0.9 0 2-0.4t1.7-0.9 1.6-1.2q3-2.2 8.9-6.1 1-0.7 1.8-1.6zM32 7.4q0 1.4-0.9 2.7t-2.2 2.2q-6.7 4.7-8.4 5.8-0.2 0.1-0.7 0.5t-1 0.7-0.9 0.6-1.1 0.5-0.9 0.2h-0.1q-0.4 0-0.9-0.2t-1.1-0.5-0.9-0.6-1-0.7-0.7-0.5q-1.6-1.1-4.7-3.2t-3.6-2.6q-1.1-0.7-2.1-2t-1-2.5q0-1.4 0.7-2.3t2.1-0.9h26.3q1.2 0 2 0.8t0.9 2z\"\/><\/svg><\/span><span class=\"shariff-text\">E-Mail<\/span>&nbsp;<\/a><\/li><li class=\"shariff-button info shariff-nocustomcolor\" style=\"background-color:#a8a8a8\"><a href=\"http:\/\/ct.de\/-2467514\" title=\"Weitere Informationen\" aria-label=\"Weitere Informationen\" role=\"button\" rel=\"noopener \" class=\"shariff-link\" style=\"; background-color:#999; color:#fff\" target=\"_blank\"><span class=\"shariff-icon\" style=\"\"><svg width=\"32px\" height=\"20px\" xmlns=\"http:\/\/www.w3.org\/2000\/svg\" viewBox=\"0 0 11 32\"><path fill=\"#999\" d=\"M11.4 24v2.3q0 0.5-0.3 0.8t-0.8 0.4h-9.1q-0.5 0-0.8-0.4t-0.4-0.8v-2.3q0-0.5 0.4-0.8t0.8-0.4h1.1v-6.8h-1.1q-0.5 0-0.8-0.4t-0.4-0.8v-2.3q0-0.5 0.4-0.8t0.8-0.4h6.8q0.5 0 0.8 0.4t0.4 0.8v10.3h1.1q0.5 0 0.8 0.4t0.3 0.8zM9.2 3.4v3.4q0 0.5-0.4 0.8t-0.8 0.4h-4.6q-0.4 0-0.8-0.4t-0.4-0.8v-3.4q0-0.4 0.4-0.8t0.8-0.4h4.6q0.5 0 0.8 0.4t0.4 0.8z\"\/><\/svg><\/span><\/a><\/li><\/ul><\/div>","protected":false},"excerpt":{"rendered":"<p>Hier finden Sie alle Wolfsmonitor-Beitr\u00e4ge aus dem M\u00e4rz 2018! Bitte klicken Sie direkt auf den gew\u00fcnschten Titel im &#8222;Klappmenue&#8220; oben unter &#8222;Beitr\u00e4ge&#8220; oder auf folgende, chronologisch angeordnete Beitrags\u00fcberschriften. Ohrdrufer Wolfsmischlinge: Bisher alle Fangversuche erfolglos, 1. M\u00e4rz 2018 \u00bbWei\u00dfe Haie auf Pfoten\u00ab?, 2. M\u00e4rz 2018 74 EU-Vertragsverletzungs-Verfahren und die Kraftmeierei einiger Verbandsfunktion\u00e4re, 3. M\u00e4rz 2018 Ab [&hellip;]<\/p>\n<div class=\"shariff shariff-align-center shariff-widget-align-center\" data-services=\"facebook%7Ctwitter\" data-url=\"https%3A%2F%2Fwolfsmonitor.de%2F%3Fpage_id%3D12706\" data-timestamp=\"1522411291\" data-backendurl=\"?rest_route=\/shariff\/v1\/share_counts&\"><ul class=\"shariff-buttons theme-color orientation-horizontal buttonsize-small\"><li class=\"shariff-button facebook shariff-nocustomcolor\" style=\"background-color:#4273c8\"><a href=\"https:\/\/www.facebook.com\/sharer\/sharer.php?u=https%3A%2F%2Fwolfsmonitor.de%2F%3Fpage_id%3D12706\" title=\"Bei Facebook teilen\" aria-label=\"Bei Facebook teilen\" role=\"button\" rel=\"nofollow\" class=\"shariff-link\" style=\"; background-color:#3b5998; color:#fff\" target=\"_blank\"><span class=\"shariff-icon\" style=\"\"><svg width=\"32px\" height=\"20px\" xmlns=\"http:\/\/www.w3.org\/2000\/svg\" viewBox=\"0 0 18 32\"><path fill=\"#3b5998\" d=\"M17.1 0.2v4.7h-2.8q-1.5 0-2.1 0.6t-0.5 1.9v3.4h5.2l-0.7 5.3h-4.5v13.6h-5.5v-13.6h-4.5v-5.3h4.5v-3.9q0-3.3 1.9-5.2t5-1.8q2.6 0 4.1 0.2z\"\/><\/svg><\/span><span class=\"shariff-text\">teilen<\/span>&nbsp;<span data-service=\"facebook\" style=\"color:#3b5998\" class=\"shariff-count shariff-hidezero\"><\/span>&nbsp;<\/a><\/li><li class=\"shariff-button twitter shariff-nocustomcolor\" style=\"background-color:#32bbf5\"><a href=\"https:\/\/twitter.com\/share?url=https%3A%2F%2Fwolfsmonitor.de%2F%3Fpage_id%3D12706&text=Beitr%C3%A4ge%20M%C3%A4rz%202018\" title=\"Bei Twitter teilen\" aria-label=\"Bei Twitter teilen\" role=\"button\" rel=\"noopener nofollow\" class=\"shariff-link\" style=\"; background-color:#55acee; color:#fff\" target=\"_blank\"><span class=\"shariff-icon\" style=\"\"><svg width=\"32px\" height=\"20px\" xmlns=\"http:\/\/www.w3.org\/2000\/svg\" viewBox=\"0 0 30 32\"><path fill=\"#55acee\" d=\"M29.7 6.8q-1.2 1.8-3 3.1 0 0.3 0 0.8 0 2.5-0.7 4.9t-2.2 4.7-3.5 4-4.9 2.8-6.1 1q-5.1 0-9.3-2.7 0.6 0.1 1.5 0.1 4.3 0 7.6-2.6-2-0.1-3.5-1.2t-2.2-3q0.6 0.1 1.1 0.1 0.8 0 1.6-0.2-2.1-0.4-3.5-2.1t-1.4-3.9v-0.1q1.3 0.7 2.8 0.8-1.2-0.8-2-2.2t-0.7-2.9q0-1.7 0.8-3.1 2.3 2.8 5.5 4.5t7 1.9q-0.2-0.7-0.2-1.4 0-2.5 1.8-4.3t4.3-1.8q2.7 0 4.5 1.9 2.1-0.4 3.9-1.5-0.7 2.2-2.7 3.4 1.8-0.2 3.5-0.9z\"\/><\/svg><\/span><span class=\"shariff-text\">twittern<\/span>&nbsp;<span data-service=\"twitter\" style=\"color:#55acee\" class=\"shariff-count shariff-hidezero\"><\/span>&nbsp;<\/a><\/li><li class=\"shariff-button rss shariff-nocustomcolor\" style=\"background-color:#ff8c00\"><a href=\"https:\/\/wolfsmonitor.de\/?feed=rss\" title=\"RSS-feed\" aria-label=\"RSS-feed\" role=\"button\" class=\"shariff-link\" style=\"; background-color:#fe9312; color:#fff\" target=\"_blank\"><span class=\"shariff-icon\" style=\"\"><svg width=\"32px\" height=\"20px\" xmlns=\"http:\/\/www.w3.org\/2000\/svg\" viewBox=\"0 0 32 32\"><path fill=\"#fe9312\" d=\"M4.3 23.5c-2.3 0-4.3 1.9-4.3 4.3 0 2.3 1.9 4.2 4.3 4.2 2.4 0 4.3-1.9 4.3-4.2 0-2.3-1.9-4.3-4.3-4.3zM0 10.9v6.1c4 0 7.7 1.6 10.6 4.4 2.8 2.8 4.4 6.6 4.4 10.6h6.2c0-11.7-9.5-21.1-21.1-21.1zM0 0v6.1c14.2 0 25.8 11.6 25.8 25.9h6.2c0-17.6-14.4-32-32-32z\"\/><\/svg><\/span><span class=\"shariff-text\">RSS-feed<\/span>&nbsp;<\/a><\/li><li class=\"shariff-button mailto shariff-nocustomcolor\" style=\"background-color:#a8a8a8\"><a href=\"mailto:?body=https%3A%2F%2Fwolfsmonitor.de%2F%3Fpage_id%3D12706&subject=Beitr%C3%A4ge%20M%C3%A4rz%202018\" title=\"Per E-Mail versenden\" aria-label=\"Per E-Mail versenden\" role=\"button\" rel=\"noopener nofollow\" class=\"shariff-link\" style=\"; background-color:#999; color:#fff\"><span class=\"shariff-icon\" style=\"\"><svg width=\"32px\" height=\"20px\" xmlns=\"http:\/\/www.w3.org\/2000\/svg\" viewBox=\"0 0 32 32\"><path fill=\"#999\" d=\"M32 12.7v14.2q0 1.2-0.8 2t-2 0.9h-26.3q-1.2 0-2-0.9t-0.8-2v-14.2q0.8 0.9 1.8 1.6 6.5 4.4 8.9 6.1 1 0.8 1.6 1.2t1.7 0.9 2 0.4h0.1q0.9 0 2-0.4t1.7-0.9 1.6-1.2q3-2.2 8.9-6.1 1-0.7 1.8-1.6zM32 7.4q0 1.4-0.9 2.7t-2.2 2.2q-6.7 4.7-8.4 5.8-0.2 0.1-0.7 0.5t-1 0.7-0.9 0.6-1.1 0.5-0.9 0.2h-0.1q-0.4 0-0.9-0.2t-1.1-0.5-0.9-0.6-1-0.7-0.7-0.5q-1.6-1.1-4.7-3.2t-3.6-2.6q-1.1-0.7-2.1-2t-1-2.5q0-1.4 0.7-2.3t2.1-0.9h26.3q1.2 0 2 0.8t0.9 2z\"\/><\/svg><\/span><span class=\"shariff-text\">E-Mail<\/span>&nbsp;<\/a><\/li><li class=\"shariff-button info shariff-nocustomcolor\" style=\"background-color:#a8a8a8\"><a href=\"http:\/\/ct.de\/-2467514\" title=\"Weitere Informationen\" aria-label=\"Weitere Informationen\" role=\"button\" rel=\"noopener \" class=\"shariff-link\" style=\"; background-color:#999; color:#fff\" target=\"_blank\"><span class=\"shariff-icon\" style=\"\"><svg width=\"32px\" height=\"20px\" xmlns=\"http:\/\/www.w3.org\/2000\/svg\" viewBox=\"0 0 11 32\"><path fill=\"#999\" d=\"M11.4 24v2.3q0 0.5-0.3 0.8t-0.8 0.4h-9.1q-0.5 0-0.8-0.4t-0.4-0.8v-2.3q0-0.5 0.4-0.8t0.8-0.4h1.1v-6.8h-1.1q-0.5 0-0.8-0.4t-0.4-0.8v-2.3q0-0.5 0.4-0.8t0.8-0.4h6.8q0.5 0 0.8 0.4t0.4 0.8v10.3h1.1q0.5 0 0.8 0.4t0.3 0.8zM9.2 3.4v3.4q0 0.5-0.4 0.8t-0.8 0.4h-4.6q-0.4 0-0.8-0.4t-0.4-0.8v-3.4q0-0.4 0.4-0.8t0.8-0.4h4.6q0.5 0 0.8 0.4t0.4 0.8z\"\/><\/svg><\/span><\/a><\/li><\/ul><\/div>","protected":false},"author":1,"featured_media":0,"parent":11991,"menu_order":3,"comment_status":"closed","ping_status":"closed","template":"","meta":{"spay_email":""},"jetpack_shortlink":"https:\/\/wp.me\/P61YbU-3iW","jetpack-related-posts":[{"id":7956,"url":"https:\/\/wolfsmonitor.de\/?page_id=7956","url_meta":{"origin":12706,"position":0},"title":"Beitr\u00e4ge M\u00e4rz 2017","date":"1. M\u00e4rz 2017","format":false,"excerpt":"Hier finden Sie alle Beitr\u00e4ge aus dem M\u00e4rz 2017! Bitte klicken Sie direkt auf den gew\u00fcnschten Titel im \u201eKlappmenue\u201c oben oder auf folgende, chronologisch angeordnete Beitrags\u00fcberschriften: CDU- Niedersachsen fordert Obergrenze und die Aufnahme des Wolfes ins Jagdrecht, 1. M\u00e4rz 2017 Bremen: Konsens in der Wolfsdebatte erkennbar? Oder doch nicht?, 2.\u2026","rel":"","context":"\u00c4hnlicher Beitrag","img":{"alt_text":"","src":"","width":0,"height":0},"classes":[]},{"id":16875,"url":"https:\/\/wolfsmonitor.de\/?page_id=16875","url_meta":{"origin":12706,"position":1},"title":"Beitr\u00e4ge M\u00e4rz 2019","date":"1. M\u00e4rz 2019","format":false,"excerpt":"Hier finden Sie alle Wolfsmonitor-Beitr\u00e4ge aus dem M\u00e4rz 2019. Auch NABU ist \u00fcberzeugt: Begr\u00fcndung f\u00fcr Abschuss des Rodewalder Wolfs ist fachlich falsch, 1. M\u00e4rz 2019 Extremposition als angeblicher \u201eMittelweg\u201c, 2. M\u00e4rz 2019 Svenja Schulzes (SPD) \u201eLex Wolf\u201c: Absch\u00fcsse erleichtern, 3. M\u00e4rz 2019 Ausgerechnet am \u201eTag des Artenschutzes\u201c: Aufregung \u00fcber \u201eLex\u2026","rel":"","context":"\u00c4hnlicher Beitrag","img":{"alt_text":"","src":"","width":0,"height":0},"classes":[]},{"id":2645,"url":"https:\/\/wolfsmonitor.de\/?page_id=2645","url_meta":{"origin":12706,"position":2},"title":"Beitr\u00e4ge M\u00e4rz 2016","date":"2. M\u00e4rz 2016","format":false,"excerpt":"Hier finden Sie alle Beitr\u00e4ge aus dem M\u00e4rz 2016, dem elften Monat des Blogs! Bitte klicken Sie direkt auf den gew\u00fcnschten Titel im \"Klappmenue\" oben oder auf folgende, chronologisch angeordnete Beitrags\u00fcberschriften: Goldenstedt: Unzureichender Herdenschutz, 02. M\u00e4rz 2016 Vergr\u00e4men, aber wie? 03. M\u00e4rz 2016 Bereits \u00fcber 53.000 Unterschriften zur Rettung der\u2026","rel":"","context":"\u00c4hnlicher Beitrag","img":{"alt_text":"","src":"","width":0,"height":0},"classes":[]},{"id":13068,"url":"https:\/\/wolfsmonitor.de\/?page_id=13068","url_meta":{"origin":12706,"position":3},"title":"Beitr\u00e4ge April 2018","date":"1. April 2018","format":false,"excerpt":"Hier finden Sie alle Wolfsmonitor-Beitr\u00e4ge aus dem M\u00e4rz 2018! Bitte klicken Sie direkt auf den gew\u00fcnschten Titel im \"Klappmenue\" oben unter \"Beitr\u00e4ge\" oder auf folgende, chronologisch angeordnete Beitrags\u00fcberschriften. \u201eWolf &Co. sind \u201eflagpole species\u201c f\u00fcr ein Umdenken in der Gesellschaft\u201c, 1. April 2018 Die letzten Sch\u00e4fer Deutschlands retten, 4. April 2018\u2026","rel":"","context":"\u00c4hnlicher Beitrag","img":{"alt_text":"","src":"","width":0,"height":0},"classes":[]},{"id":15990,"url":"https:\/\/wolfsmonitor.de\/?page_id=15990","url_meta":{"origin":12706,"position":4},"title":"Beitr\u00e4ge Januar 2019","date":"1. Januar 2019","format":false,"excerpt":"Hier finden Sie alle Wolfsmonitor-Beitr\u00e4ge aus dem Januar 2019. FAZ: Kl\u00f6ckners Wolfsbrandbrief ist \"kontraproduktive Effekthascherei\", 1. Januar 2019 Die Wolfsmonitor-Retrospektive auf das Wolfsjahr 2018 \u2013 Teil 2 \u2013 Februar, 2. Januar 2019 Gespr\u00e4ch \u00fcber Kl\u00f6ckners Brandbrief Mitte Januar, 3. Januar 2019 Wolfsmonitor-Retrospektive auf das Wolfsjahr 2018 \u2013 Teil 3 \u2013\u2026","rel":"","context":"\u00c4hnlicher Beitrag","img":{"alt_text":"","src":"","width":0,"height":0},"classes":[]},{"id":6945,"url":"https:\/\/wolfsmonitor.de\/?page_id=6945","url_meta":{"origin":12706,"position":5},"title":"Beitr\u00e4ge aus dem Jahr 2016","date":"1. Januar 2017","format":false,"excerpt":"Zur Beitrags\u00fcbersicht bitte direkt auf den jeweiligen Monat klicken! Dezember 2016 November 2016 Oktober 2016 September 2016 August 2016 Juli 2016 Juni 2016 Mai 2016 April 2016 M\u00e4rz 2016 Februar 2016 Januar 2016","rel":"","context":"\u00c4hnlicher Beitrag","img":{"alt_text":"","src":"","width":0,"height":0},"classes":[]}],"_links":{"self":[{"href":"https:\/\/wolfsmonitor.de\/index.php?rest_route=\/wp\/v2\/pages\/12706"}],"collection":[{"href":"https:\/\/wolfsmonitor.de\/index.php?rest_route=\/wp\/v2\/pages"}],"about":[{"href":"https:\/\/wolfsmonitor.de\/index.php?rest_route=\/wp\/v2\/types\/page"}],"author":[{"embeddable":true,"href":"https:\/\/wolfsmonitor.de\/index.php?rest_route=\/wp\/v2\/users\/1"}],"replies":[{"embeddable":true,"href":"https:\/\/wolfsmonitor.de\/index.php?rest_route=%2Fwp%2Fv2%2Fcomments&post=12706"}],"version-history":[{"count":38,"href":"https:\/\/wolfsmonitor.de\/index.php?rest_route=\/wp\/v2\/pages\/12706\/revisions"}],"predecessor-version":[{"id":13057,"href":"https:\/\/wolfsmonitor.de\/index.php?rest_route=\/wp\/v2\/pages\/12706\/revisions\/13057"}],"up":[{"embeddable":true,"href":"https:\/\/wolfsmonitor.de\/index.php?rest_route=\/wp\/v2\/pages\/11991"}],"wp:attachment":[{"href":"https:\/\/wolfsmonitor.de\/index.php?rest_route=%2Fwp%2Fv2%2Fmedia&parent=12706"}],"curies":[{"name":"wp","href":"https:\/\/api.w.org\/{rel}","templated":true}]}}