{"id":1275,"date":"2015-09-22T12:14:30","date_gmt":"2015-09-22T10:14:30","guid":{"rendered":"http:\/\/wolfsmonitor.de\/?page_id=1275"},"modified":"2018-05-22T00:44:50","modified_gmt":"2018-05-21T22:44:50","slug":"wolfswissen-im-3-quartal-2015","status":"publish","type":"page","link":"https:\/\/wolfsmonitor.de\/?page_id=1275","title":{"rendered":"Wolfswissen im 3. Quartal 2015"},"content":{"rendered":"<p>In dieser Rubrik werden auf W\u00f6lfe bezogene Ansichten, Einsichten, Textstellen und Zitate vorgestellt. In Ihrer Summe ergeben sie ein Bild vom Wolf, wie es der Realit\u00e4t weitestgehend entsprechen d\u00fcrfte.<\/p>\n<p>Im 3. Quartal 2015 wurden hier folgende Zitate ver\u00f6ffentlicht:<\/p>\n<ol>\n<li><span style=\"color: #3366ff;\"><span style=\"color: #3366ff;\"><span style=\"color: #000000;\"><a style=\"color: #000000;\" title=\"Zitat Kurt Kotrschal\" href=\"https:\/\/wolfsmonitor.de\/?p=773\" target=\"_blank\">Prof. Dr. Kurt Kotrschal zur Bejagung von W\u00f6lfen <\/a><\/span><a style=\"color: #3366ff;\" title=\"Link Zum Buch\" href=\"http:\/\/www.amazon.de\/gp\/product\/3850336751?ie=UTF8&amp;camp=1638&amp;creativeASIN=3850336751&amp;linkCode=xm2&amp;tag=wolfsmonito09-21\" target=\"_blank\">(weitere Informationen zur Textquelle)<\/a><br \/>\n<\/span><\/span><\/li>\n<li><span style=\"color: #000000;\"><a style=\"color: #000000;\" title=\"Zitat Erik Zimen\" href=\"https:\/\/wolfsmonitor.de\/?p=833\" target=\"_blank\">Erik Zimen: Berufsgruppe, die W\u00f6lfe f\u00fcr besonders gef\u00e4hrlich h\u00e4lt!<\/a><\/span>\u00a0<span style=\"color: #3366ff;\"><a style=\"color: #3366ff;\" title=\"Link Zum Buch\" href=\"http:\/\/www.amazon.de\/gp\/product\/3440097420?ie=UTF8&amp;camp=1638&amp;creativeASIN=3440097420&amp;linkCode=xm2&amp;tag=wolfsmonito09-21\" target=\"_blank\">(weitere Informationen zur Textquelle) <\/a><\/span><\/li>\n<li><span style=\"color: #000000;\"><a style=\"color: #000000;\" title=\"Luigi Boitani\" href=\"https:\/\/wolfsmonitor.de\/?p=947\" target=\"_blank\">Luigi Boitani: \u201cDen Sorgen der B\u00fcrger mit Informationen begegnen!\u201d<\/a><\/span> (ohne Weiterleitung)<\/li>\n<li><span style=\"color: #000000;\"><a style=\"color: #000000;\" title=\"Zitat Linnell\" href=\"https:\/\/wolfsmonitor.de\/?p=986\" target=\"_blank\">John Linnell: \u201cDie Erfahrung wird zeigen, \u2026\u201d <\/a><\/span>(ohne Weiterleitung)<\/li>\n<li><span style=\"color: #000000;\"><a style=\"color: #000000;\" title=\"Zitat L. David Mech\" href=\"https:\/\/wolfsmonitor.de\/?p=1040\" target=\"_blank\">L. David Mech: Ein Bild vom Wolf, wie er wirklich ist!<\/a><\/span>\u00a0<span style=\"color: #3366ff;\"><a style=\"color: #3366ff;\" title=\"Link Zum Buch\" href=\"http:\/\/www.amazon.de\/gp\/product\/3894053151?ie=UTF8&amp;camp=1638&amp;creativeASIN=3894053151&amp;linkCode=xm2&amp;tag=wolfsmonito09-21\" target=\"_blank\">(weitere Informationen zur Textquelle) <\/a><\/span><\/li>\n<li><span style=\"color: #000000;\"><a style=\"color: #000000;\" title=\"Zitiat Konrad Lorenz\" href=\"https:\/\/wolfsmonitor.de\/?p=1047\" target=\"_blank\">Konrad Lorenz: Zur Fluchtdistanz gr\u00f6\u00dferer S\u00e4ugetiere<\/a><\/span>\u00a0<span style=\"color: #3366ff;\"><a style=\"color: #3366ff;\" title=\"Link Zum Buch\" href=\"http:\/\/www.amazon.de\/gp\/product\/3423201134?ie=UTF8&amp;camp=1638&amp;creativeASIN=3423201134&amp;linkCode=xm2&amp;tag=wolfsmonito09-21\" target=\"_blank\">(weitere Informationen zur Textquelle) <\/a><\/span><\/li>\n<li><span style=\"color: #000000;\"><a style=\"color: #000000;\" title=\"Eckhard Fuhr, Zitat &quot;Politik und Gesellschaft&quot;\" href=\"https:\/\/wolfsmonitor.de\/?p=1063\" target=\"_blank\">Eckhard Fuhr: Der Wolf im Spiegel von Politik und Gesellschaft<\/a><\/span> <span style=\"color: #3366ff;\"><a style=\"color: #3366ff;\" title=\"Link Zum Buch\" href=\"http:\/\/www.amazon.de\/gp\/product\/357050171X?ie=UTF8&amp;camp=1638&amp;creativeASIN=357050171X&amp;linkCode=xm2&amp;tag=wolfsmonito09-21\" target=\"_blank\">(weitere Informationen zur Textquelle) <\/a><\/span><\/li>\n<li><span style=\"color: #000000;\"><a style=\"color: #000000;\" title=\"Josef H. Reichholf, Zitat\" href=\"https:\/\/wolfsmonitor.de\/?p=1123\" target=\"_blank\">Josef H. Reichholf: Jagd auf wandernde Arten ist unvertretbar!<\/a> <\/span><span style=\"color: #3366ff;\"><a style=\"color: #3366ff;\" title=\"Reichholf: Der B\u00e4r ist los\" href=\"http:\/\/www.amazon.de\/gp\/product\/3776625104?ie=UTF8&amp;camp=1638&amp;creativeASIN=3776625104&amp;linkCode=xm2&amp;tag=wolfsmonito09-21\" target=\"_blank\">(weitere Informationen zur Textquelle)<\/a><\/span><\/li>\n<li><span style=\"color: #000000;\"><a style=\"color: #000000;\" title=\"D.I.Bibikow: Gef\u00e4hrlichkeit von W\u00f6lfen gegen\u00fcber Menschen\" href=\"https:\/\/wolfsmonitor.de\/?p=1176\" target=\"_blank\">Prof. Dr. Dmitrij. I. Bibikow: Die Gef\u00e4hrlichkeit des Wolfs gegen\u00fcber dem Menschen<\/a><\/span> <span style=\"color: #3366ff;\"><a style=\"color: #3366ff;\" title=\"Link Zum Buch\" href=\"http:\/\/www.amazon.de\/gp\/product\/B0051SU16E?ie=UTF8&amp;camp=1638&amp;creativeASIN=B0051SU16E&amp;linkCode=xm2&amp;tag=wolfsmonito09-21\" target=\"_blank\">(weitere Informationen zur Textquelle)<\/a><\/span><\/li>\n<li><span style=\"color: #000000;\"><a style=\"color: #000000;\" title=\"Jim Brandenburg: Bruder Wolf\" href=\"https:\/\/wolfsmonitor.de\/?p=1203\" target=\"_blank\">Jim Brandenburg: Warum W\u00f6lfe Menschen gelegentlich folgen! <\/a><\/span><span style=\"color: #3366ff;\"><a style=\"color: #3366ff;\" title=\"Link Zum Buch\" href=\"http:\/\/www.amazon.de\/gp\/product\/3924044236?ie=UTF8&amp;camp=1638&amp;creativeASIN=3924044236&amp;linkCode=xm2&amp;tag=wolfsmonito09-21\" target=\"_blank\">(weitere Informationen zur Textquelle)<\/a><\/span><\/li>\n<li><span style=\"color: #000000;\"><a style=\"color: #000000;\" title=\"Dr. Frank G. W\u00f6rner, Link\" href=\"https:\/\/wolfsmonitor.de\/?p=1290\" target=\"_blank\">Dr. Frank G. W\u00f6rner: Die Jagd, der Wolf und die J\u00e4ger!<\/a> <\/span><span style=\"color: #3366ff;\"><a style=\"color: #3366ff;\" title=\"Dr. Frank G. W\u00f6rner, Link\" href=\"http:\/\/www.amazon.de\/gp\/product\/3866711018?ie=UTF8&amp;camp=1638&amp;creativeASIN=3866711018&amp;linkCode=xm2&amp;tag=wolfsmonito09-21\" target=\"_blank\">(weitere Informationen zur Textquelle)<\/a><\/span><\/li>\n<\/ol>\n<p>Zur direkten Weiterleitung zum Einzelbeitrag klicken Sie bitte auf den jeweiligen Namen. Die Weiterleitung zur jeweiligen Textquelle erfolgt \u00fcber die blauen Links. Um weitere Zitate zu lesen, nutzen Sie bitte das Auswahlmenue oder die Kategorie \u201cEinsichten\u201d in der rechten Seitenleiste.<\/p>\n<div class=\"shariff shariff-align-center shariff-widget-align-center\" data-services=\"facebook%7Ctwitter\" data-url=\"https%3A%2F%2Fwolfsmonitor.de%2F%3Fpage_id%3D1275\" data-timestamp=\"1526949890\" data-backendurl=\"?rest_route=\/shariff\/v1\/share_counts&\"><ul class=\"shariff-buttons theme-color orientation-horizontal buttonsize-small\"><li class=\"shariff-button facebook shariff-nocustomcolor\" style=\"background-color:#4273c8\"><a href=\"https:\/\/www.facebook.com\/sharer\/sharer.php?u=https%3A%2F%2Fwolfsmonitor.de%2F%3Fpage_id%3D1275\" title=\"Bei Facebook teilen\" aria-label=\"Bei Facebook teilen\" role=\"button\" rel=\"nofollow\" class=\"shariff-link\" style=\"; background-color:#3b5998; color:#fff\" target=\"_blank\"><span class=\"shariff-icon\" style=\"\"><svg width=\"32px\" height=\"20px\" xmlns=\"http:\/\/www.w3.org\/2000\/svg\" viewBox=\"0 0 18 32\"><path fill=\"#3b5998\" d=\"M17.1 0.2v4.7h-2.8q-1.5 0-2.1 0.6t-0.5 1.9v3.4h5.2l-0.7 5.3h-4.5v13.6h-5.5v-13.6h-4.5v-5.3h4.5v-3.9q0-3.3 1.9-5.2t5-1.8q2.6 0 4.1 0.2z\"\/><\/svg><\/span><span class=\"shariff-text\">teilen<\/span>&nbsp;<span data-service=\"facebook\" style=\"color:#3b5998\" class=\"shariff-count shariff-hidezero\"><\/span>&nbsp;<\/a><\/li><li class=\"shariff-button twitter shariff-nocustomcolor\" style=\"background-color:#32bbf5\"><a href=\"https:\/\/twitter.com\/share?url=https%3A%2F%2Fwolfsmonitor.de%2F%3Fpage_id%3D1275&text=Wolfswissen%20im%203.%20Quartal%202015\" title=\"Bei Twitter teilen\" aria-label=\"Bei Twitter teilen\" role=\"button\" rel=\"noopener nofollow\" class=\"shariff-link\" style=\"; background-color:#55acee; color:#fff\" target=\"_blank\"><span class=\"shariff-icon\" style=\"\"><svg width=\"32px\" height=\"20px\" xmlns=\"http:\/\/www.w3.org\/2000\/svg\" viewBox=\"0 0 30 32\"><path fill=\"#55acee\" d=\"M29.7 6.8q-1.2 1.8-3 3.1 0 0.3 0 0.8 0 2.5-0.7 4.9t-2.2 4.7-3.5 4-4.9 2.8-6.1 1q-5.1 0-9.3-2.7 0.6 0.1 1.5 0.1 4.3 0 7.6-2.6-2-0.1-3.5-1.2t-2.2-3q0.6 0.1 1.1 0.1 0.8 0 1.6-0.2-2.1-0.4-3.5-2.1t-1.4-3.9v-0.1q1.3 0.7 2.8 0.8-1.2-0.8-2-2.2t-0.7-2.9q0-1.7 0.8-3.1 2.3 2.8 5.5 4.5t7 1.9q-0.2-0.7-0.2-1.4 0-2.5 1.8-4.3t4.3-1.8q2.7 0 4.5 1.9 2.1-0.4 3.9-1.5-0.7 2.2-2.7 3.4 1.8-0.2 3.5-0.9z\"\/><\/svg><\/span><span class=\"shariff-text\">twittern<\/span>&nbsp;<span data-service=\"twitter\" style=\"color:#55acee\" class=\"shariff-count shariff-hidezero\"><\/span>&nbsp;<\/a><\/li><li class=\"shariff-button rss shariff-nocustomcolor\" style=\"background-color:#ff8c00\"><a href=\"https:\/\/wolfsmonitor.de\/?feed=rss\" title=\"RSS-feed\" aria-label=\"RSS-feed\" role=\"button\" class=\"shariff-link\" style=\"; background-color:#fe9312; color:#fff\" target=\"_blank\"><span class=\"shariff-icon\" style=\"\"><svg width=\"32px\" height=\"20px\" xmlns=\"http:\/\/www.w3.org\/2000\/svg\" viewBox=\"0 0 32 32\"><path fill=\"#fe9312\" d=\"M4.3 23.5c-2.3 0-4.3 1.9-4.3 4.3 0 2.3 1.9 4.2 4.3 4.2 2.4 0 4.3-1.9 4.3-4.2 0-2.3-1.9-4.3-4.3-4.3zM0 10.9v6.1c4 0 7.7 1.6 10.6 4.4 2.8 2.8 4.4 6.6 4.4 10.6h6.2c0-11.7-9.5-21.1-21.1-21.1zM0 0v6.1c14.2 0 25.8 11.6 25.8 25.9h6.2c0-17.6-14.4-32-32-32z\"\/><\/svg><\/span><span class=\"shariff-text\">RSS-feed<\/span>&nbsp;<\/a><\/li><li class=\"shariff-button mailto shariff-nocustomcolor\" style=\"background-color:#a8a8a8\"><a href=\"mailto:?body=https%3A%2F%2Fwolfsmonitor.de%2F%3Fpage_id%3D1275&subject=Wolfswissen%20im%203.%20Quartal%202015\" title=\"Per E-Mail versenden\" aria-label=\"Per E-Mail versenden\" role=\"button\" rel=\"noopener nofollow\" class=\"shariff-link\" style=\"; background-color:#999; color:#fff\"><span class=\"shariff-icon\" style=\"\"><svg width=\"32px\" height=\"20px\" xmlns=\"http:\/\/www.w3.org\/2000\/svg\" viewBox=\"0 0 32 32\"><path fill=\"#999\" d=\"M32 12.7v14.2q0 1.2-0.8 2t-2 0.9h-26.3q-1.2 0-2-0.9t-0.8-2v-14.2q0.8 0.9 1.8 1.6 6.5 4.4 8.9 6.1 1 0.8 1.6 1.2t1.7 0.9 2 0.4h0.1q0.9 0 2-0.4t1.7-0.9 1.6-1.2q3-2.2 8.9-6.1 1-0.7 1.8-1.6zM32 7.4q0 1.4-0.9 2.7t-2.2 2.2q-6.7 4.7-8.4 5.8-0.2 0.1-0.7 0.5t-1 0.7-0.9 0.6-1.1 0.5-0.9 0.2h-0.1q-0.4 0-0.9-0.2t-1.1-0.5-0.9-0.6-1-0.7-0.7-0.5q-1.6-1.1-4.7-3.2t-3.6-2.6q-1.1-0.7-2.1-2t-1-2.5q0-1.4 0.7-2.3t2.1-0.9h26.3q1.2 0 2 0.8t0.9 2z\"\/><\/svg><\/span><span class=\"shariff-text\">E-Mail<\/span>&nbsp;<\/a><\/li><li class=\"shariff-button info shariff-nocustomcolor\" style=\"background-color:#a8a8a8\"><a href=\"http:\/\/ct.de\/-2467514\" title=\"Weitere Informationen\" aria-label=\"Weitere Informationen\" role=\"button\" rel=\"noopener \" class=\"shariff-link\" style=\"; background-color:#999; color:#fff\" target=\"_blank\"><span class=\"shariff-icon\" style=\"\"><svg width=\"32px\" height=\"20px\" xmlns=\"http:\/\/www.w3.org\/2000\/svg\" viewBox=\"0 0 11 32\"><path fill=\"#999\" d=\"M11.4 24v2.3q0 0.5-0.3 0.8t-0.8 0.4h-9.1q-0.5 0-0.8-0.4t-0.4-0.8v-2.3q0-0.5 0.4-0.8t0.8-0.4h1.1v-6.8h-1.1q-0.5 0-0.8-0.4t-0.4-0.8v-2.3q0-0.5 0.4-0.8t0.8-0.4h6.8q0.5 0 0.8 0.4t0.4 0.8v10.3h1.1q0.5 0 0.8 0.4t0.3 0.8zM9.2 3.4v3.4q0 0.5-0.4 0.8t-0.8 0.4h-4.6q-0.4 0-0.8-0.4t-0.4-0.8v-3.4q0-0.4 0.4-0.8t0.8-0.4h4.6q0.5 0 0.8 0.4t0.4 0.8z\"\/><\/svg><\/span><\/a><\/li><\/ul><\/div>","protected":false},"excerpt":{"rendered":"<p>In dieser Rubrik werden auf W\u00f6lfe bezogene Ansichten, Einsichten, Textstellen und Zitate vorgestellt. In Ihrer Summe ergeben sie ein Bild vom Wolf, wie es der Realit\u00e4t weitestgehend entsprechen d\u00fcrfte. Im 3. Quartal 2015 wurden hier folgende Zitate ver\u00f6ffentlicht: Prof. Dr. Kurt Kotrschal zur Bejagung von W\u00f6lfen (weitere Informationen zur Textquelle) Erik Zimen: Berufsgruppe, die W\u00f6lfe [&hellip;]<\/p>\n<div class=\"shariff shariff-align-center shariff-widget-align-center\" data-services=\"facebook%7Ctwitter\" data-url=\"https%3A%2F%2Fwolfsmonitor.de%2F%3Fpage_id%3D1275\" data-timestamp=\"1526949890\" data-backendurl=\"?rest_route=\/shariff\/v1\/share_counts&\"><ul class=\"shariff-buttons theme-color orientation-horizontal buttonsize-small\"><li class=\"shariff-button facebook shariff-nocustomcolor\" style=\"background-color:#4273c8\"><a href=\"https:\/\/www.facebook.com\/sharer\/sharer.php?u=https%3A%2F%2Fwolfsmonitor.de%2F%3Fpage_id%3D1275\" title=\"Bei Facebook teilen\" aria-label=\"Bei Facebook teilen\" role=\"button\" rel=\"nofollow\" class=\"shariff-link\" style=\"; background-color:#3b5998; color:#fff\" target=\"_blank\"><span class=\"shariff-icon\" style=\"\"><svg width=\"32px\" height=\"20px\" xmlns=\"http:\/\/www.w3.org\/2000\/svg\" viewBox=\"0 0 18 32\"><path fill=\"#3b5998\" d=\"M17.1 0.2v4.7h-2.8q-1.5 0-2.1 0.6t-0.5 1.9v3.4h5.2l-0.7 5.3h-4.5v13.6h-5.5v-13.6h-4.5v-5.3h4.5v-3.9q0-3.3 1.9-5.2t5-1.8q2.6 0 4.1 0.2z\"\/><\/svg><\/span><span class=\"shariff-text\">teilen<\/span>&nbsp;<span data-service=\"facebook\" style=\"color:#3b5998\" class=\"shariff-count shariff-hidezero\"><\/span>&nbsp;<\/a><\/li><li class=\"shariff-button twitter shariff-nocustomcolor\" style=\"background-color:#32bbf5\"><a href=\"https:\/\/twitter.com\/share?url=https%3A%2F%2Fwolfsmonitor.de%2F%3Fpage_id%3D1275&text=Wolfswissen%20im%203.%20Quartal%202015\" title=\"Bei Twitter teilen\" aria-label=\"Bei Twitter teilen\" role=\"button\" rel=\"noopener nofollow\" class=\"shariff-link\" style=\"; background-color:#55acee; color:#fff\" target=\"_blank\"><span class=\"shariff-icon\" style=\"\"><svg width=\"32px\" height=\"20px\" xmlns=\"http:\/\/www.w3.org\/2000\/svg\" viewBox=\"0 0 30 32\"><path fill=\"#55acee\" d=\"M29.7 6.8q-1.2 1.8-3 3.1 0 0.3 0 0.8 0 2.5-0.7 4.9t-2.2 4.7-3.5 4-4.9 2.8-6.1 1q-5.1 0-9.3-2.7 0.6 0.1 1.5 0.1 4.3 0 7.6-2.6-2-0.1-3.5-1.2t-2.2-3q0.6 0.1 1.1 0.1 0.8 0 1.6-0.2-2.1-0.4-3.5-2.1t-1.4-3.9v-0.1q1.3 0.7 2.8 0.8-1.2-0.8-2-2.2t-0.7-2.9q0-1.7 0.8-3.1 2.3 2.8 5.5 4.5t7 1.9q-0.2-0.7-0.2-1.4 0-2.5 1.8-4.3t4.3-1.8q2.7 0 4.5 1.9 2.1-0.4 3.9-1.5-0.7 2.2-2.7 3.4 1.8-0.2 3.5-0.9z\"\/><\/svg><\/span><span class=\"shariff-text\">twittern<\/span>&nbsp;<span data-service=\"twitter\" style=\"color:#55acee\" class=\"shariff-count shariff-hidezero\"><\/span>&nbsp;<\/a><\/li><li class=\"shariff-button rss shariff-nocustomcolor\" style=\"background-color:#ff8c00\"><a href=\"https:\/\/wolfsmonitor.de\/?feed=rss\" title=\"RSS-feed\" aria-label=\"RSS-feed\" role=\"button\" class=\"shariff-link\" style=\"; background-color:#fe9312; color:#fff\" target=\"_blank\"><span class=\"shariff-icon\" style=\"\"><svg width=\"32px\" height=\"20px\" xmlns=\"http:\/\/www.w3.org\/2000\/svg\" viewBox=\"0 0 32 32\"><path fill=\"#fe9312\" d=\"M4.3 23.5c-2.3 0-4.3 1.9-4.3 4.3 0 2.3 1.9 4.2 4.3 4.2 2.4 0 4.3-1.9 4.3-4.2 0-2.3-1.9-4.3-4.3-4.3zM0 10.9v6.1c4 0 7.7 1.6 10.6 4.4 2.8 2.8 4.4 6.6 4.4 10.6h6.2c0-11.7-9.5-21.1-21.1-21.1zM0 0v6.1c14.2 0 25.8 11.6 25.8 25.9h6.2c0-17.6-14.4-32-32-32z\"\/><\/svg><\/span><span class=\"shariff-text\">RSS-feed<\/span>&nbsp;<\/a><\/li><li class=\"shariff-button mailto shariff-nocustomcolor\" style=\"background-color:#a8a8a8\"><a href=\"mailto:?body=https%3A%2F%2Fwolfsmonitor.de%2F%3Fpage_id%3D1275&subject=Wolfswissen%20im%203.%20Quartal%202015\" title=\"Per E-Mail versenden\" aria-label=\"Per E-Mail versenden\" role=\"button\" rel=\"noopener nofollow\" class=\"shariff-link\" style=\"; background-color:#999; color:#fff\"><span class=\"shariff-icon\" style=\"\"><svg width=\"32px\" height=\"20px\" xmlns=\"http:\/\/www.w3.org\/2000\/svg\" viewBox=\"0 0 32 32\"><path fill=\"#999\" d=\"M32 12.7v14.2q0 1.2-0.8 2t-2 0.9h-26.3q-1.2 0-2-0.9t-0.8-2v-14.2q0.8 0.9 1.8 1.6 6.5 4.4 8.9 6.1 1 0.8 1.6 1.2t1.7 0.9 2 0.4h0.1q0.9 0 2-0.4t1.7-0.9 1.6-1.2q3-2.2 8.9-6.1 1-0.7 1.8-1.6zM32 7.4q0 1.4-0.9 2.7t-2.2 2.2q-6.7 4.7-8.4 5.8-0.2 0.1-0.7 0.5t-1 0.7-0.9 0.6-1.1 0.5-0.9 0.2h-0.1q-0.4 0-0.9-0.2t-1.1-0.5-0.9-0.6-1-0.7-0.7-0.5q-1.6-1.1-4.7-3.2t-3.6-2.6q-1.1-0.7-2.1-2t-1-2.5q0-1.4 0.7-2.3t2.1-0.9h26.3q1.2 0 2 0.8t0.9 2z\"\/><\/svg><\/span><span class=\"shariff-text\">E-Mail<\/span>&nbsp;<\/a><\/li><li class=\"shariff-button info shariff-nocustomcolor\" style=\"background-color:#a8a8a8\"><a href=\"http:\/\/ct.de\/-2467514\" title=\"Weitere Informationen\" aria-label=\"Weitere Informationen\" role=\"button\" rel=\"noopener \" class=\"shariff-link\" style=\"; background-color:#999; color:#fff\" target=\"_blank\"><span class=\"shariff-icon\" style=\"\"><svg width=\"32px\" height=\"20px\" xmlns=\"http:\/\/www.w3.org\/2000\/svg\" viewBox=\"0 0 11 32\"><path fill=\"#999\" d=\"M11.4 24v2.3q0 0.5-0.3 0.8t-0.8 0.4h-9.1q-0.5 0-0.8-0.4t-0.4-0.8v-2.3q0-0.5 0.4-0.8t0.8-0.4h1.1v-6.8h-1.1q-0.5 0-0.8-0.4t-0.4-0.8v-2.3q0-0.5 0.4-0.8t0.8-0.4h6.8q0.5 0 0.8 0.4t0.4 0.8v10.3h1.1q0.5 0 0.8 0.4t0.3 0.8zM9.2 3.4v3.4q0 0.5-0.4 0.8t-0.8 0.4h-4.6q-0.4 0-0.8-0.4t-0.4-0.8v-3.4q0-0.4 0.4-0.8t0.8-0.4h4.6q0.5 0 0.8 0.4t0.4 0.8z\"\/><\/svg><\/span><\/a><\/li><\/ul><\/div>","protected":false},"author":1,"featured_media":0,"parent":2131,"menu_order":1,"comment_status":"closed","ping_status":"closed","template":"","meta":{"spay_email":""},"jetpack_shortlink":"https:\/\/wp.me\/P61YbU-kz","jetpack-related-posts":[{"id":4411,"url":"https:\/\/wolfsmonitor.de\/?page_id=4411","url_meta":{"origin":1275,"position":0},"title":"Wolfswissen im 3. Quartal 2016","date":"31. Juli 2016","format":false,"excerpt":"In dieser Rubrik werden auf W\u00f6lfe bezogene Ansichten, Einsichten, Textstellen und Zitate vorgestellt. In Ihrer Summe ergeben sie ein Bild vom Wolf, wie es der Realit\u00e4t weitestgehend entsprechen d\u00fcrfte. Im 3. Quartal 2016 wurden folgende Zitate ver\u00f6ffentlicht: Kurt Kotrschal: Der einzige Schutz der W\u00f6lfe gegen Menschen (weitere Infos zum Buch\u2026","rel":"","context":"\u00c4hnlicher Beitrag","img":{"alt_text":"","src":"","width":0,"height":0},"classes":[]},{"id":1405,"url":"https:\/\/wolfsmonitor.de\/?page_id=1405","url_meta":{"origin":1275,"position":1},"title":"Wolfswissen im 4. Quartal 2015","date":"3. Oktober 2015","format":false,"excerpt":"In dieser Rubrik werden auf W\u00f6lfe bezogene Ansichten, Einsichten, Textstellen und Zitate vorgestellt. In Ihrer Summe ergeben sie ein Bild vom Wolf, wie es der Realit\u00e4t weitestgehend entsprechen d\u00fcrfte. Im 4. Quartal 2015 wurden hier folgende Zitate ver\u00f6ffentlicht: Tanja Askani: Vier Bed\u00fcrfnisse von W\u00f6lfen (weitere Informationen zur Textquelle) Bruno Hespeler:\u2026","rel":"","context":"\u00c4hnlicher Beitrag","img":{"alt_text":"","src":"","width":0,"height":0},"classes":[]},{"id":6386,"url":"https:\/\/wolfsmonitor.de\/?page_id=6386","url_meta":{"origin":1275,"position":2},"title":"Wolfswissen im 4. Quartal 2016","date":"2. Dezember 2016","format":false,"excerpt":"In dieser Rubrik werden auf W\u00f6lfe bezogene Ansichten, Einsichten, Textstellen und Zitate vorgestellt. In Ihrer Summe ergeben sie ein Bild vom Wolf, wie es der Realit\u00e4t weitestgehend entsprechen d\u00fcrfte. Im 4. Quartal 2016 wurden folgende Zitate ver\u00f6ffentlicht: Axel Gomille: Niemand scheint sich \u00fcber Treppen Sorgen zu machen, aber \u00fcber W\u00f6lfe\u2026\u2026","rel":"","context":"\u00c4hnlicher Beitrag","img":{"alt_text":"","src":"","width":0,"height":0},"classes":[]},{"id":3907,"url":"https:\/\/wolfsmonitor.de\/?page_id=3907","url_meta":{"origin":1275,"position":3},"title":"Wolfswissen im 2. Quartal 2016","date":"14. Juni 2016","format":false,"excerpt":"In dieser Rubrik werden auf W\u00f6lfe bezogene Ansichten, Einsichten, Textstellen und Zitate vorgestellt. In Ihrer Summe ergeben sie ein Bild vom Wolf, wie es der Realit\u00e4t weitestgehend entsprechen d\u00fcrfte. Im 2. Quartal 2016 wurden folgende Zitate ver\u00f6ffentlicht: Farley Mowat: Ein Sommer mit W\u00f6lfen (hier erhalten Sie weitere Informationen zum Buch)\u2026","rel":"","context":"\u00c4hnlicher Beitrag","img":{"alt_text":"","src":"","width":0,"height":0},"classes":[]},{"id":2140,"url":"https:\/\/wolfsmonitor.de\/?page_id=2140","url_meta":{"origin":1275,"position":4},"title":"Wolfswissen im 1. Quartal 2016","date":"2. Januar 2016","format":false,"excerpt":"In dieser Rubrik werden auf W\u00f6lfe bezogene Ansichten, Einsichten, Textstellen und Zitate vorgestellt. In Ihrer Summe ergeben sie ein Bild vom Wolf, wie es der Realit\u00e4t weitestgehend entsprechen d\u00fcrfte. Im 1. Quartal 2016 wurden folgende Zitate ver\u00f6ffentlicht: H\u00e9l\u00e8ne Grimaud: Merkw\u00fcrdige \u00c4hnlichkeiten bei Frauen und W\u00f6lfen (hier erhalten Sie weitere Informationen\u2026","rel":"","context":"\u00c4hnlicher Beitrag","img":{"alt_text":"","src":"","width":0,"height":0},"classes":[]},{"id":11714,"url":"https:\/\/wolfsmonitor.de\/?page_id=11714","url_meta":{"origin":1275,"position":5},"title":"Einsichten 2017","date":"10. Dezember 2017","format":false,"excerpt":"In der Rubrik \u201eEinsichten\u201c werden auf W\u00f6lfe bezogene Ansichten, Einsichten, Textstellen und Zitate vorgestellt. Die Summe der Zitate ausgew\u00e4hlter Wolfskenner ergibt ein Bild vom Wolf, wie es der Realit\u00e4t weitestgehend entsprechen d\u00fcrfte. Nachfolgend finden Sie die Zitate aus den einzelnen Quartalen des Jahrs 2017: \u201eIrrationale \u00c4ngste nur dort, wo die\u2026","rel":"","context":"\u00c4hnlicher Beitrag","img":{"alt_text":"","src":"","width":0,"height":0},"classes":[]}],"_links":{"self":[{"href":"https:\/\/wolfsmonitor.de\/index.php?rest_route=\/wp\/v2\/pages\/1275"}],"collection":[{"href":"https:\/\/wolfsmonitor.de\/index.php?rest_route=\/wp\/v2\/pages"}],"about":[{"href":"https:\/\/wolfsmonitor.de\/index.php?rest_route=\/wp\/v2\/types\/page"}],"author":[{"embeddable":true,"href":"https:\/\/wolfsmonitor.de\/index.php?rest_route=\/wp\/v2\/users\/1"}],"replies":[{"embeddable":true,"href":"https:\/\/wolfsmonitor.de\/index.php?rest_route=%2Fwp%2Fv2%2Fcomments&post=1275"}],"version-history":[{"count":9,"href":"https:\/\/wolfsmonitor.de\/index.php?rest_route=\/wp\/v2\/pages\/1275\/revisions"}],"predecessor-version":[{"id":1404,"href":"https:\/\/wolfsmonitor.de\/index.php?rest_route=\/wp\/v2\/pages\/1275\/revisions\/1404"}],"up":[{"embeddable":true,"href":"https:\/\/wolfsmonitor.de\/index.php?rest_route=\/wp\/v2\/pages\/2131"}],"wp:attachment":[{"href":"https:\/\/wolfsmonitor.de\/index.php?rest_route=%2Fwp%2Fv2%2Fmedia&parent=1275"}],"curies":[{"name":"wp","href":"https:\/\/api.w.org\/{rel}","templated":true}]}}