{"id":15023,"date":"2018-10-01T08:07:04","date_gmt":"2018-10-01T06:07:04","guid":{"rendered":"https:\/\/wolfsmonitor.de\/?page_id=15023"},"modified":"2018-10-31T21:48:10","modified_gmt":"2018-10-31T19:48:10","slug":"beitraege-oktober-2018","status":"publish","type":"page","link":"https:\/\/wolfsmonitor.de\/?page_id=15023","title":{"rendered":"Beitr\u00e4ge Oktober 2018"},"content":{"rendered":"<p>Hier finden Sie alle Wolfsmonitor-Beitr\u00e4ge aus dem Oktober 2018.<\/p>\n<ol>\n<li><a href=\"https:\/\/wolfsmonitor.de\/?p=15017\" target=\"_blank\" rel=\"noopener\"><span style=\"color: #0000ff;\">Will Olaf Lies \u201esein\u201c Wolfsb\u00fcro loswerden?<\/span><\/a>, 1. Oktober 2018<\/li>\n<li><a href=\"https:\/\/wolfsmonitor.de\/?p=15029\" target=\"_blank\" rel=\"noopener\"><span style=\"color: #0000ff;\">\u201eSie alle m\u00fcssen weg.\u201c<\/span><\/a>, 2. Oktober 2018<\/li>\n<li><a href=\"https:\/\/wolfsmonitor.de\/?p=15034\" target=\"_blank\" rel=\"noopener\"><span style=\"color: #0000ff;\">Ein eher peinliches Propaganda-Filmchen&#8230;<\/span><\/a>, 3. Oktober 2018<\/li>\n<li><span style=\"color: #0000ff;\"><a style=\"color: #0000ff;\" href=\"https:\/\/wolfsmonitor.de\/?p=15056\" target=\"_blank\" rel=\"noopener\">Warum sich das Misstrauen in die politischen Institutionen aktuell erh\u00f6ht<\/a><\/span>, 4. Oktober 2018<\/li>\n<li><span style=\"color: #0000ff;\"><a style=\"color: #0000ff;\" href=\"https:\/\/wolfsmonitor.de\/?p=15073\" target=\"_blank\" rel=\"noopener\">Erneut illegal erschossener Wolf gefunden<\/a><\/span>, 4. Oktober 2018<\/li>\n<li><a href=\"https:\/\/wolfsmonitor.de\/?p=15077\" target=\"_blank\" rel=\"noopener\"><span style=\"color: #0000ff;\">Der besenderte Wolfsr\u00fcde &#8222;Anton&#8220; ist tot<\/span><\/a>, 5. Oktober 2018<\/li>\n<li><a href=\"https:\/\/wolfsmonitor.de\/?p=15083\" target=\"_blank\" rel=\"noopener\"><span style=\"color: #0000ff;\">Richtigstellung: Wolf bei Zitz wurde nicht erschossen<\/span><\/a>, 6. Oktober 2018<\/li>\n<li><a href=\"https:\/\/wolfsmonitor.de\/?p=15087\" target=\"_blank\" rel=\"noopener\"><span style=\"color: #0000ff;\">Schon wieder: W\u00f6lfin bei Usedom ums Leben gekommen<\/span><\/a>, 6. Oktober 2018<\/li>\n<li><a href=\"https:\/\/wolfsmonitor.de\/?p=15092\" target=\"_blank\" rel=\"noopener\"><span style=\"color: #0000ff;\">Aktion der Woche: Das MAZ-Wolfsforum<\/span><\/a>, 7. Oktober 2018<\/li>\n<li><span style=\"color: #0000ff;\"><a style=\"color: #0000ff;\" href=\"https:\/\/wolfsmonitor.de\/?p=15102\" target=\"_blank\" rel=\"noopener\">Leichtere Wolfsabsch\u00fcsse: Wollen drei Bundesl\u00e4nder das BNatSchG \u201eaush\u00f6hlen\u201c?<\/a><\/span>, 8. Oktober 2018<\/li>\n<li><span style=\"color: #0000ff;\"><a style=\"color: #0000ff;\" href=\"https:\/\/wolfsmonitor.de\/?p=15119\" target=\"_blank\" rel=\"noopener\">Br\u00fcssel: \u00c4nderung des Schutzstatus der W\u00f6lfe derzeit nicht geplant<\/a><\/span>, 8. Oktober 2018<\/li>\n<li><span style=\"color: #0000ff;\"><a style=\"color: #0000ff;\" href=\"https:\/\/wolfsmonitor.de\/?p=15126\" target=\"_blank\" rel=\"noopener\">Sachsen: 40 tote Schafe<\/a><\/span>, 10. Oktober 2018<\/li>\n<li><a href=\"https:\/\/wolfsmonitor.de\/?p=15131\" target=\"_blank\" rel=\"noopener\"><span style=\"color: #0000ff;\">Christian Berge: Der Unterschied zwischen \u201eerheblichen\u201c und \u201eernsten Wolfssch\u00e4den\u201c<\/span><\/a>, 12. Oktober 2018<\/li>\n<li><a href=\"https:\/\/wolfsmonitor.de\/?p=15138\" target=\"_blank\" rel=\"noopener\"><span style=\"color: #0000ff;\">Freundeskreis freilebender W\u00f6lfe: Offener Brief an Umweltminister Olaf Lies (Nds)<\/span><\/a>, 13. Oktober 2018<\/li>\n<li><span style=\"color: #0000ff;\"><a style=\"color: #0000ff;\" href=\"https:\/\/wolfsmonitor.de\/?p=15146\" target=\"_blank\" rel=\"noopener\">Deutschlands Anti-Wolfs-Landrat<\/a><\/span>, 15. Oktober 2018<\/li>\n<li><span style=\"color: #0000ff;\"><a style=\"color: #0000ff;\" href=\"https:\/\/wolfsmonitor.de\/?p=15156\" target=\"_blank\" rel=\"noopener\">Unselige Wolfsnarrative<\/a><\/span>, 16. Oktober 2018<\/li>\n<li><a href=\"https:\/\/wolfsmonitor.de\/?p=15167\" target=\"_blank\" rel=\"noopener\"><span style=\"color: #0000ff;\">Am Freitag: Zweifelhafte Bundesratsinitiative<\/span><\/a>, 17. Oktober 2018<\/li>\n<li><a href=\"https:\/\/wolfsmonitor.de\/?p=15176\" target=\"_blank\" rel=\"noopener\"><span style=\"color: #0000ff;\">&#8222;Harmlose Normalit\u00e4ten wie Wolfssichtungen bl\u00e4st Umweltminister Thomas Schmidt zum Skandal auf&#8220;<\/span><\/a>, 19. Oktober 2018<\/li>\n<li><span style=\"color: #0000ff;\"><a style=\"color: #0000ff;\" href=\"https:\/\/wolfsmonitor.de\/?p=15183\" target=\"_blank\" rel=\"noopener\">Reaktion auf Bundesratsinitiative: &#8222;Minister sollten der Gesellschaft nichts vorgaukeln!&#8220;<\/a><\/span>, 19. Oktober 2018<\/li>\n<li><span style=\"color: #0000ff;\"><a style=\"color: #0000ff;\" href=\"https:\/\/wolfsmonitor.de\/?p=15193\" target=\"_blank\" rel=\"noopener\">Gesellschaft zum Schutz der W\u00f6lfe: \u201eWolfsabschuss ist kein Herdenschutz!\u201c<\/a><\/span>, 22. Oktober 2018<\/li>\n<li><span style=\"color: #0000ff;\"><a style=\"color: #0000ff;\" href=\"https:\/\/wolfsmonitor.de\/?p=15199\" target=\"_blank\" rel=\"noopener\">Erneut ein einzigartiges Trauerspiel&#8230;<\/a><\/span>, 23. Oktober 2018<\/li>\n<li><span style=\"color: #0000ff;\"><a style=\"color: #0000ff;\" href=\"https:\/\/wolfsmonitor.de\/?p=15210\" target=\"_blank\" rel=\"noopener\">Manipulations-Meeting in Melle?<\/a><\/span>, 24. Oktober 2018<\/li>\n<li><a href=\"https:\/\/wolfsmonitor.de\/?p=15221\" target=\"_blank\" rel=\"noopener\"><span style=\"color: #0000ff;\">Niedersachsen: Schafsherde des Landtagsvizes attackiert<\/span><\/a>, 24. Oktober 2018<\/li>\n<li><span style=\"color: #0000ff;\"><a style=\"color: #0000ff;\" href=\"https:\/\/wolfsmonitor.de\/?p=15231\" target=\"_blank\" rel=\"noopener\">\u201e\u2026.das Blut der Weidetiere spritzt bis an die H\u00e4userw\u00e4nde.\u201c<\/a><\/span>, 25. Oktober 2018<\/li>\n<li><a href=\"https:\/\/wolfsmonitor.de\/?p=15250\" target=\"_blank\" rel=\"noopener\"><span style=\"color: #0000ff;\">Land Niedersachsen unterst\u00fctzt Hobbytierhalter mit Steuergeldern bei der Errichtung von Schutzz\u00e4unen<\/span><\/a>, 26. Oktober 2018<\/li>\n<li><span style=\"color: #0000ff;\"><a style=\"color: #0000ff;\" href=\"https:\/\/wolfsmonitor.de\/?p=15255\" target=\"_blank\" rel=\"noopener\">Niedersachsen: Schwere Vorw\u00fcrfe gegen das NLWKN und das Wolfsb\u00fcro<\/a><\/span>, 28. Oktober 2018<\/li>\n<li><span style=\"color: #0000ff;\"><a style=\"color: #0000ff;\" href=\"https:\/\/wolfsmonitor.de\/?p=15277\" target=\"_blank\" rel=\"noopener\">Wissenschaftler: H\u00e4ufigere Nutzviehrisse bei Wilderei<\/a>,<\/span> 31. Oktober 2018<\/li>\n<li><a href=\"https:\/\/wolfsmonitor.de\/?p=15286\" target=\"_blank\" rel=\"noopener\"><span style=\"color: #0000ff;\">Tragischer \u00dcbergriff auf Schafherde in Mecklenburg-Vorpommern<\/span><\/a>, 31. Oktober 2018<\/li>\n<\/ol>\n<p>Sie k\u00f6nnen alle Beitr\u00e4ge auch nach \u201cKategorien\u201d geordnet aufrufen. Bitte nutzen Sie dazu die gleichnamige Auswahl in der rechten Seitenleiste!<\/p>\n<p>Viel Spa\u00df!<\/p>\n<p>Ihr<\/p>\n<p>J\u00fcrgen Vogler<\/p>\n<div class=\"shariff shariff-align-center shariff-widget-align-center\" data-services=\"facebook%7Ctwitter\" data-url=\"https%3A%2F%2Fwolfsmonitor.de%2F%3Fpage_id%3D15023\" data-timestamp=\"1541022490\" data-backendurl=\"?rest_route=\/shariff\/v1\/share_counts&\"><ul class=\"shariff-buttons theme-color orientation-horizontal buttonsize-small\"><li class=\"shariff-button facebook shariff-nocustomcolor\" style=\"background-color:#4273c8\"><a href=\"https:\/\/www.facebook.com\/sharer\/sharer.php?u=https%3A%2F%2Fwolfsmonitor.de%2F%3Fpage_id%3D15023\" title=\"Bei Facebook teilen\" aria-label=\"Bei Facebook teilen\" role=\"button\" rel=\"nofollow\" class=\"shariff-link\" style=\"; background-color:#3b5998; color:#fff\" target=\"_blank\"><span class=\"shariff-icon\" style=\"\"><svg width=\"32px\" height=\"20px\" xmlns=\"http:\/\/www.w3.org\/2000\/svg\" viewBox=\"0 0 18 32\"><path fill=\"#3b5998\" d=\"M17.1 0.2v4.7h-2.8q-1.5 0-2.1 0.6t-0.5 1.9v3.4h5.2l-0.7 5.3h-4.5v13.6h-5.5v-13.6h-4.5v-5.3h4.5v-3.9q0-3.3 1.9-5.2t5-1.8q2.6 0 4.1 0.2z\"\/><\/svg><\/span><span class=\"shariff-text\">teilen<\/span>&nbsp;<span data-service=\"facebook\" style=\"color:#3b5998\" class=\"shariff-count shariff-hidezero\"><\/span>&nbsp;<\/a><\/li><li class=\"shariff-button twitter shariff-nocustomcolor\" style=\"background-color:#32bbf5\"><a href=\"https:\/\/twitter.com\/share?url=https%3A%2F%2Fwolfsmonitor.de%2F%3Fpage_id%3D15023&text=Beitr%C3%A4ge%20Oktober%202018\" title=\"Bei Twitter teilen\" aria-label=\"Bei Twitter teilen\" role=\"button\" rel=\"noopener nofollow\" class=\"shariff-link\" style=\"; background-color:#55acee; color:#fff\" target=\"_blank\"><span class=\"shariff-icon\" style=\"\"><svg width=\"32px\" height=\"20px\" xmlns=\"http:\/\/www.w3.org\/2000\/svg\" viewBox=\"0 0 30 32\"><path fill=\"#55acee\" d=\"M29.7 6.8q-1.2 1.8-3 3.1 0 0.3 0 0.8 0 2.5-0.7 4.9t-2.2 4.7-3.5 4-4.9 2.8-6.1 1q-5.1 0-9.3-2.7 0.6 0.1 1.5 0.1 4.3 0 7.6-2.6-2-0.1-3.5-1.2t-2.2-3q0.6 0.1 1.1 0.1 0.8 0 1.6-0.2-2.1-0.4-3.5-2.1t-1.4-3.9v-0.1q1.3 0.7 2.8 0.8-1.2-0.8-2-2.2t-0.7-2.9q0-1.7 0.8-3.1 2.3 2.8 5.5 4.5t7 1.9q-0.2-0.7-0.2-1.4 0-2.5 1.8-4.3t4.3-1.8q2.7 0 4.5 1.9 2.1-0.4 3.9-1.5-0.7 2.2-2.7 3.4 1.8-0.2 3.5-0.9z\"\/><\/svg><\/span><span class=\"shariff-text\">twittern<\/span>&nbsp;<span data-service=\"twitter\" style=\"color:#55acee\" class=\"shariff-count shariff-hidezero\"><\/span>&nbsp;<\/a><\/li><li class=\"shariff-button rss shariff-nocustomcolor\" style=\"background-color:#ff8c00\"><a href=\"https:\/\/wolfsmonitor.de\/?feed=rss\" title=\"RSS-feed\" aria-label=\"RSS-feed\" role=\"button\" class=\"shariff-link\" style=\"; background-color:#fe9312; color:#fff\" target=\"_blank\"><span class=\"shariff-icon\" style=\"\"><svg width=\"32px\" height=\"20px\" xmlns=\"http:\/\/www.w3.org\/2000\/svg\" viewBox=\"0 0 32 32\"><path fill=\"#fe9312\" d=\"M4.3 23.5c-2.3 0-4.3 1.9-4.3 4.3 0 2.3 1.9 4.2 4.3 4.2 2.4 0 4.3-1.9 4.3-4.2 0-2.3-1.9-4.3-4.3-4.3zM0 10.9v6.1c4 0 7.7 1.6 10.6 4.4 2.8 2.8 4.4 6.6 4.4 10.6h6.2c0-11.7-9.5-21.1-21.1-21.1zM0 0v6.1c14.2 0 25.8 11.6 25.8 25.9h6.2c0-17.6-14.4-32-32-32z\"\/><\/svg><\/span><span class=\"shariff-text\">RSS-feed<\/span>&nbsp;<\/a><\/li><li class=\"shariff-button mailto shariff-nocustomcolor\" style=\"background-color:#a8a8a8\"><a href=\"mailto:?body=https%3A%2F%2Fwolfsmonitor.de%2F%3Fpage_id%3D15023&subject=Beitr%C3%A4ge%20Oktober%202018\" title=\"Per E-Mail versenden\" aria-label=\"Per E-Mail versenden\" role=\"button\" rel=\"noopener nofollow\" class=\"shariff-link\" style=\"; background-color:#999; color:#fff\"><span class=\"shariff-icon\" style=\"\"><svg width=\"32px\" height=\"20px\" xmlns=\"http:\/\/www.w3.org\/2000\/svg\" viewBox=\"0 0 32 32\"><path fill=\"#999\" d=\"M32 12.7v14.2q0 1.2-0.8 2t-2 0.9h-26.3q-1.2 0-2-0.9t-0.8-2v-14.2q0.8 0.9 1.8 1.6 6.5 4.4 8.9 6.1 1 0.8 1.6 1.2t1.7 0.9 2 0.4h0.1q0.9 0 2-0.4t1.7-0.9 1.6-1.2q3-2.2 8.9-6.1 1-0.7 1.8-1.6zM32 7.4q0 1.4-0.9 2.7t-2.2 2.2q-6.7 4.7-8.4 5.8-0.2 0.1-0.7 0.5t-1 0.7-0.9 0.6-1.1 0.5-0.9 0.2h-0.1q-0.4 0-0.9-0.2t-1.1-0.5-0.9-0.6-1-0.7-0.7-0.5q-1.6-1.1-4.7-3.2t-3.6-2.6q-1.1-0.7-2.1-2t-1-2.5q0-1.4 0.7-2.3t2.1-0.9h26.3q1.2 0 2 0.8t0.9 2z\"\/><\/svg><\/span><span class=\"shariff-text\">E-Mail<\/span>&nbsp;<\/a><\/li><li class=\"shariff-button info shariff-nocustomcolor\" style=\"background-color:#a8a8a8\"><a href=\"http:\/\/ct.de\/-2467514\" title=\"Weitere Informationen\" aria-label=\"Weitere Informationen\" role=\"button\" rel=\"noopener \" class=\"shariff-link\" style=\"; background-color:#999; color:#fff\" target=\"_blank\"><span class=\"shariff-icon\" style=\"\"><svg width=\"32px\" height=\"20px\" xmlns=\"http:\/\/www.w3.org\/2000\/svg\" viewBox=\"0 0 11 32\"><path fill=\"#999\" d=\"M11.4 24v2.3q0 0.5-0.3 0.8t-0.8 0.4h-9.1q-0.5 0-0.8-0.4t-0.4-0.8v-2.3q0-0.5 0.4-0.8t0.8-0.4h1.1v-6.8h-1.1q-0.5 0-0.8-0.4t-0.4-0.8v-2.3q0-0.5 0.4-0.8t0.8-0.4h6.8q0.5 0 0.8 0.4t0.4 0.8v10.3h1.1q0.5 0 0.8 0.4t0.3 0.8zM9.2 3.4v3.4q0 0.5-0.4 0.8t-0.8 0.4h-4.6q-0.4 0-0.8-0.4t-0.4-0.8v-3.4q0-0.4 0.4-0.8t0.8-0.4h4.6q0.5 0 0.8 0.4t0.4 0.8z\"\/><\/svg><\/span><\/a><\/li><\/ul><\/div>","protected":false},"excerpt":{"rendered":"<p>Hier finden Sie alle Wolfsmonitor-Beitr\u00e4ge aus dem Oktober 2018. Will Olaf Lies \u201esein\u201c Wolfsb\u00fcro loswerden?, 1. Oktober 2018 \u201eSie alle m\u00fcssen weg.\u201c, 2. Oktober 2018 Ein eher peinliches Propaganda-Filmchen&#8230;, 3. Oktober 2018 Warum sich das Misstrauen in die politischen Institutionen aktuell erh\u00f6ht, 4. Oktober 2018 Erneut illegal erschossener Wolf gefunden, 4. Oktober 2018 Der besenderte [&hellip;]<\/p>\n<div class=\"shariff shariff-align-center shariff-widget-align-center\" data-services=\"facebook%7Ctwitter\" data-url=\"https%3A%2F%2Fwolfsmonitor.de%2F%3Fpage_id%3D15023\" data-timestamp=\"1541022490\" data-backendurl=\"?rest_route=\/shariff\/v1\/share_counts&\"><ul class=\"shariff-buttons theme-color orientation-horizontal buttonsize-small\"><li class=\"shariff-button facebook shariff-nocustomcolor\" style=\"background-color:#4273c8\"><a href=\"https:\/\/www.facebook.com\/sharer\/sharer.php?u=https%3A%2F%2Fwolfsmonitor.de%2F%3Fpage_id%3D15023\" title=\"Bei Facebook teilen\" aria-label=\"Bei Facebook teilen\" role=\"button\" rel=\"nofollow\" class=\"shariff-link\" style=\"; background-color:#3b5998; color:#fff\" target=\"_blank\"><span class=\"shariff-icon\" style=\"\"><svg width=\"32px\" height=\"20px\" xmlns=\"http:\/\/www.w3.org\/2000\/svg\" viewBox=\"0 0 18 32\"><path fill=\"#3b5998\" d=\"M17.1 0.2v4.7h-2.8q-1.5 0-2.1 0.6t-0.5 1.9v3.4h5.2l-0.7 5.3h-4.5v13.6h-5.5v-13.6h-4.5v-5.3h4.5v-3.9q0-3.3 1.9-5.2t5-1.8q2.6 0 4.1 0.2z\"\/><\/svg><\/span><span class=\"shariff-text\">teilen<\/span>&nbsp;<span data-service=\"facebook\" style=\"color:#3b5998\" class=\"shariff-count shariff-hidezero\"><\/span>&nbsp;<\/a><\/li><li class=\"shariff-button twitter shariff-nocustomcolor\" style=\"background-color:#32bbf5\"><a href=\"https:\/\/twitter.com\/share?url=https%3A%2F%2Fwolfsmonitor.de%2F%3Fpage_id%3D15023&text=Beitr%C3%A4ge%20Oktober%202018\" title=\"Bei Twitter teilen\" aria-label=\"Bei Twitter teilen\" role=\"button\" rel=\"noopener nofollow\" class=\"shariff-link\" style=\"; background-color:#55acee; color:#fff\" target=\"_blank\"><span class=\"shariff-icon\" style=\"\"><svg width=\"32px\" height=\"20px\" xmlns=\"http:\/\/www.w3.org\/2000\/svg\" viewBox=\"0 0 30 32\"><path fill=\"#55acee\" d=\"M29.7 6.8q-1.2 1.8-3 3.1 0 0.3 0 0.8 0 2.5-0.7 4.9t-2.2 4.7-3.5 4-4.9 2.8-6.1 1q-5.1 0-9.3-2.7 0.6 0.1 1.5 0.1 4.3 0 7.6-2.6-2-0.1-3.5-1.2t-2.2-3q0.6 0.1 1.1 0.1 0.8 0 1.6-0.2-2.1-0.4-3.5-2.1t-1.4-3.9v-0.1q1.3 0.7 2.8 0.8-1.2-0.8-2-2.2t-0.7-2.9q0-1.7 0.8-3.1 2.3 2.8 5.5 4.5t7 1.9q-0.2-0.7-0.2-1.4 0-2.5 1.8-4.3t4.3-1.8q2.7 0 4.5 1.9 2.1-0.4 3.9-1.5-0.7 2.2-2.7 3.4 1.8-0.2 3.5-0.9z\"\/><\/svg><\/span><span class=\"shariff-text\">twittern<\/span>&nbsp;<span data-service=\"twitter\" style=\"color:#55acee\" class=\"shariff-count shariff-hidezero\"><\/span>&nbsp;<\/a><\/li><li class=\"shariff-button rss shariff-nocustomcolor\" style=\"background-color:#ff8c00\"><a href=\"https:\/\/wolfsmonitor.de\/?feed=rss\" title=\"RSS-feed\" aria-label=\"RSS-feed\" role=\"button\" class=\"shariff-link\" style=\"; background-color:#fe9312; color:#fff\" target=\"_blank\"><span class=\"shariff-icon\" style=\"\"><svg width=\"32px\" height=\"20px\" xmlns=\"http:\/\/www.w3.org\/2000\/svg\" viewBox=\"0 0 32 32\"><path fill=\"#fe9312\" d=\"M4.3 23.5c-2.3 0-4.3 1.9-4.3 4.3 0 2.3 1.9 4.2 4.3 4.2 2.4 0 4.3-1.9 4.3-4.2 0-2.3-1.9-4.3-4.3-4.3zM0 10.9v6.1c4 0 7.7 1.6 10.6 4.4 2.8 2.8 4.4 6.6 4.4 10.6h6.2c0-11.7-9.5-21.1-21.1-21.1zM0 0v6.1c14.2 0 25.8 11.6 25.8 25.9h6.2c0-17.6-14.4-32-32-32z\"\/><\/svg><\/span><span class=\"shariff-text\">RSS-feed<\/span>&nbsp;<\/a><\/li><li class=\"shariff-button mailto shariff-nocustomcolor\" style=\"background-color:#a8a8a8\"><a href=\"mailto:?body=https%3A%2F%2Fwolfsmonitor.de%2F%3Fpage_id%3D15023&subject=Beitr%C3%A4ge%20Oktober%202018\" title=\"Per E-Mail versenden\" aria-label=\"Per E-Mail versenden\" role=\"button\" rel=\"noopener nofollow\" class=\"shariff-link\" style=\"; background-color:#999; color:#fff\"><span class=\"shariff-icon\" style=\"\"><svg width=\"32px\" height=\"20px\" xmlns=\"http:\/\/www.w3.org\/2000\/svg\" viewBox=\"0 0 32 32\"><path fill=\"#999\" d=\"M32 12.7v14.2q0 1.2-0.8 2t-2 0.9h-26.3q-1.2 0-2-0.9t-0.8-2v-14.2q0.8 0.9 1.8 1.6 6.5 4.4 8.9 6.1 1 0.8 1.6 1.2t1.7 0.9 2 0.4h0.1q0.9 0 2-0.4t1.7-0.9 1.6-1.2q3-2.2 8.9-6.1 1-0.7 1.8-1.6zM32 7.4q0 1.4-0.9 2.7t-2.2 2.2q-6.7 4.7-8.4 5.8-0.2 0.1-0.7 0.5t-1 0.7-0.9 0.6-1.1 0.5-0.9 0.2h-0.1q-0.4 0-0.9-0.2t-1.1-0.5-0.9-0.6-1-0.7-0.7-0.5q-1.6-1.1-4.7-3.2t-3.6-2.6q-1.1-0.7-2.1-2t-1-2.5q0-1.4 0.7-2.3t2.1-0.9h26.3q1.2 0 2 0.8t0.9 2z\"\/><\/svg><\/span><span class=\"shariff-text\">E-Mail<\/span>&nbsp;<\/a><\/li><li class=\"shariff-button info shariff-nocustomcolor\" style=\"background-color:#a8a8a8\"><a href=\"http:\/\/ct.de\/-2467514\" title=\"Weitere Informationen\" aria-label=\"Weitere Informationen\" role=\"button\" rel=\"noopener \" class=\"shariff-link\" style=\"; background-color:#999; color:#fff\" target=\"_blank\"><span class=\"shariff-icon\" style=\"\"><svg width=\"32px\" height=\"20px\" xmlns=\"http:\/\/www.w3.org\/2000\/svg\" viewBox=\"0 0 11 32\"><path fill=\"#999\" d=\"M11.4 24v2.3q0 0.5-0.3 0.8t-0.8 0.4h-9.1q-0.5 0-0.8-0.4t-0.4-0.8v-2.3q0-0.5 0.4-0.8t0.8-0.4h1.1v-6.8h-1.1q-0.5 0-0.8-0.4t-0.4-0.8v-2.3q0-0.5 0.4-0.8t0.8-0.4h6.8q0.5 0 0.8 0.4t0.4 0.8v10.3h1.1q0.5 0 0.8 0.4t0.3 0.8zM9.2 3.4v3.4q0 0.5-0.4 0.8t-0.8 0.4h-4.6q-0.4 0-0.8-0.4t-0.4-0.8v-3.4q0-0.4 0.4-0.8t0.8-0.4h4.6q0.5 0 0.8 0.4t0.4 0.8z\"\/><\/svg><\/span><\/a><\/li><\/ul><\/div>","protected":false},"author":1,"featured_media":0,"parent":11991,"menu_order":10,"comment_status":"closed","ping_status":"closed","template":"","meta":{"spay_email":""},"jetpack_shortlink":"https:\/\/wp.me\/P61YbU-3Uj","jetpack-related-posts":[{"id":17956,"url":"https:\/\/wolfsmonitor.de\/?page_id=17956","url_meta":{"origin":15023,"position":0},"title":"Beitr\u00e4ge Oktober 2019","date":"1. Oktober 2019","format":false,"excerpt":"Hier finden Sie alle Beitr\u00e4ge aus dem Oktober 2019, dem vierunf\u00fcnfzigsten Monat dieses Blogs! Bitte klicken Sie direkt auf den gew\u00fcnschten Titel in der Menueauswahl oder auf folgende, chronologisch angeordnete Beitrags\u00fcberschriften: Immer wieder dieselben Lieder\u2026, 1. Oktober 2019 Calanda-W\u00f6lfin vermutlich tot, 2. Oktober 2019 Emsl\u00e4ndischer B\u00fcrgermeister: W\u00f6lfe und AfD geh\u00f6ren\u2026","rel":"","context":"\u00c4hnlicher Beitrag","img":{"alt_text":"","src":"","width":0,"height":0},"classes":[]},{"id":1392,"url":"https:\/\/wolfsmonitor.de\/?page_id=1392","url_meta":{"origin":15023,"position":1},"title":"Beitr\u00e4ge Oktober 2015","date":"1. Oktober 2015","format":false,"excerpt":"Hier finden Sie alle Beitr\u00e4ge aus dem Oktober 2015, dem siebten Monat des Blogs! Bitte klicken Sie direkt auf den gew\u00fcnschten Titel im \"Klappmenue\" oben oder auf folgende, chronologisch angeordnete Beitrags\u00fcberschriften: \u00a0Interview: 3 Antworten von Ralph Schr\u00e4der, 01. Oktober 2015 Tanja Askani: Die vier Bed\u00fcrfnisse der W\u00f6lfe, 03. Oktober 2015\u2026","rel":"","context":"\u00c4hnlicher Beitrag","img":{"alt_text":"","src":"","width":0,"height":0},"classes":[]},{"id":5281,"url":"https:\/\/wolfsmonitor.de\/?page_id=5281","url_meta":{"origin":15023,"position":2},"title":"Beitr\u00e4ge Oktober 2016","date":"1. Oktober 2016","format":false,"excerpt":"Hier finden Sie alle Beitr\u00e4ge aus dem Oktober 2016! Bitte klicken Sie direkt auf den gew\u00fcnschten Titel im \"Klappmenue\" oben oder auf folgende, chronologisch angeordnete Beitrags\u00fcberschriften: Norwegen: Bereits mehr als 200.000 Unterschriften innerhalb von zwei Wochen gegen Wolfst\u00f6tungen, 1. Oktober 2016 Nutztierhaltung 4.0: \u201eAlptracker\u201c, 2. Oktober 2016 Markige T\u00f6ne aus\u2026","rel":"","context":"\u00c4hnlicher Beitrag","img":{"alt_text":"","src":"","width":0,"height":0},"classes":[]},{"id":10676,"url":"https:\/\/wolfsmonitor.de\/?page_id=10676","url_meta":{"origin":15023,"position":3},"title":"Beitr\u00e4ge Oktober 2017","date":"1. Oktober 2017","format":false,"excerpt":"Hier finden Sie alle Wolfsmonitor-Beitr\u00e4ge aus dem Oktober 2017! Bitte klicken Sie direkt auf den gew\u00fcnschten Titel im \"Klappmenue\" oben unter \"Beitr\u00e4ge\" oder auf folgende, chronologisch angeordnete Beitrags\u00fcberschriften: \u201eWolfst\u00f6tung w\u00e4re ein Armutszeugnis f\u00fcr den Artenschutz\u201c, 1. Oktober 2017 Vorsitzender der J\u00e4gerschaft: \"Aufnahme des Wolfs ins Jagdrecht wenig zielf\u00fchrend\", 2. Oktober\u2026","rel":"","context":"\u00c4hnlicher Beitrag","img":{"alt_text":"","src":"","width":0,"height":0},"classes":[]},{"id":1108,"url":"https:\/\/wolfsmonitor.de\/?page_id=1108","url_meta":{"origin":15023,"position":4},"title":"Beitr\u00e4ge September 2015","date":"3. September 2015","format":false,"excerpt":"Hier finden Sie alle Beitr\u00e4ge aus dem September 2015, dem sechsten Monat des Blogs! Bitte klicken Sie direkt auf den gew\u00fcnschten Titel im \"Klappmenue\" oder auf folgende, chronologisch angeordnete Beitrags\u00fcberschriften: \u00a0B\u00fcrgerstiftung f\u00f6rdert Wolfsbetreuer, 3. September 2015 Josef H. Reichholf: Jagd auf wandernde Arten unvertretbar!, 5. September 2015 W\u00f6lfe dieses Wochenende\u2026","rel":"","context":"\u00c4hnlicher Beitrag","img":{"alt_text":"","src":"","width":0,"height":0},"classes":[]},{"id":6943,"url":"https:\/\/wolfsmonitor.de\/?page_id=6943","url_meta":{"origin":15023,"position":5},"title":"Beitr\u00e4ge aus dem Jahr 2015","date":"1. Januar 2017","format":false,"excerpt":"Zur Weiterleitung bitte auf den jeweiligen Monat klicken! Dezember 2015 November 2015 Oktober 2015 September 2015 August 2015 Juli 2015 Juni 2015 Mai 2015 Blogstart im April 2015","rel":"","context":"\u00c4hnlicher Beitrag","img":{"alt_text":"","src":"","width":0,"height":0},"classes":[]}],"_links":{"self":[{"href":"https:\/\/wolfsmonitor.de\/index.php?rest_route=\/wp\/v2\/pages\/15023"}],"collection":[{"href":"https:\/\/wolfsmonitor.de\/index.php?rest_route=\/wp\/v2\/pages"}],"about":[{"href":"https:\/\/wolfsmonitor.de\/index.php?rest_route=\/wp\/v2\/types\/page"}],"author":[{"embeddable":true,"href":"https:\/\/wolfsmonitor.de\/index.php?rest_route=\/wp\/v2\/users\/1"}],"replies":[{"embeddable":true,"href":"https:\/\/wolfsmonitor.de\/index.php?rest_route=%2Fwp%2Fv2%2Fcomments&post=15023"}],"version-history":[{"count":30,"href":"https:\/\/wolfsmonitor.de\/index.php?rest_route=\/wp\/v2\/pages\/15023\/revisions"}],"predecessor-version":[{"id":15294,"href":"https:\/\/wolfsmonitor.de\/index.php?rest_route=\/wp\/v2\/pages\/15023\/revisions\/15294"}],"up":[{"embeddable":true,"href":"https:\/\/wolfsmonitor.de\/index.php?rest_route=\/wp\/v2\/pages\/11991"}],"wp:attachment":[{"href":"https:\/\/wolfsmonitor.de\/index.php?rest_route=%2Fwp%2Fv2%2Fmedia&parent=15023"}],"curies":[{"name":"wp","href":"https:\/\/api.w.org\/{rel}","templated":true}]}}