{"id":15303,"date":"2018-11-01T11:40:59","date_gmt":"2018-11-01T09:40:59","guid":{"rendered":"https:\/\/wolfsmonitor.de\/?page_id=15303"},"modified":"2018-11-29T20:49:07","modified_gmt":"2018-11-29T18:49:07","slug":"beitraege-november-2018","status":"publish","type":"page","link":"https:\/\/wolfsmonitor.de\/?page_id=15303","title":{"rendered":"Beitr\u00e4ge November 2018"},"content":{"rendered":"<p>Hier finden Sie alle Wolfsmonitor-Beitr\u00e4ge aus dem November 2018.<\/p>\n<ol>\n<li><span style=\"color: #0000ff;\"><a style=\"color: #0000ff;\" href=\"https:\/\/wolfsmonitor.de\/?p=15306\" target=\"_blank\" rel=\"noopener\">Das Wolf-Abwehr-Produkt schlechthin!<\/a>,<\/span> 1. November 2018<\/li>\n<li><a href=\"https:\/\/wolfsmonitor.de\/?p=15322\" target=\"_blank\" rel=\"noopener\"><span style=\"color: #0000ff;\">Kerze statt Mahnfeuer,<\/span><\/a> 1. November 2018<\/li>\n<li><a href=\"https:\/\/wolfsmonitor.de\/?p=15328\" target=\"_blank\" rel=\"noopener\"><span style=\"color: #0000ff;\">Freundeskreis freilebender W\u00f6lfe: Stellungnahme zur Bundesratsinitiative<\/span><\/a>, 2. November 2018<\/li>\n<li><a href=\"https:\/\/wolfsmonitor.de\/?p=15335\" target=\"_blank\" rel=\"noopener\"><span style=\"color: #0000ff;\">Veranstaltung in Walsrode: Debatte mit Anti-Wolfs-Attit\u00fcde<\/span><\/a>, 3. November 2018<\/li>\n<li><span style=\"color: #0000ff;\"><a style=\"color: #0000ff;\" href=\"https:\/\/wolfsmonitor.de\/?p=15344\" target=\"_blank\" rel=\"noopener\">Schonungslose Analyse des menschlichen Raubbaus an der Erde<\/a><\/span>, 4. November 2018<\/li>\n<li><span style=\"color: #0000ff;\"><a style=\"color: #0000ff;\" href=\"https:\/\/wolfsmonitor.de\/?p=15348\" target=\"_blank\" rel=\"noopener\">Wolfsjahr 2017\/2018: Insgesamt 73 Wolfsrudel in Deutschland<\/a><\/span>, 5. November 2018<\/li>\n<li><a href=\"https:\/\/wolfsmonitor.de\/?p=15358\" target=\"_blank\" rel=\"noopener\"><span style=\"color: #0000ff;\">CDU Ostfriesland fordert wolfsfreie K\u00fcstenzone<\/span><\/a>, 7. November 2018<\/li>\n<li><a href=\"https:\/\/wolfsmonitor.de\/?p=15362\" target=\"_blank\" rel=\"noopener\"><span style=\"color: #0000ff;\">Der Wolf und der Untergang der Demokratie<\/span><\/a>, 7. November 2018<\/li>\n<li><span style=\"color: #0000ff;\"><a style=\"color: #0000ff;\" href=\"https:\/\/wolfsmonitor.de\/?p=15386\" target=\"_blank\" rel=\"noopener\">Ausweisung \u201ewolfsfreier Zonen\u201c rechtswidrig!<\/a><\/span>, 8. November 2018<\/li>\n<li><span style=\"color: #0000ff;\"><a style=\"color: #0000ff;\" href=\"https:\/\/wolfsmonitor.de\/?p=15400\" target=\"_blank\" rel=\"noopener\">Neun Verb\u00e4nde ver\u00f6ffentlichen verst\u00f6renden \u201cBrief\u201d an die 91. Umweltminister-Konferenz<\/a><\/span>, 9. November 2018<\/li>\n<li><a href=\"https:\/\/wolfsmonitor.de\/?p=15420\" target=\"_blank\" rel=\"noopener\"><span style=\"color: #0000ff;\">EU macht den Weg frei: 100% Unterst\u00fctzung beim Wolfsschutz f\u00fcr Weidetierhalter m\u00f6glich<\/span><\/a>, 9. November 2018<\/li>\n<li><a href=\"https:\/\/wolfsmonitor.de\/?p=15424\" target=\"_blank\" rel=\"noopener\"><span style=\"color: #0000ff;\">Gef\u00fchlsecht nur mit dem Jagdverband?<\/span><\/a>, 10. November 2018<\/li>\n<li><span style=\"color: #0000ff;\"><a style=\"color: #0000ff;\" href=\"https:\/\/wolfsmonitor.de\/?p=15435\" target=\"_blank\" rel=\"noopener\">Trennt Bef\u00fcrworter und Gegner der W\u00f6lfe nur noch eine kleine H\u00fcrde?<\/a><\/span>, 11.November 2018<\/li>\n<li><span style=\"color: #0000ff;\"><a style=\"color: #0000ff;\" href=\"https:\/\/wolfsmonitor.de\/?p=15457\" target=\"_blank\" rel=\"noopener\">BUND-Petition appeliert an Brandenburgs Umweltminister: Sch\u00fctzen statt schie\u00dfen!<\/a><\/span>, 13. November 2018<\/li>\n<li><a href=\"https:\/\/wolfsmonitor.de\/?p=15471\" target=\"_blank\" rel=\"noopener\"><span style=\"color: #0000ff;\">Get\u00f6teter Wolf wurde mit Schrot beschossen<\/span><\/a>, 13. November 2018<\/li>\n<li><span style=\"color: #0000ff;\"><a style=\"color: #0000ff;\" href=\"https:\/\/wolfsmonitor.de\/?p=15476\" target=\"_blank\" rel=\"noopener\">Stefan Aust &amp; Godwin\u2019s law,<\/a> <\/span>14. November 2018<\/li>\n<li><span style=\"color: #0000ff;\"><a style=\"color: #0000ff;\" href=\"https:\/\/wolfsmonitor.de\/?p=15487\" target=\"_blank\" rel=\"noopener\">Tote Wolfsf\u00e4he im Emsland<\/a><\/span>, 15. November 2018<\/li>\n<li><span style=\"color: #0000ff;\"><a style=\"color: #0000ff;\" href=\"https:\/\/wolfsmonitor.de\/?p=15495\" target=\"_blank\" rel=\"noopener\">Wieviel W\u00f6lfe umfasst der &#8222;g\u00fcnstige Erhaltungszustand&#8220;?<\/a><\/span>, 17. November 2018<\/li>\n<li><span style=\"color: #0000ff;\"><a style=\"color: #0000ff;\" href=\"https:\/\/wolfsmonitor.de\/?p=15502\" target=\"_blank\" rel=\"noopener\">Genetische Vielfalt der W\u00f6lfe in Europa nur noch halb so gro\u00df wie ehemals<\/a><\/span>, 18. November 2018<\/li>\n<li><span style=\"color: #0000ff;\"><a style=\"color: #0000ff;\" href=\"https:\/\/wolfsmonitor.de\/?p=15511\" target=\"_blank\" rel=\"noopener\">Althusmanns Wahlkreis: Podiumsdiskussion zum Wolf ohne Experten und Wolfsbef\u00fcrworter<\/a><\/span>, 19. November 2018<\/li>\n<li><a href=\"https:\/\/wolfsmonitor.de\/?p=15523\" target=\"_blank\" rel=\"noopener\"><span style=\"color: #0000ff;\">Niedersachsen: Hobbysch\u00e4fer nutzt Herdenschutzhunde<\/span><\/a>, 20. November 2018<\/li>\n<li><span style=\"color: #0000ff;\"><a style=\"color: #0000ff;\" href=\"https:\/\/wolfsmonitor.de\/?p=15532\" target=\"_blank\" rel=\"noopener\">Wolf heute bei Verkehrsunfall get\u00f6tet,<\/a><\/span> 21. November 2018<\/li>\n<li><span style=\"color: #0000ff;\"><a style=\"color: #0000ff;\" href=\"https:\/\/wolfsmonitor.de\/?p=15540\" target=\"_blank\" rel=\"noopener\">Nahbegegnung des &#8222;joggenden Bundespolizisten&#8220; mit Wolf offenbar nicht nachweisbar!<\/a><\/span>, 21. November 2018<\/li>\n<li><span style=\"color: #0000ff;\"><a style=\"color: #0000ff;\" href=\"https:\/\/wolfsmonitor.de\/?p=15554\" target=\"_blank\" rel=\"noopener\">NABU: Alarmierende Zunahme illegaler Wolfst\u00f6tungen<\/a>,<\/span> 23.November 2018<\/li>\n<li><span style=\"color: #0000ff;\"><a style=\"color: #0000ff;\" href=\"https:\/\/wolfsmonitor.de\/?p=15560\" target=\"_blank\" rel=\"noopener\">Drohen strafrechtliche Konsequenzen f\u00fcr CDU-Politiker Egon Primas?<\/a><\/span>, 24. November 2018<\/li>\n<li><span style=\"color: #0000ff;\"><a style=\"color: #0000ff;\" href=\"https:\/\/wolfsmonitor.de\/?p=15565\" target=\"_blank\" rel=\"noopener\">3.000 W\u00f6lfe und keine Probleme<\/a><\/span>, 25. November 2018<\/li>\n<li><span style=\"color: #0000ff;\"><a style=\"color: #0000ff;\" href=\"https:\/\/wolfsmonitor.de\/?p=15571\" target=\"_blank\" rel=\"noopener\">Jetzt auch W\u00f6lfe in Potsdam<\/a><\/span>, 27. November 2018<\/li>\n<li><a href=\"https:\/\/wolfsmonitor.de\/?p=15579\" target=\"_blank\" rel=\"noopener\"><span style=\"color: #0000ff;\">Wolfsb\u00fcro Niedersachsen: Kopfsch\u00fctteln \u00fcber Umbaupl\u00e4ne<\/span><\/a>, 27. November 2018<\/li>\n<li><a href=\"https:\/\/wolfsmonitor.de\/?p=15594\" target=\"_blank\" rel=\"noopener\"><span style=\"color: #0000ff;\">Niedersachsen: Gemeindearbeiter von Wolf attackiert?<\/span><\/a>, 28. November 2018<\/li>\n<li><a href=\"https:\/\/wolfsmonitor.de\/?p=15611\" target=\"_blank\" rel=\"noopener\"><span style=\"color: #0000ff;\">Update zur vermeintlichen Wolfsattacke: Graut\u00f6ne<\/span><\/a>, 29. November 2018<\/li>\n<\/ol>\n<p>Sie k\u00f6nnen alle Beitr\u00e4ge auch nach \u201cKategorien\u201d geordnet aufrufen. Bitte nutzen Sie dazu die gleichnamige Auswahl in der rechten Seitenleiste!<\/p>\n<p>Viel Spa\u00df!<\/p>\n<p>Ihr<\/p>\n<p>J\u00fcrgen Vogler<\/p>\n<div class=\"shariff shariff-align-center shariff-widget-align-center\" data-services=\"facebook%7Ctwitter\" data-url=\"https%3A%2F%2Fwolfsmonitor.de%2F%3Fpage_id%3D15303\" data-timestamp=\"1543524547\" data-backendurl=\"?rest_route=\/shariff\/v1\/share_counts&\"><ul class=\"shariff-buttons theme-color orientation-horizontal buttonsize-small\"><li class=\"shariff-button facebook shariff-nocustomcolor\" style=\"background-color:#4273c8\"><a href=\"https:\/\/www.facebook.com\/sharer\/sharer.php?u=https%3A%2F%2Fwolfsmonitor.de%2F%3Fpage_id%3D15303\" title=\"Bei Facebook teilen\" aria-label=\"Bei Facebook teilen\" role=\"button\" rel=\"nofollow\" class=\"shariff-link\" style=\"; background-color:#3b5998; color:#fff\" target=\"_blank\"><span class=\"shariff-icon\" style=\"\"><svg width=\"32px\" height=\"20px\" xmlns=\"http:\/\/www.w3.org\/2000\/svg\" viewBox=\"0 0 18 32\"><path fill=\"#3b5998\" d=\"M17.1 0.2v4.7h-2.8q-1.5 0-2.1 0.6t-0.5 1.9v3.4h5.2l-0.7 5.3h-4.5v13.6h-5.5v-13.6h-4.5v-5.3h4.5v-3.9q0-3.3 1.9-5.2t5-1.8q2.6 0 4.1 0.2z\"\/><\/svg><\/span><span class=\"shariff-text\">teilen<\/span>&nbsp;<span data-service=\"facebook\" style=\"color:#3b5998\" class=\"shariff-count shariff-hidezero\"><\/span>&nbsp;<\/a><\/li><li class=\"shariff-button twitter shariff-nocustomcolor\" style=\"background-color:#32bbf5\"><a href=\"https:\/\/twitter.com\/share?url=https%3A%2F%2Fwolfsmonitor.de%2F%3Fpage_id%3D15303&text=Beitr%C3%A4ge%20November%202018\" title=\"Bei Twitter teilen\" aria-label=\"Bei Twitter teilen\" role=\"button\" rel=\"noopener nofollow\" class=\"shariff-link\" style=\"; background-color:#55acee; color:#fff\" target=\"_blank\"><span class=\"shariff-icon\" style=\"\"><svg width=\"32px\" height=\"20px\" xmlns=\"http:\/\/www.w3.org\/2000\/svg\" viewBox=\"0 0 30 32\"><path fill=\"#55acee\" d=\"M29.7 6.8q-1.2 1.8-3 3.1 0 0.3 0 0.8 0 2.5-0.7 4.9t-2.2 4.7-3.5 4-4.9 2.8-6.1 1q-5.1 0-9.3-2.7 0.6 0.1 1.5 0.1 4.3 0 7.6-2.6-2-0.1-3.5-1.2t-2.2-3q0.6 0.1 1.1 0.1 0.8 0 1.6-0.2-2.1-0.4-3.5-2.1t-1.4-3.9v-0.1q1.3 0.7 2.8 0.8-1.2-0.8-2-2.2t-0.7-2.9q0-1.7 0.8-3.1 2.3 2.8 5.5 4.5t7 1.9q-0.2-0.7-0.2-1.4 0-2.5 1.8-4.3t4.3-1.8q2.7 0 4.5 1.9 2.1-0.4 3.9-1.5-0.7 2.2-2.7 3.4 1.8-0.2 3.5-0.9z\"\/><\/svg><\/span><span class=\"shariff-text\">twittern<\/span>&nbsp;<span data-service=\"twitter\" style=\"color:#55acee\" class=\"shariff-count shariff-hidezero\"><\/span>&nbsp;<\/a><\/li><li class=\"shariff-button rss shariff-nocustomcolor\" style=\"background-color:#ff8c00\"><a href=\"https:\/\/wolfsmonitor.de\/?feed=rss\" title=\"RSS-feed\" aria-label=\"RSS-feed\" role=\"button\" class=\"shariff-link\" style=\"; background-color:#fe9312; color:#fff\" target=\"_blank\"><span class=\"shariff-icon\" style=\"\"><svg width=\"32px\" height=\"20px\" xmlns=\"http:\/\/www.w3.org\/2000\/svg\" viewBox=\"0 0 32 32\"><path fill=\"#fe9312\" d=\"M4.3 23.5c-2.3 0-4.3 1.9-4.3 4.3 0 2.3 1.9 4.2 4.3 4.2 2.4 0 4.3-1.9 4.3-4.2 0-2.3-1.9-4.3-4.3-4.3zM0 10.9v6.1c4 0 7.7 1.6 10.6 4.4 2.8 2.8 4.4 6.6 4.4 10.6h6.2c0-11.7-9.5-21.1-21.1-21.1zM0 0v6.1c14.2 0 25.8 11.6 25.8 25.9h6.2c0-17.6-14.4-32-32-32z\"\/><\/svg><\/span><span class=\"shariff-text\">RSS-feed<\/span>&nbsp;<\/a><\/li><li class=\"shariff-button mailto shariff-nocustomcolor\" style=\"background-color:#a8a8a8\"><a href=\"mailto:?body=https%3A%2F%2Fwolfsmonitor.de%2F%3Fpage_id%3D15303&subject=Beitr%C3%A4ge%20November%202018\" title=\"Per E-Mail versenden\" aria-label=\"Per E-Mail versenden\" role=\"button\" rel=\"noopener nofollow\" class=\"shariff-link\" style=\"; background-color:#999; color:#fff\"><span class=\"shariff-icon\" style=\"\"><svg width=\"32px\" height=\"20px\" xmlns=\"http:\/\/www.w3.org\/2000\/svg\" viewBox=\"0 0 32 32\"><path fill=\"#999\" d=\"M32 12.7v14.2q0 1.2-0.8 2t-2 0.9h-26.3q-1.2 0-2-0.9t-0.8-2v-14.2q0.8 0.9 1.8 1.6 6.5 4.4 8.9 6.1 1 0.8 1.6 1.2t1.7 0.9 2 0.4h0.1q0.9 0 2-0.4t1.7-0.9 1.6-1.2q3-2.2 8.9-6.1 1-0.7 1.8-1.6zM32 7.4q0 1.4-0.9 2.7t-2.2 2.2q-6.7 4.7-8.4 5.8-0.2 0.1-0.7 0.5t-1 0.7-0.9 0.6-1.1 0.5-0.9 0.2h-0.1q-0.4 0-0.9-0.2t-1.1-0.5-0.9-0.6-1-0.7-0.7-0.5q-1.6-1.1-4.7-3.2t-3.6-2.6q-1.1-0.7-2.1-2t-1-2.5q0-1.4 0.7-2.3t2.1-0.9h26.3q1.2 0 2 0.8t0.9 2z\"\/><\/svg><\/span><span class=\"shariff-text\">E-Mail<\/span>&nbsp;<\/a><\/li><li class=\"shariff-button info shariff-nocustomcolor\" style=\"background-color:#a8a8a8\"><a href=\"http:\/\/ct.de\/-2467514\" title=\"Weitere Informationen\" aria-label=\"Weitere Informationen\" role=\"button\" rel=\"noopener \" class=\"shariff-link\" style=\"; background-color:#999; color:#fff\" target=\"_blank\"><span class=\"shariff-icon\" style=\"\"><svg width=\"32px\" height=\"20px\" xmlns=\"http:\/\/www.w3.org\/2000\/svg\" viewBox=\"0 0 11 32\"><path fill=\"#999\" d=\"M11.4 24v2.3q0 0.5-0.3 0.8t-0.8 0.4h-9.1q-0.5 0-0.8-0.4t-0.4-0.8v-2.3q0-0.5 0.4-0.8t0.8-0.4h1.1v-6.8h-1.1q-0.5 0-0.8-0.4t-0.4-0.8v-2.3q0-0.5 0.4-0.8t0.8-0.4h6.8q0.5 0 0.8 0.4t0.4 0.8v10.3h1.1q0.5 0 0.8 0.4t0.3 0.8zM9.2 3.4v3.4q0 0.5-0.4 0.8t-0.8 0.4h-4.6q-0.4 0-0.8-0.4t-0.4-0.8v-3.4q0-0.4 0.4-0.8t0.8-0.4h4.6q0.5 0 0.8 0.4t0.4 0.8z\"\/><\/svg><\/span><\/a><\/li><\/ul><\/div>","protected":false},"excerpt":{"rendered":"<p>Hier finden Sie alle Wolfsmonitor-Beitr\u00e4ge aus dem November 2018. Das Wolf-Abwehr-Produkt schlechthin!, 1. November 2018 Kerze statt Mahnfeuer, 1. November 2018 Freundeskreis freilebender W\u00f6lfe: Stellungnahme zur Bundesratsinitiative, 2. November 2018 Veranstaltung in Walsrode: Debatte mit Anti-Wolfs-Attit\u00fcde, 3. November 2018 Schonungslose Analyse des menschlichen Raubbaus an der Erde, 4. November 2018 Wolfsjahr 2017\/2018: Insgesamt 73 Wolfsrudel [&hellip;]<\/p>\n<div class=\"shariff shariff-align-center shariff-widget-align-center\" data-services=\"facebook%7Ctwitter\" data-url=\"https%3A%2F%2Fwolfsmonitor.de%2F%3Fpage_id%3D15303\" data-timestamp=\"1543524547\" data-backendurl=\"?rest_route=\/shariff\/v1\/share_counts&\"><ul class=\"shariff-buttons theme-color orientation-horizontal buttonsize-small\"><li class=\"shariff-button facebook shariff-nocustomcolor\" style=\"background-color:#4273c8\"><a href=\"https:\/\/www.facebook.com\/sharer\/sharer.php?u=https%3A%2F%2Fwolfsmonitor.de%2F%3Fpage_id%3D15303\" title=\"Bei Facebook teilen\" aria-label=\"Bei Facebook teilen\" role=\"button\" rel=\"nofollow\" class=\"shariff-link\" style=\"; background-color:#3b5998; color:#fff\" target=\"_blank\"><span class=\"shariff-icon\" style=\"\"><svg width=\"32px\" height=\"20px\" xmlns=\"http:\/\/www.w3.org\/2000\/svg\" viewBox=\"0 0 18 32\"><path fill=\"#3b5998\" d=\"M17.1 0.2v4.7h-2.8q-1.5 0-2.1 0.6t-0.5 1.9v3.4h5.2l-0.7 5.3h-4.5v13.6h-5.5v-13.6h-4.5v-5.3h4.5v-3.9q0-3.3 1.9-5.2t5-1.8q2.6 0 4.1 0.2z\"\/><\/svg><\/span><span class=\"shariff-text\">teilen<\/span>&nbsp;<span data-service=\"facebook\" style=\"color:#3b5998\" class=\"shariff-count shariff-hidezero\"><\/span>&nbsp;<\/a><\/li><li class=\"shariff-button twitter shariff-nocustomcolor\" style=\"background-color:#32bbf5\"><a href=\"https:\/\/twitter.com\/share?url=https%3A%2F%2Fwolfsmonitor.de%2F%3Fpage_id%3D15303&text=Beitr%C3%A4ge%20November%202018\" title=\"Bei Twitter teilen\" aria-label=\"Bei Twitter teilen\" role=\"button\" rel=\"noopener nofollow\" class=\"shariff-link\" style=\"; background-color:#55acee; color:#fff\" target=\"_blank\"><span class=\"shariff-icon\" style=\"\"><svg width=\"32px\" height=\"20px\" xmlns=\"http:\/\/www.w3.org\/2000\/svg\" viewBox=\"0 0 30 32\"><path fill=\"#55acee\" d=\"M29.7 6.8q-1.2 1.8-3 3.1 0 0.3 0 0.8 0 2.5-0.7 4.9t-2.2 4.7-3.5 4-4.9 2.8-6.1 1q-5.1 0-9.3-2.7 0.6 0.1 1.5 0.1 4.3 0 7.6-2.6-2-0.1-3.5-1.2t-2.2-3q0.6 0.1 1.1 0.1 0.8 0 1.6-0.2-2.1-0.4-3.5-2.1t-1.4-3.9v-0.1q1.3 0.7 2.8 0.8-1.2-0.8-2-2.2t-0.7-2.9q0-1.7 0.8-3.1 2.3 2.8 5.5 4.5t7 1.9q-0.2-0.7-0.2-1.4 0-2.5 1.8-4.3t4.3-1.8q2.7 0 4.5 1.9 2.1-0.4 3.9-1.5-0.7 2.2-2.7 3.4 1.8-0.2 3.5-0.9z\"\/><\/svg><\/span><span class=\"shariff-text\">twittern<\/span>&nbsp;<span data-service=\"twitter\" style=\"color:#55acee\" class=\"shariff-count shariff-hidezero\"><\/span>&nbsp;<\/a><\/li><li class=\"shariff-button rss shariff-nocustomcolor\" style=\"background-color:#ff8c00\"><a href=\"https:\/\/wolfsmonitor.de\/?feed=rss\" title=\"RSS-feed\" aria-label=\"RSS-feed\" role=\"button\" class=\"shariff-link\" style=\"; background-color:#fe9312; color:#fff\" target=\"_blank\"><span class=\"shariff-icon\" style=\"\"><svg width=\"32px\" height=\"20px\" xmlns=\"http:\/\/www.w3.org\/2000\/svg\" viewBox=\"0 0 32 32\"><path fill=\"#fe9312\" d=\"M4.3 23.5c-2.3 0-4.3 1.9-4.3 4.3 0 2.3 1.9 4.2 4.3 4.2 2.4 0 4.3-1.9 4.3-4.2 0-2.3-1.9-4.3-4.3-4.3zM0 10.9v6.1c4 0 7.7 1.6 10.6 4.4 2.8 2.8 4.4 6.6 4.4 10.6h6.2c0-11.7-9.5-21.1-21.1-21.1zM0 0v6.1c14.2 0 25.8 11.6 25.8 25.9h6.2c0-17.6-14.4-32-32-32z\"\/><\/svg><\/span><span class=\"shariff-text\">RSS-feed<\/span>&nbsp;<\/a><\/li><li class=\"shariff-button mailto shariff-nocustomcolor\" style=\"background-color:#a8a8a8\"><a href=\"mailto:?body=https%3A%2F%2Fwolfsmonitor.de%2F%3Fpage_id%3D15303&subject=Beitr%C3%A4ge%20November%202018\" title=\"Per E-Mail versenden\" aria-label=\"Per E-Mail versenden\" role=\"button\" rel=\"noopener nofollow\" class=\"shariff-link\" style=\"; background-color:#999; color:#fff\"><span class=\"shariff-icon\" style=\"\"><svg width=\"32px\" height=\"20px\" xmlns=\"http:\/\/www.w3.org\/2000\/svg\" viewBox=\"0 0 32 32\"><path fill=\"#999\" d=\"M32 12.7v14.2q0 1.2-0.8 2t-2 0.9h-26.3q-1.2 0-2-0.9t-0.8-2v-14.2q0.8 0.9 1.8 1.6 6.5 4.4 8.9 6.1 1 0.8 1.6 1.2t1.7 0.9 2 0.4h0.1q0.9 0 2-0.4t1.7-0.9 1.6-1.2q3-2.2 8.9-6.1 1-0.7 1.8-1.6zM32 7.4q0 1.4-0.9 2.7t-2.2 2.2q-6.7 4.7-8.4 5.8-0.2 0.1-0.7 0.5t-1 0.7-0.9 0.6-1.1 0.5-0.9 0.2h-0.1q-0.4 0-0.9-0.2t-1.1-0.5-0.9-0.6-1-0.7-0.7-0.5q-1.6-1.1-4.7-3.2t-3.6-2.6q-1.1-0.7-2.1-2t-1-2.5q0-1.4 0.7-2.3t2.1-0.9h26.3q1.2 0 2 0.8t0.9 2z\"\/><\/svg><\/span><span class=\"shariff-text\">E-Mail<\/span>&nbsp;<\/a><\/li><li class=\"shariff-button info shariff-nocustomcolor\" style=\"background-color:#a8a8a8\"><a href=\"http:\/\/ct.de\/-2467514\" title=\"Weitere Informationen\" aria-label=\"Weitere Informationen\" role=\"button\" rel=\"noopener \" class=\"shariff-link\" style=\"; background-color:#999; color:#fff\" target=\"_blank\"><span class=\"shariff-icon\" style=\"\"><svg width=\"32px\" height=\"20px\" xmlns=\"http:\/\/www.w3.org\/2000\/svg\" viewBox=\"0 0 11 32\"><path fill=\"#999\" d=\"M11.4 24v2.3q0 0.5-0.3 0.8t-0.8 0.4h-9.1q-0.5 0-0.8-0.4t-0.4-0.8v-2.3q0-0.5 0.4-0.8t0.8-0.4h1.1v-6.8h-1.1q-0.5 0-0.8-0.4t-0.4-0.8v-2.3q0-0.5 0.4-0.8t0.8-0.4h6.8q0.5 0 0.8 0.4t0.4 0.8v10.3h1.1q0.5 0 0.8 0.4t0.3 0.8zM9.2 3.4v3.4q0 0.5-0.4 0.8t-0.8 0.4h-4.6q-0.4 0-0.8-0.4t-0.4-0.8v-3.4q0-0.4 0.4-0.8t0.8-0.4h4.6q0.5 0 0.8 0.4t0.4 0.8z\"\/><\/svg><\/span><\/a><\/li><\/ul><\/div>","protected":false},"author":1,"featured_media":0,"parent":11991,"menu_order":11,"comment_status":"closed","ping_status":"closed","template":"","meta":{"spay_email":""},"jetpack_shortlink":"https:\/\/wp.me\/P61YbU-3YP","jetpack-related-posts":[{"id":18030,"url":"https:\/\/wolfsmonitor.de\/?page_id=18030","url_meta":{"origin":15303,"position":0},"title":"Beitr\u00e4ge November2019","date":"2. November 2019","format":false,"excerpt":"Hier finden Sie alle Beitr\u00e4ge aus dem November 2019, dem f\u00fcnfundf\u00fcnfzigsten Monat dieses Blogs! Bitte klicken Sie direkt auf den gew\u00fcnschten Titel in der Menueauswahl oder auf folgende, chronologisch angeordnete Beitrags\u00fcberschriften: Wolf bei D\u00f6rverden: t\u00f6dliche Biss- statt Schussverletzungen, 2. November 2019 Erneut Wolf bei Jagd in Brandenburg erschossen, 3. November\u2026","rel":"","context":"\u00c4hnlicher Beitrag","img":{"alt_text":"","src":"","width":0,"height":0},"classes":[]},{"id":1709,"url":"https:\/\/wolfsmonitor.de\/?page_id=1709","url_meta":{"origin":15303,"position":1},"title":"Beitr\u00e4ge November 2015","date":"2. November 2015","format":false,"excerpt":"Hier finden Sie alle Beitr\u00e4ge aus dem November 2015, dem achten Monat des Blogs! Bitte klicken Sie direkt auf den gew\u00fcnschten Titel im \"Klappmenue\" oben oder auf folgende, chronologisch angeordnete Beitrags\u00fcberschriften: Thementag Wolf im Emsland Moormuseum, 2. November 2015 Wolfsmonitor ist Ergo-Award-Preistr\u00e4ger 2015, 3 . November 2015 Pferdeherde vereitelt Wolfsattacke,\u2026","rel":"","context":"\u00c4hnlicher Beitrag","img":{"alt_text":"","src":"","width":0,"height":0},"classes":[]},{"id":11138,"url":"https:\/\/wolfsmonitor.de\/?page_id=11138","url_meta":{"origin":15303,"position":2},"title":"Beitr\u00e4ge November 2017","date":"1. November 2017","format":false,"excerpt":"Hier finden Sie alle Wolfsmonitor-Beitr\u00e4ge aus dem November 2017! Bitte klicken Sie direkt auf den gew\u00fcnschten Titel im \"Klappmenue\" oben unter \"Beitr\u00e4ge\" oder auf folgende, chronologisch angeordnete Beitrags\u00fcberschriften: GzSdW und Freundeskreis freilebender W\u00f6lfe: S\u00e4chsisches Umweltministerium bringt Konsens in Gefahr!, 1. November 2017 G\u00fcnther Bloch: \"Bislang hatte Deutschland keinen einzigen Problemwolf\";\u2026","rel":"","context":"\u00c4hnlicher Beitrag","img":{"alt_text":"","src":"","width":0,"height":0},"classes":[]},{"id":5776,"url":"https:\/\/wolfsmonitor.de\/?page_id=5776","url_meta":{"origin":15303,"position":3},"title":"Beitr\u00e4ge November 2016","date":"1. November 2016","format":false,"excerpt":"Hier finden Sie alle Beitr\u00e4ge aus dem November 2016! Bitte klicken Sie direkt auf den gew\u00fcnschten Titel im \"Klappmenue\" oben oder auf folgende, chronologisch angeordnete Beitrags\u00fcberschriften: Kurzfristiger WikiWolves-Hilfseinsatz am 5. November in Brandenburg!, 1. November 2016 Gastautor Heiko Drawe: Motivation zur Besenderung der Goldenstedter W\u00f6lfin unklar!, 2. November 2016 Schweizer\u2026","rel":"","context":"\u00c4hnlicher Beitrag","img":{"alt_text":"","src":"","width":0,"height":0},"classes":[]},{"id":14773,"url":"https:\/\/wolfsmonitor.de\/?page_id=14773","url_meta":{"origin":15303,"position":4},"title":"Beitr\u00e4ge September 2018","date":"1. September 2018","format":false,"excerpt":"Hier finden Sie alle Wolfsmonitor-Beitr\u00e4ge aus dem September 2018. Bitte klicken Sie direkt auf den gew\u00fcnschten Titel im \"Klappmenue\" oben unter \"Beitr\u00e4ge\" oder auf folgende, chronologisch angeordnete Beitrags\u00fcberschriften: Der Wolfsmythen-Check: WWF nimmt zu g\u00e4ngigen Vorurteilen Stellung, 1. September 2018 \u00d6sterreich: 400 Wolfsrudel oder nur f\u00fcnf?, 3. September 2018 Wolfsattacke auf\u2026","rel":"","context":"\u00c4hnlicher Beitrag","img":{"alt_text":"","src":"","width":0,"height":0},"classes":[]},{"id":13890,"url":"https:\/\/wolfsmonitor.de\/?page_id=13890","url_meta":{"origin":15303,"position":5},"title":"Beitr\u00e4ge Juni 2018","date":"1. Juni 2018","format":false,"excerpt":"Hier finden Sie alle Wolfsmonitor-Beitr\u00e4ge aus dem Juni 2018. Bitte klicken Sie direkt auf den gew\u00fcnschten Titel im \"Klappmenue\" oben unter \"Beitr\u00e4ge\" oder auf folgende, chronologisch angeordnete Beitrags\u00fcberschriften: Ruhepause an der \u201eWolfsfront\u201c?\u2026, 1. Juni 2018 Studie zeigt: 1769 Wolfsrudel in Deutschland denkbar, 2. Juni 2018 Wolfskritische Verb\u00e4nde in der \u201eL\u00fcckenfalle\u201c,\u2026","rel":"","context":"\u00c4hnlicher Beitrag","img":{"alt_text":"","src":"","width":0,"height":0},"classes":[]}],"_links":{"self":[{"href":"https:\/\/wolfsmonitor.de\/index.php?rest_route=\/wp\/v2\/pages\/15303"}],"collection":[{"href":"https:\/\/wolfsmonitor.de\/index.php?rest_route=\/wp\/v2\/pages"}],"about":[{"href":"https:\/\/wolfsmonitor.de\/index.php?rest_route=\/wp\/v2\/types\/page"}],"author":[{"embeddable":true,"href":"https:\/\/wolfsmonitor.de\/index.php?rest_route=\/wp\/v2\/users\/1"}],"replies":[{"embeddable":true,"href":"https:\/\/wolfsmonitor.de\/index.php?rest_route=%2Fwp%2Fv2%2Fcomments&post=15303"}],"version-history":[{"count":33,"href":"https:\/\/wolfsmonitor.de\/index.php?rest_route=\/wp\/v2\/pages\/15303\/revisions"}],"predecessor-version":[{"id":15615,"href":"https:\/\/wolfsmonitor.de\/index.php?rest_route=\/wp\/v2\/pages\/15303\/revisions\/15615"}],"up":[{"embeddable":true,"href":"https:\/\/wolfsmonitor.de\/index.php?rest_route=\/wp\/v2\/pages\/11991"}],"wp:attachment":[{"href":"https:\/\/wolfsmonitor.de\/index.php?rest_route=%2Fwp%2Fv2%2Fmedia&parent=15303"}],"curies":[{"name":"wp","href":"https:\/\/api.w.org\/{rel}","templated":true}]}}