{"id":15622,"date":"2018-12-01T13:49:33","date_gmt":"2018-12-01T11:49:33","guid":{"rendered":"https:\/\/wolfsmonitor.de\/?page_id=15622"},"modified":"2018-12-31T16:41:41","modified_gmt":"2018-12-31T14:41:41","slug":"beitraege-dezember-2018","status":"publish","type":"page","link":"https:\/\/wolfsmonitor.de\/?page_id=15622","title":{"rendered":"Beitr\u00e4ge Dezember 2018"},"content":{"rendered":"<p>Hier finden Sie alle Wolfsmonitor-Beitr\u00e4ge aus dem Dezember 2018.<\/p>\n<ol>\n<li><a href=\"https:\/\/wolfsmonitor.de\/?p=15617\" target=\"_blank\" rel=\"noopener\"><span style=\"color: #0000ff;\">Mutma\u00dflicher Wolfsvorfall als politisches Lehrst\u00fcck<\/span>,<\/a> 01. Dezember 2018<\/li>\n<li><a href=\"https:\/\/wolfsmonitor.de\/?p=15629\" target=\"_blank\" rel=\"noopener\"><span style=\"color: #0000ff;\">Europarat: W\u00f6lfe bleiben weiterhin gesch\u00fctzt!<\/span><\/a>, 03. Dezember 2018<\/li>\n<li><span style=\"color: #0000ff;\"><a style=\"color: #0000ff;\" href=\"https:\/\/wolfsmonitor.de\/?p=15636\" target=\"_blank\" rel=\"noopener\">Sachsen-Anhalt: Wachstum des Wolfsbestandes unter 10 Prozent<\/a><\/span>, 04. Dezember 2018<\/li>\n<li><span style=\"color: #0000ff;\"><a style=\"color: #0000ff;\" href=\"https:\/\/wolfsmonitor.de\/?p=15644\" target=\"_blank\" rel=\"noopener\">Offenbar kein Wolfsangriff: Wolfshatz j\u00e4h beendet<\/a><\/span>, 04. Dezember 2018<\/li>\n<li><span style=\"color: #0000ff;\"><a style=\"color: #0000ff;\" href=\"https:\/\/wolfsmonitor.de\/?p=15671\" target=\"_blank\" rel=\"noopener\">Gesellschaft zum Schutz der W\u00f6lfe: Neues Dossier-jetzt hier downloaden!<\/a>,<\/span> 06. Dezember 2018<\/li>\n<li><a href=\"https:\/\/wolfsmonitor.de\/?p=15656\" target=\"_blank\" rel=\"noopener\"><span style=\"color: #0000ff;\">Nachspiel: Drohungen und Beschimpfungen<\/span><\/a>, 06. Dezember 2018<\/li>\n<li><span style=\"color: #0000ff;\"><a style=\"color: #0000ff;\" href=\"https:\/\/wolfsmonitor.de\/?p=15691\" target=\"_blank\" rel=\"noopener\">Nachgelegt<\/a><\/span>, 07. Dezember 2018<\/li>\n<li><span style=\"color: #0000ff;\"><a style=\"color: #0000ff;\" href=\"https:\/\/wolfsmonitor.de\/?p=15699\" target=\"_blank\" rel=\"noopener\">Zwei Studien beweisen: Wolfsrudel halten ihre Reviere von der Schweinepest frei<\/a><\/span>, 07. Dezember 2018<\/li>\n<li><a href=\"https:\/\/wolfsmonitor.de\/?p=15711\" target=\"_blank\" rel=\"noopener\"><span style=\"color: #0000ff;\">Traurig: Erneut zwei tote W\u00f6lfe in Deutschland<\/span><\/a>, 09. Dezember 2018<\/li>\n<li><span style=\"color: #0000ff;\"><a style=\"color: #0000ff;\" href=\"https:\/\/wolfsmonitor.de\/?p=15724\" target=\"_blank\" rel=\"noopener\">Wotschikowsky: Olaf Lies &#8222;klare Kante&#8220;&#8230;<\/a><\/span>, 10. Dezember 2018<\/li>\n<li><span style=\"color: #0000ff;\"><a style=\"color: #0000ff;\" href=\"https:\/\/wolfsmonitor.de\/?p=15739\" target=\"_blank\" rel=\"noopener\">Wolfsschutz versus Wildverbiss-Schutz<\/a>,<\/span> 10. Dezember 2018<\/li>\n<li><a href=\"https:\/\/wolfsmonitor.de\/?p=15721\" target=\"_blank\" rel=\"noopener\"><span style=\"color: #0000ff;\">Versicherungen gegen Wolfsrisse bei Nutztieren? Hier gibt es sie!<\/span><\/a>, 11. Dezember 2018<\/li>\n<li><span style=\"color: #0000ff;\"><a style=\"color: #0000ff;\" href=\"https:\/\/wolfsmonitor.de\/?p=15750\" target=\"_blank\" rel=\"noopener\">J\u00e4gerpr\u00e4sident kritisiert Arbeit des Senckenberg-Instituts harsch<\/a><\/span>, 11. Dezember 2018<\/li>\n<li><a href=\"https:\/\/wolfsmonitor.de\/?p=15762\" target=\"_blank\" rel=\"noopener\"><span style=\"color: #0000ff;\">Martin Balluch: Kein gutes Zeugnis f\u00fcr Wolfshasser<\/span><\/a>, 12. Dezember 2018<\/li>\n<li><a href=\"https:\/\/wolfsmonitor.de\/?p=15773\" target=\"_blank\" rel=\"noopener\"><span style=\"color: #0000ff;\">Brandenburg: Erste \u201eWolfsscouts\u201c<\/span><\/a>, 13. Dezember 2018<\/li>\n<li><span style=\"color: #0000ff;\"><a style=\"color: #0000ff;\" href=\"https:\/\/wolfsmonitor.de\/?p=15788\" target=\"_blank\" rel=\"noopener\">Robert Habeck und der Wolf<\/a><\/span>, 14. Dezember 2018<\/li>\n<li><a href=\"https:\/\/wolfsmonitor.de\/?p=15795\" target=\"_blank\" rel=\"noopener\"><span style=\"color: #0000ff;\">Brandenburg: Zwei W\u00f6lfe bei Unf\u00e4llen verendet<\/span>,<\/a> 16. Dezember 2018<\/li>\n<li><a href=\"https:\/\/wolfsmonitor.de\/?p=15803\" target=\"_blank\" rel=\"noopener\"><span style=\"color: #0000ff;\">39 tote Schafe und ein gerissenes Shetlandpony-Fohlen<\/span><\/a>, 17. Dezember 2018<\/li>\n<li><span style=\"color: #0000ff;\"><a style=\"color: #0000ff;\" href=\"https:\/\/wolfsmonitor.de\/?p=15828\" target=\"_blank\" rel=\"noopener\">\u201eGoldener Vollpfosten in der Lammkeulenedition\u201c<\/a><\/span>, 18. Dezember 2018<\/li>\n<li><span style=\"color: #0000ff;\"><a style=\"color: #0000ff;\" href=\"https:\/\/wolfsmonitor.de\/?p=15840\" target=\"_blank\" rel=\"noopener\">Was ist eigentlich aus dem Cuxland-Rudel geworden?<\/a><\/span>, 19. Dezember 2018<\/li>\n<li><span style=\"color: #0000ff;\"><a style=\"color: #0000ff;\" href=\"https:\/\/wolfsmonitor.de\/?p=15853\" target=\"_blank\" rel=\"noopener\">Meldem\u00fcde J\u00e4ger? Ein Problem, das vermutlich schnell gel\u00f6st werden k\u00f6nnte&#8230;<\/a><\/span>, 19. Dezember 2018<\/li>\n<li><a href=\"https:\/\/wolfsmonitor.de\/?p=15864\" target=\"_blank\" rel=\"noopener\"><span style=\"color: #0000ff;\">W\u00f6lfe vor Ihrer Haust\u00fcr? Ein Online-Tool beantwortet nun diese Frage&#8230;<\/span><\/a>, 20. Dezember 2018<\/li>\n<li><a href=\"https:\/\/wolfsmonitor.de\/?p=15874\" target=\"_blank\" rel=\"noopener\"><span style=\"color: #0000ff;\">Podcast: Ein 5-Minuten-Gespr\u00e4ch mit Robert Habeck<\/span><\/a>, 21. Dezember 2018<\/li>\n<li><span style=\"color: #0000ff;\"><a style=\"color: #0000ff;\" href=\"https:\/\/wolfsmonitor.de\/?p=15882\" target=\"_blank\" rel=\"noopener\">Das &#8222;Wolfsabschuss-Manifest&#8220; der s\u00e4chsischen CDU<\/a><\/span>, 22. Dezember 2018<\/li>\n<li><span style=\"color: #0000ff;\"><a style=\"color: #0000ff;\" href=\"https:\/\/wolfsmonitor.de\/?p=15896\" target=\"_blank\" rel=\"noopener\">Zwei weitere W\u00f6lfe get\u00f6tet<\/a>,<\/span> 23. Dezember 2018<\/li>\n<li><a href=\"https:\/\/wolfsmonitor.de\/?p=15906\" target=\"_blank\" rel=\"noopener\"><span style=\"color: #0000ff;\">Wanderwolf l\u00e4uft bis nach D\u00e4nemark<\/span><\/a>, 25. Dezember 2018<\/li>\n<li><a href=\"https:\/\/wolfsmonitor.de\/?p=15912\" target=\"_blank\" rel=\"noopener\"><span style=\"color: #0000ff;\">Sachsens neue Wolfsverordnung: \u201eMit sturer Verbissenheit\u201c<\/span><\/a>, 26. Dezember 2018<\/li>\n<li><span style=\"color: #0000ff;\"><a style=\"color: #0000ff;\" href=\"https:\/\/wolfsmonitor.de\/?p=15923\" target=\"_blank\" rel=\"noopener\">Wolfs\u00fcbergriffe signifikant gesunken<\/a>,<\/span> 27. Dezember 2018<\/li>\n<li><span style=\"color: #0000ff;\"><a style=\"color: #0000ff;\" href=\"https:\/\/wolfsmonitor.de\/?p=15940\" target=\"_blank\" rel=\"noopener\">Das \u201eunw\u00fcrdige, populistische und fachlich durch nichts begr\u00fcndete Gerede\u201c des J\u00e4gerpr\u00e4sidenten<\/a>,<\/span> 29. Dezember 2018<\/li>\n<li><span style=\"color: #0000ff;\"><a style=\"color: #0000ff;\" href=\"https:\/\/wolfsmonitor.de\/?p=15948\" target=\"_blank\" rel=\"noopener\">Hasta la vista, baby!<\/a><\/span>, 30. Dezember 2018<\/li>\n<li><a href=\"https:\/\/wolfsmonitor.de\/?p=15971\" target=\"_blank\" rel=\"noopener\"><span style=\"color: #0000ff;\">Die Wolfsmonitor-Retrospektive auf das Wolfsjahr 2018 \u2013 Teil 1 &#8211; Januar<\/span><\/a>, 31. Dezember 2018<\/li>\n<\/ol>\n<p>Sie k\u00f6nnen alle Beitr\u00e4ge auch nach \u201cKategorien\u201d geordnet aufrufen. Bitte nutzen Sie dazu die gleichnamige Auswahl in der rechten Seitenleiste!<\/p>\n<p>Viel Spa\u00df!<\/p>\n<p>Ihr<\/p>\n<p>J\u00fcrgen Vogler<\/p>\n<div class=\"shariff shariff-align-center shariff-widget-align-center\" data-services=\"facebook%7Ctwitter\" data-url=\"https%3A%2F%2Fwolfsmonitor.de%2F%3Fpage_id%3D15622\" data-timestamp=\"1546274501\" data-backendurl=\"?rest_route=\/shariff\/v1\/share_counts&\"><ul class=\"shariff-buttons theme-color orientation-horizontal buttonsize-small\"><li class=\"shariff-button facebook shariff-nocustomcolor\" style=\"background-color:#4273c8\"><a href=\"https:\/\/www.facebook.com\/sharer\/sharer.php?u=https%3A%2F%2Fwolfsmonitor.de%2F%3Fpage_id%3D15622\" title=\"Bei Facebook teilen\" aria-label=\"Bei Facebook teilen\" role=\"button\" rel=\"nofollow\" class=\"shariff-link\" style=\"; background-color:#3b5998; color:#fff\" target=\"_blank\"><span class=\"shariff-icon\" style=\"\"><svg width=\"32px\" height=\"20px\" xmlns=\"http:\/\/www.w3.org\/2000\/svg\" viewBox=\"0 0 18 32\"><path fill=\"#3b5998\" d=\"M17.1 0.2v4.7h-2.8q-1.5 0-2.1 0.6t-0.5 1.9v3.4h5.2l-0.7 5.3h-4.5v13.6h-5.5v-13.6h-4.5v-5.3h4.5v-3.9q0-3.3 1.9-5.2t5-1.8q2.6 0 4.1 0.2z\"\/><\/svg><\/span><span class=\"shariff-text\">teilen<\/span>&nbsp;<span data-service=\"facebook\" style=\"color:#3b5998\" class=\"shariff-count shariff-hidezero\"><\/span>&nbsp;<\/a><\/li><li class=\"shariff-button twitter shariff-nocustomcolor\" style=\"background-color:#32bbf5\"><a href=\"https:\/\/twitter.com\/share?url=https%3A%2F%2Fwolfsmonitor.de%2F%3Fpage_id%3D15622&text=Beitr%C3%A4ge%20Dezember%202018\" title=\"Bei Twitter teilen\" aria-label=\"Bei Twitter teilen\" role=\"button\" rel=\"noopener nofollow\" class=\"shariff-link\" style=\"; background-color:#55acee; color:#fff\" target=\"_blank\"><span class=\"shariff-icon\" style=\"\"><svg width=\"32px\" height=\"20px\" xmlns=\"http:\/\/www.w3.org\/2000\/svg\" viewBox=\"0 0 30 32\"><path fill=\"#55acee\" d=\"M29.7 6.8q-1.2 1.8-3 3.1 0 0.3 0 0.8 0 2.5-0.7 4.9t-2.2 4.7-3.5 4-4.9 2.8-6.1 1q-5.1 0-9.3-2.7 0.6 0.1 1.5 0.1 4.3 0 7.6-2.6-2-0.1-3.5-1.2t-2.2-3q0.6 0.1 1.1 0.1 0.8 0 1.6-0.2-2.1-0.4-3.5-2.1t-1.4-3.9v-0.1q1.3 0.7 2.8 0.8-1.2-0.8-2-2.2t-0.7-2.9q0-1.7 0.8-3.1 2.3 2.8 5.5 4.5t7 1.9q-0.2-0.7-0.2-1.4 0-2.5 1.8-4.3t4.3-1.8q2.7 0 4.5 1.9 2.1-0.4 3.9-1.5-0.7 2.2-2.7 3.4 1.8-0.2 3.5-0.9z\"\/><\/svg><\/span><span class=\"shariff-text\">twittern<\/span>&nbsp;<span data-service=\"twitter\" style=\"color:#55acee\" class=\"shariff-count shariff-hidezero\"><\/span>&nbsp;<\/a><\/li><li class=\"shariff-button rss shariff-nocustomcolor\" style=\"background-color:#ff8c00\"><a href=\"https:\/\/wolfsmonitor.de\/?feed=rss\" title=\"RSS-feed\" aria-label=\"RSS-feed\" role=\"button\" class=\"shariff-link\" style=\"; background-color:#fe9312; color:#fff\" target=\"_blank\"><span class=\"shariff-icon\" style=\"\"><svg width=\"32px\" height=\"20px\" xmlns=\"http:\/\/www.w3.org\/2000\/svg\" viewBox=\"0 0 32 32\"><path fill=\"#fe9312\" d=\"M4.3 23.5c-2.3 0-4.3 1.9-4.3 4.3 0 2.3 1.9 4.2 4.3 4.2 2.4 0 4.3-1.9 4.3-4.2 0-2.3-1.9-4.3-4.3-4.3zM0 10.9v6.1c4 0 7.7 1.6 10.6 4.4 2.8 2.8 4.4 6.6 4.4 10.6h6.2c0-11.7-9.5-21.1-21.1-21.1zM0 0v6.1c14.2 0 25.8 11.6 25.8 25.9h6.2c0-17.6-14.4-32-32-32z\"\/><\/svg><\/span><span class=\"shariff-text\">RSS-feed<\/span>&nbsp;<\/a><\/li><li class=\"shariff-button mailto shariff-nocustomcolor\" style=\"background-color:#a8a8a8\"><a href=\"mailto:?body=https%3A%2F%2Fwolfsmonitor.de%2F%3Fpage_id%3D15622&subject=Beitr%C3%A4ge%20Dezember%202018\" title=\"Per E-Mail versenden\" aria-label=\"Per E-Mail versenden\" role=\"button\" rel=\"noopener nofollow\" class=\"shariff-link\" style=\"; background-color:#999; color:#fff\"><span class=\"shariff-icon\" style=\"\"><svg width=\"32px\" height=\"20px\" xmlns=\"http:\/\/www.w3.org\/2000\/svg\" viewBox=\"0 0 32 32\"><path fill=\"#999\" d=\"M32 12.7v14.2q0 1.2-0.8 2t-2 0.9h-26.3q-1.2 0-2-0.9t-0.8-2v-14.2q0.8 0.9 1.8 1.6 6.5 4.4 8.9 6.1 1 0.8 1.6 1.2t1.7 0.9 2 0.4h0.1q0.9 0 2-0.4t1.7-0.9 1.6-1.2q3-2.2 8.9-6.1 1-0.7 1.8-1.6zM32 7.4q0 1.4-0.9 2.7t-2.2 2.2q-6.7 4.7-8.4 5.8-0.2 0.1-0.7 0.5t-1 0.7-0.9 0.6-1.1 0.5-0.9 0.2h-0.1q-0.4 0-0.9-0.2t-1.1-0.5-0.9-0.6-1-0.7-0.7-0.5q-1.6-1.1-4.7-3.2t-3.6-2.6q-1.1-0.7-2.1-2t-1-2.5q0-1.4 0.7-2.3t2.1-0.9h26.3q1.2 0 2 0.8t0.9 2z\"\/><\/svg><\/span><span class=\"shariff-text\">E-Mail<\/span>&nbsp;<\/a><\/li><li class=\"shariff-button info shariff-nocustomcolor\" style=\"background-color:#a8a8a8\"><a href=\"http:\/\/ct.de\/-2467514\" title=\"Weitere Informationen\" aria-label=\"Weitere Informationen\" role=\"button\" rel=\"noopener \" class=\"shariff-link\" style=\"; background-color:#999; color:#fff\" target=\"_blank\"><span class=\"shariff-icon\" style=\"\"><svg width=\"32px\" height=\"20px\" xmlns=\"http:\/\/www.w3.org\/2000\/svg\" viewBox=\"0 0 11 32\"><path fill=\"#999\" d=\"M11.4 24v2.3q0 0.5-0.3 0.8t-0.8 0.4h-9.1q-0.5 0-0.8-0.4t-0.4-0.8v-2.3q0-0.5 0.4-0.8t0.8-0.4h1.1v-6.8h-1.1q-0.5 0-0.8-0.4t-0.4-0.8v-2.3q0-0.5 0.4-0.8t0.8-0.4h6.8q0.5 0 0.8 0.4t0.4 0.8v10.3h1.1q0.5 0 0.8 0.4t0.3 0.8zM9.2 3.4v3.4q0 0.5-0.4 0.8t-0.8 0.4h-4.6q-0.4 0-0.8-0.4t-0.4-0.8v-3.4q0-0.4 0.4-0.8t0.8-0.4h4.6q0.5 0 0.8 0.4t0.4 0.8z\"\/><\/svg><\/span><\/a><\/li><\/ul><\/div>","protected":false},"excerpt":{"rendered":"<p>Hier finden Sie alle Wolfsmonitor-Beitr\u00e4ge aus dem Dezember 2018. Mutma\u00dflicher Wolfsvorfall als politisches Lehrst\u00fcck, 01. Dezember 2018 Europarat: W\u00f6lfe bleiben weiterhin gesch\u00fctzt!, 03. Dezember 2018 Sachsen-Anhalt: Wachstum des Wolfsbestandes unter 10 Prozent, 04. Dezember 2018 Offenbar kein Wolfsangriff: Wolfshatz j\u00e4h beendet, 04. Dezember 2018 Gesellschaft zum Schutz der W\u00f6lfe: Neues Dossier-jetzt hier downloaden!, 06. Dezember [&hellip;]<\/p>\n<div class=\"shariff shariff-align-center shariff-widget-align-center\" data-services=\"facebook%7Ctwitter\" data-url=\"https%3A%2F%2Fwolfsmonitor.de%2F%3Fpage_id%3D15622\" data-timestamp=\"1546274501\" data-backendurl=\"?rest_route=\/shariff\/v1\/share_counts&\"><ul class=\"shariff-buttons theme-color orientation-horizontal buttonsize-small\"><li class=\"shariff-button facebook shariff-nocustomcolor\" style=\"background-color:#4273c8\"><a href=\"https:\/\/www.facebook.com\/sharer\/sharer.php?u=https%3A%2F%2Fwolfsmonitor.de%2F%3Fpage_id%3D15622\" title=\"Bei Facebook teilen\" aria-label=\"Bei Facebook teilen\" role=\"button\" rel=\"nofollow\" class=\"shariff-link\" style=\"; background-color:#3b5998; color:#fff\" target=\"_blank\"><span class=\"shariff-icon\" style=\"\"><svg width=\"32px\" height=\"20px\" xmlns=\"http:\/\/www.w3.org\/2000\/svg\" viewBox=\"0 0 18 32\"><path fill=\"#3b5998\" d=\"M17.1 0.2v4.7h-2.8q-1.5 0-2.1 0.6t-0.5 1.9v3.4h5.2l-0.7 5.3h-4.5v13.6h-5.5v-13.6h-4.5v-5.3h4.5v-3.9q0-3.3 1.9-5.2t5-1.8q2.6 0 4.1 0.2z\"\/><\/svg><\/span><span class=\"shariff-text\">teilen<\/span>&nbsp;<span data-service=\"facebook\" style=\"color:#3b5998\" class=\"shariff-count shariff-hidezero\"><\/span>&nbsp;<\/a><\/li><li class=\"shariff-button twitter shariff-nocustomcolor\" style=\"background-color:#32bbf5\"><a href=\"https:\/\/twitter.com\/share?url=https%3A%2F%2Fwolfsmonitor.de%2F%3Fpage_id%3D15622&text=Beitr%C3%A4ge%20Dezember%202018\" title=\"Bei Twitter teilen\" aria-label=\"Bei Twitter teilen\" role=\"button\" rel=\"noopener nofollow\" class=\"shariff-link\" style=\"; background-color:#55acee; color:#fff\" target=\"_blank\"><span class=\"shariff-icon\" style=\"\"><svg width=\"32px\" height=\"20px\" xmlns=\"http:\/\/www.w3.org\/2000\/svg\" viewBox=\"0 0 30 32\"><path fill=\"#55acee\" d=\"M29.7 6.8q-1.2 1.8-3 3.1 0 0.3 0 0.8 0 2.5-0.7 4.9t-2.2 4.7-3.5 4-4.9 2.8-6.1 1q-5.1 0-9.3-2.7 0.6 0.1 1.5 0.1 4.3 0 7.6-2.6-2-0.1-3.5-1.2t-2.2-3q0.6 0.1 1.1 0.1 0.8 0 1.6-0.2-2.1-0.4-3.5-2.1t-1.4-3.9v-0.1q1.3 0.7 2.8 0.8-1.2-0.8-2-2.2t-0.7-2.9q0-1.7 0.8-3.1 2.3 2.8 5.5 4.5t7 1.9q-0.2-0.7-0.2-1.4 0-2.5 1.8-4.3t4.3-1.8q2.7 0 4.5 1.9 2.1-0.4 3.9-1.5-0.7 2.2-2.7 3.4 1.8-0.2 3.5-0.9z\"\/><\/svg><\/span><span class=\"shariff-text\">twittern<\/span>&nbsp;<span data-service=\"twitter\" style=\"color:#55acee\" class=\"shariff-count shariff-hidezero\"><\/span>&nbsp;<\/a><\/li><li class=\"shariff-button rss shariff-nocustomcolor\" style=\"background-color:#ff8c00\"><a href=\"https:\/\/wolfsmonitor.de\/?feed=rss\" title=\"RSS-feed\" aria-label=\"RSS-feed\" role=\"button\" class=\"shariff-link\" style=\"; background-color:#fe9312; color:#fff\" target=\"_blank\"><span class=\"shariff-icon\" style=\"\"><svg width=\"32px\" height=\"20px\" xmlns=\"http:\/\/www.w3.org\/2000\/svg\" viewBox=\"0 0 32 32\"><path fill=\"#fe9312\" d=\"M4.3 23.5c-2.3 0-4.3 1.9-4.3 4.3 0 2.3 1.9 4.2 4.3 4.2 2.4 0 4.3-1.9 4.3-4.2 0-2.3-1.9-4.3-4.3-4.3zM0 10.9v6.1c4 0 7.7 1.6 10.6 4.4 2.8 2.8 4.4 6.6 4.4 10.6h6.2c0-11.7-9.5-21.1-21.1-21.1zM0 0v6.1c14.2 0 25.8 11.6 25.8 25.9h6.2c0-17.6-14.4-32-32-32z\"\/><\/svg><\/span><span class=\"shariff-text\">RSS-feed<\/span>&nbsp;<\/a><\/li><li class=\"shariff-button mailto shariff-nocustomcolor\" style=\"background-color:#a8a8a8\"><a href=\"mailto:?body=https%3A%2F%2Fwolfsmonitor.de%2F%3Fpage_id%3D15622&subject=Beitr%C3%A4ge%20Dezember%202018\" title=\"Per E-Mail versenden\" aria-label=\"Per E-Mail versenden\" role=\"button\" rel=\"noopener nofollow\" class=\"shariff-link\" style=\"; background-color:#999; color:#fff\"><span class=\"shariff-icon\" style=\"\"><svg width=\"32px\" height=\"20px\" xmlns=\"http:\/\/www.w3.org\/2000\/svg\" viewBox=\"0 0 32 32\"><path fill=\"#999\" d=\"M32 12.7v14.2q0 1.2-0.8 2t-2 0.9h-26.3q-1.2 0-2-0.9t-0.8-2v-14.2q0.8 0.9 1.8 1.6 6.5 4.4 8.9 6.1 1 0.8 1.6 1.2t1.7 0.9 2 0.4h0.1q0.9 0 2-0.4t1.7-0.9 1.6-1.2q3-2.2 8.9-6.1 1-0.7 1.8-1.6zM32 7.4q0 1.4-0.9 2.7t-2.2 2.2q-6.7 4.7-8.4 5.8-0.2 0.1-0.7 0.5t-1 0.7-0.9 0.6-1.1 0.5-0.9 0.2h-0.1q-0.4 0-0.9-0.2t-1.1-0.5-0.9-0.6-1-0.7-0.7-0.5q-1.6-1.1-4.7-3.2t-3.6-2.6q-1.1-0.7-2.1-2t-1-2.5q0-1.4 0.7-2.3t2.1-0.9h26.3q1.2 0 2 0.8t0.9 2z\"\/><\/svg><\/span><span class=\"shariff-text\">E-Mail<\/span>&nbsp;<\/a><\/li><li class=\"shariff-button info shariff-nocustomcolor\" style=\"background-color:#a8a8a8\"><a href=\"http:\/\/ct.de\/-2467514\" title=\"Weitere Informationen\" aria-label=\"Weitere Informationen\" role=\"button\" rel=\"noopener \" class=\"shariff-link\" style=\"; background-color:#999; color:#fff\" target=\"_blank\"><span class=\"shariff-icon\" style=\"\"><svg width=\"32px\" height=\"20px\" xmlns=\"http:\/\/www.w3.org\/2000\/svg\" viewBox=\"0 0 11 32\"><path fill=\"#999\" d=\"M11.4 24v2.3q0 0.5-0.3 0.8t-0.8 0.4h-9.1q-0.5 0-0.8-0.4t-0.4-0.8v-2.3q0-0.5 0.4-0.8t0.8-0.4h1.1v-6.8h-1.1q-0.5 0-0.8-0.4t-0.4-0.8v-2.3q0-0.5 0.4-0.8t0.8-0.4h6.8q0.5 0 0.8 0.4t0.4 0.8v10.3h1.1q0.5 0 0.8 0.4t0.3 0.8zM9.2 3.4v3.4q0 0.5-0.4 0.8t-0.8 0.4h-4.6q-0.4 0-0.8-0.4t-0.4-0.8v-3.4q0-0.4 0.4-0.8t0.8-0.4h4.6q0.5 0 0.8 0.4t0.4 0.8z\"\/><\/svg><\/span><\/a><\/li><\/ul><\/div>","protected":false},"author":1,"featured_media":0,"parent":11991,"menu_order":12,"comment_status":"closed","ping_status":"closed","template":"","meta":{"spay_email":""},"jetpack_shortlink":"https:\/\/wp.me\/P61YbU-43Y","jetpack-related-posts":[{"id":1927,"url":"https:\/\/wolfsmonitor.de\/?page_id=1927","url_meta":{"origin":15622,"position":0},"title":"Beitr\u00e4ge Dezember 2015","date":"1. Dezember 2015","format":false,"excerpt":"Hier finden Sie alle Beitr\u00e4ge aus dem Dezember 2015, dem neunten Monat des Blogs! Bitte klicken Sie direkt auf den gew\u00fcnschten Titel im \"Klappmenue\" oben oder auf folgende, chronologisch angeordnete Beitrags\u00fcberschriften: \u00a02 tote W\u00f6lfe gefunden, 1. Dezember 2015 Bauerngejammer in Brandenburg, 3. Dezember 2015 Mark Rowlands: Im Schatten des Wolfes,\u2026","rel":"","context":"\u00c4hnlicher Beitrag","img":{"alt_text":"","src":"","width":0,"height":0},"classes":[]},{"id":11585,"url":"https:\/\/wolfsmonitor.de\/?page_id=11585","url_meta":{"origin":15622,"position":1},"title":"Beitr\u00e4ge Dezember 2017","date":"1. Dezember 2017","format":false,"excerpt":"Hier finden Sie alle Wolfsmonitor-Beitr\u00e4ge aus dem Dezember 2017 ! Bitte klicken Sie direkt auf den gew\u00fcnschten Titel im \"Klappmenue\" oben unter \"Beitr\u00e4ge\" oder auf folgende, chronologisch angeordnete Beitrags\u00fcberschriften: EU-Kommission: W\u00f6lfe bleiben weiterhin streng gesch\u00fctzt!, 1. Dezember 2017 \"Gr\u00fc\u00df Gott\" in Absurdistan, 2. Dezember 2017 Laut bayerische Studie kostet wolfssichere\u2026","rel":"","context":"\u00c4hnlicher Beitrag","img":{"alt_text":"","src":"","width":0,"height":0},"classes":[]},{"id":18109,"url":"https:\/\/wolfsmonitor.de\/?page_id=18109","url_meta":{"origin":15622,"position":2},"title":"Beitr\u00e4ge Dezember 2019","date":"2. Dezember 2019","format":false,"excerpt":"Hier finden Sie alle Beitr\u00e4ge aus dem Dezember 2019, dem sechsundf\u00fcnfzigsten Monat dieses Blogs! Bitte klicken Sie direkt auf den gew\u00fcnschten Titel in der Menueauswahl oder auf folgende, chronologisch angeordnete Beitrags\u00fcberschriften: Die neuen Wolfszahlen sind da \u2013 Zahl der Reviere steigt um ca. 19 %, 2. Dezember 2019 Emsland: Vier\u2026","rel":"","context":"\u00c4hnlicher Beitrag","img":{"alt_text":"","src":"","width":0,"height":0},"classes":[]},{"id":6353,"url":"https:\/\/wolfsmonitor.de\/?page_id=6353","url_meta":{"origin":15622,"position":3},"title":"Beitr\u00e4ge Dezember 2016","date":"1. Dezember 2016","format":false,"excerpt":"Hier finden Sie alle Beitr\u00e4ge aus dem Dezember 2016! Bitte klicken Sie direkt auf den gew\u00fcnschten Titel im \"Klappmenue\" oben oder auf folgende, chronologisch angeordnete Beitrags\u00fcberschriften: W\u00f6lfe in Brandenburg k\u00f6nnen geschossen werden, 1. Dezember 2016 Wolfsmonitor-Kurznachrichten am 01. Dezember 2016, 1. Dezember 2016 Wolfsmonitor-Kurznachrichten, 2. Dezember 2016, 2. Dezember 2016\u2026","rel":"","context":"\u00c4hnlicher Beitrag","img":{"alt_text":"","src":"","width":0,"height":0},"classes":[]},{"id":6943,"url":"https:\/\/wolfsmonitor.de\/?page_id=6943","url_meta":{"origin":15622,"position":4},"title":"Beitr\u00e4ge aus dem Jahr 2015","date":"1. Januar 2017","format":false,"excerpt":"Zur Weiterleitung bitte auf den jeweiligen Monat klicken! Dezember 2015 November 2015 Oktober 2015 September 2015 August 2015 Juli 2015 Juni 2015 Mai 2015 Blogstart im April 2015","rel":"","context":"\u00c4hnlicher Beitrag","img":{"alt_text":"","src":"","width":0,"height":0},"classes":[]},{"id":6945,"url":"https:\/\/wolfsmonitor.de\/?page_id=6945","url_meta":{"origin":15622,"position":5},"title":"Beitr\u00e4ge aus dem Jahr 2016","date":"1. Januar 2017","format":false,"excerpt":"Zur Beitrags\u00fcbersicht bitte direkt auf den jeweiligen Monat klicken! Dezember 2016 November 2016 Oktober 2016 September 2016 August 2016 Juli 2016 Juni 2016 Mai 2016 April 2016 M\u00e4rz 2016 Februar 2016 Januar 2016","rel":"","context":"\u00c4hnlicher Beitrag","img":{"alt_text":"","src":"","width":0,"height":0},"classes":[]}],"_links":{"self":[{"href":"https:\/\/wolfsmonitor.de\/index.php?rest_route=\/wp\/v2\/pages\/15622"}],"collection":[{"href":"https:\/\/wolfsmonitor.de\/index.php?rest_route=\/wp\/v2\/pages"}],"about":[{"href":"https:\/\/wolfsmonitor.de\/index.php?rest_route=\/wp\/v2\/types\/page"}],"author":[{"embeddable":true,"href":"https:\/\/wolfsmonitor.de\/index.php?rest_route=\/wp\/v2\/users\/1"}],"replies":[{"embeddable":true,"href":"https:\/\/wolfsmonitor.de\/index.php?rest_route=%2Fwp%2Fv2%2Fcomments&post=15622"}],"version-history":[{"count":33,"href":"https:\/\/wolfsmonitor.de\/index.php?rest_route=\/wp\/v2\/pages\/15622\/revisions"}],"predecessor-version":[{"id":15982,"href":"https:\/\/wolfsmonitor.de\/index.php?rest_route=\/wp\/v2\/pages\/15622\/revisions\/15982"}],"up":[{"embeddable":true,"href":"https:\/\/wolfsmonitor.de\/index.php?rest_route=\/wp\/v2\/pages\/11991"}],"wp:attachment":[{"href":"https:\/\/wolfsmonitor.de\/index.php?rest_route=%2Fwp%2Fv2%2Fmedia&parent=15622"}],"curies":[{"name":"wp","href":"https:\/\/api.w.org\/{rel}","templated":true}]}}