{"id":1709,"date":"2015-11-02T09:54:35","date_gmt":"2015-11-02T07:54:35","guid":{"rendered":"http:\/\/wolfsmonitor.de\/?page_id=1709"},"modified":"2018-05-22T00:47:55","modified_gmt":"2018-05-21T22:47:55","slug":"beitraege-november-2015","status":"publish","type":"page","link":"https:\/\/wolfsmonitor.de\/?page_id=1709","title":{"rendered":"Beitr\u00e4ge November 2015"},"content":{"rendered":"<p>Hier finden Sie alle Beitr\u00e4ge aus dem November 2015, dem achten Monat des Blogs!<\/p>\n<p title=\"Interview Ralph Schr\u00e4der\">Bitte klicken Sie direkt auf den gew\u00fcnschten Titel im &#8222;Klappmenue&#8220; oben oder auf folgende, chronologisch angeordnete Beitrags\u00fcberschriften:<\/p>\n<ol>\n<li title=\"Interview Ralph Schr\u00e4der\"><span style=\"color: #0000ff;\"><a style=\"color: #0000ff;\" title=\"Thementag Wolf im Emsland\" href=\"https:\/\/wolfsmonitor.de\/?p=1696\" target=\"_blank\">Thementag Wolf im Emsland Moormuseum<\/a><\/span>, 2. November 2015<\/li>\n<li title=\"Interview Ralph Schr\u00e4der\"><span style=\"color: #0000ff;\"><a style=\"color: #0000ff;\" title=\"Ergo-Award Preistr\u00e4ger 2015 (Teil 1)\" href=\"https:\/\/wolfsmonitor.de\/?p=1718\" target=\"_blank\">Wolfsmonitor ist Ergo-Award-Preistr\u00e4ger 2015<\/a><\/span>, 3 . November 2015<\/li>\n<li title=\"Interview Ralph Schr\u00e4der\"><span style=\"color: #0000ff;\"><a style=\"color: #0000ff;\" title=\"Beitrag Pferdeherde vereitelt Wolfsattacke\" href=\"https:\/\/wolfsmonitor.de\/?p=1728\" target=\"_blank\">Pferdeherde vereitelt Wolfsattacke<\/a><\/span>, 4. November 2015<\/li>\n<li title=\"Interview Ralph Schr\u00e4der\"><span style=\"color: #0000ff;\"><a style=\"color: #0000ff;\" title=\"Beitrag CDU Fraktion beantragt Wolfsentnahme, 4.11.2015\" href=\"https:\/\/wolfsmonitor.de\/?p=1734\" target=\"_blank\">CDU-Fraktion beantragt Wolfsentnahme<\/a>, <span style=\"color: #000000;\">4. November 2015<\/span><\/span><\/li>\n<li title=\"Interview Ralph Schr\u00e4der\"><span style=\"color: #0000ff;\"><a style=\"color: #0000ff;\" title=\"Entnahme oder Schutzhunde in Goldenstedt?\" href=\"https:\/\/wolfsmonitor.de\/?p=1742\" target=\"_blank\">&#8222;Entnahme&#8220; oder Schutzhunde in Goldenstedt?<\/a><\/span>, 5. November 2015<\/li>\n<li title=\"Interview Ralph Schr\u00e4der\"><span style=\"color: #0000ff;\"><a style=\"color: #0000ff;\" title=\"Bericht zum Wolf des BMUB vom 28.10.2015\" href=\"https:\/\/wolfsmonitor.de\/?p=1757\" target=\"_blank\">Bericht des BMUB zum Wolf in Deutschland<\/a><\/span>, 6. November 2015<\/li>\n<li title=\"Interview Ralph Schr\u00e4der\"><span style=\"color: #0000ff;\"><a style=\"color: #0000ff;\" title=\"Zitat G\u00fcnther Bloch\" href=\"https:\/\/wolfsmonitor.de\/?p=1767\" target=\"_blank\">G\u00fcnther Bloch: Warum bleiben W\u00f6lfe nicht in der Wildnis?<\/a><\/span>, 7. November 2015<\/li>\n<li title=\"Interview Ralph Schr\u00e4der\"><span style=\"color: #0000ff;\"><a style=\"color: #0000ff;\" title=\"Das Dilemma der J\u00e4ger\" href=\"https:\/\/wolfsmonitor.de\/?p=1777\" target=\"_blank\">Das Dilemma der J\u00e4ger<\/a><\/span>, 10. November 2015<\/li>\n<li title=\"Interview Ralph Schr\u00e4der\"><span style=\"color: #0000ff;\"><a style=\"color: #0000ff;\" title=\"Goldenstedt, 11.11.2015\" href=\"https:\/\/wolfsmonitor.de\/?p=1783\" target=\"_blank\">Goldenstedter W\u00f6lfin besendern, nicht abschie\u00dfen<\/a><\/span>, 11. November 2015<\/li>\n<li title=\"Interview Ralph Schr\u00e4der\"><span style=\"color: #0000ff;\"><a style=\"color: #0000ff;\" title=\"Gastbeitrag Klaus Bullerjahn\" href=\"https:\/\/wolfsmonitor.de\/?p=1791\" target=\"_blank\">Gastautor Klaus Bullerjahn zur Goldenstedter Wolfsf\u00e4he<\/a><\/span>, 13. November 2015<\/li>\n<li title=\"Interview Ralph Schr\u00e4der\"><a title=\"Die W\u00f6lfin und der Hammer\" href=\"https:\/\/wolfsmonitor.de\/?p=1800\" target=\"_blank\"><span style=\"color: #0000ff;\">Die W\u00f6lfin und der Hamme<\/span>r<\/a>, 15. November 2015<\/li>\n<li title=\"Interview Ralph Schr\u00e4der\"><span style=\"color: #0000ff;\"><a style=\"color: #0000ff;\" title=\"Beitrag 16.11.2015\" href=\"https:\/\/wolfsmonitor.de\/?p=1807\" target=\"_blank\">Goldenstedter W\u00f6lfin: Unzureichender Herdenschutz!<\/a><\/span>, 16. November 2015<\/li>\n<li title=\"Interview Ralph Schr\u00e4der\"><span style=\"color: #0000ff;\"><a style=\"color: #0000ff;\" title=\"Erneut \u00dcbergriff im LK Diepholz\" href=\"https:\/\/wolfsmonitor.de\/?p=1819\" target=\"_blank\">Erneut \u00dcbergriff auf Schafe im Landkreis Diepholz<\/a><\/span>, 18. November 2015<\/li>\n<li title=\"Interview Ralph Schr\u00e4der\"><a title=\"Neuer Wolfsradweg in Niedersachsen\" href=\"https:\/\/wolfsmonitor.de\/?p=1828\" target=\"_blank\"><span style=\"color: #0000ff;\">Neuer Wolfsradweg in Niedersachsen<\/span><\/a>, 19. November 2015<\/li>\n<li title=\"Interview Ralph Schr\u00e4der\"><span style=\"color: #0000ff;\"><a style=\"color: #0000ff;\" title=\"Interview Markus Bathen\" href=\"https:\/\/wolfsmonitor.de\/?p=1841\" target=\"_blank\">3 Antworten von Markus Bathen<\/a><\/span>, 20. November 2015<\/li>\n<li title=\"Interview Ralph Schr\u00e4der\"><span style=\"color: #0000ff;\"><a style=\"color: #0000ff;\" title=\"Zitat Christoph Stubbe 21.11.2015\" href=\"https:\/\/wolfsmonitor.de\/?p=1853\" target=\"_blank\">Christoph Stubbe: Lebensr\u00e4ume von W\u00f6lfen in Russland<\/a><\/span>, 21. November 2015<\/li>\n<li title=\"Interview Ralph Schr\u00e4der\"><span style=\"color: #0000ff;\"><a style=\"color: #0000ff;\" title=\"Wir brauchen keine W\u00f6lfe! Wirklich?, 23.11.2015\" href=\"https:\/\/wolfsmonitor.de\/?p=1863\" target=\"_blank\">Wir brauchen keine W\u00f6lfe! Wirklich?<\/a><\/span>, 23. November 2015<\/li>\n<li title=\"Interview Ralph Schr\u00e4der\"><span style=\"color: #0000ff;\"><a style=\"color: #0000ff;\" title=\"MU-Info 23.11.2015\" href=\"https:\/\/wolfsmonitor.de\/?p=1871\" target=\"_blank\">Schafhalter als Fachleute im Wolfsmanagement<\/a><\/span>, 23. November 2015<\/li>\n<li title=\"Interview Ralph Schr\u00e4der\"><span style=\"color: #0000ff;\"><a style=\"color: #0000ff;\" title=\"Interview Nathalie Soethe\" href=\"https:\/\/wolfsmonitor.de\/?p=1877\" target=\"_blank\">3 Antworten von Nathalie Soethe (WikiWolves)<\/a><\/span>, 25. November 2015<\/li>\n<li title=\"Interview Ralph Schr\u00e4der\"><span style=\"color: #0000ff;\"><a style=\"color: #0000ff;\" title=\"Neue Regeln ab heute in Nds wirksam\" href=\"https:\/\/wolfsmonitor.de\/?p=1886\" target=\"_blank\">Neue Regeln im Herdenschutz ab heute wirksam!<\/a><\/span>, 26. November 2015<\/li>\n<li title=\"Interview Ralph Schr\u00e4der\"><span style=\"color: #0000ff;\"><a style=\"color: #0000ff;\" title=\"Beitrag Bauernverband, 26.11.2015\" href=\"https:\/\/wolfsmonitor.de\/?p=1893\" target=\"_blank\">Bauernverband m\u00f6chte umfassender \u00fcber W\u00f6lfe diskutieren<\/a>, <span style=\"color: #000000;\">26. November 2015<\/span><\/span><\/li>\n<li title=\"Interview Ralph Schr\u00e4der\"><span style=\"color: #0000ff;\"><a style=\"color: #0000ff;\" title=\"Zitat Thomas Achim Schoke\" href=\"https:\/\/wolfsmonitor.de\/?p=1903\" target=\"_blank\">Herden sch\u00fctzdende Hunde im &#8222;Schutzmodus&#8220;<\/a><\/span>, 28. November 2015<\/li>\n<li title=\"Interview Ralph Schr\u00e4der\"><span style=\"color: #0000ff;\"><a style=\"color: #0000ff;\" title=\"Deutsche Wildtierstiftung, 30.11.2015\" href=\"https:\/\/wolfsmonitor.de\/?p=1913\" target=\"_blank\">Mensch-Wolf-Beziehung im Forschungsfokus der Deutschen Wildtier Stiftung<\/a><\/span>, 30. November 2015<\/li>\n<\/ol>\n<p>Sie k\u00f6nnen alle Beitr\u00e4ge auch nach \u201cKategorien\u201d geordnet aufrufen. Bitte nutzen Sie dazu die gleichnamige Auswahl in der rechten Seitenleiste!<\/p>\n<p>Viel Spa\u00df!<\/p>\n<p>Ihr<\/p>\n<p>J\u00fcrgen Vogler<\/p>\n<div class=\"shariff shariff-align-center shariff-widget-align-center\" data-services=\"facebook%7Ctwitter\" data-url=\"https%3A%2F%2Fwolfsmonitor.de%2F%3Fpage_id%3D1709\" data-timestamp=\"1526950075\" data-backendurl=\"?rest_route=\/shariff\/v1\/share_counts&\"><ul class=\"shariff-buttons theme-color orientation-horizontal buttonsize-small\"><li class=\"shariff-button facebook shariff-nocustomcolor\" style=\"background-color:#4273c8\"><a href=\"https:\/\/www.facebook.com\/sharer\/sharer.php?u=https%3A%2F%2Fwolfsmonitor.de%2F%3Fpage_id%3D1709\" title=\"Bei Facebook teilen\" aria-label=\"Bei Facebook teilen\" role=\"button\" rel=\"nofollow\" class=\"shariff-link\" style=\"; background-color:#3b5998; color:#fff\" target=\"_blank\"><span class=\"shariff-icon\" style=\"\"><svg width=\"32px\" height=\"20px\" xmlns=\"http:\/\/www.w3.org\/2000\/svg\" viewBox=\"0 0 18 32\"><path fill=\"#3b5998\" d=\"M17.1 0.2v4.7h-2.8q-1.5 0-2.1 0.6t-0.5 1.9v3.4h5.2l-0.7 5.3h-4.5v13.6h-5.5v-13.6h-4.5v-5.3h4.5v-3.9q0-3.3 1.9-5.2t5-1.8q2.6 0 4.1 0.2z\"\/><\/svg><\/span><span class=\"shariff-text\">teilen<\/span>&nbsp;<span data-service=\"facebook\" style=\"color:#3b5998\" class=\"shariff-count shariff-hidezero\"><\/span>&nbsp;<\/a><\/li><li class=\"shariff-button twitter shariff-nocustomcolor\" style=\"background-color:#32bbf5\"><a href=\"https:\/\/twitter.com\/share?url=https%3A%2F%2Fwolfsmonitor.de%2F%3Fpage_id%3D1709&text=Beitr%C3%A4ge%20November%202015\" title=\"Bei Twitter teilen\" aria-label=\"Bei Twitter teilen\" role=\"button\" rel=\"noopener nofollow\" class=\"shariff-link\" style=\"; background-color:#55acee; color:#fff\" target=\"_blank\"><span class=\"shariff-icon\" style=\"\"><svg width=\"32px\" height=\"20px\" xmlns=\"http:\/\/www.w3.org\/2000\/svg\" viewBox=\"0 0 30 32\"><path fill=\"#55acee\" d=\"M29.7 6.8q-1.2 1.8-3 3.1 0 0.3 0 0.8 0 2.5-0.7 4.9t-2.2 4.7-3.5 4-4.9 2.8-6.1 1q-5.1 0-9.3-2.7 0.6 0.1 1.5 0.1 4.3 0 7.6-2.6-2-0.1-3.5-1.2t-2.2-3q0.6 0.1 1.1 0.1 0.8 0 1.6-0.2-2.1-0.4-3.5-2.1t-1.4-3.9v-0.1q1.3 0.7 2.8 0.8-1.2-0.8-2-2.2t-0.7-2.9q0-1.7 0.8-3.1 2.3 2.8 5.5 4.5t7 1.9q-0.2-0.7-0.2-1.4 0-2.5 1.8-4.3t4.3-1.8q2.7 0 4.5 1.9 2.1-0.4 3.9-1.5-0.7 2.2-2.7 3.4 1.8-0.2 3.5-0.9z\"\/><\/svg><\/span><span class=\"shariff-text\">twittern<\/span>&nbsp;<span data-service=\"twitter\" style=\"color:#55acee\" class=\"shariff-count shariff-hidezero\"><\/span>&nbsp;<\/a><\/li><li class=\"shariff-button rss shariff-nocustomcolor\" style=\"background-color:#ff8c00\"><a href=\"https:\/\/wolfsmonitor.de\/?feed=rss\" title=\"RSS-feed\" aria-label=\"RSS-feed\" role=\"button\" class=\"shariff-link\" style=\"; background-color:#fe9312; color:#fff\" target=\"_blank\"><span class=\"shariff-icon\" style=\"\"><svg width=\"32px\" height=\"20px\" xmlns=\"http:\/\/www.w3.org\/2000\/svg\" viewBox=\"0 0 32 32\"><path fill=\"#fe9312\" d=\"M4.3 23.5c-2.3 0-4.3 1.9-4.3 4.3 0 2.3 1.9 4.2 4.3 4.2 2.4 0 4.3-1.9 4.3-4.2 0-2.3-1.9-4.3-4.3-4.3zM0 10.9v6.1c4 0 7.7 1.6 10.6 4.4 2.8 2.8 4.4 6.6 4.4 10.6h6.2c0-11.7-9.5-21.1-21.1-21.1zM0 0v6.1c14.2 0 25.8 11.6 25.8 25.9h6.2c0-17.6-14.4-32-32-32z\"\/><\/svg><\/span><span class=\"shariff-text\">RSS-feed<\/span>&nbsp;<\/a><\/li><li class=\"shariff-button mailto shariff-nocustomcolor\" style=\"background-color:#a8a8a8\"><a href=\"mailto:?body=https%3A%2F%2Fwolfsmonitor.de%2F%3Fpage_id%3D1709&subject=Beitr%C3%A4ge%20November%202015\" title=\"Per E-Mail versenden\" aria-label=\"Per E-Mail versenden\" role=\"button\" rel=\"noopener nofollow\" class=\"shariff-link\" style=\"; background-color:#999; color:#fff\"><span class=\"shariff-icon\" style=\"\"><svg width=\"32px\" height=\"20px\" xmlns=\"http:\/\/www.w3.org\/2000\/svg\" viewBox=\"0 0 32 32\"><path fill=\"#999\" d=\"M32 12.7v14.2q0 1.2-0.8 2t-2 0.9h-26.3q-1.2 0-2-0.9t-0.8-2v-14.2q0.8 0.9 1.8 1.6 6.5 4.4 8.9 6.1 1 0.8 1.6 1.2t1.7 0.9 2 0.4h0.1q0.9 0 2-0.4t1.7-0.9 1.6-1.2q3-2.2 8.9-6.1 1-0.7 1.8-1.6zM32 7.4q0 1.4-0.9 2.7t-2.2 2.2q-6.7 4.7-8.4 5.8-0.2 0.1-0.7 0.5t-1 0.7-0.9 0.6-1.1 0.5-0.9 0.2h-0.1q-0.4 0-0.9-0.2t-1.1-0.5-0.9-0.6-1-0.7-0.7-0.5q-1.6-1.1-4.7-3.2t-3.6-2.6q-1.1-0.7-2.1-2t-1-2.5q0-1.4 0.7-2.3t2.1-0.9h26.3q1.2 0 2 0.8t0.9 2z\"\/><\/svg><\/span><span class=\"shariff-text\">E-Mail<\/span>&nbsp;<\/a><\/li><li class=\"shariff-button info shariff-nocustomcolor\" style=\"background-color:#a8a8a8\"><a href=\"http:\/\/ct.de\/-2467514\" title=\"Weitere Informationen\" aria-label=\"Weitere Informationen\" role=\"button\" rel=\"noopener \" class=\"shariff-link\" style=\"; background-color:#999; color:#fff\" target=\"_blank\"><span class=\"shariff-icon\" style=\"\"><svg width=\"32px\" height=\"20px\" xmlns=\"http:\/\/www.w3.org\/2000\/svg\" viewBox=\"0 0 11 32\"><path fill=\"#999\" d=\"M11.4 24v2.3q0 0.5-0.3 0.8t-0.8 0.4h-9.1q-0.5 0-0.8-0.4t-0.4-0.8v-2.3q0-0.5 0.4-0.8t0.8-0.4h1.1v-6.8h-1.1q-0.5 0-0.8-0.4t-0.4-0.8v-2.3q0-0.5 0.4-0.8t0.8-0.4h6.8q0.5 0 0.8 0.4t0.4 0.8v10.3h1.1q0.5 0 0.8 0.4t0.3 0.8zM9.2 3.4v3.4q0 0.5-0.4 0.8t-0.8 0.4h-4.6q-0.4 0-0.8-0.4t-0.4-0.8v-3.4q0-0.4 0.4-0.8t0.8-0.4h4.6q0.5 0 0.8 0.4t0.4 0.8z\"\/><\/svg><\/span><\/a><\/li><\/ul><\/div>","protected":false},"excerpt":{"rendered":"<p>Hier finden Sie alle Beitr\u00e4ge aus dem November 2015, dem achten Monat des Blogs! Bitte klicken Sie direkt auf den gew\u00fcnschten Titel im &#8222;Klappmenue&#8220; oben oder auf folgende, chronologisch angeordnete Beitrags\u00fcberschriften: Thementag Wolf im Emsland Moormuseum, 2. November 2015 Wolfsmonitor ist Ergo-Award-Preistr\u00e4ger 2015, 3 . November 2015 Pferdeherde vereitelt Wolfsattacke, 4. November 2015 CDU-Fraktion beantragt [&hellip;]<\/p>\n<div class=\"shariff shariff-align-center shariff-widget-align-center\" data-services=\"facebook%7Ctwitter\" data-url=\"https%3A%2F%2Fwolfsmonitor.de%2F%3Fpage_id%3D1709\" data-timestamp=\"1526950075\" data-backendurl=\"?rest_route=\/shariff\/v1\/share_counts&\"><ul class=\"shariff-buttons theme-color orientation-horizontal buttonsize-small\"><li class=\"shariff-button facebook shariff-nocustomcolor\" style=\"background-color:#4273c8\"><a href=\"https:\/\/www.facebook.com\/sharer\/sharer.php?u=https%3A%2F%2Fwolfsmonitor.de%2F%3Fpage_id%3D1709\" title=\"Bei Facebook teilen\" aria-label=\"Bei Facebook teilen\" role=\"button\" rel=\"nofollow\" class=\"shariff-link\" style=\"; background-color:#3b5998; color:#fff\" target=\"_blank\"><span class=\"shariff-icon\" style=\"\"><svg width=\"32px\" height=\"20px\" xmlns=\"http:\/\/www.w3.org\/2000\/svg\" viewBox=\"0 0 18 32\"><path fill=\"#3b5998\" d=\"M17.1 0.2v4.7h-2.8q-1.5 0-2.1 0.6t-0.5 1.9v3.4h5.2l-0.7 5.3h-4.5v13.6h-5.5v-13.6h-4.5v-5.3h4.5v-3.9q0-3.3 1.9-5.2t5-1.8q2.6 0 4.1 0.2z\"\/><\/svg><\/span><span class=\"shariff-text\">teilen<\/span>&nbsp;<span data-service=\"facebook\" style=\"color:#3b5998\" class=\"shariff-count shariff-hidezero\"><\/span>&nbsp;<\/a><\/li><li class=\"shariff-button twitter shariff-nocustomcolor\" style=\"background-color:#32bbf5\"><a href=\"https:\/\/twitter.com\/share?url=https%3A%2F%2Fwolfsmonitor.de%2F%3Fpage_id%3D1709&text=Beitr%C3%A4ge%20November%202015\" title=\"Bei Twitter teilen\" aria-label=\"Bei Twitter teilen\" role=\"button\" rel=\"noopener nofollow\" class=\"shariff-link\" style=\"; background-color:#55acee; color:#fff\" target=\"_blank\"><span class=\"shariff-icon\" style=\"\"><svg width=\"32px\" height=\"20px\" xmlns=\"http:\/\/www.w3.org\/2000\/svg\" viewBox=\"0 0 30 32\"><path fill=\"#55acee\" d=\"M29.7 6.8q-1.2 1.8-3 3.1 0 0.3 0 0.8 0 2.5-0.7 4.9t-2.2 4.7-3.5 4-4.9 2.8-6.1 1q-5.1 0-9.3-2.7 0.6 0.1 1.5 0.1 4.3 0 7.6-2.6-2-0.1-3.5-1.2t-2.2-3q0.6 0.1 1.1 0.1 0.8 0 1.6-0.2-2.1-0.4-3.5-2.1t-1.4-3.9v-0.1q1.3 0.7 2.8 0.8-1.2-0.8-2-2.2t-0.7-2.9q0-1.7 0.8-3.1 2.3 2.8 5.5 4.5t7 1.9q-0.2-0.7-0.2-1.4 0-2.5 1.8-4.3t4.3-1.8q2.7 0 4.5 1.9 2.1-0.4 3.9-1.5-0.7 2.2-2.7 3.4 1.8-0.2 3.5-0.9z\"\/><\/svg><\/span><span class=\"shariff-text\">twittern<\/span>&nbsp;<span data-service=\"twitter\" style=\"color:#55acee\" class=\"shariff-count shariff-hidezero\"><\/span>&nbsp;<\/a><\/li><li class=\"shariff-button rss shariff-nocustomcolor\" style=\"background-color:#ff8c00\"><a href=\"https:\/\/wolfsmonitor.de\/?feed=rss\" title=\"RSS-feed\" aria-label=\"RSS-feed\" role=\"button\" class=\"shariff-link\" style=\"; background-color:#fe9312; color:#fff\" target=\"_blank\"><span class=\"shariff-icon\" style=\"\"><svg width=\"32px\" height=\"20px\" xmlns=\"http:\/\/www.w3.org\/2000\/svg\" viewBox=\"0 0 32 32\"><path fill=\"#fe9312\" d=\"M4.3 23.5c-2.3 0-4.3 1.9-4.3 4.3 0 2.3 1.9 4.2 4.3 4.2 2.4 0 4.3-1.9 4.3-4.2 0-2.3-1.9-4.3-4.3-4.3zM0 10.9v6.1c4 0 7.7 1.6 10.6 4.4 2.8 2.8 4.4 6.6 4.4 10.6h6.2c0-11.7-9.5-21.1-21.1-21.1zM0 0v6.1c14.2 0 25.8 11.6 25.8 25.9h6.2c0-17.6-14.4-32-32-32z\"\/><\/svg><\/span><span class=\"shariff-text\">RSS-feed<\/span>&nbsp;<\/a><\/li><li class=\"shariff-button mailto shariff-nocustomcolor\" style=\"background-color:#a8a8a8\"><a href=\"mailto:?body=https%3A%2F%2Fwolfsmonitor.de%2F%3Fpage_id%3D1709&subject=Beitr%C3%A4ge%20November%202015\" title=\"Per E-Mail versenden\" aria-label=\"Per E-Mail versenden\" role=\"button\" rel=\"noopener nofollow\" class=\"shariff-link\" style=\"; background-color:#999; color:#fff\"><span class=\"shariff-icon\" style=\"\"><svg width=\"32px\" height=\"20px\" xmlns=\"http:\/\/www.w3.org\/2000\/svg\" viewBox=\"0 0 32 32\"><path fill=\"#999\" d=\"M32 12.7v14.2q0 1.2-0.8 2t-2 0.9h-26.3q-1.2 0-2-0.9t-0.8-2v-14.2q0.8 0.9 1.8 1.6 6.5 4.4 8.9 6.1 1 0.8 1.6 1.2t1.7 0.9 2 0.4h0.1q0.9 0 2-0.4t1.7-0.9 1.6-1.2q3-2.2 8.9-6.1 1-0.7 1.8-1.6zM32 7.4q0 1.4-0.9 2.7t-2.2 2.2q-6.7 4.7-8.4 5.8-0.2 0.1-0.7 0.5t-1 0.7-0.9 0.6-1.1 0.5-0.9 0.2h-0.1q-0.4 0-0.9-0.2t-1.1-0.5-0.9-0.6-1-0.7-0.7-0.5q-1.6-1.1-4.7-3.2t-3.6-2.6q-1.1-0.7-2.1-2t-1-2.5q0-1.4 0.7-2.3t2.1-0.9h26.3q1.2 0 2 0.8t0.9 2z\"\/><\/svg><\/span><span class=\"shariff-text\">E-Mail<\/span>&nbsp;<\/a><\/li><li class=\"shariff-button info shariff-nocustomcolor\" style=\"background-color:#a8a8a8\"><a href=\"http:\/\/ct.de\/-2467514\" title=\"Weitere Informationen\" aria-label=\"Weitere Informationen\" role=\"button\" rel=\"noopener \" class=\"shariff-link\" style=\"; background-color:#999; color:#fff\" target=\"_blank\"><span class=\"shariff-icon\" style=\"\"><svg width=\"32px\" height=\"20px\" xmlns=\"http:\/\/www.w3.org\/2000\/svg\" viewBox=\"0 0 11 32\"><path fill=\"#999\" d=\"M11.4 24v2.3q0 0.5-0.3 0.8t-0.8 0.4h-9.1q-0.5 0-0.8-0.4t-0.4-0.8v-2.3q0-0.5 0.4-0.8t0.8-0.4h1.1v-6.8h-1.1q-0.5 0-0.8-0.4t-0.4-0.8v-2.3q0-0.5 0.4-0.8t0.8-0.4h6.8q0.5 0 0.8 0.4t0.4 0.8v10.3h1.1q0.5 0 0.8 0.4t0.3 0.8zM9.2 3.4v3.4q0 0.5-0.4 0.8t-0.8 0.4h-4.6q-0.4 0-0.8-0.4t-0.4-0.8v-3.4q0-0.4 0.4-0.8t0.8-0.4h4.6q0.5 0 0.8 0.4t0.4 0.8z\"\/><\/svg><\/span><\/a><\/li><\/ul><\/div>","protected":false},"author":1,"featured_media":0,"parent":28,"menu_order":0,"comment_status":"closed","ping_status":"closed","template":"","meta":{"spay_email":""},"jetpack_shortlink":"https:\/\/wp.me\/P61YbU-rz","jetpack-related-posts":[{"id":11138,"url":"https:\/\/wolfsmonitor.de\/?page_id=11138","url_meta":{"origin":1709,"position":0},"title":"Beitr\u00e4ge November 2017","date":"1. November 2017","format":false,"excerpt":"Hier finden Sie alle Wolfsmonitor-Beitr\u00e4ge aus dem November 2017! Bitte klicken Sie direkt auf den gew\u00fcnschten Titel im \"Klappmenue\" oben unter \"Beitr\u00e4ge\" oder auf folgende, chronologisch angeordnete Beitrags\u00fcberschriften: GzSdW und Freundeskreis freilebender W\u00f6lfe: S\u00e4chsisches Umweltministerium bringt Konsens in Gefahr!, 1. November 2017 G\u00fcnther Bloch: \"Bislang hatte Deutschland keinen einzigen Problemwolf\";\u2026","rel":"","context":"\u00c4hnlicher Beitrag","img":{"alt_text":"","src":"","width":0,"height":0},"classes":[]},{"id":18030,"url":"https:\/\/wolfsmonitor.de\/?page_id=18030","url_meta":{"origin":1709,"position":1},"title":"Beitr\u00e4ge November2019","date":"2. November 2019","format":false,"excerpt":"Hier finden Sie alle Beitr\u00e4ge aus dem November 2019, dem f\u00fcnfundf\u00fcnfzigsten Monat dieses Blogs! Bitte klicken Sie direkt auf den gew\u00fcnschten Titel in der Menueauswahl oder auf folgende, chronologisch angeordnete Beitrags\u00fcberschriften: Wolf bei D\u00f6rverden: t\u00f6dliche Biss- statt Schussverletzungen, 2. November 2019 Erneut Wolf bei Jagd in Brandenburg erschossen, 3. November\u2026","rel":"","context":"\u00c4hnlicher Beitrag","img":{"alt_text":"","src":"","width":0,"height":0},"classes":[]},{"id":5776,"url":"https:\/\/wolfsmonitor.de\/?page_id=5776","url_meta":{"origin":1709,"position":2},"title":"Beitr\u00e4ge November 2016","date":"1. November 2016","format":false,"excerpt":"Hier finden Sie alle Beitr\u00e4ge aus dem November 2016! Bitte klicken Sie direkt auf den gew\u00fcnschten Titel im \"Klappmenue\" oben oder auf folgende, chronologisch angeordnete Beitrags\u00fcberschriften: Kurzfristiger WikiWolves-Hilfseinsatz am 5. November in Brandenburg!, 1. November 2016 Gastautor Heiko Drawe: Motivation zur Besenderung der Goldenstedter W\u00f6lfin unklar!, 2. November 2016 Schweizer\u2026","rel":"","context":"\u00c4hnlicher Beitrag","img":{"alt_text":"","src":"","width":0,"height":0},"classes":[]},{"id":15303,"url":"https:\/\/wolfsmonitor.de\/?page_id=15303","url_meta":{"origin":1709,"position":3},"title":"Beitr\u00e4ge November 2018","date":"1. November 2018","format":false,"excerpt":"Hier finden Sie alle Wolfsmonitor-Beitr\u00e4ge aus dem November 2018. Das Wolf-Abwehr-Produkt schlechthin!, 1. November 2018 Kerze statt Mahnfeuer, 1. November 2018 Freundeskreis freilebender W\u00f6lfe: Stellungnahme zur Bundesratsinitiative, 2. November 2018 Veranstaltung in Walsrode: Debatte mit Anti-Wolfs-Attit\u00fcde, 3. November 2018 Schonungslose Analyse des menschlichen Raubbaus an der Erde, 4. November 2018\u2026","rel":"","context":"\u00c4hnlicher Beitrag","img":{"alt_text":"","src":"","width":0,"height":0},"classes":[]},{"id":6943,"url":"https:\/\/wolfsmonitor.de\/?page_id=6943","url_meta":{"origin":1709,"position":4},"title":"Beitr\u00e4ge aus dem Jahr 2015","date":"1. Januar 2017","format":false,"excerpt":"Zur Weiterleitung bitte auf den jeweiligen Monat klicken! Dezember 2015 November 2015 Oktober 2015 September 2015 August 2015 Juli 2015 Juni 2015 Mai 2015 Blogstart im April 2015","rel":"","context":"\u00c4hnlicher Beitrag","img":{"alt_text":"","src":"","width":0,"height":0},"classes":[]},{"id":1392,"url":"https:\/\/wolfsmonitor.de\/?page_id=1392","url_meta":{"origin":1709,"position":5},"title":"Beitr\u00e4ge Oktober 2015","date":"1. Oktober 2015","format":false,"excerpt":"Hier finden Sie alle Beitr\u00e4ge aus dem Oktober 2015, dem siebten Monat des Blogs! Bitte klicken Sie direkt auf den gew\u00fcnschten Titel im \"Klappmenue\" oben oder auf folgende, chronologisch angeordnete Beitrags\u00fcberschriften: \u00a0Interview: 3 Antworten von Ralph Schr\u00e4der, 01. Oktober 2015 Tanja Askani: Die vier Bed\u00fcrfnisse der W\u00f6lfe, 03. Oktober 2015\u2026","rel":"","context":"\u00c4hnlicher Beitrag","img":{"alt_text":"","src":"","width":0,"height":0},"classes":[]}],"_links":{"self":[{"href":"https:\/\/wolfsmonitor.de\/index.php?rest_route=\/wp\/v2\/pages\/1709"}],"collection":[{"href":"https:\/\/wolfsmonitor.de\/index.php?rest_route=\/wp\/v2\/pages"}],"about":[{"href":"https:\/\/wolfsmonitor.de\/index.php?rest_route=\/wp\/v2\/types\/page"}],"author":[{"embeddable":true,"href":"https:\/\/wolfsmonitor.de\/index.php?rest_route=\/wp\/v2\/users\/1"}],"replies":[{"embeddable":true,"href":"https:\/\/wolfsmonitor.de\/index.php?rest_route=%2Fwp%2Fv2%2Fcomments&post=1709"}],"version-history":[{"count":26,"href":"https:\/\/wolfsmonitor.de\/index.php?rest_route=\/wp\/v2\/pages\/1709\/revisions"}],"predecessor-version":[{"id":1920,"href":"https:\/\/wolfsmonitor.de\/index.php?rest_route=\/wp\/v2\/pages\/1709\/revisions\/1920"}],"up":[{"embeddable":true,"href":"https:\/\/wolfsmonitor.de\/index.php?rest_route=\/wp\/v2\/pages\/28"}],"wp:attachment":[{"href":"https:\/\/wolfsmonitor.de\/index.php?rest_route=%2Fwp%2Fv2%2Fmedia&parent=1709"}],"curies":[{"name":"wp","href":"https:\/\/api.w.org\/{rel}","templated":true}]}}