{"id":2120,"date":"2016-01-01T16:08:40","date_gmt":"2016-01-01T14:08:40","guid":{"rendered":"http:\/\/wolfsmonitor.de\/?page_id=2120"},"modified":"2018-05-22T00:47:38","modified_gmt":"2018-05-21T22:47:38","slug":"beitraege-januar-2016","status":"publish","type":"page","link":"https:\/\/wolfsmonitor.de\/?page_id=2120","title":{"rendered":"Beitr\u00e4ge Januar 2016"},"content":{"rendered":"<p>Hier finden Sie alle Beitr\u00e4ge aus dem Januar 2016, dem zehnten Monat des Blogs!<\/p>\n<p title=\"Beitrag 2 tote W\u00f6lfe gefunden\">Bitte klicken Sie direkt auf den gew\u00fcnschten Titel im &#8222;Klappmenue&#8220; oben oder auf folgende, chronologisch angeordnete Beitrags\u00fcberschriften:<\/p>\n<ol>\n<li title=\"Beitrag 2 tote W\u00f6lfe gefunden\"><span style=\"color: #0000ff;\"><a style=\"color: #0000ff;\" title=\"Nie der Wissenschaft \u00fcberlassen, wie man leben will....\" href=\"https:\/\/wolfsmonitor.de\/?p=2117\" target=\"_blank\">Nie der Wissenschaft \u00fcberlassen, wie man leben will<\/a>.<\/span>&#8230;, 01. Januar 2016<\/li>\n<li title=\"Beitrag 2 tote W\u00f6lfe gefunden\"><span style=\"color: #0000ff;\"><a style=\"color: #0000ff;\" title=\"Wolfsmanagementplan Th\u00fcringen 2016\" href=\"https:\/\/wolfsmonitor.de\/?p=2148\" target=\"_blank\">\u00dcberarbeiteter Managementplan f\u00fcr den Wolf in Th\u00fcringen<\/a><\/span>, 05. Januar 2016<\/li>\n<li title=\"Beitrag 2 tote W\u00f6lfe gefunden\"><span style=\"color: #0000ff;\"><a style=\"color: #0000ff;\" title=\"Beitrag Schweiz, 6.1.2016\" href=\"https:\/\/wolfsmonitor.de\/?p=2156\" target=\"_blank\">Auff\u00e4llige, unerw\u00fcnschte und problematische Begegnungen mit W\u00f6lfen<\/a><\/span>, 06. Januar 2016<\/li>\n<li title=\"Beitrag 2 tote W\u00f6lfe gefunden\">I<span style=\"color: #0000ff;\"><a style=\"color: #0000ff;\" title=\"Interview David Gerke\" href=\"https:\/\/wolfsmonitor.de\/?p=2183\" target=\"_blank\">nterview: 3 Antworten von David Gerke<\/a><\/span>, 07. Januar 2016<\/li>\n<li title=\"Beitrag 2 tote W\u00f6lfe gefunden\"><span style=\"color: #0000ff;\"><a style=\"color: #0000ff;\" title=\"Beitrag 08.01.2016\" href=\"https:\/\/wolfsmonitor.de\/?p=2173\" target=\"_blank\">Die merkw\u00fcrdigen Motive eines Jagdp\u00e4chters aus Barnstorf<\/a><\/span>, 08. Januar 2016<\/li>\n<li title=\"Beitrag 2 tote W\u00f6lfe gefunden\"><span style=\"color: #0000ff;\"><a style=\"color: #0000ff;\" title=\"Gudrun Pfl\u00fcger, 09.01.2016\" href=\"https:\/\/wolfsmonitor.de\/?p=2197\" target=\"_blank\">Gudrun Pfl\u00fcger: Wenn W\u00f6lfe neue Wege gehen&#8230;<\/a><\/span>, 9. Januar 2016<\/li>\n<li title=\"Beitrag 2 tote W\u00f6lfe gefunden\"><span style=\"color: #0000ff;\"><a style=\"color: #0000ff;\" title=\"Beitrag, 11.01.2016\" href=\"https:\/\/wolfsmonitor.de\/?p=2208\" target=\"_blank\">Die &#8222;unkontrollierte&#8220; Ausbreitung der W\u00f6lfe<\/a><\/span>, 11. Januar 2016<\/li>\n<li title=\"Beitrag 2 tote W\u00f6lfe gefunden\"><span style=\"color: #0000ff;\"><a style=\"color: #0000ff;\" title=\"Keine Angst sch\u00fcren, sensibilisieren!\" href=\"https:\/\/wolfsmonitor.de\/?p=2221\" target=\"_blank\">\u201eKeine Angst sch\u00fcren, sondern sensibilisieren!\u201c<\/a><\/span>, 12. Januar 2016<\/li>\n<li title=\"Beitrag 2 tote W\u00f6lfe gefunden\"><span style=\"color: #0000ff;\"><a style=\"color: #0000ff;\" title=\"Beitrag: Jogger durch Wolf verletzt\" href=\"https:\/\/wolfsmonitor.de\/?p=2228\" target=\"_blank\">Jogger durch Wolf verletzt<\/a><\/span>, 13. Januar 2016<\/li>\n<li title=\"Beitrag 2 tote W\u00f6lfe gefunden\"><span style=\"color: #0000ff;\"><a style=\"color: #0000ff;\" title=\"Beitrag Verlierer\" href=\"https:\/\/wolfsmonitor.de\/?p=2242\" target=\"_blank\">Verlierer<\/a><\/span>, 14. Januar 2016<\/li>\n<li title=\"Beitrag 2 tote W\u00f6lfe gefunden\"><span style=\"color: #0000ff;\"><a style=\"color: #0000ff;\" title=\"Gastbeitrag Wiebke Wendorff\" href=\"https:\/\/wolfsmonitor.de\/?p=2256\" target=\"_blank\">Gastautorin Wiebke Wendorff: &#8222;Der Wolf. Die Pferde. Und der Herdenschutz.&#8220;<\/a>,<\/span> 16. Januar 2016<\/li>\n<li title=\"Beitrag 2 tote W\u00f6lfe gefunden\"><span style=\"color: #0000ff;\"><a style=\"color: #0000ff;\" title=\"Beitrag Nachlese Jogger im Gartower Forst\" href=\"https:\/\/wolfsmonitor.de\/?p=2275\" target=\"_blank\">Nachlese: Jogger im Gartower Forst<\/a>, <span style=\"color: #000000;\">19. Januar 2016<\/span><\/span><\/li>\n<li title=\"Beitrag 2 tote W\u00f6lfe gefunden\"><span style=\"color: #0000ff;\"><a style=\"color: #0000ff;\" title=\"Interview Sabine Bengtsson\" href=\"https:\/\/wolfsmonitor.de\/?p=2288\" target=\"_blank\">Interview: 3 Antworten von Sabine Bengtsson<\/a><\/span>, 21. Januar 2016<\/li>\n<li title=\"Beitrag 2 tote W\u00f6lfe gefunden\"><a title=\"Konzept Wolf Schweiz\" href=\"https:\/\/wolfsmonitor.de\/?p=2299\" target=\"_blank\"><span style=\"color: #0000ff;\">WWF und Pro Natura kritisieren neues Wolfskonzept in der Schweiz<\/span>,<\/a> 22. Januar 2016<\/li>\n<li title=\"Beitrag 2 tote W\u00f6lfe gefunden\"><span style=\"color: #0000ff;\"><a style=\"color: #0000ff;\" title=\"Zitat Micha Dudek\" href=\"https:\/\/wolfsmonitor.de\/?p=2252\" target=\"_blank\">Micha Dudek: Ubiquist, Opportunist und Generalist &#8211; der Wolf<\/a><\/span>, 23. Januar 2016<\/li>\n<li title=\"Beitrag 2 tote W\u00f6lfe gefunden\"><a title=\"Beitrag 25.01.2016\" href=\"https:\/\/wolfsmonitor.de\/?p=2308\" target=\"_blank\"><span style=\"color: #0000ff;\">Verhaltenskodex f\u00fcr Wolfsberate<\/span>r<\/a>, 25. Januar 2016<\/li>\n<li title=\"Beitrag 2 tote W\u00f6lfe gefunden\"><span style=\"color: #0000ff;\"><a style=\"color: #0000ff;\" title=\"Beitrag 26.01.2016\" href=\"https:\/\/wolfsmonitor.de\/?p=2314\" target=\"_blank\">Wird den J\u00e4gern in Niedersachsen das Wolfsmonitoring entzogen?<\/a><\/span>, 26. Januar 2016<\/li>\n<li title=\"Beitrag 2 tote W\u00f6lfe gefunden\"><span style=\"color: #0000ff;\"><a style=\"color: #0000ff;\" title=\"Beitrag 27.01.2016\" href=\"https:\/\/wolfsmonitor.de\/?p=2324\" target=\"_blank\">Wardb\u00f6hmen: Wolf rauft mit Hund \u2013 wie verh\u00e4lt man sich richtig?<\/a><\/span>, 27. Januar 2016<\/li>\n<li title=\"Beitrag 2 tote W\u00f6lfe gefunden\"><span style=\"color: #0000ff;\"><a style=\"color: #0000ff;\" title=\"Beitrag 28.01.2016 Wolfsfonds S-H\" href=\"https:\/\/wolfsmonitor.de\/?p=2335\" target=\"_blank\">Wolfsfonds springt in Schleswig-Holstein ein!<\/a><\/span>, 28. Januar 2016<\/li>\n<li title=\"Beitrag 2 tote W\u00f6lfe gefunden\"><span style=\"color: #0000ff;\"><a style=\"color: #0000ff;\" title=\"Zitat Bruno Hespeler, Januar 2016\" href=\"https:\/\/wolfsmonitor.de\/?p=2343\" target=\"_blank\">Bruno Hespeler: &#8222;Das Problem stinkt zum Himmel&#8230;&#8220;<\/a><\/span>, 30. Januar 2016<\/li>\n<\/ol>\n<p>Sie k\u00f6nnen alle Beitr\u00e4ge auch nach \u201cKategorien\u201d geordnet aufrufen. Bitte nutzen Sie dazu die gleichnamige Auswahl in der rechten Seitenleiste!<\/p>\n<p>Viel Spa\u00df!<\/p>\n<p>Ihr<\/p>\n<p>J\u00fcrgen Vogler<\/p>\n<div class=\"shariff shariff-align-center shariff-widget-align-center\" data-services=\"facebook%7Ctwitter\" data-url=\"https%3A%2F%2Fwolfsmonitor.de%2F%3Fpage_id%3D2120\" data-timestamp=\"1526950058\" data-backendurl=\"?rest_route=\/shariff\/v1\/share_counts&\"><ul class=\"shariff-buttons theme-color orientation-horizontal buttonsize-small\"><li class=\"shariff-button facebook shariff-nocustomcolor\" style=\"background-color:#4273c8\"><a href=\"https:\/\/www.facebook.com\/sharer\/sharer.php?u=https%3A%2F%2Fwolfsmonitor.de%2F%3Fpage_id%3D2120\" title=\"Bei Facebook teilen\" aria-label=\"Bei Facebook teilen\" role=\"button\" rel=\"nofollow\" class=\"shariff-link\" style=\"; background-color:#3b5998; color:#fff\" target=\"_blank\"><span class=\"shariff-icon\" style=\"\"><svg width=\"32px\" height=\"20px\" xmlns=\"http:\/\/www.w3.org\/2000\/svg\" viewBox=\"0 0 18 32\"><path fill=\"#3b5998\" d=\"M17.1 0.2v4.7h-2.8q-1.5 0-2.1 0.6t-0.5 1.9v3.4h5.2l-0.7 5.3h-4.5v13.6h-5.5v-13.6h-4.5v-5.3h4.5v-3.9q0-3.3 1.9-5.2t5-1.8q2.6 0 4.1 0.2z\"\/><\/svg><\/span><span class=\"shariff-text\">teilen<\/span>&nbsp;<span data-service=\"facebook\" style=\"color:#3b5998\" class=\"shariff-count shariff-hidezero\"><\/span>&nbsp;<\/a><\/li><li class=\"shariff-button twitter shariff-nocustomcolor\" style=\"background-color:#32bbf5\"><a href=\"https:\/\/twitter.com\/share?url=https%3A%2F%2Fwolfsmonitor.de%2F%3Fpage_id%3D2120&text=Beitr%C3%A4ge%20Januar%202016\" title=\"Bei Twitter teilen\" aria-label=\"Bei Twitter teilen\" role=\"button\" rel=\"noopener nofollow\" class=\"shariff-link\" style=\"; background-color:#55acee; color:#fff\" target=\"_blank\"><span class=\"shariff-icon\" style=\"\"><svg width=\"32px\" height=\"20px\" xmlns=\"http:\/\/www.w3.org\/2000\/svg\" viewBox=\"0 0 30 32\"><path fill=\"#55acee\" d=\"M29.7 6.8q-1.2 1.8-3 3.1 0 0.3 0 0.8 0 2.5-0.7 4.9t-2.2 4.7-3.5 4-4.9 2.8-6.1 1q-5.1 0-9.3-2.7 0.6 0.1 1.5 0.1 4.3 0 7.6-2.6-2-0.1-3.5-1.2t-2.2-3q0.6 0.1 1.1 0.1 0.8 0 1.6-0.2-2.1-0.4-3.5-2.1t-1.4-3.9v-0.1q1.3 0.7 2.8 0.8-1.2-0.8-2-2.2t-0.7-2.9q0-1.7 0.8-3.1 2.3 2.8 5.5 4.5t7 1.9q-0.2-0.7-0.2-1.4 0-2.5 1.8-4.3t4.3-1.8q2.7 0 4.5 1.9 2.1-0.4 3.9-1.5-0.7 2.2-2.7 3.4 1.8-0.2 3.5-0.9z\"\/><\/svg><\/span><span class=\"shariff-text\">twittern<\/span>&nbsp;<span data-service=\"twitter\" style=\"color:#55acee\" class=\"shariff-count shariff-hidezero\"><\/span>&nbsp;<\/a><\/li><li class=\"shariff-button rss shariff-nocustomcolor\" style=\"background-color:#ff8c00\"><a href=\"https:\/\/wolfsmonitor.de\/?feed=rss\" title=\"RSS-feed\" aria-label=\"RSS-feed\" role=\"button\" class=\"shariff-link\" style=\"; background-color:#fe9312; color:#fff\" target=\"_blank\"><span class=\"shariff-icon\" style=\"\"><svg width=\"32px\" height=\"20px\" xmlns=\"http:\/\/www.w3.org\/2000\/svg\" viewBox=\"0 0 32 32\"><path fill=\"#fe9312\" d=\"M4.3 23.5c-2.3 0-4.3 1.9-4.3 4.3 0 2.3 1.9 4.2 4.3 4.2 2.4 0 4.3-1.9 4.3-4.2 0-2.3-1.9-4.3-4.3-4.3zM0 10.9v6.1c4 0 7.7 1.6 10.6 4.4 2.8 2.8 4.4 6.6 4.4 10.6h6.2c0-11.7-9.5-21.1-21.1-21.1zM0 0v6.1c14.2 0 25.8 11.6 25.8 25.9h6.2c0-17.6-14.4-32-32-32z\"\/><\/svg><\/span><span class=\"shariff-text\">RSS-feed<\/span>&nbsp;<\/a><\/li><li class=\"shariff-button mailto shariff-nocustomcolor\" style=\"background-color:#a8a8a8\"><a href=\"mailto:?body=https%3A%2F%2Fwolfsmonitor.de%2F%3Fpage_id%3D2120&subject=Beitr%C3%A4ge%20Januar%202016\" title=\"Per E-Mail versenden\" aria-label=\"Per E-Mail versenden\" role=\"button\" rel=\"noopener nofollow\" class=\"shariff-link\" style=\"; background-color:#999; color:#fff\"><span class=\"shariff-icon\" style=\"\"><svg width=\"32px\" height=\"20px\" xmlns=\"http:\/\/www.w3.org\/2000\/svg\" viewBox=\"0 0 32 32\"><path fill=\"#999\" d=\"M32 12.7v14.2q0 1.2-0.8 2t-2 0.9h-26.3q-1.2 0-2-0.9t-0.8-2v-14.2q0.8 0.9 1.8 1.6 6.5 4.4 8.9 6.1 1 0.8 1.6 1.2t1.7 0.9 2 0.4h0.1q0.9 0 2-0.4t1.7-0.9 1.6-1.2q3-2.2 8.9-6.1 1-0.7 1.8-1.6zM32 7.4q0 1.4-0.9 2.7t-2.2 2.2q-6.7 4.7-8.4 5.8-0.2 0.1-0.7 0.5t-1 0.7-0.9 0.6-1.1 0.5-0.9 0.2h-0.1q-0.4 0-0.9-0.2t-1.1-0.5-0.9-0.6-1-0.7-0.7-0.5q-1.6-1.1-4.7-3.2t-3.6-2.6q-1.1-0.7-2.1-2t-1-2.5q0-1.4 0.7-2.3t2.1-0.9h26.3q1.2 0 2 0.8t0.9 2z\"\/><\/svg><\/span><span class=\"shariff-text\">E-Mail<\/span>&nbsp;<\/a><\/li><li class=\"shariff-button info shariff-nocustomcolor\" style=\"background-color:#a8a8a8\"><a href=\"http:\/\/ct.de\/-2467514\" title=\"Weitere Informationen\" aria-label=\"Weitere Informationen\" role=\"button\" rel=\"noopener \" class=\"shariff-link\" style=\"; background-color:#999; color:#fff\" target=\"_blank\"><span class=\"shariff-icon\" style=\"\"><svg width=\"32px\" height=\"20px\" xmlns=\"http:\/\/www.w3.org\/2000\/svg\" viewBox=\"0 0 11 32\"><path fill=\"#999\" d=\"M11.4 24v2.3q0 0.5-0.3 0.8t-0.8 0.4h-9.1q-0.5 0-0.8-0.4t-0.4-0.8v-2.3q0-0.5 0.4-0.8t0.8-0.4h1.1v-6.8h-1.1q-0.5 0-0.8-0.4t-0.4-0.8v-2.3q0-0.5 0.4-0.8t0.8-0.4h6.8q0.5 0 0.8 0.4t0.4 0.8v10.3h1.1q0.5 0 0.8 0.4t0.3 0.8zM9.2 3.4v3.4q0 0.5-0.4 0.8t-0.8 0.4h-4.6q-0.4 0-0.8-0.4t-0.4-0.8v-3.4q0-0.4 0.4-0.8t0.8-0.4h4.6q0.5 0 0.8 0.4t0.4 0.8z\"\/><\/svg><\/span><\/a><\/li><\/ul><\/div>","protected":false},"excerpt":{"rendered":"<p>Hier finden Sie alle Beitr\u00e4ge aus dem Januar 2016, dem zehnten Monat des Blogs! Bitte klicken Sie direkt auf den gew\u00fcnschten Titel im &#8222;Klappmenue&#8220; oben oder auf folgende, chronologisch angeordnete Beitrags\u00fcberschriften: Nie der Wissenschaft \u00fcberlassen, wie man leben will.&#8230;, 01. Januar 2016 \u00dcberarbeiteter Managementplan f\u00fcr den Wolf in Th\u00fcringen, 05. Januar 2016 Auff\u00e4llige, unerw\u00fcnschte und [&hellip;]<\/p>\n<div class=\"shariff shariff-align-center shariff-widget-align-center\" data-services=\"facebook%7Ctwitter\" data-url=\"https%3A%2F%2Fwolfsmonitor.de%2F%3Fpage_id%3D2120\" data-timestamp=\"1526950058\" data-backendurl=\"?rest_route=\/shariff\/v1\/share_counts&\"><ul class=\"shariff-buttons theme-color orientation-horizontal buttonsize-small\"><li class=\"shariff-button facebook shariff-nocustomcolor\" style=\"background-color:#4273c8\"><a href=\"https:\/\/www.facebook.com\/sharer\/sharer.php?u=https%3A%2F%2Fwolfsmonitor.de%2F%3Fpage_id%3D2120\" title=\"Bei Facebook teilen\" aria-label=\"Bei Facebook teilen\" role=\"button\" rel=\"nofollow\" class=\"shariff-link\" style=\"; background-color:#3b5998; color:#fff\" target=\"_blank\"><span class=\"shariff-icon\" style=\"\"><svg width=\"32px\" height=\"20px\" xmlns=\"http:\/\/www.w3.org\/2000\/svg\" viewBox=\"0 0 18 32\"><path fill=\"#3b5998\" d=\"M17.1 0.2v4.7h-2.8q-1.5 0-2.1 0.6t-0.5 1.9v3.4h5.2l-0.7 5.3h-4.5v13.6h-5.5v-13.6h-4.5v-5.3h4.5v-3.9q0-3.3 1.9-5.2t5-1.8q2.6 0 4.1 0.2z\"\/><\/svg><\/span><span class=\"shariff-text\">teilen<\/span>&nbsp;<span data-service=\"facebook\" style=\"color:#3b5998\" class=\"shariff-count shariff-hidezero\"><\/span>&nbsp;<\/a><\/li><li class=\"shariff-button twitter shariff-nocustomcolor\" style=\"background-color:#32bbf5\"><a href=\"https:\/\/twitter.com\/share?url=https%3A%2F%2Fwolfsmonitor.de%2F%3Fpage_id%3D2120&text=Beitr%C3%A4ge%20Januar%202016\" title=\"Bei Twitter teilen\" aria-label=\"Bei Twitter teilen\" role=\"button\" rel=\"noopener nofollow\" class=\"shariff-link\" style=\"; background-color:#55acee; color:#fff\" target=\"_blank\"><span class=\"shariff-icon\" style=\"\"><svg width=\"32px\" height=\"20px\" xmlns=\"http:\/\/www.w3.org\/2000\/svg\" viewBox=\"0 0 30 32\"><path fill=\"#55acee\" d=\"M29.7 6.8q-1.2 1.8-3 3.1 0 0.3 0 0.8 0 2.5-0.7 4.9t-2.2 4.7-3.5 4-4.9 2.8-6.1 1q-5.1 0-9.3-2.7 0.6 0.1 1.5 0.1 4.3 0 7.6-2.6-2-0.1-3.5-1.2t-2.2-3q0.6 0.1 1.1 0.1 0.8 0 1.6-0.2-2.1-0.4-3.5-2.1t-1.4-3.9v-0.1q1.3 0.7 2.8 0.8-1.2-0.8-2-2.2t-0.7-2.9q0-1.7 0.8-3.1 2.3 2.8 5.5 4.5t7 1.9q-0.2-0.7-0.2-1.4 0-2.5 1.8-4.3t4.3-1.8q2.7 0 4.5 1.9 2.1-0.4 3.9-1.5-0.7 2.2-2.7 3.4 1.8-0.2 3.5-0.9z\"\/><\/svg><\/span><span class=\"shariff-text\">twittern<\/span>&nbsp;<span data-service=\"twitter\" style=\"color:#55acee\" class=\"shariff-count shariff-hidezero\"><\/span>&nbsp;<\/a><\/li><li class=\"shariff-button rss shariff-nocustomcolor\" style=\"background-color:#ff8c00\"><a href=\"https:\/\/wolfsmonitor.de\/?feed=rss\" title=\"RSS-feed\" aria-label=\"RSS-feed\" role=\"button\" class=\"shariff-link\" style=\"; background-color:#fe9312; color:#fff\" target=\"_blank\"><span class=\"shariff-icon\" style=\"\"><svg width=\"32px\" height=\"20px\" xmlns=\"http:\/\/www.w3.org\/2000\/svg\" viewBox=\"0 0 32 32\"><path fill=\"#fe9312\" d=\"M4.3 23.5c-2.3 0-4.3 1.9-4.3 4.3 0 2.3 1.9 4.2 4.3 4.2 2.4 0 4.3-1.9 4.3-4.2 0-2.3-1.9-4.3-4.3-4.3zM0 10.9v6.1c4 0 7.7 1.6 10.6 4.4 2.8 2.8 4.4 6.6 4.4 10.6h6.2c0-11.7-9.5-21.1-21.1-21.1zM0 0v6.1c14.2 0 25.8 11.6 25.8 25.9h6.2c0-17.6-14.4-32-32-32z\"\/><\/svg><\/span><span class=\"shariff-text\">RSS-feed<\/span>&nbsp;<\/a><\/li><li class=\"shariff-button mailto shariff-nocustomcolor\" style=\"background-color:#a8a8a8\"><a href=\"mailto:?body=https%3A%2F%2Fwolfsmonitor.de%2F%3Fpage_id%3D2120&subject=Beitr%C3%A4ge%20Januar%202016\" title=\"Per E-Mail versenden\" aria-label=\"Per E-Mail versenden\" role=\"button\" rel=\"noopener nofollow\" class=\"shariff-link\" style=\"; background-color:#999; color:#fff\"><span class=\"shariff-icon\" style=\"\"><svg width=\"32px\" height=\"20px\" xmlns=\"http:\/\/www.w3.org\/2000\/svg\" viewBox=\"0 0 32 32\"><path fill=\"#999\" d=\"M32 12.7v14.2q0 1.2-0.8 2t-2 0.9h-26.3q-1.2 0-2-0.9t-0.8-2v-14.2q0.8 0.9 1.8 1.6 6.5 4.4 8.9 6.1 1 0.8 1.6 1.2t1.7 0.9 2 0.4h0.1q0.9 0 2-0.4t1.7-0.9 1.6-1.2q3-2.2 8.9-6.1 1-0.7 1.8-1.6zM32 7.4q0 1.4-0.9 2.7t-2.2 2.2q-6.7 4.7-8.4 5.8-0.2 0.1-0.7 0.5t-1 0.7-0.9 0.6-1.1 0.5-0.9 0.2h-0.1q-0.4 0-0.9-0.2t-1.1-0.5-0.9-0.6-1-0.7-0.7-0.5q-1.6-1.1-4.7-3.2t-3.6-2.6q-1.1-0.7-2.1-2t-1-2.5q0-1.4 0.7-2.3t2.1-0.9h26.3q1.2 0 2 0.8t0.9 2z\"\/><\/svg><\/span><span class=\"shariff-text\">E-Mail<\/span>&nbsp;<\/a><\/li><li class=\"shariff-button info shariff-nocustomcolor\" style=\"background-color:#a8a8a8\"><a href=\"http:\/\/ct.de\/-2467514\" title=\"Weitere Informationen\" aria-label=\"Weitere Informationen\" role=\"button\" rel=\"noopener \" class=\"shariff-link\" style=\"; background-color:#999; color:#fff\" target=\"_blank\"><span class=\"shariff-icon\" style=\"\"><svg width=\"32px\" height=\"20px\" xmlns=\"http:\/\/www.w3.org\/2000\/svg\" viewBox=\"0 0 11 32\"><path fill=\"#999\" d=\"M11.4 24v2.3q0 0.5-0.3 0.8t-0.8 0.4h-9.1q-0.5 0-0.8-0.4t-0.4-0.8v-2.3q0-0.5 0.4-0.8t0.8-0.4h1.1v-6.8h-1.1q-0.5 0-0.8-0.4t-0.4-0.8v-2.3q0-0.5 0.4-0.8t0.8-0.4h6.8q0.5 0 0.8 0.4t0.4 0.8v10.3h1.1q0.5 0 0.8 0.4t0.3 0.8zM9.2 3.4v3.4q0 0.5-0.4 0.8t-0.8 0.4h-4.6q-0.4 0-0.8-0.4t-0.4-0.8v-3.4q0-0.4 0.4-0.8t0.8-0.4h4.6q0.5 0 0.8 0.4t0.4 0.8z\"\/><\/svg><\/span><\/a><\/li><\/ul><\/div>","protected":false},"author":1,"featured_media":0,"parent":28,"menu_order":0,"comment_status":"closed","ping_status":"closed","template":"","meta":{"spay_email":""},"jetpack_shortlink":"https:\/\/wp.me\/P61YbU-yc","jetpack-related-posts":[{"id":18232,"url":"https:\/\/wolfsmonitor.de\/?page_id=18232","url_meta":{"origin":2120,"position":0},"title":"Beitr\u00e4ge Januar 2020","date":"3. Januar 2020","format":false,"excerpt":"Hier finden Sie alle Beitr\u00e4ge aus dem Januar 2020, dem siebenundf\u00fcnfzigsten Monat dieses Blogs! Bitte klicken Sie direkt auf den gew\u00fcnschten Titel in der Menueauswahl oder auf folgende, chronologisch angeordnete Beitrags\u00fcberschriften: G\u00f6rlitzer Wolf wieder auf freiem Fu\u00df, 3. Januar 2020 VFD: \"Der effektivste Herdenschutz ist Pr\u00e4vention\", 7. Januar 2020 Ohrdrufer\u2026","rel":"","context":"\u00c4hnlicher Beitrag","img":{"alt_text":"","src":"","width":0,"height":0},"classes":[]},{"id":11994,"url":"https:\/\/wolfsmonitor.de\/?page_id=11994","url_meta":{"origin":2120,"position":1},"title":"Beitr\u00e4ge Januar 2018","date":"2. Januar 2018","format":false,"excerpt":"Hier finden Sie alle Wolfsmonitor-Beitr\u00e4ge aus dem Januar 2018 ! Bitte klicken Sie direkt auf den gew\u00fcnschten Titel im \"Klappmenue\" oben unter \"Beitr\u00e4ge\" oder auf folgende, chronologisch angeordnete Beitrags\u00fcberschriften: Toter Wolf bei Thee\u00dfen, 1. Januar 2018 Das Verschwinden der W\u00f6lfe in Schweden, 2. Januar 2018 Die Wolfsmonitor-Retrospektive auf das Wolfsjahr\u2026","rel":"","context":"\u00c4hnlicher Beitrag","img":{"alt_text":"","src":"","width":0,"height":0},"classes":[]},{"id":15990,"url":"https:\/\/wolfsmonitor.de\/?page_id=15990","url_meta":{"origin":2120,"position":2},"title":"Beitr\u00e4ge Januar 2019","date":"1. Januar 2019","format":false,"excerpt":"Hier finden Sie alle Wolfsmonitor-Beitr\u00e4ge aus dem Januar 2019. FAZ: Kl\u00f6ckners Wolfsbrandbrief ist \"kontraproduktive Effekthascherei\", 1. Januar 2019 Die Wolfsmonitor-Retrospektive auf das Wolfsjahr 2018 \u2013 Teil 2 \u2013 Februar, 2. Januar 2019 Gespr\u00e4ch \u00fcber Kl\u00f6ckners Brandbrief Mitte Januar, 3. Januar 2019 Wolfsmonitor-Retrospektive auf das Wolfsjahr 2018 \u2013 Teil 3 \u2013\u2026","rel":"","context":"\u00c4hnlicher Beitrag","img":{"alt_text":"","src":"","width":0,"height":0},"classes":[]},{"id":6953,"url":"https:\/\/wolfsmonitor.de\/?page_id=6953","url_meta":{"origin":2120,"position":3},"title":"Beitr\u00e4ge Januar 2017","date":"1. Januar 2017","format":false,"excerpt":"Hier finden Sie alle Beitr\u00e4ge aus dem Januar 2017! Bitte klicken Sie direkt auf den gew\u00fcnschten Titel im \u201eKlappmenue\u201c oben oder auf folgende, chronologisch angeordnete Beitrags\u00fcberschriften: Willkommen im neuen Jahr 2017! \u2026 und weiter geht\u2019s!, 1. Januar 2017 Die \"v\u00f6llige Narrenfreiheit\" der W\u00f6lfe und derer, die ihnen an den Kragen\u2026","rel":"","context":"\u00c4hnlicher Beitrag","img":{"alt_text":"","src":"","width":0,"height":0},"classes":[]},{"id":6945,"url":"https:\/\/wolfsmonitor.de\/?page_id=6945","url_meta":{"origin":2120,"position":4},"title":"Beitr\u00e4ge aus dem Jahr 2016","date":"1. Januar 2017","format":false,"excerpt":"Zur Beitrags\u00fcbersicht bitte direkt auf den jeweiligen Monat klicken! Dezember 2016 November 2016 Oktober 2016 September 2016 August 2016 Juli 2016 Juni 2016 Mai 2016 April 2016 M\u00e4rz 2016 Februar 2016 Januar 2016","rel":"","context":"\u00c4hnlicher Beitrag","img":{"alt_text":"","src":"","width":0,"height":0},"classes":[]},{"id":2376,"url":"https:\/\/wolfsmonitor.de\/?page_id=2376","url_meta":{"origin":2120,"position":5},"title":"Beitr\u00e4ge Februar 2016","date":"1. Februar 2016","format":false,"excerpt":"Hier finden Sie alle Beitr\u00e4ge aus dem Februar 2016, dem elften Monat des Blogs! Bitte klicken Sie direkt auf den gew\u00fcnschten Titel im \"Klappmenue\" oben oder auf folgende, chronologisch angeordnete Beitrags\u00fcberschriften: Vorwurf der praktizierten \"Salami-Taktik\" durch den NDR, 1. Februar 2016 Meinungsspiegel - W\u00f6lfe im Januar, 3. Februar 2016 Bundesweite\u2026","rel":"","context":"\u00c4hnlicher Beitrag","img":{"alt_text":"","src":"","width":0,"height":0},"classes":[]}],"_links":{"self":[{"href":"https:\/\/wolfsmonitor.de\/index.php?rest_route=\/wp\/v2\/pages\/2120"}],"collection":[{"href":"https:\/\/wolfsmonitor.de\/index.php?rest_route=\/wp\/v2\/pages"}],"about":[{"href":"https:\/\/wolfsmonitor.de\/index.php?rest_route=\/wp\/v2\/types\/page"}],"author":[{"embeddable":true,"href":"https:\/\/wolfsmonitor.de\/index.php?rest_route=\/wp\/v2\/users\/1"}],"replies":[{"embeddable":true,"href":"https:\/\/wolfsmonitor.de\/index.php?rest_route=%2Fwp%2Fv2%2Fcomments&post=2120"}],"version-history":[{"count":21,"href":"https:\/\/wolfsmonitor.de\/index.php?rest_route=\/wp\/v2\/pages\/2120\/revisions"}],"predecessor-version":[{"id":2367,"href":"https:\/\/wolfsmonitor.de\/index.php?rest_route=\/wp\/v2\/pages\/2120\/revisions\/2367"}],"up":[{"embeddable":true,"href":"https:\/\/wolfsmonitor.de\/index.php?rest_route=\/wp\/v2\/pages\/28"}],"wp:attachment":[{"href":"https:\/\/wolfsmonitor.de\/index.php?rest_route=%2Fwp%2Fv2%2Fmedia&parent=2120"}],"curies":[{"name":"wp","href":"https:\/\/api.w.org\/{rel}","templated":true}]}}