{"id":2645,"date":"2016-03-02T13:26:42","date_gmt":"2016-03-02T11:26:42","guid":{"rendered":"http:\/\/wolfsmonitor.de\/?page_id=2645"},"modified":"2016-03-31T12:34:02","modified_gmt":"2016-03-31T10:34:02","slug":"beitraege-maerz-2016","status":"publish","type":"page","link":"https:\/\/wolfsmonitor.de\/?page_id=2645","title":{"rendered":"Beitr\u00e4ge M\u00e4rz 2016"},"content":{"rendered":"<p>Hier finden Sie alle Beitr\u00e4ge aus dem M\u00e4rz 2016, dem elften Monat des Blogs!<\/p>\n<p style=\"color: #0000ff;\" title=\"Beitrag 1.2.2016\"><span style=\"color: #000000;\">Bitte klicken Sie direkt auf den gew\u00fcnschten Titel im &#8222;Klappmenue&#8220; oben oder auf folgende, chronologisch angeordnete Beitrags\u00fcberschriften:<\/span><\/p>\n<ol>\n<li><span style=\"color: #0000ff;\"><a style=\"color: #0000ff;\" title=\"Goldenstedt: unzureichender Herdenschutz\" href=\"https:\/\/wolfsmonitor.de\/?p=2642\" target=\"_blank\">Goldenstedt: Unzureichender Herdenschutz<\/a><\/span>, 02. M\u00e4rz 2016<\/li>\n<li><span style=\"color: #0000ff;\"><a style=\"color: #0000ff;\" title=\"Beitrag Vergr\u00e4men, aber wie?\" href=\"https:\/\/wolfsmonitor.de\/?p=2651\" target=\"_blank\">Vergr\u00e4men, aber wie?<\/a> <\/span>03. M\u00e4rz 2016<\/li>\n<li><span style=\"color: #0000ff;\"><a style=\"color: #0000ff;\" title=\"Petition Olsson, 4.3.2016\" href=\"https:\/\/wolfsmonitor.de\/?p=2660\" target=\"_blank\">Bereits \u00fcber 53.000 Unterschriften zur Rettung der W\u00f6lfin in Vechta!<\/a><\/span>, 04. M\u00e4rz 2016<\/li>\n<li><span style=\"color: #0000ff;\"><a style=\"color: #0000ff;\" title=\"Gastbeitrag Eckhard Fuhr, M\u00e4rz 2016\" href=\"https:\/\/wolfsmonitor.de\/?p=2668\" target=\"_blank\">Eckhard Fuhr: &#8222;Derartige Petitionen erschweren das Management der W\u00f6lfe!&#8220;<\/a><\/span>, 04. M\u00e4rz 2016<\/li>\n<li><span style=\"color: #0000ff;\"><a style=\"color: #0000ff;\" title=\"MU-Info 4.3.2016\" href=\"https:\/\/wolfsmonitor.de\/?p=2680\" target=\"_blank\">MU-Info: Aktueller Stand zur Vergr\u00e4mung!<\/a><\/span>, 04. M\u00e4rz 2016<\/li>\n<li><span style=\"color: #0000ff;\"><a style=\"color: #0000ff;\" title=\"Kolumne David Gerke, 6.3.2016\" href=\"https:\/\/wolfsmonitor.de\/?p=2691\" target=\"_blank\">Das nieders\u00e4chsische Management der W\u00f6lfe aus Schweizer Perspektive<\/a><\/span>, 06. M\u00e4rz 2016<\/li>\n<li><a title=\"Klaus Bullerjahn, 7.3.2016\" href=\"https:\/\/wolfsmonitor.de\/?p=2724\" target=\"_blank\"><span style=\"color: #0000ff;\">Klaus Bullerjahn: Es ist nichts schrecklicher als eine t\u00e4tige Unwissenheit..<\/span>.<\/a>, 07. M\u00e4rz 2016<\/li>\n<li><span style=\"color: #0000ff;\"><a style=\"color: #0000ff;\" title=\"Beitrag 8-3-2016\" href=\"https:\/\/wolfsmonitor.de\/?p=2736\" target=\"_blank\">\u201eKurti\u201c auff\u00e4llig unauff\u00e4llig!<\/a><\/span>, 08. M\u00e4rz 2016<\/li>\n<li><span style=\"color: #0000ff;\"><a style=\"color: #0000ff;\" title=\"MU Info, 8.3.2016\" href=\"https:\/\/wolfsmonitor.de\/?p=2746\" target=\"_blank\">MU-Info: Umweltminister Stefan Wenzel und Jens Karlsson \u00fcber die Aktion in Munster<\/a><\/span>, 08. M\u00e4rz 2016<\/li>\n<li><span style=\"color: #0000ff;\"><a style=\"color: #0000ff;\" title=\"Kurt, 9.3.2016\" href=\"https:\/\/wolfsmonitor.de\/?p=2751\" target=\"_blank\">Posse um einen totgefahrenen Wolf<\/a><\/span>, 09. M\u00e4rz 2016<\/li>\n<li><span style=\"color: #0000ff;\"><a style=\"color: #0000ff;\" title=\"MU Info, 10.03.2016\" href=\"https:\/\/wolfsmonitor.de\/?p=2765\" target=\"_blank\">MU-Info: Antworten zur Vergr\u00e4mung<\/a><\/span>, 10.M\u00e4rz 2016<\/li>\n<li><span style=\"color: #0000ff;\"><a style=\"color: #0000ff;\" title=\"Beitrag \u00dcbergabe von 70.000 Unterschriften ans MU\" href=\"https:\/\/wolfsmonitor.de\/?p=2774\" target=\"_blank\">\u00dcbergabe von \u00fcber 70.000 Unterschriften an Minister Wenzel zur \u201eRettung\u201c der Goldenstedter W\u00f6lfin<\/a><\/span>, 11. M\u00e4rz 2016<\/li>\n<li><span style=\"color: #0000ff;\"><a style=\"color: #0000ff;\" title=\"Zitat Jim Brandenburg, 12.03.2016\" href=\"https:\/\/wolfsmonitor.de\/?p=2781\" target=\"_blank\">Jim Brandenburg: Sind W\u00f6lfe verschlagen und b\u00f6se?<\/a><\/span>, 12. M\u00e4rz 2016<\/li>\n<li><span style=\"color: #0000ff;\"><a style=\"color: #0000ff;\" title=\"PM Freundeskreis, 12.03.2016\" href=\"https:\/\/wolfsmonitor.de\/?p=2791\" target=\"_blank\">Freundeskreis freilebender W\u00f6lfe: Management und Monitoring in Niedersachsen vereinigen!<\/a><\/span>, 12, M\u00e4rz 2016<\/li>\n<li><a title=\"Kirchlinteln, 15.03.2016\" href=\"https:\/\/wolfsmonitor.de\/?p=2797\" target=\"_blank\"><span style=\"color: #0000ff;\">Veranstaltung in Kirchlinteln: 99% wollen den Wolf nicht<\/span>!<\/a>, 15. M\u00e4rz 2016<\/li>\n<li><span style=\"color: #0000ff;\"><a style=\"color: #0000ff;\" title=\"Die W\u00f6lfe sind zur\u00fcck! Ausstellung\" href=\"https:\/\/wolfsmonitor.de\/?p=2809\" target=\"_blank\">Wolfskulpturen gegen Krieg, Hass und Gewalt &#8211; Ausstellung: \u201eDie W\u00f6lfe sind zur\u00fcck\u201c<\/a><\/span>, 16. M\u00e4rz 2016<\/li>\n<li><span style=\"color: #0000ff;\"><a style=\"color: #0000ff;\" title=\"Schweiz: Zweiter illegaler Wolfsabschuss in wenigen Tagen\" href=\"https:\/\/wolfsmonitor.de\/?p=2823\" target=\"_blank\">Schweiz: Zweiter illegaler Wolfsabschuss in wenigen Tagen<\/a><\/span>, 17. M\u00e4rz 2016<\/li>\n<li><span style=\"color: #0000ff;\"><a style=\"color: #0000ff;\" title=\"Dree\u00dfel, 18.03.2016\" href=\"https:\/\/wolfsmonitor.de\/?p=2834\" target=\"_blank\">NABU leistet \u201eErste Hilfe\u201c f\u00fcr Schafe in Dree\u00dfel<\/a><\/span>, 18. M\u00e4rz 2016<\/li>\n<li><span style=\"color: #0000ff;\"><a style=\"color: #0000ff;\" title=\"Zitat Harald Welzer M\u00e4rz 2016\" href=\"https:\/\/wolfsmonitor.de\/?p=2831\" target=\"_blank\">Harald Welzer: Wirksamkeit als Konjunktiv und in der Praxis\u2026<\/a><\/span>, 19. M\u00e4rz 2016<\/li>\n<li><span style=\"color: #0000ff;\"><a style=\"color: #0000ff;\" title=\"Calanda-Wolf, 20.03.2016\" href=\"https:\/\/wolfsmonitor.de\/?p=2845\" target=\"_blank\">Jetzt \u201enur\u201c noch ein Calanda-Jungwolf auf der offiziellen Abschussliste<\/a><\/span>, 20. M\u00e4rz 2016<\/li>\n<li><span style=\"color: #0000ff;\"><a style=\"color: #0000ff;\" title=\"Regulierung der Wolfsbest\u00e4nde\" href=\"https:\/\/wolfsmonitor.de\/?p=2851\" target=\"_blank\">Zweifelhafte Forderung: Regulierung der Wolfsbest\u00e4nde<\/a><\/span>, 21. M\u00e4rz 2016<\/li>\n<li><span style=\"color: #0000ff;\"><a style=\"color: #0000ff;\" title=\"90 W\u00f6lfe sind genug, 22.3.2016\" href=\"https:\/\/wolfsmonitor.de\/?p=2859\" target=\"_blank\">90 W\u00f6lfe sind genug? &#8211; eine philosphische Antwort<\/a><\/span>, 22. M\u00e4rz 2016<\/li>\n<li><span style=\"color: #0000ff;\"><a style=\"color: #0000ff;\" title=\"Studie Mark McNay 2008\" href=\"https:\/\/wolfsmonitor.de\/?p=2864\" target=\"_blank\">Mark E. McNay: \u201cSicher leben in Wolfsl\u00e4ndern&#8220;<\/a><\/span>, 23. M\u00e4rz 2016<\/li>\n<li><span style=\"color: #0000ff;\"><a style=\"color: #0000ff;\" title=\"PM GzSdW, 23.3.2016\" href=\"https:\/\/wolfsmonitor.de\/?p=2885\" target=\"_blank\">Gesellschaft zum Schutz der W\u00f6lfe finanziert &#8222;Schnelle Eingreiftruppe&#8220;<\/a><\/span>, 23. M\u00e4rz 2016<\/li>\n<li><span style=\"color: #0000ff;\"><a style=\"color: #0000ff;\" title=\"Amarok TV, 24.03.2016\" href=\"https:\/\/wolfsmonitor.de\/?p=2876\" target=\"_blank\">AMAROK TV: In 2015 von Raubtieren get\u00f6tete Hunde in Schweden<\/a><\/span>, 24. M\u00e4rz 2016<\/li>\n<li><span style=\"color: #0000ff;\"><a style=\"color: #0000ff;\" title=\"Reichholf: Landesjagdgesetze\" href=\"https:\/\/wolfsmonitor.de\/?p=2898\" target=\"_blank\">Josef H. Reichholf: Jagdgesetze der L\u00e4nder ungeeignet f\u00fcr Gro\u00dfraubtiere!,<\/a><\/span> 25. M\u00e4rz 2016<\/li>\n<li><span style=\"color: #0000ff;\"><a style=\"color: #0000ff;\" title=\"Beitrag 29.3.2016\" href=\"https:\/\/wolfsmonitor.de\/?p=2911\" target=\"_blank\">W\u00f6lfe an Ostern in Liepe, Ostercappeln und Sommersell<\/a><\/span>, 29. M\u00e4rz 2016<\/li>\n<li><span style=\"color: #0000ff;\"><a style=\"color: #0000ff;\" title=\"Beitrag Gr\u00fcne Nds 29.03.2016\" href=\"https:\/\/wolfsmonitor.de\/?p=2920\" target=\"_blank\">Gr\u00fcne positionieren sich zu W\u00f6lfen in Deutschland!<\/a><\/span>, 30. M\u00e4rz 2016<\/li>\n<li><span style=\"color: #0000ff;\"><a style=\"color: #0000ff;\" title=\"Kontaktb\u00fcro-Info 30.3.2016\" href=\"https:\/\/wolfsmonitor.de\/?p=2928\" target=\"_blank\">Kontaktb\u00fcro informiert: Streunender Wolfshund bei Leipzig!<\/a><\/span>, 30. M\u00e4rz 2016<\/li>\n<li><span style=\"color: #0000ff;\"><a style=\"color: #0000ff;\" title=\"&quot;Kurti&quot;, 30.03.2016\" href=\"https:\/\/wolfsmonitor.de\/?p=2935\" target=\"_blank\">Neues von &#8222;Kurti&#8220;!?<\/a><\/span>, 30. M\u00e4rz 2016<\/li>\n<li><span style=\"color: #0000ff;\"><a style=\"color: #0000ff;\" title=\"PM NABU NRW, 31.03.2016\" href=\"https:\/\/wolfsmonitor.de\/?p=2944\" target=\"_blank\">NABU in NRW bietet Beratung f\u00fcr Schaf- und Ziegenhalter an!<\/a><\/span>, 31.M\u00e4rz 2016<\/li>\n<\/ol>\n<p>Sie k\u00f6nnen alle Beitr\u00e4ge auch nach \u201cKategorien\u201d geordnet aufrufen. Bitte nutzen Sie dazu die gleichnamige Auswahl in der rechten Seitenleiste!<\/p>\n<p>Viel Spa\u00df!<\/p>\n<p>Ihr<\/p>\n<p>J\u00fcrgen Vogler<\/p>\n<div class=\"shariff shariff-align-center shariff-widget-align-center\" data-services=\"facebook%7Ctwitter\" data-url=\"https%3A%2F%2Fwolfsmonitor.de%2F%3Fpage_id%3D2645\" data-timestamp=\"1459427642\" data-backendurl=\"?rest_route=\/shariff\/v1\/share_counts&\"><ul class=\"shariff-buttons theme-color orientation-horizontal buttonsize-small\"><li class=\"shariff-button facebook shariff-nocustomcolor\" style=\"background-color:#4273c8\"><a href=\"https:\/\/www.facebook.com\/sharer\/sharer.php?u=https%3A%2F%2Fwolfsmonitor.de%2F%3Fpage_id%3D2645\" title=\"Bei Facebook teilen\" aria-label=\"Bei Facebook teilen\" role=\"button\" rel=\"nofollow\" class=\"shariff-link\" style=\"; background-color:#3b5998; color:#fff\" target=\"_blank\"><span class=\"shariff-icon\" style=\"\"><svg width=\"32px\" height=\"20px\" xmlns=\"http:\/\/www.w3.org\/2000\/svg\" viewBox=\"0 0 18 32\"><path fill=\"#3b5998\" d=\"M17.1 0.2v4.7h-2.8q-1.5 0-2.1 0.6t-0.5 1.9v3.4h5.2l-0.7 5.3h-4.5v13.6h-5.5v-13.6h-4.5v-5.3h4.5v-3.9q0-3.3 1.9-5.2t5-1.8q2.6 0 4.1 0.2z\"\/><\/svg><\/span><span class=\"shariff-text\">teilen<\/span>&nbsp;<span data-service=\"facebook\" style=\"color:#3b5998\" class=\"shariff-count shariff-hidezero\"><\/span>&nbsp;<\/a><\/li><li class=\"shariff-button twitter shariff-nocustomcolor\" style=\"background-color:#32bbf5\"><a href=\"https:\/\/twitter.com\/share?url=https%3A%2F%2Fwolfsmonitor.de%2F%3Fpage_id%3D2645&text=Beitr%C3%A4ge%20M%C3%A4rz%202016\" title=\"Bei Twitter teilen\" aria-label=\"Bei Twitter teilen\" role=\"button\" rel=\"noopener nofollow\" class=\"shariff-link\" style=\"; background-color:#55acee; color:#fff\" target=\"_blank\"><span class=\"shariff-icon\" style=\"\"><svg width=\"32px\" height=\"20px\" xmlns=\"http:\/\/www.w3.org\/2000\/svg\" viewBox=\"0 0 30 32\"><path fill=\"#55acee\" d=\"M29.7 6.8q-1.2 1.8-3 3.1 0 0.3 0 0.8 0 2.5-0.7 4.9t-2.2 4.7-3.5 4-4.9 2.8-6.1 1q-5.1 0-9.3-2.7 0.6 0.1 1.5 0.1 4.3 0 7.6-2.6-2-0.1-3.5-1.2t-2.2-3q0.6 0.1 1.1 0.1 0.8 0 1.6-0.2-2.1-0.4-3.5-2.1t-1.4-3.9v-0.1q1.3 0.7 2.8 0.8-1.2-0.8-2-2.2t-0.7-2.9q0-1.7 0.8-3.1 2.3 2.8 5.5 4.5t7 1.9q-0.2-0.7-0.2-1.4 0-2.5 1.8-4.3t4.3-1.8q2.7 0 4.5 1.9 2.1-0.4 3.9-1.5-0.7 2.2-2.7 3.4 1.8-0.2 3.5-0.9z\"\/><\/svg><\/span><span class=\"shariff-text\">twittern<\/span>&nbsp;<span data-service=\"twitter\" style=\"color:#55acee\" class=\"shariff-count shariff-hidezero\"><\/span>&nbsp;<\/a><\/li><li class=\"shariff-button rss shariff-nocustomcolor\" style=\"background-color:#ff8c00\"><a href=\"https:\/\/wolfsmonitor.de\/?feed=rss\" title=\"RSS-feed\" aria-label=\"RSS-feed\" role=\"button\" class=\"shariff-link\" style=\"; background-color:#fe9312; color:#fff\" target=\"_blank\"><span class=\"shariff-icon\" style=\"\"><svg width=\"32px\" height=\"20px\" xmlns=\"http:\/\/www.w3.org\/2000\/svg\" viewBox=\"0 0 32 32\"><path fill=\"#fe9312\" d=\"M4.3 23.5c-2.3 0-4.3 1.9-4.3 4.3 0 2.3 1.9 4.2 4.3 4.2 2.4 0 4.3-1.9 4.3-4.2 0-2.3-1.9-4.3-4.3-4.3zM0 10.9v6.1c4 0 7.7 1.6 10.6 4.4 2.8 2.8 4.4 6.6 4.4 10.6h6.2c0-11.7-9.5-21.1-21.1-21.1zM0 0v6.1c14.2 0 25.8 11.6 25.8 25.9h6.2c0-17.6-14.4-32-32-32z\"\/><\/svg><\/span><span class=\"shariff-text\">RSS-feed<\/span>&nbsp;<\/a><\/li><li class=\"shariff-button mailto shariff-nocustomcolor\" style=\"background-color:#a8a8a8\"><a href=\"mailto:?body=https%3A%2F%2Fwolfsmonitor.de%2F%3Fpage_id%3D2645&subject=Beitr%C3%A4ge%20M%C3%A4rz%202016\" title=\"Per E-Mail versenden\" aria-label=\"Per E-Mail versenden\" role=\"button\" rel=\"noopener nofollow\" class=\"shariff-link\" style=\"; background-color:#999; color:#fff\"><span class=\"shariff-icon\" style=\"\"><svg width=\"32px\" height=\"20px\" xmlns=\"http:\/\/www.w3.org\/2000\/svg\" viewBox=\"0 0 32 32\"><path fill=\"#999\" d=\"M32 12.7v14.2q0 1.2-0.8 2t-2 0.9h-26.3q-1.2 0-2-0.9t-0.8-2v-14.2q0.8 0.9 1.8 1.6 6.5 4.4 8.9 6.1 1 0.8 1.6 1.2t1.7 0.9 2 0.4h0.1q0.9 0 2-0.4t1.7-0.9 1.6-1.2q3-2.2 8.9-6.1 1-0.7 1.8-1.6zM32 7.4q0 1.4-0.9 2.7t-2.2 2.2q-6.7 4.7-8.4 5.8-0.2 0.1-0.7 0.5t-1 0.7-0.9 0.6-1.1 0.5-0.9 0.2h-0.1q-0.4 0-0.9-0.2t-1.1-0.5-0.9-0.6-1-0.7-0.7-0.5q-1.6-1.1-4.7-3.2t-3.6-2.6q-1.1-0.7-2.1-2t-1-2.5q0-1.4 0.7-2.3t2.1-0.9h26.3q1.2 0 2 0.8t0.9 2z\"\/><\/svg><\/span><span class=\"shariff-text\">E-Mail<\/span>&nbsp;<\/a><\/li><li class=\"shariff-button info shariff-nocustomcolor\" style=\"background-color:#a8a8a8\"><a href=\"http:\/\/ct.de\/-2467514\" title=\"Weitere Informationen\" aria-label=\"Weitere Informationen\" role=\"button\" rel=\"noopener \" class=\"shariff-link\" style=\"; background-color:#999; color:#fff\" target=\"_blank\"><span class=\"shariff-icon\" style=\"\"><svg width=\"32px\" height=\"20px\" xmlns=\"http:\/\/www.w3.org\/2000\/svg\" viewBox=\"0 0 11 32\"><path fill=\"#999\" d=\"M11.4 24v2.3q0 0.5-0.3 0.8t-0.8 0.4h-9.1q-0.5 0-0.8-0.4t-0.4-0.8v-2.3q0-0.5 0.4-0.8t0.8-0.4h1.1v-6.8h-1.1q-0.5 0-0.8-0.4t-0.4-0.8v-2.3q0-0.5 0.4-0.8t0.8-0.4h6.8q0.5 0 0.8 0.4t0.4 0.8v10.3h1.1q0.5 0 0.8 0.4t0.3 0.8zM9.2 3.4v3.4q0 0.5-0.4 0.8t-0.8 0.4h-4.6q-0.4 0-0.8-0.4t-0.4-0.8v-3.4q0-0.4 0.4-0.8t0.8-0.4h4.6q0.5 0 0.8 0.4t0.4 0.8z\"\/><\/svg><\/span><\/a><\/li><\/ul><\/div>","protected":false},"excerpt":{"rendered":"<p>Hier finden Sie alle Beitr\u00e4ge aus dem M\u00e4rz 2016, dem elften Monat des Blogs! Bitte klicken Sie direkt auf den gew\u00fcnschten Titel im &#8222;Klappmenue&#8220; oben oder auf folgende, chronologisch angeordnete Beitrags\u00fcberschriften: Goldenstedt: Unzureichender Herdenschutz, 02. M\u00e4rz 2016 Vergr\u00e4men, aber wie? 03. M\u00e4rz 2016 Bereits \u00fcber 53.000 Unterschriften zur Rettung der W\u00f6lfin in Vechta!, 04. M\u00e4rz [&hellip;]<\/p>\n<div class=\"shariff shariff-align-center shariff-widget-align-center\" data-services=\"facebook%7Ctwitter\" data-url=\"https%3A%2F%2Fwolfsmonitor.de%2F%3Fpage_id%3D2645\" data-timestamp=\"1459427642\" data-backendurl=\"?rest_route=\/shariff\/v1\/share_counts&\"><ul class=\"shariff-buttons theme-color orientation-horizontal buttonsize-small\"><li class=\"shariff-button facebook shariff-nocustomcolor\" style=\"background-color:#4273c8\"><a href=\"https:\/\/www.facebook.com\/sharer\/sharer.php?u=https%3A%2F%2Fwolfsmonitor.de%2F%3Fpage_id%3D2645\" title=\"Bei Facebook teilen\" aria-label=\"Bei Facebook teilen\" role=\"button\" rel=\"nofollow\" class=\"shariff-link\" style=\"; background-color:#3b5998; color:#fff\" target=\"_blank\"><span class=\"shariff-icon\" style=\"\"><svg width=\"32px\" height=\"20px\" xmlns=\"http:\/\/www.w3.org\/2000\/svg\" viewBox=\"0 0 18 32\"><path fill=\"#3b5998\" d=\"M17.1 0.2v4.7h-2.8q-1.5 0-2.1 0.6t-0.5 1.9v3.4h5.2l-0.7 5.3h-4.5v13.6h-5.5v-13.6h-4.5v-5.3h4.5v-3.9q0-3.3 1.9-5.2t5-1.8q2.6 0 4.1 0.2z\"\/><\/svg><\/span><span class=\"shariff-text\">teilen<\/span>&nbsp;<span data-service=\"facebook\" style=\"color:#3b5998\" class=\"shariff-count shariff-hidezero\"><\/span>&nbsp;<\/a><\/li><li class=\"shariff-button twitter shariff-nocustomcolor\" style=\"background-color:#32bbf5\"><a href=\"https:\/\/twitter.com\/share?url=https%3A%2F%2Fwolfsmonitor.de%2F%3Fpage_id%3D2645&text=Beitr%C3%A4ge%20M%C3%A4rz%202016\" title=\"Bei Twitter teilen\" aria-label=\"Bei Twitter teilen\" role=\"button\" rel=\"noopener nofollow\" class=\"shariff-link\" style=\"; background-color:#55acee; color:#fff\" target=\"_blank\"><span class=\"shariff-icon\" style=\"\"><svg width=\"32px\" height=\"20px\" xmlns=\"http:\/\/www.w3.org\/2000\/svg\" viewBox=\"0 0 30 32\"><path fill=\"#55acee\" d=\"M29.7 6.8q-1.2 1.8-3 3.1 0 0.3 0 0.8 0 2.5-0.7 4.9t-2.2 4.7-3.5 4-4.9 2.8-6.1 1q-5.1 0-9.3-2.7 0.6 0.1 1.5 0.1 4.3 0 7.6-2.6-2-0.1-3.5-1.2t-2.2-3q0.6 0.1 1.1 0.1 0.8 0 1.6-0.2-2.1-0.4-3.5-2.1t-1.4-3.9v-0.1q1.3 0.7 2.8 0.8-1.2-0.8-2-2.2t-0.7-2.9q0-1.7 0.8-3.1 2.3 2.8 5.5 4.5t7 1.9q-0.2-0.7-0.2-1.4 0-2.5 1.8-4.3t4.3-1.8q2.7 0 4.5 1.9 2.1-0.4 3.9-1.5-0.7 2.2-2.7 3.4 1.8-0.2 3.5-0.9z\"\/><\/svg><\/span><span class=\"shariff-text\">twittern<\/span>&nbsp;<span data-service=\"twitter\" style=\"color:#55acee\" class=\"shariff-count shariff-hidezero\"><\/span>&nbsp;<\/a><\/li><li class=\"shariff-button rss shariff-nocustomcolor\" style=\"background-color:#ff8c00\"><a href=\"https:\/\/wolfsmonitor.de\/?feed=rss\" title=\"RSS-feed\" aria-label=\"RSS-feed\" role=\"button\" class=\"shariff-link\" style=\"; background-color:#fe9312; color:#fff\" target=\"_blank\"><span class=\"shariff-icon\" style=\"\"><svg width=\"32px\" height=\"20px\" xmlns=\"http:\/\/www.w3.org\/2000\/svg\" viewBox=\"0 0 32 32\"><path fill=\"#fe9312\" d=\"M4.3 23.5c-2.3 0-4.3 1.9-4.3 4.3 0 2.3 1.9 4.2 4.3 4.2 2.4 0 4.3-1.9 4.3-4.2 0-2.3-1.9-4.3-4.3-4.3zM0 10.9v6.1c4 0 7.7 1.6 10.6 4.4 2.8 2.8 4.4 6.6 4.4 10.6h6.2c0-11.7-9.5-21.1-21.1-21.1zM0 0v6.1c14.2 0 25.8 11.6 25.8 25.9h6.2c0-17.6-14.4-32-32-32z\"\/><\/svg><\/span><span class=\"shariff-text\">RSS-feed<\/span>&nbsp;<\/a><\/li><li class=\"shariff-button mailto shariff-nocustomcolor\" style=\"background-color:#a8a8a8\"><a href=\"mailto:?body=https%3A%2F%2Fwolfsmonitor.de%2F%3Fpage_id%3D2645&subject=Beitr%C3%A4ge%20M%C3%A4rz%202016\" title=\"Per E-Mail versenden\" aria-label=\"Per E-Mail versenden\" role=\"button\" rel=\"noopener nofollow\" class=\"shariff-link\" style=\"; background-color:#999; color:#fff\"><span class=\"shariff-icon\" style=\"\"><svg width=\"32px\" height=\"20px\" xmlns=\"http:\/\/www.w3.org\/2000\/svg\" viewBox=\"0 0 32 32\"><path fill=\"#999\" d=\"M32 12.7v14.2q0 1.2-0.8 2t-2 0.9h-26.3q-1.2 0-2-0.9t-0.8-2v-14.2q0.8 0.9 1.8 1.6 6.5 4.4 8.9 6.1 1 0.8 1.6 1.2t1.7 0.9 2 0.4h0.1q0.9 0 2-0.4t1.7-0.9 1.6-1.2q3-2.2 8.9-6.1 1-0.7 1.8-1.6zM32 7.4q0 1.4-0.9 2.7t-2.2 2.2q-6.7 4.7-8.4 5.8-0.2 0.1-0.7 0.5t-1 0.7-0.9 0.6-1.1 0.5-0.9 0.2h-0.1q-0.4 0-0.9-0.2t-1.1-0.5-0.9-0.6-1-0.7-0.7-0.5q-1.6-1.1-4.7-3.2t-3.6-2.6q-1.1-0.7-2.1-2t-1-2.5q0-1.4 0.7-2.3t2.1-0.9h26.3q1.2 0 2 0.8t0.9 2z\"\/><\/svg><\/span><span class=\"shariff-text\">E-Mail<\/span>&nbsp;<\/a><\/li><li class=\"shariff-button info shariff-nocustomcolor\" style=\"background-color:#a8a8a8\"><a href=\"http:\/\/ct.de\/-2467514\" title=\"Weitere Informationen\" aria-label=\"Weitere Informationen\" role=\"button\" rel=\"noopener \" class=\"shariff-link\" style=\"; background-color:#999; color:#fff\" target=\"_blank\"><span class=\"shariff-icon\" style=\"\"><svg width=\"32px\" height=\"20px\" xmlns=\"http:\/\/www.w3.org\/2000\/svg\" viewBox=\"0 0 11 32\"><path fill=\"#999\" d=\"M11.4 24v2.3q0 0.5-0.3 0.8t-0.8 0.4h-9.1q-0.5 0-0.8-0.4t-0.4-0.8v-2.3q0-0.5 0.4-0.8t0.8-0.4h1.1v-6.8h-1.1q-0.5 0-0.8-0.4t-0.4-0.8v-2.3q0-0.5 0.4-0.8t0.8-0.4h6.8q0.5 0 0.8 0.4t0.4 0.8v10.3h1.1q0.5 0 0.8 0.4t0.3 0.8zM9.2 3.4v3.4q0 0.5-0.4 0.8t-0.8 0.4h-4.6q-0.4 0-0.8-0.4t-0.4-0.8v-3.4q0-0.4 0.4-0.8t0.8-0.4h4.6q0.5 0 0.8 0.4t0.4 0.8z\"\/><\/svg><\/span><\/a><\/li><\/ul><\/div>","protected":false},"author":1,"featured_media":0,"parent":28,"menu_order":0,"comment_status":"open","ping_status":"open","template":"","meta":{"spay_email":""},"jetpack_shortlink":"https:\/\/wp.me\/P61YbU-GF","jetpack-related-posts":[{"id":12706,"url":"https:\/\/wolfsmonitor.de\/?page_id=12706","url_meta":{"origin":2645,"position":0},"title":"Beitr\u00e4ge M\u00e4rz 2018","date":"1. M\u00e4rz 2018","format":false,"excerpt":"Hier finden Sie alle Wolfsmonitor-Beitr\u00e4ge aus dem M\u00e4rz 2018! Bitte klicken Sie direkt auf den gew\u00fcnschten Titel im \"Klappmenue\" oben unter \"Beitr\u00e4ge\" oder auf folgende, chronologisch angeordnete Beitrags\u00fcberschriften. Ohrdrufer Wolfsmischlinge: Bisher alle Fangversuche erfolglos, 1. M\u00e4rz 2018 \u00bbWei\u00dfe Haie auf Pfoten\u00ab?, 2. M\u00e4rz 2018 74 EU-Vertragsverletzungs-Verfahren und die Kraftmeierei einiger\u2026","rel":"","context":"\u00c4hnlicher Beitrag","img":{"alt_text":"","src":"","width":0,"height":0},"classes":[]},{"id":16875,"url":"https:\/\/wolfsmonitor.de\/?page_id=16875","url_meta":{"origin":2645,"position":1},"title":"Beitr\u00e4ge M\u00e4rz 2019","date":"1. M\u00e4rz 2019","format":false,"excerpt":"Hier finden Sie alle Wolfsmonitor-Beitr\u00e4ge aus dem M\u00e4rz 2019. Auch NABU ist \u00fcberzeugt: Begr\u00fcndung f\u00fcr Abschuss des Rodewalder Wolfs ist fachlich falsch, 1. M\u00e4rz 2019 Extremposition als angeblicher \u201eMittelweg\u201c, 2. M\u00e4rz 2019 Svenja Schulzes (SPD) \u201eLex Wolf\u201c: Absch\u00fcsse erleichtern, 3. M\u00e4rz 2019 Ausgerechnet am \u201eTag des Artenschutzes\u201c: Aufregung \u00fcber \u201eLex\u2026","rel":"","context":"\u00c4hnlicher Beitrag","img":{"alt_text":"","src":"","width":0,"height":0},"classes":[]},{"id":7956,"url":"https:\/\/wolfsmonitor.de\/?page_id=7956","url_meta":{"origin":2645,"position":2},"title":"Beitr\u00e4ge M\u00e4rz 2017","date":"1. M\u00e4rz 2017","format":false,"excerpt":"Hier finden Sie alle Beitr\u00e4ge aus dem M\u00e4rz 2017! Bitte klicken Sie direkt auf den gew\u00fcnschten Titel im \u201eKlappmenue\u201c oben oder auf folgende, chronologisch angeordnete Beitrags\u00fcberschriften: CDU- Niedersachsen fordert Obergrenze und die Aufnahme des Wolfes ins Jagdrecht, 1. M\u00e4rz 2017 Bremen: Konsens in der Wolfsdebatte erkennbar? Oder doch nicht?, 2.\u2026","rel":"","context":"\u00c4hnlicher Beitrag","img":{"alt_text":"","src":"","width":0,"height":0},"classes":[]},{"id":6945,"url":"https:\/\/wolfsmonitor.de\/?page_id=6945","url_meta":{"origin":2645,"position":3},"title":"Beitr\u00e4ge aus dem Jahr 2016","date":"1. Januar 2017","format":false,"excerpt":"Zur Beitrags\u00fcbersicht bitte direkt auf den jeweiligen Monat klicken! Dezember 2016 November 2016 Oktober 2016 September 2016 August 2016 Juli 2016 Juni 2016 Mai 2016 April 2016 M\u00e4rz 2016 Februar 2016 Januar 2016","rel":"","context":"\u00c4hnlicher Beitrag","img":{"alt_text":"","src":"","width":0,"height":0},"classes":[]},{"id":15990,"url":"https:\/\/wolfsmonitor.de\/?page_id=15990","url_meta":{"origin":2645,"position":4},"title":"Beitr\u00e4ge Januar 2019","date":"1. Januar 2019","format":false,"excerpt":"Hier finden Sie alle Wolfsmonitor-Beitr\u00e4ge aus dem Januar 2019. FAZ: Kl\u00f6ckners Wolfsbrandbrief ist \"kontraproduktive Effekthascherei\", 1. Januar 2019 Die Wolfsmonitor-Retrospektive auf das Wolfsjahr 2018 \u2013 Teil 2 \u2013 Februar, 2. Januar 2019 Gespr\u00e4ch \u00fcber Kl\u00f6ckners Brandbrief Mitte Januar, 3. Januar 2019 Wolfsmonitor-Retrospektive auf das Wolfsjahr 2018 \u2013 Teil 3 \u2013\u2026","rel":"","context":"\u00c4hnlicher Beitrag","img":{"alt_text":"","src":"","width":0,"height":0},"classes":[]},{"id":13068,"url":"https:\/\/wolfsmonitor.de\/?page_id=13068","url_meta":{"origin":2645,"position":5},"title":"Beitr\u00e4ge April 2018","date":"1. April 2018","format":false,"excerpt":"Hier finden Sie alle Wolfsmonitor-Beitr\u00e4ge aus dem M\u00e4rz 2018! Bitte klicken Sie direkt auf den gew\u00fcnschten Titel im \"Klappmenue\" oben unter \"Beitr\u00e4ge\" oder auf folgende, chronologisch angeordnete Beitrags\u00fcberschriften. \u201eWolf &Co. sind \u201eflagpole species\u201c f\u00fcr ein Umdenken in der Gesellschaft\u201c, 1. April 2018 Die letzten Sch\u00e4fer Deutschlands retten, 4. April 2018\u2026","rel":"","context":"\u00c4hnlicher Beitrag","img":{"alt_text":"","src":"","width":0,"height":0},"classes":[]}],"_links":{"self":[{"href":"https:\/\/wolfsmonitor.de\/index.php?rest_route=\/wp\/v2\/pages\/2645"}],"collection":[{"href":"https:\/\/wolfsmonitor.de\/index.php?rest_route=\/wp\/v2\/pages"}],"about":[{"href":"https:\/\/wolfsmonitor.de\/index.php?rest_route=\/wp\/v2\/types\/page"}],"author":[{"embeddable":true,"href":"https:\/\/wolfsmonitor.de\/index.php?rest_route=\/wp\/v2\/users\/1"}],"replies":[{"embeddable":true,"href":"https:\/\/wolfsmonitor.de\/index.php?rest_route=%2Fwp%2Fv2%2Fcomments&post=2645"}],"version-history":[{"count":33,"href":"https:\/\/wolfsmonitor.de\/index.php?rest_route=\/wp\/v2\/pages\/2645\/revisions"}],"predecessor-version":[{"id":2949,"href":"https:\/\/wolfsmonitor.de\/index.php?rest_route=\/wp\/v2\/pages\/2645\/revisions\/2949"}],"up":[{"embeddable":true,"href":"https:\/\/wolfsmonitor.de\/index.php?rest_route=\/wp\/v2\/pages\/28"}],"wp:attachment":[{"href":"https:\/\/wolfsmonitor.de\/index.php?rest_route=%2Fwp%2Fv2%2Fmedia&parent=2645"}],"curies":[{"name":"wp","href":"https:\/\/api.w.org\/{rel}","templated":true}]}}