{"id":2695,"date":"2016-03-06T18:59:23","date_gmt":"2016-03-06T16:59:23","guid":{"rendered":"http:\/\/wolfsmonitor.de\/?page_id=2695"},"modified":"2018-05-22T00:45:51","modified_gmt":"2018-05-21T22:45:51","slug":"gastkolumnen","status":"publish","type":"page","link":"https:\/\/wolfsmonitor.de\/?page_id=2695","title":{"rendered":"Gastkolumnen"},"content":{"rendered":"<p><strong>Hier kommen Gastkolumnisten zu Wort. Es sind <\/strong>(in alphabetischer Reihenfolge)<strong>:<\/strong><\/p>\n<hr \/>\n<p><strong>Klaus Bullerjahn, <\/strong>J\u00e4ger und Wolfsberater aus dem nieders\u00e4chsischen Ort Medingen bei Bad Bevensen<strong>.<\/strong><\/p>\n<figure id=\"attachment_1793\" aria-describedby=\"caption-attachment-1793\" style=\"width: 200px\" class=\"wp-caption aligncenter\"><a href=\"https:\/\/i1.wp.com\/wolfsmonitor.de\/wp-content\/uploads\/2015\/11\/Foto-Klaus-Bullerjahn.jpg?ssl=1\"><img loading=\"lazy\" class=\"size-medium wp-image-1793\" src=\"https:\/\/i1.wp.com\/wolfsmonitor.de\/wp-content\/uploads\/2015\/11\/Foto-Klaus-Bullerjahn.jpg?resize=200%2C300&#038;ssl=1\" alt=\"Foto Klaus Bullerjahn (Foto: Bullerjahn)\" width=\"200\" height=\"300\" srcset=\"https:\/\/i1.wp.com\/wolfsmonitor.de\/wp-content\/uploads\/2015\/11\/Foto-Klaus-Bullerjahn.jpg?resize=200%2C300&amp;ssl=1 200w, https:\/\/i1.wp.com\/wolfsmonitor.de\/wp-content\/uploads\/2015\/11\/Foto-Klaus-Bullerjahn.jpg?resize=683%2C1024&amp;ssl=1 683w, https:\/\/i1.wp.com\/wolfsmonitor.de\/wp-content\/uploads\/2015\/11\/Foto-Klaus-Bullerjahn.jpg?resize=300%2C450&amp;ssl=1 300w, https:\/\/i1.wp.com\/wolfsmonitor.de\/wp-content\/uploads\/2015\/11\/Foto-Klaus-Bullerjahn.jpg?resize=938%2C1407&amp;ssl=1 938w, https:\/\/i1.wp.com\/wolfsmonitor.de\/wp-content\/uploads\/2015\/11\/Foto-Klaus-Bullerjahn.jpg?w=1152&amp;ssl=1 1152w\" sizes=\"(max-width: 200px) 100vw, 200px\" data-recalc-dims=\"1\" \/><\/a><figcaption id=\"caption-attachment-1793\" class=\"wp-caption-text\">Foto Klaus Bullerjahn (Foto: Bullerjahn)<\/figcaption><\/figure>\n<hr \/>\n<p><strong>David Gerke, <\/strong>Schafhirte und J\u00e4ger aus Zuchwil in der Schweiz, ist Pr\u00e4sident der<strong> \u201eGruppe Wolf Schweiz (GWS)\u201c<\/strong> (<span style=\"color: #0000ff;\"><a style=\"color: #0000ff;\" title=\"Gruppe Wolf Schweiz\" href=\"http:\/\/www.gruppe-wolf.ch\/index.php\" target=\"_blank\">Link!<\/a>)<\/span>, der \u201epolitischen Stimme der Gro\u00dfraubtiere\u201c in der Schweiz. Der Verein, der 1997 nach einem Besuch von Wolfsinteressierten beim weltweit bekannten Wolfsforscher Erich Klinghammer in den USA gegr\u00fcndet wurde, hat das Ziel, Hintergrundinformationen \u00fcber das Verhalten, die Vorkommen und die \u00d6kologie des Wolfes in der Schweiz zug\u00e4nglich zu machen. Die GWS arbeitet dabei eng mit zahlreichen Fachleuten und Medien zusammen, um wissenschaftlich fundiertes Know-how zu ver\u00f6ffentlichen.<\/p>\n<figure id=\"attachment_2182\" aria-describedby=\"caption-attachment-2182\" style=\"width: 250px\" class=\"wp-caption aligncenter\"><a href=\"https:\/\/i0.wp.com\/wolfsmonitor.de\/wp-content\/uploads\/2016\/01\/Beitragsbild-David-Gerke.jpg?ssl=1\"><img loading=\"lazy\" class=\"size-medium wp-image-2182\" src=\"https:\/\/i0.wp.com\/wolfsmonitor.de\/wp-content\/uploads\/2016\/01\/Beitragsbild-David-Gerke.jpg?resize=250%2C300&#038;ssl=1\" alt=\"David Gerke (Foto: D. Gerke)\" width=\"250\" height=\"300\" srcset=\"https:\/\/i0.wp.com\/wolfsmonitor.de\/wp-content\/uploads\/2016\/01\/Beitragsbild-David-Gerke.jpg?resize=250%2C300&amp;ssl=1 250w, https:\/\/i0.wp.com\/wolfsmonitor.de\/wp-content\/uploads\/2016\/01\/Beitragsbild-David-Gerke.jpg?resize=300%2C360&amp;ssl=1 300w, https:\/\/i0.wp.com\/wolfsmonitor.de\/wp-content\/uploads\/2016\/01\/Beitragsbild-David-Gerke.jpg?w=510&amp;ssl=1 510w\" sizes=\"(max-width: 250px) 100vw, 250px\" data-recalc-dims=\"1\" \/><\/a><figcaption id=\"caption-attachment-2182\" class=\"wp-caption-text\">David Gerke (Foto: D. Gerke)<\/figcaption><\/figure>\n<hr \/>\n<p><strong>Wiebke Wendorff, <\/strong>freiberufliche PR-Beraterin und studierte Sprach- und Medienwissenschaftlerin (M.A.). Die Arbeit mit dem geschriebenen Wort geh\u00f6rt zu ihren Leidenschaften. Informationen vermitteln, Wissenswertes begreifbar machen und erfolgreich kommunizieren \u2013 diese Intentionen hat sie sich auf ihre Centauri-Kommunikation-Flagge geschrieben<span style=\"color: #0000ff;\"> <a style=\"color: #0000ff;\" title=\"Centauri-Link\" href=\"http:\/\/www.centauri-kommunikation.de\/\" target=\"_blank\">(hier der Link zu Ihrer Centauri-Webseite!)<\/a><\/span>. Ihre Jahrzehnte w\u00e4hrende Liebe f\u00fcr das wunderbare Gesch\u00f6pf Pferd und ihr vitales Interesse an dem faszinierenden Wildtier Wolf riefen in ihr einen Wunsch hervor: Zwischen den scheinbar unvereinbaren Welten dieser beiden Tierarten und ihren menschlichen Anh\u00e4ngern zu vermitteln. Im evipo-Verlag erschien im Sommer 2015 ihre ethisch motivierte Brosch\u00fcre \u201ePferd und Wolf \u2013 Alte Bekannte oder neue Gefahr?&#8220;<\/p>\n<figure id=\"attachment_2255\" aria-describedby=\"caption-attachment-2255\" style=\"width: 252px\" class=\"wp-caption aligncenter\"><img loading=\"lazy\" class=\"wp-image-2255 size-medium\" src=\"https:\/\/i1.wp.com\/wolfsmonitor.de\/wp-content\/uploads\/2016\/01\/Beitragsfoto-Wiebke-Wendorff-Foto-Wendorff.jpg?resize=252%2C300&#038;ssl=1\" alt=\"Wiebke Wendorff (Foto: Wendorff)\" width=\"252\" height=\"300\" srcset=\"https:\/\/i1.wp.com\/wolfsmonitor.de\/wp-content\/uploads\/2016\/01\/Beitragsfoto-Wiebke-Wendorff-Foto-Wendorff.jpg?resize=252%2C300&amp;ssl=1 252w, https:\/\/i1.wp.com\/wolfsmonitor.de\/wp-content\/uploads\/2016\/01\/Beitragsfoto-Wiebke-Wendorff-Foto-Wendorff.jpg?resize=300%2C357&amp;ssl=1 300w, https:\/\/i1.wp.com\/wolfsmonitor.de\/wp-content\/uploads\/2016\/01\/Beitragsfoto-Wiebke-Wendorff-Foto-Wendorff.jpg?w=396&amp;ssl=1 396w\" sizes=\"(max-width: 252px) 100vw, 252px\" data-recalc-dims=\"1\" \/><figcaption id=\"caption-attachment-2255\" class=\"wp-caption-text\">Wiebke Wendorff (Foto: Wendorff)<\/figcaption><\/figure>\n<p>&nbsp;<\/p>\n<div class=\"shariff shariff-align-center shariff-widget-align-center\" data-services=\"facebook%7Ctwitter\" data-url=\"https%3A%2F%2Fwolfsmonitor.de%2F%3Fpage_id%3D2695\" data-timestamp=\"1526949951\" data-backendurl=\"?rest_route=\/shariff\/v1\/share_counts&\"><ul class=\"shariff-buttons theme-color orientation-horizontal buttonsize-small\"><li class=\"shariff-button facebook shariff-nocustomcolor\" style=\"background-color:#4273c8\"><a href=\"https:\/\/www.facebook.com\/sharer\/sharer.php?u=https%3A%2F%2Fwolfsmonitor.de%2F%3Fpage_id%3D2695\" title=\"Bei Facebook teilen\" aria-label=\"Bei Facebook teilen\" role=\"button\" rel=\"nofollow\" class=\"shariff-link\" style=\"; background-color:#3b5998; color:#fff\" target=\"_blank\"><span class=\"shariff-icon\" style=\"\"><svg width=\"32px\" height=\"20px\" xmlns=\"http:\/\/www.w3.org\/2000\/svg\" viewBox=\"0 0 18 32\"><path fill=\"#3b5998\" d=\"M17.1 0.2v4.7h-2.8q-1.5 0-2.1 0.6t-0.5 1.9v3.4h5.2l-0.7 5.3h-4.5v13.6h-5.5v-13.6h-4.5v-5.3h4.5v-3.9q0-3.3 1.9-5.2t5-1.8q2.6 0 4.1 0.2z\"\/><\/svg><\/span><span class=\"shariff-text\">teilen<\/span>&nbsp;<span data-service=\"facebook\" style=\"color:#3b5998\" class=\"shariff-count shariff-hidezero\"><\/span>&nbsp;<\/a><\/li><li class=\"shariff-button twitter shariff-nocustomcolor\" style=\"background-color:#32bbf5\"><a href=\"https:\/\/twitter.com\/share?url=https%3A%2F%2Fwolfsmonitor.de%2F%3Fpage_id%3D2695&text=Gastkolumnen\" title=\"Bei Twitter teilen\" aria-label=\"Bei Twitter teilen\" role=\"button\" rel=\"noopener nofollow\" class=\"shariff-link\" style=\"; background-color:#55acee; color:#fff\" target=\"_blank\"><span class=\"shariff-icon\" style=\"\"><svg width=\"32px\" height=\"20px\" xmlns=\"http:\/\/www.w3.org\/2000\/svg\" viewBox=\"0 0 30 32\"><path fill=\"#55acee\" d=\"M29.7 6.8q-1.2 1.8-3 3.1 0 0.3 0 0.8 0 2.5-0.7 4.9t-2.2 4.7-3.5 4-4.9 2.8-6.1 1q-5.1 0-9.3-2.7 0.6 0.1 1.5 0.1 4.3 0 7.6-2.6-2-0.1-3.5-1.2t-2.2-3q0.6 0.1 1.1 0.1 0.8 0 1.6-0.2-2.1-0.4-3.5-2.1t-1.4-3.9v-0.1q1.3 0.7 2.8 0.8-1.2-0.8-2-2.2t-0.7-2.9q0-1.7 0.8-3.1 2.3 2.8 5.5 4.5t7 1.9q-0.2-0.7-0.2-1.4 0-2.5 1.8-4.3t4.3-1.8q2.7 0 4.5 1.9 2.1-0.4 3.9-1.5-0.7 2.2-2.7 3.4 1.8-0.2 3.5-0.9z\"\/><\/svg><\/span><span class=\"shariff-text\">twittern<\/span>&nbsp;<span data-service=\"twitter\" style=\"color:#55acee\" class=\"shariff-count shariff-hidezero\"><\/span>&nbsp;<\/a><\/li><li class=\"shariff-button rss shariff-nocustomcolor\" style=\"background-color:#ff8c00\"><a href=\"https:\/\/wolfsmonitor.de\/?feed=rss\" title=\"RSS-feed\" aria-label=\"RSS-feed\" role=\"button\" class=\"shariff-link\" style=\"; background-color:#fe9312; color:#fff\" target=\"_blank\"><span class=\"shariff-icon\" style=\"\"><svg width=\"32px\" height=\"20px\" xmlns=\"http:\/\/www.w3.org\/2000\/svg\" viewBox=\"0 0 32 32\"><path fill=\"#fe9312\" d=\"M4.3 23.5c-2.3 0-4.3 1.9-4.3 4.3 0 2.3 1.9 4.2 4.3 4.2 2.4 0 4.3-1.9 4.3-4.2 0-2.3-1.9-4.3-4.3-4.3zM0 10.9v6.1c4 0 7.7 1.6 10.6 4.4 2.8 2.8 4.4 6.6 4.4 10.6h6.2c0-11.7-9.5-21.1-21.1-21.1zM0 0v6.1c14.2 0 25.8 11.6 25.8 25.9h6.2c0-17.6-14.4-32-32-32z\"\/><\/svg><\/span><span class=\"shariff-text\">RSS-feed<\/span>&nbsp;<\/a><\/li><li class=\"shariff-button mailto shariff-nocustomcolor\" style=\"background-color:#a8a8a8\"><a href=\"mailto:?body=https%3A%2F%2Fwolfsmonitor.de%2F%3Fpage_id%3D2695&subject=Gastkolumnen\" title=\"Per E-Mail versenden\" aria-label=\"Per E-Mail versenden\" role=\"button\" rel=\"noopener nofollow\" class=\"shariff-link\" style=\"; background-color:#999; color:#fff\"><span class=\"shariff-icon\" style=\"\"><svg width=\"32px\" height=\"20px\" xmlns=\"http:\/\/www.w3.org\/2000\/svg\" viewBox=\"0 0 32 32\"><path fill=\"#999\" d=\"M32 12.7v14.2q0 1.2-0.8 2t-2 0.9h-26.3q-1.2 0-2-0.9t-0.8-2v-14.2q0.8 0.9 1.8 1.6 6.5 4.4 8.9 6.1 1 0.8 1.6 1.2t1.7 0.9 2 0.4h0.1q0.9 0 2-0.4t1.7-0.9 1.6-1.2q3-2.2 8.9-6.1 1-0.7 1.8-1.6zM32 7.4q0 1.4-0.9 2.7t-2.2 2.2q-6.7 4.7-8.4 5.8-0.2 0.1-0.7 0.5t-1 0.7-0.9 0.6-1.1 0.5-0.9 0.2h-0.1q-0.4 0-0.9-0.2t-1.1-0.5-0.9-0.6-1-0.7-0.7-0.5q-1.6-1.1-4.7-3.2t-3.6-2.6q-1.1-0.7-2.1-2t-1-2.5q0-1.4 0.7-2.3t2.1-0.9h26.3q1.2 0 2 0.8t0.9 2z\"\/><\/svg><\/span><span class=\"shariff-text\">E-Mail<\/span>&nbsp;<\/a><\/li><li class=\"shariff-button info shariff-nocustomcolor\" style=\"background-color:#a8a8a8\"><a href=\"http:\/\/ct.de\/-2467514\" title=\"Weitere Informationen\" aria-label=\"Weitere Informationen\" role=\"button\" rel=\"noopener \" class=\"shariff-link\" style=\"; background-color:#999; color:#fff\" target=\"_blank\"><span class=\"shariff-icon\" style=\"\"><svg width=\"32px\" height=\"20px\" xmlns=\"http:\/\/www.w3.org\/2000\/svg\" viewBox=\"0 0 11 32\"><path fill=\"#999\" d=\"M11.4 24v2.3q0 0.5-0.3 0.8t-0.8 0.4h-9.1q-0.5 0-0.8-0.4t-0.4-0.8v-2.3q0-0.5 0.4-0.8t0.8-0.4h1.1v-6.8h-1.1q-0.5 0-0.8-0.4t-0.4-0.8v-2.3q0-0.5 0.4-0.8t0.8-0.4h6.8q0.5 0 0.8 0.4t0.4 0.8v10.3h1.1q0.5 0 0.8 0.4t0.3 0.8zM9.2 3.4v3.4q0 0.5-0.4 0.8t-0.8 0.4h-4.6q-0.4 0-0.8-0.4t-0.4-0.8v-3.4q0-0.4 0.4-0.8t0.8-0.4h4.6q0.5 0 0.8 0.4t0.4 0.8z\"\/><\/svg><\/span><\/a><\/li><\/ul><\/div>","protected":false},"excerpt":{"rendered":"<p>Hier kommen Gastkolumnisten zu Wort. Es sind (in alphabetischer Reihenfolge): Klaus Bullerjahn, J\u00e4ger und Wolfsberater aus dem nieders\u00e4chsischen Ort Medingen bei Bad Bevensen. David Gerke, Schafhirte und J\u00e4ger aus Zuchwil in der Schweiz, ist Pr\u00e4sident der \u201eGruppe Wolf Schweiz (GWS)\u201c (Link!), der \u201epolitischen Stimme der Gro\u00dfraubtiere\u201c in der Schweiz. Der Verein, der 1997 nach einem [&hellip;]<\/p>\n<div class=\"shariff shariff-align-center shariff-widget-align-center\" data-services=\"facebook%7Ctwitter\" data-url=\"https%3A%2F%2Fwolfsmonitor.de%2F%3Fpage_id%3D2695\" data-timestamp=\"1526949951\" data-backendurl=\"?rest_route=\/shariff\/v1\/share_counts&\"><ul class=\"shariff-buttons theme-color orientation-horizontal buttonsize-small\"><li class=\"shariff-button facebook shariff-nocustomcolor\" style=\"background-color:#4273c8\"><a href=\"https:\/\/www.facebook.com\/sharer\/sharer.php?u=https%3A%2F%2Fwolfsmonitor.de%2F%3Fpage_id%3D2695\" title=\"Bei Facebook teilen\" aria-label=\"Bei Facebook teilen\" role=\"button\" rel=\"nofollow\" class=\"shariff-link\" style=\"; background-color:#3b5998; color:#fff\" target=\"_blank\"><span class=\"shariff-icon\" style=\"\"><svg width=\"32px\" height=\"20px\" xmlns=\"http:\/\/www.w3.org\/2000\/svg\" viewBox=\"0 0 18 32\"><path fill=\"#3b5998\" d=\"M17.1 0.2v4.7h-2.8q-1.5 0-2.1 0.6t-0.5 1.9v3.4h5.2l-0.7 5.3h-4.5v13.6h-5.5v-13.6h-4.5v-5.3h4.5v-3.9q0-3.3 1.9-5.2t5-1.8q2.6 0 4.1 0.2z\"\/><\/svg><\/span><span class=\"shariff-text\">teilen<\/span>&nbsp;<span data-service=\"facebook\" style=\"color:#3b5998\" class=\"shariff-count shariff-hidezero\"><\/span>&nbsp;<\/a><\/li><li class=\"shariff-button twitter shariff-nocustomcolor\" style=\"background-color:#32bbf5\"><a href=\"https:\/\/twitter.com\/share?url=https%3A%2F%2Fwolfsmonitor.de%2F%3Fpage_id%3D2695&text=Gastkolumnen\" title=\"Bei Twitter teilen\" aria-label=\"Bei Twitter teilen\" role=\"button\" rel=\"noopener nofollow\" class=\"shariff-link\" style=\"; background-color:#55acee; color:#fff\" target=\"_blank\"><span class=\"shariff-icon\" style=\"\"><svg width=\"32px\" height=\"20px\" xmlns=\"http:\/\/www.w3.org\/2000\/svg\" viewBox=\"0 0 30 32\"><path fill=\"#55acee\" d=\"M29.7 6.8q-1.2 1.8-3 3.1 0 0.3 0 0.8 0 2.5-0.7 4.9t-2.2 4.7-3.5 4-4.9 2.8-6.1 1q-5.1 0-9.3-2.7 0.6 0.1 1.5 0.1 4.3 0 7.6-2.6-2-0.1-3.5-1.2t-2.2-3q0.6 0.1 1.1 0.1 0.8 0 1.6-0.2-2.1-0.4-3.5-2.1t-1.4-3.9v-0.1q1.3 0.7 2.8 0.8-1.2-0.8-2-2.2t-0.7-2.9q0-1.7 0.8-3.1 2.3 2.8 5.5 4.5t7 1.9q-0.2-0.7-0.2-1.4 0-2.5 1.8-4.3t4.3-1.8q2.7 0 4.5 1.9 2.1-0.4 3.9-1.5-0.7 2.2-2.7 3.4 1.8-0.2 3.5-0.9z\"\/><\/svg><\/span><span class=\"shariff-text\">twittern<\/span>&nbsp;<span data-service=\"twitter\" style=\"color:#55acee\" class=\"shariff-count shariff-hidezero\"><\/span>&nbsp;<\/a><\/li><li class=\"shariff-button rss shariff-nocustomcolor\" style=\"background-color:#ff8c00\"><a href=\"https:\/\/wolfsmonitor.de\/?feed=rss\" title=\"RSS-feed\" aria-label=\"RSS-feed\" role=\"button\" class=\"shariff-link\" style=\"; background-color:#fe9312; color:#fff\" target=\"_blank\"><span class=\"shariff-icon\" style=\"\"><svg width=\"32px\" height=\"20px\" xmlns=\"http:\/\/www.w3.org\/2000\/svg\" viewBox=\"0 0 32 32\"><path fill=\"#fe9312\" d=\"M4.3 23.5c-2.3 0-4.3 1.9-4.3 4.3 0 2.3 1.9 4.2 4.3 4.2 2.4 0 4.3-1.9 4.3-4.2 0-2.3-1.9-4.3-4.3-4.3zM0 10.9v6.1c4 0 7.7 1.6 10.6 4.4 2.8 2.8 4.4 6.6 4.4 10.6h6.2c0-11.7-9.5-21.1-21.1-21.1zM0 0v6.1c14.2 0 25.8 11.6 25.8 25.9h6.2c0-17.6-14.4-32-32-32z\"\/><\/svg><\/span><span class=\"shariff-text\">RSS-feed<\/span>&nbsp;<\/a><\/li><li class=\"shariff-button mailto shariff-nocustomcolor\" style=\"background-color:#a8a8a8\"><a href=\"mailto:?body=https%3A%2F%2Fwolfsmonitor.de%2F%3Fpage_id%3D2695&subject=Gastkolumnen\" title=\"Per E-Mail versenden\" aria-label=\"Per E-Mail versenden\" role=\"button\" rel=\"noopener nofollow\" class=\"shariff-link\" style=\"; background-color:#999; color:#fff\"><span class=\"shariff-icon\" style=\"\"><svg width=\"32px\" height=\"20px\" xmlns=\"http:\/\/www.w3.org\/2000\/svg\" viewBox=\"0 0 32 32\"><path fill=\"#999\" d=\"M32 12.7v14.2q0 1.2-0.8 2t-2 0.9h-26.3q-1.2 0-2-0.9t-0.8-2v-14.2q0.8 0.9 1.8 1.6 6.5 4.4 8.9 6.1 1 0.8 1.6 1.2t1.7 0.9 2 0.4h0.1q0.9 0 2-0.4t1.7-0.9 1.6-1.2q3-2.2 8.9-6.1 1-0.7 1.8-1.6zM32 7.4q0 1.4-0.9 2.7t-2.2 2.2q-6.7 4.7-8.4 5.8-0.2 0.1-0.7 0.5t-1 0.7-0.9 0.6-1.1 0.5-0.9 0.2h-0.1q-0.4 0-0.9-0.2t-1.1-0.5-0.9-0.6-1-0.7-0.7-0.5q-1.6-1.1-4.7-3.2t-3.6-2.6q-1.1-0.7-2.1-2t-1-2.5q0-1.4 0.7-2.3t2.1-0.9h26.3q1.2 0 2 0.8t0.9 2z\"\/><\/svg><\/span><span class=\"shariff-text\">E-Mail<\/span>&nbsp;<\/a><\/li><li class=\"shariff-button info shariff-nocustomcolor\" style=\"background-color:#a8a8a8\"><a href=\"http:\/\/ct.de\/-2467514\" title=\"Weitere Informationen\" aria-label=\"Weitere Informationen\" role=\"button\" rel=\"noopener \" class=\"shariff-link\" style=\"; background-color:#999; color:#fff\" target=\"_blank\"><span class=\"shariff-icon\" style=\"\"><svg width=\"32px\" height=\"20px\" xmlns=\"http:\/\/www.w3.org\/2000\/svg\" viewBox=\"0 0 11 32\"><path fill=\"#999\" d=\"M11.4 24v2.3q0 0.5-0.3 0.8t-0.8 0.4h-9.1q-0.5 0-0.8-0.4t-0.4-0.8v-2.3q0-0.5 0.4-0.8t0.8-0.4h1.1v-6.8h-1.1q-0.5 0-0.8-0.4t-0.4-0.8v-2.3q0-0.5 0.4-0.8t0.8-0.4h6.8q0.5 0 0.8 0.4t0.4 0.8v10.3h1.1q0.5 0 0.8 0.4t0.3 0.8zM9.2 3.4v3.4q0 0.5-0.4 0.8t-0.8 0.4h-4.6q-0.4 0-0.8-0.4t-0.4-0.8v-3.4q0-0.4 0.4-0.8t0.8-0.4h4.6q0.5 0 0.8 0.4t0.4 0.8z\"\/><\/svg><\/span><\/a><\/li><\/ul><\/div>","protected":false},"author":1,"featured_media":0,"parent":0,"menu_order":4,"comment_status":"closed","ping_status":"closed","template":"","meta":{"spay_email":""},"jetpack_shortlink":"https:\/\/wp.me\/P61YbU-Ht","jetpack-related-posts":[{"id":2700,"url":"https:\/\/wolfsmonitor.de\/?page_id=2700","url_meta":{"origin":2695,"position":0},"title":"Kolumnist Klaus Bullerjahn","date":"6. M\u00e4rz 2016","format":false,"excerpt":"Was braucht der Mensch als J\u00e4ger, Jagdkonkurrent und Wolfsberater? (Teil 3 von 3), 15. Mai 2017 Was braucht der Mensch als J\u00e4ger, Jagdkonkurrent und Wolfsberater? (Teil 2 von 3), 13. Mai 2017 Was braucht der Mensch als J\u00e4ger, Jagdkonkurrent und Wolfsberater? (Teil 1 von 3), 11. Mai 2017 Klaus Bullerjahn\u2026","rel":"","context":"\u00c4hnlicher Beitrag","img":{"alt_text":"","src":"https:\/\/i1.wp.com\/wolfsmonitor.de\/wp-content\/uploads\/2015\/11\/Foto-Klaus-Bullerjahn.jpg?fit=800%2C1200&ssl=1&resize=350%2C200","width":350,"height":200},"classes":[]},{"id":4080,"url":"https:\/\/wolfsmonitor.de\/?page_id=4080","url_meta":{"origin":2695,"position":1},"title":"Beitr\u00e4ge Juli 2016","date":"1. Juli 2016","format":false,"excerpt":"Hier finden Sie alle Beitr\u00e4ge aus dem Juli 2016! Bitte klicken Sie direkt auf den gew\u00fcnschten Titel im \"Klappmenue\" oben oder auf folgende, chronologisch angeordnete Beitrags\u00fcberschriften: Emsland: Herdenschutzhund abgeschafft \u2013 46 Schafe gestohlen!, 1. Juli 2016 Niedersachsen: 42. Wolfsrudel in Deutschland nachgewiesen, 2. Juli 2016 Wolfswahn in Wriedel, 3. Juli\u2026","rel":"","context":"\u00c4hnlicher Beitrag","img":{"alt_text":"","src":"","width":0,"height":0},"classes":[]},{"id":2645,"url":"https:\/\/wolfsmonitor.de\/?page_id=2645","url_meta":{"origin":2695,"position":2},"title":"Beitr\u00e4ge M\u00e4rz 2016","date":"2. M\u00e4rz 2016","format":false,"excerpt":"Hier finden Sie alle Beitr\u00e4ge aus dem M\u00e4rz 2016, dem elften Monat des Blogs! Bitte klicken Sie direkt auf den gew\u00fcnschten Titel im \"Klappmenue\" oben oder auf folgende, chronologisch angeordnete Beitrags\u00fcberschriften: Goldenstedt: Unzureichender Herdenschutz, 02. M\u00e4rz 2016 Vergr\u00e4men, aber wie? 03. M\u00e4rz 2016 Bereits \u00fcber 53.000 Unterschriften zur Rettung der\u2026","rel":"","context":"\u00c4hnlicher Beitrag","img":{"alt_text":"","src":"","width":0,"height":0},"classes":[]},{"id":1709,"url":"https:\/\/wolfsmonitor.de\/?page_id=1709","url_meta":{"origin":2695,"position":3},"title":"Beitr\u00e4ge November 2015","date":"2. November 2015","format":false,"excerpt":"Hier finden Sie alle Beitr\u00e4ge aus dem November 2015, dem achten Monat des Blogs! Bitte klicken Sie direkt auf den gew\u00fcnschten Titel im \"Klappmenue\" oben oder auf folgende, chronologisch angeordnete Beitrags\u00fcberschriften: Thementag Wolf im Emsland Moormuseum, 2. November 2015 Wolfsmonitor ist Ergo-Award-Preistr\u00e4ger 2015, 3 . November 2015 Pferdeherde vereitelt Wolfsattacke,\u2026","rel":"","context":"\u00c4hnlicher Beitrag","img":{"alt_text":"","src":"","width":0,"height":0},"classes":[]},{"id":6953,"url":"https:\/\/wolfsmonitor.de\/?page_id=6953","url_meta":{"origin":2695,"position":4},"title":"Beitr\u00e4ge Januar 2017","date":"1. Januar 2017","format":false,"excerpt":"Hier finden Sie alle Beitr\u00e4ge aus dem Januar 2017! Bitte klicken Sie direkt auf den gew\u00fcnschten Titel im \u201eKlappmenue\u201c oben oder auf folgende, chronologisch angeordnete Beitrags\u00fcberschriften: Willkommen im neuen Jahr 2017! \u2026 und weiter geht\u2019s!, 1. Januar 2017 Die \"v\u00f6llige Narrenfreiheit\" der W\u00f6lfe und derer, die ihnen an den Kragen\u2026","rel":"","context":"\u00c4hnlicher Beitrag","img":{"alt_text":"","src":"","width":0,"height":0},"classes":[]},{"id":4858,"url":"https:\/\/wolfsmonitor.de\/?page_id=4858","url_meta":{"origin":2695,"position":5},"title":"Beitr\u00e4ge September 2016","date":"1. September 2016","format":false,"excerpt":"Hier finden Sie alle Beitr\u00e4ge aus dem September 2016! Bitte klicken Sie direkt auf den gew\u00fcnschten Titel im \"Klappmenue\" oben oder auf folgende, chronologisch angeordnete Beitrags\u00fcberschriften: 3 Antworten von Frank Fa\u00df (Teil 1), 1. September 2016 Tipp: Aktionstag Wolf am 3. September im Wildpark L\u00fcneburger Heide, 2. September 2016 NRW-Wolf:\u2026","rel":"","context":"\u00c4hnlicher Beitrag","img":{"alt_text":"","src":"","width":0,"height":0},"classes":[]}],"_links":{"self":[{"href":"https:\/\/wolfsmonitor.de\/index.php?rest_route=\/wp\/v2\/pages\/2695"}],"collection":[{"href":"https:\/\/wolfsmonitor.de\/index.php?rest_route=\/wp\/v2\/pages"}],"about":[{"href":"https:\/\/wolfsmonitor.de\/index.php?rest_route=\/wp\/v2\/types\/page"}],"author":[{"embeddable":true,"href":"https:\/\/wolfsmonitor.de\/index.php?rest_route=\/wp\/v2\/users\/1"}],"replies":[{"embeddable":true,"href":"https:\/\/wolfsmonitor.de\/index.php?rest_route=%2Fwp%2Fv2%2Fcomments&post=2695"}],"version-history":[{"count":9,"href":"https:\/\/wolfsmonitor.de\/index.php?rest_route=\/wp\/v2\/pages\/2695\/revisions"}],"predecessor-version":[{"id":5134,"href":"https:\/\/wolfsmonitor.de\/index.php?rest_route=\/wp\/v2\/pages\/2695\/revisions\/5134"}],"wp:attachment":[{"href":"https:\/\/wolfsmonitor.de\/index.php?rest_route=%2Fwp%2Fv2%2Fmedia&parent=2695"}],"curies":[{"name":"wp","href":"https:\/\/api.w.org\/{rel}","templated":true}]}}