{"id":2966,"date":"2016-04-01T12:28:51","date_gmt":"2016-04-01T10:28:51","guid":{"rendered":"http:\/\/wolfsmonitor.de\/?page_id=2966"},"modified":"2016-06-08T16:09:46","modified_gmt":"2016-06-08T14:09:46","slug":"beitraege-april-2016","status":"publish","type":"page","link":"https:\/\/wolfsmonitor.de\/?page_id=2966","title":{"rendered":"Beitr\u00e4ge April 2016"},"content":{"rendered":"<p>Hier finden Sie alle Beitr\u00e4ge aus dem April 2016, dem zw\u00f6lften Monat des Blogs Wolfsmonitor!<\/p>\n<p><span style=\"color: #000000;\" title=\"Goldenstedt: unzureichender Herdenschutz\">Bitte klicken Sie direkt auf den gew\u00fcnschten Titel im &#8222;Klappmenue&#8220; oben unter &#8222;Beitr\u00e4ge&#8220; oder auf folgende, chronologisch angeordnete Beitrags\u00fcberschriften:<\/span><\/p>\n<ol>\n<li><span style=\"color: #0000ff;\"><a style=\"color: #0000ff;\" title=\"umwelt.nrw-Info 1.4.2016\" href=\"https:\/\/wolfsmonitor.de\/?p=2953\" target=\"_blank\"> umwelt.nrw-Info: Weiterer Wolfs-Nachweis in Nordrhein-Westfalen<\/a><\/span>, 1. April 2016<\/li>\n<li><span style=\"color: #0000ff;\"><a style=\"color: #0000ff;\" title=\"NRW-Wolfssichtungen 01.4.2016\" href=\"https:\/\/wolfsmonitor.de\/?p=2963\" target=\"_blank\">NRW: Wolfssichtungen melden, aber wo?<\/a><\/span><span style=\"color: #000000;\"><span style=\"color: #0000ff;\">,<span style=\"color: #000000;\"> 1. April 2016<\/span><\/span><\/span><\/li>\n<li><span style=\"color: #0000ff;\"><a style=\"color: #0000ff;\" title=\"Aktionspl\u00e4ne, 4.4.2016\" href=\"https:\/\/wolfsmonitor.de\/?p=2975\" target=\"_blank\">Wo sind die Aktionspl\u00e4ne?<\/a><\/span>, 4. April 2016<\/li>\n<li><span style=\"color: #0000ff;\"><a style=\"color: #0000ff;\" title=\"Veranstaltung mit Prof. Dr. Stubbe, 6.4.2016\" href=\"https:\/\/wolfsmonitor.de\/?p=2997\" target=\"_blank\">Orthodoxe Natursch\u00fctzer oder orthodoxe Waidm\u00e4nner?<\/a><\/span>, 6. April 2016<\/li>\n<li><span style=\"color: #0000ff;\"><a style=\"color: #0000ff;\" title=\"6. Nachweis in NRW\" href=\"https:\/\/wolfsmonitor.de\/?p=3007\" target=\"_blank\">Verkehrsunfall mit Wolf: 6. Nachweis in NRW<\/a><\/span>, 7. April 2016<\/li>\n<li><span style=\"color: #0000ff;\"><a style=\"color: #0000ff;\" title=\"9.4.2016\" href=\"https:\/\/wolfsmonitor.de\/?p=3015\" target=\"_blank\">Sachsen-Anhalt: Wolfsbeauftragte streiten<\/a><\/span>, 9. April 2016<\/li>\n<li><span style=\"color: #0000ff;\"><a style=\"color: #0000ff;\" title=\"Der sich den Wolf l\u00e4uft, 11.4.2016\" href=\"https:\/\/wolfsmonitor.de\/?p=3025\" target=\"_blank\">Der sich den Wolf l\u00e4uft<\/a>, <span style=\"color: #000000;\">11. April 2016<\/span><\/span><\/li>\n<li><span style=\"color: #0000ff;\"><a style=\"color: #0000ff;\" title=\"Wolfsmanagementplan NRW liegt nun vor!\" href=\"https:\/\/wolfsmonitor.de\/?p=3032\" target=\"_blank\">Managementplan f\u00fcr W\u00f6lfe in NRW liegt nun vor!<\/a><\/span>, 11.April 2016<\/li>\n<li><span style=\"color: #0000ff;\"><a style=\"color: #0000ff;\" title=\"NRW: auff\u00e4llige W\u00f6lfe\" href=\"https:\/\/wolfsmonitor.de\/?p=3043\" target=\"_blank\">Werden in NRW auff\u00e4llige W\u00f6lfe k\u00fcnftig fr\u00fcher entfernt?<\/a><\/span>, 12. April 2016<\/li>\n<li><span style=\"color: #0000ff;\"><a style=\"color: #0000ff;\" title=\"Amarok TV, 14.04.2016\" href=\"https:\/\/wolfsmonitor.de\/?p=3056\" target=\"_blank\">AMAROK TV: 44 geschossene W\u00f6lfe in Schweden bei Wolfslizenzjagd im Winter 2015<\/a><\/span>, 14. April 2016<\/li>\n<li><span style=\"color: #0000ff;\"><a style=\"color: #0000ff;\" title=\"&quot;Klatsche&quot; f\u00fcr Hocker, 14.4.2016\" href=\"https:\/\/wolfsmonitor.de\/?p=3067\" target=\"_blank\">\u201eKlatsche\u201c f\u00fcr FDP-Politiker Hocker!<\/a><\/span>, 14. April 2016<\/li>\n<li><span style=\"color: #0000ff;\"><a style=\"color: #0000ff;\" title=\" MU-Info, 15.4.2016\" href=\"https:\/\/wolfsmonitor.de\/?p=3077\" target=\"_blank\">MU-Info: 5 Antworten zum Wolf in Niedersachsen<\/a><\/span>, 15. April 2016<\/li>\n<li><a title=\"Jagd auf W\u00f6lfe nur eine Frage der Zeit?\" href=\"https:\/\/wolfsmonitor.de\/?p=3085\" target=\"_blank\">J<span style=\"color: #0000ff;\">agd auf W\u00f6lfe nur eine Frage der Zeit?<\/span><\/a>, 17. April 2016<\/li>\n<li><span style=\"color: #0000ff;\"><a style=\"color: #0000ff;\" title=\"Wolf in Haltern?\" href=\"https:\/\/wolfsmonitor.de\/?p=3093\" target=\"_blank\">NRW: Wolf in Haltern?<\/a><\/span>, 19. April 2016<\/li>\n<li><span style=\"color: #0000ff;\"><a style=\"color: #0000ff;\" title=\"F.Fass in Str\u00f6hen\" href=\"https:\/\/wolfsmonitor.de\/?p=3098\" target=\"_blank\">Strenger Wolfschutz nicht \u00fcber Jahrzehnte m\u00f6glich?<\/a><\/span>, 20. April 2016<\/li>\n<li><span style=\"color: #0000ff;\"><a style=\"color: #0000ff;\" title=\"Verhaltenskodex verordnet\" href=\"https:\/\/wolfsmonitor.de\/?p=3108\" target=\"_blank\">Land Niedersachsen verordnet &#8222;Verhaltenkodex&#8220; f\u00fcr Wolfsberater<\/a><\/span>, 21. April 2016<\/li>\n<li><span style=\"color: #0000ff;\"><a style=\"color: #0000ff;\" title=\"T\u00f6dlicher Angriff auf Pferdeherde\" href=\"https:\/\/wolfsmonitor.de\/?p=3123\" target=\"_blank\">T\u00f6dlicher Wolfsangriff auf eine naturnah gehaltene Pferde-Herde<\/a><\/span>, 21. April 2016<\/li>\n<li><span style=\"color: #0000ff;\"><a style=\"color: #0000ff;\" title=\"Hessen, 22. April 2016\" href=\"https:\/\/wolfsmonitor.de\/?p=3130\" target=\"_blank\">Hessen: Wolf in Nordhessen nachgewiesen<\/a><\/span>, 22. April 2016<\/li>\n<li><span style=\"color: #0000ff;\"><a style=\"color: #0000ff;\" title=\"Klaus Bullerjahn, 22.4.2016\" href=\"https:\/\/wolfsmonitor.de\/?p=3118\" target=\"_blank\">Klaus Bullerjahn: Missliebige Denkanst\u00f6\u00dfe unerw\u00fcnscht?<\/a><\/span>, 22. April 2016<\/li>\n<li><span style=\"color: #0000ff;\"><a style=\"color: #0000ff;\" title=\"Bullshit-Bingo in Hausd\u00fclmen!\" href=\"https:\/\/wolfsmonitor.de\/?p=3141\" target=\"_blank\">NRW: &#8222;Bullshit-Bingo&#8220; in Hausd\u00fclmen!<\/a><\/span>, 22. April 2016<\/li>\n<li><span style=\"color: #0000ff;\"><a style=\"color: #0000ff;\" title=\"Siebter Nachweis in NRW\" href=\"https:\/\/wolfsmonitor.de\/?p=3150\" target=\"_blank\">Siebter Nachweis von W\u00f6lfen in NRW<\/a><\/span>, 23. April 2016<\/li>\n<li><span style=\"color: #0000ff;\"><a style=\"color: #0000ff;\" title=\"7 Wolfsnachweise in NRW im \u00dcberblick\" href=\"https:\/\/wolfsmonitor.de\/?p=3166\" target=\"_blank\">NRW: Die 7 Wolfsnachweise im \u00dcberblick!<\/a><\/span>, 24. April 2016<\/li>\n<li><span style=\"color: #0000ff;\"><a style=\"color: #0000ff;\" title=\"Wolf bei\u00dft Hund bei Gro\u00df Hehlen\" href=\"https:\/\/wolfsmonitor.de\/?p=3178\" target=\"_blank\">Gro\u00df Hehlen: Besenderter Wolf bei\u00dft Hund!<\/a><\/span> , 25. April 2016<\/li>\n<li><a title=\"MU-Info 25.4.2016\" href=\"https:\/\/wolfsmonitor.de\/?p=3184\" target=\"_blank\"><span style=\"color: #0000ff;\">Niedersachsen: Ministerium ordnet \u201cEntnahme\u201d an<\/span>!<\/a>, 25, April 2016<\/li>\n<li><span style=\"color: #0000ff;\"><a style=\"color: #0000ff;\" title=\"MU-Info 26.4.2016\" href=\"https:\/\/wolfsmonitor.de\/?p=3192\" target=\"_blank\">Niedersachsen:&#8220;Entnahme-Ma\u00dfnahmen&#8220; dauern an!<\/a><\/span>. 26. April 2016<\/li>\n<li><span style=\"color: #0000ff;\"><a style=\"color: #0000ff;\" title=\"Freundeskreis Wolf, 25.04.2016\" href=\"https:\/\/wolfsmonitor.de\/?p=3199\" target=\"_blank\">Stellungnahme des Freundeskreises freilebender W\u00f6lfe zur MT 6- Entnahme<\/a><\/span>, 26. April 2016<\/li>\n<li><span style=\"color: #0000ff;\"><a style=\"color: #0000ff;\" title=\"NRW 8. Nachweis, 26.4.2016\" href=\"https:\/\/wolfsmonitor.de\/?p=3206\" target=\"_blank\">NRW: Wolfsnachweis Nr. 8 im M\u00fcnsterland!<\/a><\/span>, 26. April 2016<\/li>\n<li><a title=\"MU-Info 27.4.2016\" href=\"https:\/\/wolfsmonitor.de\/?p=3212\" target=\"_blank\"><span style=\"color: #0000ff;\">Niedersachsen: MT6 (Kurti) soll nun doch \u201cletal\u201d entnommen werden<\/span>!<\/a>, 27. April 2016<\/li>\n<li><span style=\"color: #0000ff;\"><a style=\"color: #0000ff;\" title=\"NABU, PM 27.4.2016\" href=\"https:\/\/wolfsmonitor.de\/?p=3216\" target=\"_blank\">NABU findet Wolfsentnahme erforderlich, aber\u2026<\/a><\/span>, 27. April 2016<\/li>\n<li><span style=\"color: #0000ff;\"><a style=\"color: #0000ff;\" title=\"WWF-PM, 27.4.2016\" href=\"https:\/\/wolfsmonitor.de\/?p=3222\" target=\"_blank\">Der WWF sieht \u201cletale Entnahme\u201d in diesem Fall als einzige Option<\/a><\/span>, 27. April 2016<\/li>\n<li><span style=\"color: #0000ff;\"><a style=\"color: #0000ff;\" title=\"Kurti ist tot, 28.4.2016\" href=\"https:\/\/wolfsmonitor.de\/?p=3227\" target=\"_blank\">Ministerium informiert: Wolf MT6 (Kurti) ist tot!<\/a><\/span>, 28. April 2016<\/li>\n<li><span style=\"color: #0000ff;\"><a style=\"color: #0000ff;\" title=\"Kommentar zum Tode von Kurti, 28.4.2016\" href=\"https:\/\/wolfsmonitor.de\/?p=3234\" target=\"_blank\">Zum Tode von Wolf \u201eKurti\u201c<\/a><\/span>:, 28. April 2016<\/li>\n<li><a title=\"Mu-Info 28.04.2016\" href=\"https:\/\/wolfsmonitor.de\/?p=3250\" target=\"_blank\"><span style=\"color: #0000ff;\">Minister Wenzel zum Wolfsabschuss<\/span>:<\/a>, 28. April 2016<\/li>\n<li><span style=\"color: #0000ff;\"><a style=\"color: #0000ff;\" title=\"Umweltverb\u00e4nde zum Wolfsabschuss\" href=\"https:\/\/wolfsmonitor.de\/?p=3256\" target=\"_blank\">Umweltverb\u00e4nde IFAW, NABU und WWF zum Wolfsabschuss<\/a><\/span>, 28. April 2016<\/li>\n<li><span style=\"color: #0000ff;\"><a style=\"color: #0000ff;\" title=\"Wolfsabschuss offenbart ein Dilemma\" href=\"https:\/\/wolfsmonitor.de\/?p=3265\" target=\"_blank\">Wolfsabschuss offenbart ein Dilemma<\/a><\/span>, 29. April 2016<\/li>\n<li><span style=\"color: #0000ff;\"><a style=\"color: #0000ff;\" title=\"GzSdW, 29. April 2016\" href=\"https:\/\/wolfsmonitor.de\/?p=3274\" target=\"_blank\">GzSdW und Freundeskreis zum Wolfsabschuss<\/a><\/span>, 29. April 2016<\/li>\n<li><span style=\"color: #0000ff;\"><a style=\"color: #0000ff;\" title=\"Kolumne David Gerke, 29.4.2016\" href=\"https:\/\/wolfsmonitor.de\/?p=3281\" target=\"_blank\">David Gerke: Wolf MT6 &#8211; Warum ein Abschuss die richtige L\u00f6sung wa<\/a>r<\/span>, 29. April 2016<\/li>\n<li><span style=\"color: #0000ff;\"><a style=\"color: #0000ff;\" title=\"NABU, PM 30.4.2016\" href=\"https:\/\/wolfsmonitor.de\/?p=3287\" target=\"_blank\">NABU zieht am heutigen &#8222;Tag des Wolfes&#8220; eine gemischte Bilanz<\/a><\/span>, 30. April 2016<\/li>\n<\/ol>\n<p>Sie k\u00f6nnen alle Beitr\u00e4ge auch nach \u201cKategorien\u201d geordnet aufrufen. Bitte nutzen Sie dazu die gleichnamige Auswahl in der rechten Seitenleiste!<\/p>\n<p>Viel Spa\u00df!<\/p>\n<p>Ihr<\/p>\n<p>J\u00fcrgen Vogler<\/p>\n<div class=\"shariff shariff-align-center shariff-widget-align-center\" data-services=\"facebook%7Ctwitter\" data-url=\"https%3A%2F%2Fwolfsmonitor.de%2F%3Fpage_id%3D2966\" data-timestamp=\"1465402186\" data-backendurl=\"?rest_route=\/shariff\/v1\/share_counts&\"><ul class=\"shariff-buttons theme-color orientation-horizontal buttonsize-small\"><li class=\"shariff-button facebook shariff-nocustomcolor\" style=\"background-color:#4273c8\"><a href=\"https:\/\/www.facebook.com\/sharer\/sharer.php?u=https%3A%2F%2Fwolfsmonitor.de%2F%3Fpage_id%3D2966\" title=\"Bei Facebook teilen\" aria-label=\"Bei Facebook teilen\" role=\"button\" rel=\"nofollow\" class=\"shariff-link\" style=\"; background-color:#3b5998; color:#fff\" target=\"_blank\"><span class=\"shariff-icon\" style=\"\"><svg width=\"32px\" height=\"20px\" xmlns=\"http:\/\/www.w3.org\/2000\/svg\" viewBox=\"0 0 18 32\"><path fill=\"#3b5998\" d=\"M17.1 0.2v4.7h-2.8q-1.5 0-2.1 0.6t-0.5 1.9v3.4h5.2l-0.7 5.3h-4.5v13.6h-5.5v-13.6h-4.5v-5.3h4.5v-3.9q0-3.3 1.9-5.2t5-1.8q2.6 0 4.1 0.2z\"\/><\/svg><\/span><span class=\"shariff-text\">teilen<\/span>&nbsp;<span data-service=\"facebook\" style=\"color:#3b5998\" class=\"shariff-count shariff-hidezero\"><\/span>&nbsp;<\/a><\/li><li class=\"shariff-button twitter shariff-nocustomcolor\" style=\"background-color:#32bbf5\"><a href=\"https:\/\/twitter.com\/share?url=https%3A%2F%2Fwolfsmonitor.de%2F%3Fpage_id%3D2966&text=Beitr%C3%A4ge%20April%202016\" title=\"Bei Twitter teilen\" aria-label=\"Bei Twitter teilen\" role=\"button\" rel=\"noopener nofollow\" class=\"shariff-link\" style=\"; background-color:#55acee; color:#fff\" target=\"_blank\"><span class=\"shariff-icon\" style=\"\"><svg width=\"32px\" height=\"20px\" xmlns=\"http:\/\/www.w3.org\/2000\/svg\" viewBox=\"0 0 30 32\"><path fill=\"#55acee\" d=\"M29.7 6.8q-1.2 1.8-3 3.1 0 0.3 0 0.8 0 2.5-0.7 4.9t-2.2 4.7-3.5 4-4.9 2.8-6.1 1q-5.1 0-9.3-2.7 0.6 0.1 1.5 0.1 4.3 0 7.6-2.6-2-0.1-3.5-1.2t-2.2-3q0.6 0.1 1.1 0.1 0.8 0 1.6-0.2-2.1-0.4-3.5-2.1t-1.4-3.9v-0.1q1.3 0.7 2.8 0.8-1.2-0.8-2-2.2t-0.7-2.9q0-1.7 0.8-3.1 2.3 2.8 5.5 4.5t7 1.9q-0.2-0.7-0.2-1.4 0-2.5 1.8-4.3t4.3-1.8q2.7 0 4.5 1.9 2.1-0.4 3.9-1.5-0.7 2.2-2.7 3.4 1.8-0.2 3.5-0.9z\"\/><\/svg><\/span><span class=\"shariff-text\">twittern<\/span>&nbsp;<span data-service=\"twitter\" style=\"color:#55acee\" class=\"shariff-count shariff-hidezero\"><\/span>&nbsp;<\/a><\/li><li class=\"shariff-button rss shariff-nocustomcolor\" style=\"background-color:#ff8c00\"><a href=\"https:\/\/wolfsmonitor.de\/?feed=rss\" title=\"RSS-feed\" aria-label=\"RSS-feed\" role=\"button\" class=\"shariff-link\" style=\"; background-color:#fe9312; color:#fff\" target=\"_blank\"><span class=\"shariff-icon\" style=\"\"><svg width=\"32px\" height=\"20px\" xmlns=\"http:\/\/www.w3.org\/2000\/svg\" viewBox=\"0 0 32 32\"><path fill=\"#fe9312\" d=\"M4.3 23.5c-2.3 0-4.3 1.9-4.3 4.3 0 2.3 1.9 4.2 4.3 4.2 2.4 0 4.3-1.9 4.3-4.2 0-2.3-1.9-4.3-4.3-4.3zM0 10.9v6.1c4 0 7.7 1.6 10.6 4.4 2.8 2.8 4.4 6.6 4.4 10.6h6.2c0-11.7-9.5-21.1-21.1-21.1zM0 0v6.1c14.2 0 25.8 11.6 25.8 25.9h6.2c0-17.6-14.4-32-32-32z\"\/><\/svg><\/span><span class=\"shariff-text\">RSS-feed<\/span>&nbsp;<\/a><\/li><li class=\"shariff-button mailto shariff-nocustomcolor\" style=\"background-color:#a8a8a8\"><a href=\"mailto:?body=https%3A%2F%2Fwolfsmonitor.de%2F%3Fpage_id%3D2966&subject=Beitr%C3%A4ge%20April%202016\" title=\"Per E-Mail versenden\" aria-label=\"Per E-Mail versenden\" role=\"button\" rel=\"noopener nofollow\" class=\"shariff-link\" style=\"; background-color:#999; color:#fff\"><span class=\"shariff-icon\" style=\"\"><svg width=\"32px\" height=\"20px\" xmlns=\"http:\/\/www.w3.org\/2000\/svg\" viewBox=\"0 0 32 32\"><path fill=\"#999\" d=\"M32 12.7v14.2q0 1.2-0.8 2t-2 0.9h-26.3q-1.2 0-2-0.9t-0.8-2v-14.2q0.8 0.9 1.8 1.6 6.5 4.4 8.9 6.1 1 0.8 1.6 1.2t1.7 0.9 2 0.4h0.1q0.9 0 2-0.4t1.7-0.9 1.6-1.2q3-2.2 8.9-6.1 1-0.7 1.8-1.6zM32 7.4q0 1.4-0.9 2.7t-2.2 2.2q-6.7 4.7-8.4 5.8-0.2 0.1-0.7 0.5t-1 0.7-0.9 0.6-1.1 0.5-0.9 0.2h-0.1q-0.4 0-0.9-0.2t-1.1-0.5-0.9-0.6-1-0.7-0.7-0.5q-1.6-1.1-4.7-3.2t-3.6-2.6q-1.1-0.7-2.1-2t-1-2.5q0-1.4 0.7-2.3t2.1-0.9h26.3q1.2 0 2 0.8t0.9 2z\"\/><\/svg><\/span><span class=\"shariff-text\">E-Mail<\/span>&nbsp;<\/a><\/li><li class=\"shariff-button info shariff-nocustomcolor\" style=\"background-color:#a8a8a8\"><a href=\"http:\/\/ct.de\/-2467514\" title=\"Weitere Informationen\" aria-label=\"Weitere Informationen\" role=\"button\" rel=\"noopener \" class=\"shariff-link\" style=\"; background-color:#999; color:#fff\" target=\"_blank\"><span class=\"shariff-icon\" style=\"\"><svg width=\"32px\" height=\"20px\" xmlns=\"http:\/\/www.w3.org\/2000\/svg\" viewBox=\"0 0 11 32\"><path fill=\"#999\" d=\"M11.4 24v2.3q0 0.5-0.3 0.8t-0.8 0.4h-9.1q-0.5 0-0.8-0.4t-0.4-0.8v-2.3q0-0.5 0.4-0.8t0.8-0.4h1.1v-6.8h-1.1q-0.5 0-0.8-0.4t-0.4-0.8v-2.3q0-0.5 0.4-0.8t0.8-0.4h6.8q0.5 0 0.8 0.4t0.4 0.8v10.3h1.1q0.5 0 0.8 0.4t0.3 0.8zM9.2 3.4v3.4q0 0.5-0.4 0.8t-0.8 0.4h-4.6q-0.4 0-0.8-0.4t-0.4-0.8v-3.4q0-0.4 0.4-0.8t0.8-0.4h4.6q0.5 0 0.8 0.4t0.4 0.8z\"\/><\/svg><\/span><\/a><\/li><\/ul><\/div>","protected":false},"excerpt":{"rendered":"<p>Hier finden Sie alle Beitr\u00e4ge aus dem April 2016, dem zw\u00f6lften Monat des Blogs Wolfsmonitor! Bitte klicken Sie direkt auf den gew\u00fcnschten Titel im &#8222;Klappmenue&#8220; oben unter &#8222;Beitr\u00e4ge&#8220; oder auf folgende, chronologisch angeordnete Beitrags\u00fcberschriften: umwelt.nrw-Info: Weiterer Wolfs-Nachweis in Nordrhein-Westfalen, 1. April 2016 NRW: Wolfssichtungen melden, aber wo?, 1. April 2016 Wo sind die Aktionspl\u00e4ne?, 4. [&hellip;]<\/p>\n<div class=\"shariff shariff-align-center shariff-widget-align-center\" data-services=\"facebook%7Ctwitter\" data-url=\"https%3A%2F%2Fwolfsmonitor.de%2F%3Fpage_id%3D2966\" data-timestamp=\"1465402186\" data-backendurl=\"?rest_route=\/shariff\/v1\/share_counts&\"><ul class=\"shariff-buttons theme-color orientation-horizontal buttonsize-small\"><li class=\"shariff-button facebook shariff-nocustomcolor\" style=\"background-color:#4273c8\"><a href=\"https:\/\/www.facebook.com\/sharer\/sharer.php?u=https%3A%2F%2Fwolfsmonitor.de%2F%3Fpage_id%3D2966\" title=\"Bei Facebook teilen\" aria-label=\"Bei Facebook teilen\" role=\"button\" rel=\"nofollow\" class=\"shariff-link\" style=\"; background-color:#3b5998; color:#fff\" target=\"_blank\"><span class=\"shariff-icon\" style=\"\"><svg width=\"32px\" height=\"20px\" xmlns=\"http:\/\/www.w3.org\/2000\/svg\" viewBox=\"0 0 18 32\"><path fill=\"#3b5998\" d=\"M17.1 0.2v4.7h-2.8q-1.5 0-2.1 0.6t-0.5 1.9v3.4h5.2l-0.7 5.3h-4.5v13.6h-5.5v-13.6h-4.5v-5.3h4.5v-3.9q0-3.3 1.9-5.2t5-1.8q2.6 0 4.1 0.2z\"\/><\/svg><\/span><span class=\"shariff-text\">teilen<\/span>&nbsp;<span data-service=\"facebook\" style=\"color:#3b5998\" class=\"shariff-count shariff-hidezero\"><\/span>&nbsp;<\/a><\/li><li class=\"shariff-button twitter shariff-nocustomcolor\" style=\"background-color:#32bbf5\"><a href=\"https:\/\/twitter.com\/share?url=https%3A%2F%2Fwolfsmonitor.de%2F%3Fpage_id%3D2966&text=Beitr%C3%A4ge%20April%202016\" title=\"Bei Twitter teilen\" aria-label=\"Bei Twitter teilen\" role=\"button\" rel=\"noopener nofollow\" class=\"shariff-link\" style=\"; background-color:#55acee; color:#fff\" target=\"_blank\"><span class=\"shariff-icon\" style=\"\"><svg width=\"32px\" height=\"20px\" xmlns=\"http:\/\/www.w3.org\/2000\/svg\" viewBox=\"0 0 30 32\"><path fill=\"#55acee\" d=\"M29.7 6.8q-1.2 1.8-3 3.1 0 0.3 0 0.8 0 2.5-0.7 4.9t-2.2 4.7-3.5 4-4.9 2.8-6.1 1q-5.1 0-9.3-2.7 0.6 0.1 1.5 0.1 4.3 0 7.6-2.6-2-0.1-3.5-1.2t-2.2-3q0.6 0.1 1.1 0.1 0.8 0 1.6-0.2-2.1-0.4-3.5-2.1t-1.4-3.9v-0.1q1.3 0.7 2.8 0.8-1.2-0.8-2-2.2t-0.7-2.9q0-1.7 0.8-3.1 2.3 2.8 5.5 4.5t7 1.9q-0.2-0.7-0.2-1.4 0-2.5 1.8-4.3t4.3-1.8q2.7 0 4.5 1.9 2.1-0.4 3.9-1.5-0.7 2.2-2.7 3.4 1.8-0.2 3.5-0.9z\"\/><\/svg><\/span><span class=\"shariff-text\">twittern<\/span>&nbsp;<span data-service=\"twitter\" style=\"color:#55acee\" class=\"shariff-count shariff-hidezero\"><\/span>&nbsp;<\/a><\/li><li class=\"shariff-button rss shariff-nocustomcolor\" style=\"background-color:#ff8c00\"><a href=\"https:\/\/wolfsmonitor.de\/?feed=rss\" title=\"RSS-feed\" aria-label=\"RSS-feed\" role=\"button\" class=\"shariff-link\" style=\"; background-color:#fe9312; color:#fff\" target=\"_blank\"><span class=\"shariff-icon\" style=\"\"><svg width=\"32px\" height=\"20px\" xmlns=\"http:\/\/www.w3.org\/2000\/svg\" viewBox=\"0 0 32 32\"><path fill=\"#fe9312\" d=\"M4.3 23.5c-2.3 0-4.3 1.9-4.3 4.3 0 2.3 1.9 4.2 4.3 4.2 2.4 0 4.3-1.9 4.3-4.2 0-2.3-1.9-4.3-4.3-4.3zM0 10.9v6.1c4 0 7.7 1.6 10.6 4.4 2.8 2.8 4.4 6.6 4.4 10.6h6.2c0-11.7-9.5-21.1-21.1-21.1zM0 0v6.1c14.2 0 25.8 11.6 25.8 25.9h6.2c0-17.6-14.4-32-32-32z\"\/><\/svg><\/span><span class=\"shariff-text\">RSS-feed<\/span>&nbsp;<\/a><\/li><li class=\"shariff-button mailto shariff-nocustomcolor\" style=\"background-color:#a8a8a8\"><a href=\"mailto:?body=https%3A%2F%2Fwolfsmonitor.de%2F%3Fpage_id%3D2966&subject=Beitr%C3%A4ge%20April%202016\" title=\"Per E-Mail versenden\" aria-label=\"Per E-Mail versenden\" role=\"button\" rel=\"noopener nofollow\" class=\"shariff-link\" style=\"; background-color:#999; color:#fff\"><span class=\"shariff-icon\" style=\"\"><svg width=\"32px\" height=\"20px\" xmlns=\"http:\/\/www.w3.org\/2000\/svg\" viewBox=\"0 0 32 32\"><path fill=\"#999\" d=\"M32 12.7v14.2q0 1.2-0.8 2t-2 0.9h-26.3q-1.2 0-2-0.9t-0.8-2v-14.2q0.8 0.9 1.8 1.6 6.5 4.4 8.9 6.1 1 0.8 1.6 1.2t1.7 0.9 2 0.4h0.1q0.9 0 2-0.4t1.7-0.9 1.6-1.2q3-2.2 8.9-6.1 1-0.7 1.8-1.6zM32 7.4q0 1.4-0.9 2.7t-2.2 2.2q-6.7 4.7-8.4 5.8-0.2 0.1-0.7 0.5t-1 0.7-0.9 0.6-1.1 0.5-0.9 0.2h-0.1q-0.4 0-0.9-0.2t-1.1-0.5-0.9-0.6-1-0.7-0.7-0.5q-1.6-1.1-4.7-3.2t-3.6-2.6q-1.1-0.7-2.1-2t-1-2.5q0-1.4 0.7-2.3t2.1-0.9h26.3q1.2 0 2 0.8t0.9 2z\"\/><\/svg><\/span><span class=\"shariff-text\">E-Mail<\/span>&nbsp;<\/a><\/li><li class=\"shariff-button info shariff-nocustomcolor\" style=\"background-color:#a8a8a8\"><a href=\"http:\/\/ct.de\/-2467514\" title=\"Weitere Informationen\" aria-label=\"Weitere Informationen\" role=\"button\" rel=\"noopener \" class=\"shariff-link\" style=\"; background-color:#999; color:#fff\" target=\"_blank\"><span class=\"shariff-icon\" style=\"\"><svg width=\"32px\" height=\"20px\" xmlns=\"http:\/\/www.w3.org\/2000\/svg\" viewBox=\"0 0 11 32\"><path fill=\"#999\" d=\"M11.4 24v2.3q0 0.5-0.3 0.8t-0.8 0.4h-9.1q-0.5 0-0.8-0.4t-0.4-0.8v-2.3q0-0.5 0.4-0.8t0.8-0.4h1.1v-6.8h-1.1q-0.5 0-0.8-0.4t-0.4-0.8v-2.3q0-0.5 0.4-0.8t0.8-0.4h6.8q0.5 0 0.8 0.4t0.4 0.8v10.3h1.1q0.5 0 0.8 0.4t0.3 0.8zM9.2 3.4v3.4q0 0.5-0.4 0.8t-0.8 0.4h-4.6q-0.4 0-0.8-0.4t-0.4-0.8v-3.4q0-0.4 0.4-0.8t0.8-0.4h4.6q0.5 0 0.8 0.4t0.4 0.8z\"\/><\/svg><\/span><\/a><\/li><\/ul><\/div>","protected":false},"author":1,"featured_media":0,"parent":28,"menu_order":15,"comment_status":"open","ping_status":"closed","template":"","meta":{"spay_email":""},"jetpack_shortlink":"https:\/\/wp.me\/P61YbU-LQ","jetpack-related-posts":[{"id":18381,"url":"https:\/\/wolfsmonitor.de\/?page_id=18381","url_meta":{"origin":2966,"position":0},"title":"Beitr\u00e4ge April 2020","date":"5. April 2020","format":false,"excerpt":"Hier finden Sie alle Beitr\u00e4ge aus dem April 2020, dem sechzigsten Monat des Blogs! Bitte klicken Sie direkt auf den gew\u00fcnschten Titel in der Menueauswahl oder auf folgende, chronologisch angeordnete Beitrags\u00fcberschriften: Landkreis Uelzen: Wolfsabschuss in \"Nacht-und-Nebel\"-Aktion?, 6. April 2020 Feuer frei in Niedersachsen..., 7. April 2020 Gesellschaft zum Schutz der\u2026","rel":"","context":"\u00c4hnlicher Beitrag","img":{"alt_text":"","src":"","width":0,"height":0},"classes":[]},{"id":17070,"url":"https:\/\/wolfsmonitor.de\/?page_id=17070","url_meta":{"origin":2966,"position":1},"title":"Beitr\u00e4ge April 2019","date":"8. April 2019","format":false,"excerpt":"Hier finden Sie alle Wolfsmonitor-Beitr\u00e4ge aus dem April 2019. Begegnungen mit Wanderw\u00f6lfen, 8. April 2019 Richtungsweisend? Keine Jagd durch J\u00e4ger auf Problemw\u00f6lfe, 11. April 2019 Ein St\u00fcck f\u00fcr die Skurrilit\u00e4tenkiste, 13. April 2019 Sachsen: Bisher sechs tote W\u00f6lfe in 2019, 14. April 2019 Allgemeines Wolfswettern aus Frankfurt, 15. April 2019\u2026","rel":"","context":"\u00c4hnlicher Beitrag","img":{"alt_text":"","src":"","width":0,"height":0},"classes":[]},{"id":841,"url":"https:\/\/wolfsmonitor.de\/?page_id=841","url_meta":{"origin":2966,"position":2},"title":"Beitr\u00e4ge April 2015","date":"19. Juli 2015","format":false,"excerpt":"Hier finden Sie alle Beitr\u00e4ge aus dem April 2015, dem ersten Monat des Blogs! Bitte klicken Sie direkt auf den gew\u00fcnschten Titel in der Menueauswahl oder auf folgende, chronologisch angeordnete Beitrags\u00fcberschriften: Anpfiff, 10. April 2015 Die Anzahl der W\u00f6lfe wird vermutlich rasant ansteigen, 15. April 2015 L\u00fcckenhaftes Wolfsmanagement, 16. April\u2026","rel":"","context":"\u00c4hnlicher Beitrag","img":{"alt_text":"","src":"","width":0,"height":0},"classes":[]},{"id":13068,"url":"https:\/\/wolfsmonitor.de\/?page_id=13068","url_meta":{"origin":2966,"position":3},"title":"Beitr\u00e4ge April 2018","date":"1. April 2018","format":false,"excerpt":"Hier finden Sie alle Wolfsmonitor-Beitr\u00e4ge aus dem M\u00e4rz 2018! Bitte klicken Sie direkt auf den gew\u00fcnschten Titel im \"Klappmenue\" oben unter \"Beitr\u00e4ge\" oder auf folgende, chronologisch angeordnete Beitrags\u00fcberschriften. \u201eWolf &Co. sind \u201eflagpole species\u201c f\u00fcr ein Umdenken in der Gesellschaft\u201c, 1. April 2018 Die letzten Sch\u00e4fer Deutschlands retten, 4. April 2018\u2026","rel":"","context":"\u00c4hnlicher Beitrag","img":{"alt_text":"","src":"","width":0,"height":0},"classes":[]},{"id":8246,"url":"https:\/\/wolfsmonitor.de\/?page_id=8246","url_meta":{"origin":2966,"position":4},"title":"Beitr\u00e4ge April 2017","date":"1. April 2017","format":false,"excerpt":"Hier finden Sie alle Beitr\u00e4ge aus dem April 2017! Bitte klicken Sie direkt auf den gew\u00fcnschten Titel im \u201eKlappmenue\u201c oben oder auf folgende, chronologisch angeordnete Beitrags\u00fcberschriften: Populistisch ist noch untertrieben, 1. April 2017 \u201eDie Situation ist hochgradig absurd\u201c, 2. April 2017 F\u00fcr die W\u00f6lfe in Deutschland besteht auf absehbare Zeit\u2026","rel":"","context":"\u00c4hnlicher Beitrag","img":{"alt_text":"","src":"","width":0,"height":0},"classes":[]},{"id":18500,"url":"https:\/\/wolfsmonitor.de\/?page_id=18500","url_meta":{"origin":2966,"position":5},"title":"Beitr\u00e4ge Mai 2020","date":"18. Mai 2020","format":false,"excerpt":"Hier finden Sie alle Beitr\u00e4ge aus dem Mai 2020, dem einundsechzigsten Monat des Blogs! Bitte klicken Sie direkt auf den gew\u00fcnschten Titel in der Menueauswahl oder auf folgende, chronologisch angeordnete Beitrags\u00fcberschriften: Olaf Lies verk\u00fcndet Wolfsverordnung f\u00fcr Niedersachsen, 18. Mai 2020Pr\u00fcfung der \u00c4nderungen im Naturschutzgesetz des Bundes auf EU-Konformit\u00e4t, 20. Mai\u2026","rel":"","context":"\u00c4hnlicher Beitrag","img":{"alt_text":"","src":"","width":0,"height":0},"classes":[]}],"_links":{"self":[{"href":"https:\/\/wolfsmonitor.de\/index.php?rest_route=\/wp\/v2\/pages\/2966"}],"collection":[{"href":"https:\/\/wolfsmonitor.de\/index.php?rest_route=\/wp\/v2\/pages"}],"about":[{"href":"https:\/\/wolfsmonitor.de\/index.php?rest_route=\/wp\/v2\/types\/page"}],"author":[{"embeddable":true,"href":"https:\/\/wolfsmonitor.de\/index.php?rest_route=\/wp\/v2\/users\/1"}],"replies":[{"embeddable":true,"href":"https:\/\/wolfsmonitor.de\/index.php?rest_route=%2Fwp%2Fv2%2Fcomments&post=2966"}],"version-history":[{"count":39,"href":"https:\/\/wolfsmonitor.de\/index.php?rest_route=\/wp\/v2\/pages\/2966\/revisions"}],"predecessor-version":[{"id":3292,"href":"https:\/\/wolfsmonitor.de\/index.php?rest_route=\/wp\/v2\/pages\/2966\/revisions\/3292"}],"up":[{"embeddable":true,"href":"https:\/\/wolfsmonitor.de\/index.php?rest_route=\/wp\/v2\/pages\/28"}],"wp:attachment":[{"href":"https:\/\/wolfsmonitor.de\/index.php?rest_route=%2Fwp%2Fv2%2Fmedia&parent=2966"}],"curies":[{"name":"wp","href":"https:\/\/api.w.org\/{rel}","templated":true}]}}