{"id":32,"date":"2015-04-10T12:29:40","date_gmt":"2015-04-10T12:29:40","guid":{"rendered":"http:\/\/wolfsmonitor.de\/?page_id=32"},"modified":"2015-07-19T20:30:12","modified_gmt":"2015-07-19T20:30:12","slug":"grundsaetze","status":"publish","type":"page","link":"https:\/\/wolfsmonitor.de\/?page_id=32","title":{"rendered":"9 Thesen"},"content":{"rendered":"<p><strong>Nachfolgende kurz vorgestellten 9 Diskussionspunkte sollen Ihnen, liebe Leserinnen und Leser, eine Orientierungshilfe daf\u00fcr sein, in welche Richtung Wolfsmonitor argumentiert:<\/strong><\/p>\n<hr \/>\n<p>1) Wir brauchen einen allgemein anerkannten und in der Bev\u00f6lkerung bekannten<strong> Ma\u00dfstab<\/strong> daf\u00fcr, ab wann W\u00f6lfe als \u201everhaltensauff\u00e4llig\u201c gelten.<\/p>\n<ul>\n<li>Hier geht es zur ausf\u00fchrlichen Begr\u00fcndung dieser These: <span style=\"color: #0000ff;\"><span style=\"color: #0000ff;\"><a style=\"color: #0000ff;\" title=\"9 Thesen, These 1\" href=\"https:\/\/wolfsmonitor.de\/?p=405\" target=\"_blank\">Weiterleiten!<\/a><\/span><\/span><br \/>\n<hr \/>\n<\/li>\n<\/ul>\n<hr \/>\n<p>2) Zur Entwicklung eines wirksamen Wolfsmanagements m\u00fcssen wir ein <strong>anderes Ausgangsszenario<\/strong> zu Grunde legen (den nicht harmlosen Wolf). Wir m\u00fcssen dazu eine Diskussion f\u00fchren, die sich nicht ausschlie\u00dflich auf Forschungsergebnisse sondern auch auf Erfahrungen st\u00fctzt, keinen bekannten Blickwinkel ausl\u00e4sst, nichts besch\u00f6nigt und nichts verschweigt und somit m\u00f6gliche renitente Einzelw\u00f6lfe und Wolfsrudel umfassend in die Betrachtung einbezieht.<\/p>\n<ul>\n<li>\u00a0Hier geht es zur ausf\u00fchrlichen Begr\u00fcndung dieser These: <span style=\"color: #0000ff;\"><a style=\"color: #0000ff;\" title=\"9 Thesen, These 2\" href=\"https:\/\/wolfsmonitor.de\/?p=466\" target=\"_blank\">Weiterleiten!<\/a><\/span><\/li>\n<\/ul>\n<hr \/>\n<p>3) Wir brauchen ein <strong>integrierendes Managementkonzept<\/strong>, das sich an den gemeinsamen Interessen aller Bev\u00f6lkerungsgruppen und besonders Betroffenen ausrichtet. Es sollte insbesondere auch \u00e4ngstliche Menschen ber\u00fccksichtigen.<\/p>\n<ul>\n<li>\u00a0Hier geht es zur ausf\u00fchrlichen Begr\u00fcndung dieser These:<span style=\"color: #0000ff;\"> <a style=\"color: #0000ff;\" title=\"These 3\" href=\"https:\/\/wolfsmonitor.de\/?p=488\" target=\"_blank\">Weiterleiten!<\/a><\/span><\/li>\n<\/ul>\n<hr \/>\n<p>4) Wir m\u00fcssen schnellstm\u00f6glich beginnen, zus\u00e4tzlich zu den Wolfsberatern und Rissgutachtern ausgewiesene Experten f\u00fcr das aktive Wolfsmonitoring (ich nenne sie mal <strong>\u201eWolfscouts\u201c<\/strong>) heranzubilden, damit in Zukunft keine Polizeihubschrauber und Polizeihundestaffeln bei vermeintlich auff\u00e4lligen W\u00f6lfen ben\u00f6tigt werden.<\/p>\n<ul>\n<li>\u00a0Hier geht es zur ausf\u00fchrlichen Begr\u00fcndung dieser These: <span style=\"color: #0000ff;\"><a style=\"color: #0000ff;\" title=\"These 4\" href=\"https:\/\/wolfsmonitor.de\/?p=518\" target=\"_blank\">Weiterleiten!<\/a><\/span><\/li>\n<\/ul>\n<hr \/>\n<p>5) Wolfsmanagement braucht einen <strong>lokalen Fokus<\/strong>, die Kommunikation der Beteiligten untereinander muss lokal synchronisiert werden, um im Bedarfsfall z\u00fcgig Handlungsf\u00e4higkeit zu gew\u00e4hrleisten. Die lokale Einsatzbereitschaft sollte entwickelt werden, noch bevor ein bundesweites Kompetenzzentrum eingerichtet wird, wie einige Naturschutzverb\u00e4nde es bereits seit geraumer Zeit fordern.<\/p>\n<ul>\n<li>\u00a0Hier geht es zur ausf\u00fchrlichen Begr\u00fcndung dieser These: <span style=\"color: #0000ff;\"><a style=\"color: #0000ff;\" title=\"These 5\" href=\"https:\/\/wolfsmonitor.de\/?p=550\" target=\"_blank\">Weiterleiten!<\/a><\/span><\/li>\n<\/ul>\n<hr \/>\n<p>6) <strong>Medienvertreter<\/strong> brauchen kompetente Ansprechpartner aus den jeweiligen Einzelregionen und keine Ferndiagnosen von vermeintlichen Experten. Der Aufbau von Wolfskompetenz braucht Routinen.<\/p>\n<ul>\n<li>\u00a0Hier geht es zur ausf\u00fchrlichen Begr\u00fcndung dieser These: <span style=\"color: #0000ff;\"><a style=\"color: #0000ff;\" title=\"These 6\" href=\"https:\/\/wolfsmonitor.de\/?p=588\" target=\"_blank\">Weiterleiten!<\/a><\/span><\/li>\n<\/ul>\n<hr \/>\n<p>7) Der Einsatz von<strong> Herdenschutzhunden<\/strong> muss \u00fcberdacht werden, damit die Sch\u00e4den, die diese Hunde verursachen, nicht gr\u00f6\u00dfer werden als die Sch\u00e4den durch W\u00f6lfe.<\/p>\n<ul>\n<li>\u00a0Hier geht es zur ausf\u00fchrlichen Begr\u00fcndung dieser These: <span style=\"color: #0000ff;\"><a style=\"color: #0000ff;\" title=\"These 7\" href=\"https:\/\/wolfsmonitor.de\/?p=616\" target=\"_blank\">Weiterleiten!<\/a><\/span><\/li>\n<\/ul>\n<hr \/>\n<hr \/>\n<p>8) Die <strong>DNA-Nachweise<\/strong> m\u00fcssen schneller bearbeitet werden, die Ergebnisse fr\u00fcher vorliegen. Dies zu gew\u00e4hrleisten, d\u00fcrfte vornehmlichste Aufgabe der Verantwortlichen sein, noch vor der Einrichtung eines &#8222;Bundeskompetenzzentrums&#8220;.<\/p>\n<ul>\n<li>\u00a0Hier geht es zur ausf\u00fchrlichen Begr\u00fcndung dieser These: <span style=\"color: #0000ff;\"><a style=\"color: #0000ff;\" title=\"These 8\" href=\"https:\/\/wolfsmonitor.de\/?p=642\" target=\"_blank\">Weiterleiten!<\/a><\/span><\/li>\n<\/ul>\n<hr \/>\n<p>9) Die Rolle der<strong> J\u00e4ger<\/strong> im Wolfsmanagement muss definiert werden, es wird am Ende nicht ohne die Kompetenz jagderfahrener Zeitgenossen gehen.<\/p>\n<ul>\n<li>\u00a0Hier geht es zur ausf\u00fchrlichen Begr\u00fcndung dieser These: <span style=\"color: #0000ff;\"><a style=\"color: #0000ff;\" title=\"These 9\" href=\"https:\/\/wolfsmonitor.de\/?p=674\" target=\"_blank\">Weiterleiten!<\/a><\/span><\/li>\n<\/ul>\n<hr \/>\n<p>Die Liste ist sicherlich nicht vollst\u00e4ndig und damit vorl\u00e4ufig. Sie zeigt auf, wo aus Sicht vom April 2015 dringender Handlungsbedarf besteht, wenn die Integration des Wolfes in das dichtbesiedelte Deutschland gelingen soll. Diese Auflistung wird sich demnach so dynamisch entwickeln wie die Wolfsr\u00fcckkehr an sich.<\/p>\n<p>In unregelm\u00e4\u00dfigen Abst\u00e4nden bietet Wolfsmonitor ein Zwischenfazit zur Aktualisierung der Thesen an. Hier finden Sie die entsprechenden Erg\u00e4nzungen:<\/p>\n<ul>\n<li>\u00a0Zwischenfazit Juli 2015: <span style=\"color: #0000ff;\"><a style=\"color: #0000ff;\" title=\"Zwischenfazit Juli 2015\" href=\"https:\/\/wolfsmonitor.de\/?p=701\" target=\"_blank\">Weiterleiten!<\/a><\/span><\/li>\n<\/ul>\n<p>Herzlichst<\/p>\n<p>Ihr<\/p>\n<p>J\u00fcrgen V.<br \/>\n<img loading=\"lazy\" src=\"http:\/\/vg08.met.vgwort.de\/na\/a1e394598d65428a8187a3fc7dc4c268\" alt=\"\" width=\"1\" height=\"1\" \/><\/p>\n<p>&nbsp;<\/p>\n<hr \/>\n<p>Zur 1. These: <a href=\"https:\/\/wolfsmonitor.de\/?p=405\" target=\"_blank\">https:\/\/wolfsmonitor.de\/?p=405<\/a><\/p>\n<div class=\"shariff shariff-align-center shariff-widget-align-center\" data-services=\"facebook%7Ctwitter\" data-url=\"https%3A%2F%2Fwolfsmonitor.de%2F%3Fpage_id%3D32\" data-timestamp=\"1437337812\" data-backendurl=\"?rest_route=\/shariff\/v1\/share_counts&\"><ul class=\"shariff-buttons theme-color orientation-horizontal buttonsize-small\"><li class=\"shariff-button facebook shariff-nocustomcolor\" style=\"background-color:#4273c8\"><a href=\"https:\/\/www.facebook.com\/sharer\/sharer.php?u=https%3A%2F%2Fwolfsmonitor.de%2F%3Fpage_id%3D32\" title=\"Bei Facebook teilen\" aria-label=\"Bei Facebook teilen\" role=\"button\" rel=\"nofollow\" class=\"shariff-link\" style=\"; background-color:#3b5998; color:#fff\" target=\"_blank\"><span class=\"shariff-icon\" style=\"\"><svg width=\"32px\" height=\"20px\" xmlns=\"http:\/\/www.w3.org\/2000\/svg\" viewBox=\"0 0 18 32\"><path fill=\"#3b5998\" d=\"M17.1 0.2v4.7h-2.8q-1.5 0-2.1 0.6t-0.5 1.9v3.4h5.2l-0.7 5.3h-4.5v13.6h-5.5v-13.6h-4.5v-5.3h4.5v-3.9q0-3.3 1.9-5.2t5-1.8q2.6 0 4.1 0.2z\"\/><\/svg><\/span><span class=\"shariff-text\">teilen<\/span>&nbsp;<span data-service=\"facebook\" style=\"color:#3b5998\" class=\"shariff-count shariff-hidezero\"><\/span>&nbsp;<\/a><\/li><li class=\"shariff-button twitter shariff-nocustomcolor\" style=\"background-color:#32bbf5\"><a href=\"https:\/\/twitter.com\/share?url=https%3A%2F%2Fwolfsmonitor.de%2F%3Fpage_id%3D32&text=9%20Thesen\" title=\"Bei Twitter teilen\" aria-label=\"Bei Twitter teilen\" role=\"button\" rel=\"noopener nofollow\" class=\"shariff-link\" style=\"; background-color:#55acee; color:#fff\" target=\"_blank\"><span class=\"shariff-icon\" style=\"\"><svg width=\"32px\" height=\"20px\" xmlns=\"http:\/\/www.w3.org\/2000\/svg\" viewBox=\"0 0 30 32\"><path fill=\"#55acee\" d=\"M29.7 6.8q-1.2 1.8-3 3.1 0 0.3 0 0.8 0 2.5-0.7 4.9t-2.2 4.7-3.5 4-4.9 2.8-6.1 1q-5.1 0-9.3-2.7 0.6 0.1 1.5 0.1 4.3 0 7.6-2.6-2-0.1-3.5-1.2t-2.2-3q0.6 0.1 1.1 0.1 0.8 0 1.6-0.2-2.1-0.4-3.5-2.1t-1.4-3.9v-0.1q1.3 0.7 2.8 0.8-1.2-0.8-2-2.2t-0.7-2.9q0-1.7 0.8-3.1 2.3 2.8 5.5 4.5t7 1.9q-0.2-0.7-0.2-1.4 0-2.5 1.8-4.3t4.3-1.8q2.7 0 4.5 1.9 2.1-0.4 3.9-1.5-0.7 2.2-2.7 3.4 1.8-0.2 3.5-0.9z\"\/><\/svg><\/span><span class=\"shariff-text\">twittern<\/span>&nbsp;<span data-service=\"twitter\" style=\"color:#55acee\" class=\"shariff-count shariff-hidezero\"><\/span>&nbsp;<\/a><\/li><li class=\"shariff-button rss shariff-nocustomcolor\" style=\"background-color:#ff8c00\"><a href=\"https:\/\/wolfsmonitor.de\/?feed=rss\" title=\"RSS-feed\" aria-label=\"RSS-feed\" role=\"button\" class=\"shariff-link\" style=\"; background-color:#fe9312; color:#fff\" target=\"_blank\"><span class=\"shariff-icon\" style=\"\"><svg width=\"32px\" height=\"20px\" xmlns=\"http:\/\/www.w3.org\/2000\/svg\" viewBox=\"0 0 32 32\"><path fill=\"#fe9312\" d=\"M4.3 23.5c-2.3 0-4.3 1.9-4.3 4.3 0 2.3 1.9 4.2 4.3 4.2 2.4 0 4.3-1.9 4.3-4.2 0-2.3-1.9-4.3-4.3-4.3zM0 10.9v6.1c4 0 7.7 1.6 10.6 4.4 2.8 2.8 4.4 6.6 4.4 10.6h6.2c0-11.7-9.5-21.1-21.1-21.1zM0 0v6.1c14.2 0 25.8 11.6 25.8 25.9h6.2c0-17.6-14.4-32-32-32z\"\/><\/svg><\/span><span class=\"shariff-text\">RSS-feed<\/span>&nbsp;<\/a><\/li><li class=\"shariff-button mailto shariff-nocustomcolor\" style=\"background-color:#a8a8a8\"><a href=\"mailto:?body=https%3A%2F%2Fwolfsmonitor.de%2F%3Fpage_id%3D32&subject=9%20Thesen\" title=\"Per E-Mail versenden\" aria-label=\"Per E-Mail versenden\" role=\"button\" rel=\"noopener nofollow\" class=\"shariff-link\" style=\"; background-color:#999; color:#fff\"><span class=\"shariff-icon\" style=\"\"><svg width=\"32px\" height=\"20px\" xmlns=\"http:\/\/www.w3.org\/2000\/svg\" viewBox=\"0 0 32 32\"><path fill=\"#999\" d=\"M32 12.7v14.2q0 1.2-0.8 2t-2 0.9h-26.3q-1.2 0-2-0.9t-0.8-2v-14.2q0.8 0.9 1.8 1.6 6.5 4.4 8.9 6.1 1 0.8 1.6 1.2t1.7 0.9 2 0.4h0.1q0.9 0 2-0.4t1.7-0.9 1.6-1.2q3-2.2 8.9-6.1 1-0.7 1.8-1.6zM32 7.4q0 1.4-0.9 2.7t-2.2 2.2q-6.7 4.7-8.4 5.8-0.2 0.1-0.7 0.5t-1 0.7-0.9 0.6-1.1 0.5-0.9 0.2h-0.1q-0.4 0-0.9-0.2t-1.1-0.5-0.9-0.6-1-0.7-0.7-0.5q-1.6-1.1-4.7-3.2t-3.6-2.6q-1.1-0.7-2.1-2t-1-2.5q0-1.4 0.7-2.3t2.1-0.9h26.3q1.2 0 2 0.8t0.9 2z\"\/><\/svg><\/span><span class=\"shariff-text\">E-Mail<\/span>&nbsp;<\/a><\/li><li class=\"shariff-button info shariff-nocustomcolor\" style=\"background-color:#a8a8a8\"><a href=\"http:\/\/ct.de\/-2467514\" title=\"Weitere Informationen\" aria-label=\"Weitere Informationen\" role=\"button\" rel=\"noopener \" class=\"shariff-link\" style=\"; background-color:#999; color:#fff\" target=\"_blank\"><span class=\"shariff-icon\" style=\"\"><svg width=\"32px\" height=\"20px\" xmlns=\"http:\/\/www.w3.org\/2000\/svg\" viewBox=\"0 0 11 32\"><path fill=\"#999\" d=\"M11.4 24v2.3q0 0.5-0.3 0.8t-0.8 0.4h-9.1q-0.5 0-0.8-0.4t-0.4-0.8v-2.3q0-0.5 0.4-0.8t0.8-0.4h1.1v-6.8h-1.1q-0.5 0-0.8-0.4t-0.4-0.8v-2.3q0-0.5 0.4-0.8t0.8-0.4h6.8q0.5 0 0.8 0.4t0.4 0.8v10.3h1.1q0.5 0 0.8 0.4t0.3 0.8zM9.2 3.4v3.4q0 0.5-0.4 0.8t-0.8 0.4h-4.6q-0.4 0-0.8-0.4t-0.4-0.8v-3.4q0-0.4 0.4-0.8t0.8-0.4h4.6q0.5 0 0.8 0.4t0.4 0.8z\"\/><\/svg><\/span><\/a><\/li><\/ul><\/div>","protected":false},"excerpt":{"rendered":"<p>Nachfolgende kurz vorgestellten 9 Diskussionspunkte sollen Ihnen, liebe Leserinnen und Leser, eine Orientierungshilfe daf\u00fcr sein, in welche Richtung Wolfsmonitor argumentiert: 1) Wir brauchen einen allgemein anerkannten und in der Bev\u00f6lkerung bekannten Ma\u00dfstab daf\u00fcr, ab wann W\u00f6lfe als \u201everhaltensauff\u00e4llig\u201c gelten. Hier geht es zur ausf\u00fchrlichen Begr\u00fcndung dieser These: Weiterleiten! 2) Zur Entwicklung eines wirksamen Wolfsmanagements m\u00fcssen [&hellip;]<\/p>\n<div class=\"shariff shariff-align-center shariff-widget-align-center\" data-services=\"facebook%7Ctwitter\" data-url=\"https%3A%2F%2Fwolfsmonitor.de%2F%3Fpage_id%3D32\" data-timestamp=\"1437337812\" data-backendurl=\"?rest_route=\/shariff\/v1\/share_counts&\"><ul class=\"shariff-buttons theme-color orientation-horizontal buttonsize-small\"><li class=\"shariff-button facebook shariff-nocustomcolor\" style=\"background-color:#4273c8\"><a href=\"https:\/\/www.facebook.com\/sharer\/sharer.php?u=https%3A%2F%2Fwolfsmonitor.de%2F%3Fpage_id%3D32\" title=\"Bei Facebook teilen\" aria-label=\"Bei Facebook teilen\" role=\"button\" rel=\"nofollow\" class=\"shariff-link\" style=\"; background-color:#3b5998; color:#fff\" target=\"_blank\"><span class=\"shariff-icon\" style=\"\"><svg width=\"32px\" height=\"20px\" xmlns=\"http:\/\/www.w3.org\/2000\/svg\" viewBox=\"0 0 18 32\"><path fill=\"#3b5998\" d=\"M17.1 0.2v4.7h-2.8q-1.5 0-2.1 0.6t-0.5 1.9v3.4h5.2l-0.7 5.3h-4.5v13.6h-5.5v-13.6h-4.5v-5.3h4.5v-3.9q0-3.3 1.9-5.2t5-1.8q2.6 0 4.1 0.2z\"\/><\/svg><\/span><span class=\"shariff-text\">teilen<\/span>&nbsp;<span data-service=\"facebook\" style=\"color:#3b5998\" class=\"shariff-count shariff-hidezero\"><\/span>&nbsp;<\/a><\/li><li class=\"shariff-button twitter shariff-nocustomcolor\" style=\"background-color:#32bbf5\"><a href=\"https:\/\/twitter.com\/share?url=https%3A%2F%2Fwolfsmonitor.de%2F%3Fpage_id%3D32&text=9%20Thesen\" title=\"Bei Twitter teilen\" aria-label=\"Bei Twitter teilen\" role=\"button\" rel=\"noopener nofollow\" class=\"shariff-link\" style=\"; background-color:#55acee; color:#fff\" target=\"_blank\"><span class=\"shariff-icon\" style=\"\"><svg width=\"32px\" height=\"20px\" xmlns=\"http:\/\/www.w3.org\/2000\/svg\" viewBox=\"0 0 30 32\"><path fill=\"#55acee\" d=\"M29.7 6.8q-1.2 1.8-3 3.1 0 0.3 0 0.8 0 2.5-0.7 4.9t-2.2 4.7-3.5 4-4.9 2.8-6.1 1q-5.1 0-9.3-2.7 0.6 0.1 1.5 0.1 4.3 0 7.6-2.6-2-0.1-3.5-1.2t-2.2-3q0.6 0.1 1.1 0.1 0.8 0 1.6-0.2-2.1-0.4-3.5-2.1t-1.4-3.9v-0.1q1.3 0.7 2.8 0.8-1.2-0.8-2-2.2t-0.7-2.9q0-1.7 0.8-3.1 2.3 2.8 5.5 4.5t7 1.9q-0.2-0.7-0.2-1.4 0-2.5 1.8-4.3t4.3-1.8q2.7 0 4.5 1.9 2.1-0.4 3.9-1.5-0.7 2.2-2.7 3.4 1.8-0.2 3.5-0.9z\"\/><\/svg><\/span><span class=\"shariff-text\">twittern<\/span>&nbsp;<span data-service=\"twitter\" style=\"color:#55acee\" class=\"shariff-count shariff-hidezero\"><\/span>&nbsp;<\/a><\/li><li class=\"shariff-button rss shariff-nocustomcolor\" style=\"background-color:#ff8c00\"><a href=\"https:\/\/wolfsmonitor.de\/?feed=rss\" title=\"RSS-feed\" aria-label=\"RSS-feed\" role=\"button\" class=\"shariff-link\" style=\"; background-color:#fe9312; color:#fff\" target=\"_blank\"><span class=\"shariff-icon\" style=\"\"><svg width=\"32px\" height=\"20px\" xmlns=\"http:\/\/www.w3.org\/2000\/svg\" viewBox=\"0 0 32 32\"><path fill=\"#fe9312\" d=\"M4.3 23.5c-2.3 0-4.3 1.9-4.3 4.3 0 2.3 1.9 4.2 4.3 4.2 2.4 0 4.3-1.9 4.3-4.2 0-2.3-1.9-4.3-4.3-4.3zM0 10.9v6.1c4 0 7.7 1.6 10.6 4.4 2.8 2.8 4.4 6.6 4.4 10.6h6.2c0-11.7-9.5-21.1-21.1-21.1zM0 0v6.1c14.2 0 25.8 11.6 25.8 25.9h6.2c0-17.6-14.4-32-32-32z\"\/><\/svg><\/span><span class=\"shariff-text\">RSS-feed<\/span>&nbsp;<\/a><\/li><li class=\"shariff-button mailto shariff-nocustomcolor\" style=\"background-color:#a8a8a8\"><a href=\"mailto:?body=https%3A%2F%2Fwolfsmonitor.de%2F%3Fpage_id%3D32&subject=9%20Thesen\" title=\"Per E-Mail versenden\" aria-label=\"Per E-Mail versenden\" role=\"button\" rel=\"noopener nofollow\" class=\"shariff-link\" style=\"; background-color:#999; color:#fff\"><span class=\"shariff-icon\" style=\"\"><svg width=\"32px\" height=\"20px\" xmlns=\"http:\/\/www.w3.org\/2000\/svg\" viewBox=\"0 0 32 32\"><path fill=\"#999\" d=\"M32 12.7v14.2q0 1.2-0.8 2t-2 0.9h-26.3q-1.2 0-2-0.9t-0.8-2v-14.2q0.8 0.9 1.8 1.6 6.5 4.4 8.9 6.1 1 0.8 1.6 1.2t1.7 0.9 2 0.4h0.1q0.9 0 2-0.4t1.7-0.9 1.6-1.2q3-2.2 8.9-6.1 1-0.7 1.8-1.6zM32 7.4q0 1.4-0.9 2.7t-2.2 2.2q-6.7 4.7-8.4 5.8-0.2 0.1-0.7 0.5t-1 0.7-0.9 0.6-1.1 0.5-0.9 0.2h-0.1q-0.4 0-0.9-0.2t-1.1-0.5-0.9-0.6-1-0.7-0.7-0.5q-1.6-1.1-4.7-3.2t-3.6-2.6q-1.1-0.7-2.1-2t-1-2.5q0-1.4 0.7-2.3t2.1-0.9h26.3q1.2 0 2 0.8t0.9 2z\"\/><\/svg><\/span><span class=\"shariff-text\">E-Mail<\/span>&nbsp;<\/a><\/li><li class=\"shariff-button info shariff-nocustomcolor\" style=\"background-color:#a8a8a8\"><a href=\"http:\/\/ct.de\/-2467514\" title=\"Weitere Informationen\" aria-label=\"Weitere Informationen\" role=\"button\" rel=\"noopener \" class=\"shariff-link\" style=\"; background-color:#999; color:#fff\" target=\"_blank\"><span class=\"shariff-icon\" style=\"\"><svg width=\"32px\" height=\"20px\" xmlns=\"http:\/\/www.w3.org\/2000\/svg\" viewBox=\"0 0 11 32\"><path fill=\"#999\" d=\"M11.4 24v2.3q0 0.5-0.3 0.8t-0.8 0.4h-9.1q-0.5 0-0.8-0.4t-0.4-0.8v-2.3q0-0.5 0.4-0.8t0.8-0.4h1.1v-6.8h-1.1q-0.5 0-0.8-0.4t-0.4-0.8v-2.3q0-0.5 0.4-0.8t0.8-0.4h6.8q0.5 0 0.8 0.4t0.4 0.8v10.3h1.1q0.5 0 0.8 0.4t0.3 0.8zM9.2 3.4v3.4q0 0.5-0.4 0.8t-0.8 0.4h-4.6q-0.4 0-0.8-0.4t-0.4-0.8v-3.4q0-0.4 0.4-0.8t0.8-0.4h4.6q0.5 0 0.8 0.4t0.4 0.8z\"\/><\/svg><\/span><\/a><\/li><\/ul><\/div>","protected":false},"author":1,"featured_media":0,"parent":0,"menu_order":3,"comment_status":"closed","ping_status":"closed","template":"","meta":{"spay_email":""},"jetpack_shortlink":"https:\/\/wp.me\/P61YbU-w","jetpack-related-posts":[{"id":26,"url":"https:\/\/wolfsmonitor.de\/?page_id=26","url_meta":{"origin":32,"position":0},"title":"Start 2015","date":"10. April 2015","format":false,"excerpt":"Herzlich willkommen auf \u201eWolfsmonitor\u201c! (Originaler Startartikel aus dem April 2015) Was ist da los? Die ersten W\u00f6lfe in Deutschland zeigen sich \u201everhaltensauff\u00e4llig\u201c. Die \u00fcberwiegend positive Stimmung zum Wolf wird dadurch ernsthaft auf die Probe gestellt. Ur\u00e4ngste, die schon wie der Wolf selbst totgeglaubt waren, werden wiederbelebt. Ein vermeintlich \u201eauff\u00e4lliger\u201c aber\u2026","rel":"","context":"\u00c4hnlicher Beitrag","img":{"alt_text":"","src":"","width":0,"height":0},"classes":[]},{"id":179,"url":"https:\/\/wolfsmonitor.de\/?page_id=179","url_meta":{"origin":32,"position":1},"title":"Datenschutz","date":"16. April 2015","format":false,"excerpt":"Datenschutzerkl\u00e4rung 1. Datenschutz auf einen Blick Allgemeine Hinweise Die nachfolgenden Hinweise geben einen einfachen \u00dcberblick dar\u00fcber, was mit Ihren personenbezogenen Daten passiert, wenn Sie unsere Webseite besuchen. Wir bitten Sie sich regelm\u00e4\u00dfig \u00fcber den Inhalt unserer Datenschutzerkl\u00e4rung zu informieren. Wir passen die Datenschutzerkl\u00e4rung an, sobald die \u00c4nderungen der von uns\u2026","rel":"","context":"\u00c4hnlicher Beitrag","img":{"alt_text":"","src":"","width":0,"height":0},"classes":[]},{"id":2,"url":"https:\/\/wolfsmonitor.de\/?page_id=2","url_meta":{"origin":32,"position":2},"title":"Impressum","date":"21. November 2014","format":false,"excerpt":"Angaben gem\u00e4\u00df \u00a7 5 TMG J\u00fcrgen Vogler, Wiesenstra\u00dfe 1 82515 Wolfratshausen Kontakt: Telefon: 0157 54291033 E-Mail: redaktion@wolfsmonitor.de Umsatzsteuer-ID: Umsatzsteuer-Identifikationsnummer gem\u00e4\u00df \u00a727a Umsatzsteuergesetz: 86 150 394 264 Verantwortlich f\u00fcr den Inhalt nach \u00a7 55 Abs. 2 RStV: J\u00fcrgen Vogler Wiesenstra\u00dfe 1 82515 Wolfratshausen Dieses Impressum gilt auch f\u00fcr: Twitter: twitter.com\/Wolfsmonitor Facebook:\u2026","rel":"","context":"\u00c4hnlicher Beitrag","img":{"alt_text":"","src":"","width":0,"height":0},"classes":[]},{"id":2645,"url":"https:\/\/wolfsmonitor.de\/?page_id=2645","url_meta":{"origin":32,"position":3},"title":"Beitr\u00e4ge M\u00e4rz 2016","date":"2. M\u00e4rz 2016","format":false,"excerpt":"Hier finden Sie alle Beitr\u00e4ge aus dem M\u00e4rz 2016, dem elften Monat des Blogs! Bitte klicken Sie direkt auf den gew\u00fcnschten Titel im \"Klappmenue\" oben oder auf folgende, chronologisch angeordnete Beitrags\u00fcberschriften: Goldenstedt: Unzureichender Herdenschutz, 02. M\u00e4rz 2016 Vergr\u00e4men, aber wie? 03. M\u00e4rz 2016 Bereits \u00fcber 53.000 Unterschriften zur Rettung der\u2026","rel":"","context":"\u00c4hnlicher Beitrag","img":{"alt_text":"","src":"","width":0,"height":0},"classes":[]},{"id":11994,"url":"https:\/\/wolfsmonitor.de\/?page_id=11994","url_meta":{"origin":32,"position":4},"title":"Beitr\u00e4ge Januar 2018","date":"2. Januar 2018","format":false,"excerpt":"Hier finden Sie alle Wolfsmonitor-Beitr\u00e4ge aus dem Januar 2018 ! Bitte klicken Sie direkt auf den gew\u00fcnschten Titel im \"Klappmenue\" oben unter \"Beitr\u00e4ge\" oder auf folgende, chronologisch angeordnete Beitrags\u00fcberschriften: Toter Wolf bei Thee\u00dfen, 1. Januar 2018 Das Verschwinden der W\u00f6lfe in Schweden, 2. Januar 2018 Die Wolfsmonitor-Retrospektive auf das Wolfsjahr\u2026","rel":"","context":"\u00c4hnlicher Beitrag","img":{"alt_text":"","src":"","width":0,"height":0},"classes":[]},{"id":127,"url":"https:\/\/wolfsmonitor.de\/?page_id=127","url_meta":{"origin":32,"position":5},"title":"Beratung","date":"14. April 2015","format":false,"excerpt":"Sollten Sie, liebe Leserinnen und Leser, eine Begegnung mit W\u00f6lfen haben und nicht wissen, wie Sie diese Begegnung einordnen sollen oder anzweifeln, ob Ihr Erlebnis weitergemeldet werden soll oder muss, scheuen Sie sich bitte nicht, mich \u00fcber das Kontaktformular auf dieser Seite unter Angabe Ihrer Telefonnummer und den Ort der\u2026","rel":"","context":"\u00c4hnlicher Beitrag","img":{"alt_text":"","src":"","width":0,"height":0},"classes":[]}],"_links":{"self":[{"href":"https:\/\/wolfsmonitor.de\/index.php?rest_route=\/wp\/v2\/pages\/32"}],"collection":[{"href":"https:\/\/wolfsmonitor.de\/index.php?rest_route=\/wp\/v2\/pages"}],"about":[{"href":"https:\/\/wolfsmonitor.de\/index.php?rest_route=\/wp\/v2\/types\/page"}],"author":[{"embeddable":true,"href":"https:\/\/wolfsmonitor.de\/index.php?rest_route=\/wp\/v2\/users\/1"}],"replies":[{"embeddable":true,"href":"https:\/\/wolfsmonitor.de\/index.php?rest_route=%2Fwp%2Fv2%2Fcomments&post=32"}],"version-history":[{"count":28,"href":"https:\/\/wolfsmonitor.de\/index.php?rest_route=\/wp\/v2\/pages\/32\/revisions"}],"predecessor-version":[{"id":874,"href":"https:\/\/wolfsmonitor.de\/index.php?rest_route=\/wp\/v2\/pages\/32\/revisions\/874"}],"wp:attachment":[{"href":"https:\/\/wolfsmonitor.de\/index.php?rest_route=%2Fwp%2Fv2%2Fmedia&parent=32"}],"curies":[{"name":"wp","href":"https:\/\/api.w.org\/{rel}","templated":true}]}}