{"id":3296,"date":"2016-05-01T23:13:21","date_gmt":"2016-05-01T21:13:21","guid":{"rendered":"http:\/\/wolfsmonitor.de\/?page_id=3296"},"modified":"2018-05-22T00:46:59","modified_gmt":"2018-05-21T22:46:59","slug":"beitraege-mai-2016","status":"publish","type":"page","link":"https:\/\/wolfsmonitor.de\/?page_id=3296","title":{"rendered":"Beitr\u00e4ge Mai 2016"},"content":{"rendered":"<p>Hier finden Sie alle Beitr\u00e4ge aus dem Mai 2016, dem dreizehnten Monat des Blogs Wolfsmonitor!<\/p>\n<p><span style=\"color: #000000;\" title=\"Amarok TV, 14.04.2016\">Bitte klicken Sie direkt auf den gew\u00fcnschten Titel im &#8222;Klappmenue&#8220; oben unter &#8222;Beitr\u00e4ge&#8220; oder auf folgende, chronologisch angeordnete Beitrags\u00fcberschriften:<\/span><\/p>\n<ol>\n<li><span style=\"color: #0000ff;\"><a style=\"color: #0000ff;\" title=\"ETHIA, PM, 30.04.2016\" href=\"https:\/\/wolfsmonitor.de\/?p=3293\" target=\"_blank\">Wolfsabschuss hat juristisches Nachspie<\/a>l<\/span>, 2. Mai 2016<\/li>\n<li><span style=\"color: #0000ff;\"><a style=\"color: #0000ff;\" title=\"Boitani: Nat\u00fcrliches Verhalten &quot;Kurtis&quot;\" href=\"https:\/\/wolfsmonitor.de\/?p=3299\" target=\"_blank\">Wolfsexperte Boitani: &#8222;Kurtis&#8220; Verhalten war keineswegs unnat\u00fcrlich!<\/a><\/span>, 2. Mai 2016<\/li>\n<li><span style=\"color: #0000ff;\"><a style=\"color: #0000ff;\" title=\"3 Fragen an Heino Krannich\" href=\"https:\/\/wolfsmonitor.de\/?p=3316\" target=\"_blank\">Interview: 3 Fragen an Heino Krannich<\/a><\/span>, 3. Mai 2016<\/li>\n<li><span style=\"color: #0000ff;\"><a style=\"color: #0000ff;\" title=\"SZ-Online, 3.5.2016\" href=\"https:\/\/wolfsmonitor.de\/?p=3326\" target=\"_blank\">Empfehlung zum Abschuss \u201eKurtis\u201c kam aus G\u00f6rlitz<\/a><\/span>, 3. Mai 2016<\/li>\n<li><a title=\"WAZ, 03.05.2016\" href=\"https:\/\/wolfsmonitor.de\/?p=3338\" target=\"_blank\"><span style=\"color: #0000ff;\">Minister Remmel: NRW gut auf W\u00f6lfe vorbereitet<\/span>!,<\/a> 4. Mai 2016<\/li>\n<li><a title=\"Ein Jahr Wolfsmonitor\" href=\"https:\/\/wolfsmonitor.de\/?p=3346\" target=\"_blank\"><span style=\"color: #0000ff;\">Ein Jahr Wolfsmonitor<\/span>,<\/a><span style=\"color: #0000ff;\"> 4. Mai 2016<\/span><\/li>\n<li><span style=\"color: #0000ff;\"><a style=\"color: #0000ff;\" title=\"Klage Tierschutzpartei?\" href=\"https:\/\/wolfsmonitor.de\/?p=3365\" target=\"_blank\">Tierschutzpartei pr\u00fcft ebenfalls Klage wegen der T\u00f6tung von &#8222;MT6&#8220;<\/a>,<\/span> 4. Mai 2016<\/li>\n<li><span style=\"color: #0000ff;\"><a style=\"color: #0000ff;\" title=\"Karte Stephan Grafe, 5.5.2016\" href=\"https:\/\/wolfsmonitor.de\/?p=3375\" target=\"_blank\">Karte: W\u00f6lfe, Rudel, Nachweise und Totfunde in Deutschland<\/a><\/span>, 5. Mai 2016<\/li>\n<li><span style=\"color: #0000ff;\"><a style=\"color: #0000ff;\" title=\"NABU Hessen: Eingreiftruppe\" href=\"https:\/\/wolfsmonitor.de\/?p=3384\" target=\"_blank\">Hessen: \u201eSchnelle Eingreiftruppe\u201c gegr\u00fcndet<\/a><\/span>, 6. Mai 2016<\/li>\n<li><a title=\"NRW-FDP, 6.5.2016\" href=\"https:\/\/wolfsmonitor.de\/?p=3397\" target=\"_blank\"><span style=\"color: #0000ff;\">Nordrhein-westf\u00e4lische FDP ignoriert Realit\u00e4ten in anderen Bundesl\u00e4ndern!<\/span><\/a>, 6. Mai 2016<\/li>\n<li><a title=\"GzSdW, 25 Jahre\" href=\"https:\/\/wolfsmonitor.de\/?p=3407\" target=\"_blank\"><span style=\"color: #0000ff;\">Gesellschaft zum Schutz der W\u00f6lfe feiert 25. Geburtstag<\/span>!<\/a><span style=\"color: #0000ff;\">, <span style=\"color: #000000;\">7. Mai 2016<\/span><\/span><\/li>\n<li><span style=\"color: #0000ff;\"><a style=\"color: #0000ff;\" title=\"Zwei Sch\u00e4fer, 9.5.2016\" href=\"https:\/\/wolfsmonitor.de\/?p=3417\" target=\"_blank\">Zwei Sch\u00e4fer im Portrait: Einer lamentiert, einer handelt\u2026<\/a><\/span>, 9. Mai 2016<\/li>\n<li><span style=\"color: #0000ff;\"><a style=\"color: #0000ff;\" title=\"W\u00f6lfe als Sch\u00e4dlinge?\" href=\"https:\/\/wolfsmonitor.de\/?p=3431\" target=\"_blank\">W\u00f6lfe als \u201eSch\u00e4dlinge\u201c?<\/a><\/span>, 10. Mai 2016<\/li>\n<li><span style=\"color: #0000ff;\"><a style=\"color: #0000ff;\" title=\"Offener Brief an Christian Lindner\" href=\"https:\/\/wolfsmonitor.de\/?p=3442\" target=\"_blank\">Offener NABU-Brief an Christian Lindner<\/a><\/span>, 10. Mai 2016<\/li>\n<li><span style=\"color: #0000ff;\"><a style=\"color: #0000ff;\" title=\"SRU-Gutachten 2016\" href=\"https:\/\/wolfsmonitor.de\/?p=3447\" target=\"_blank\">Forderung: Wildnisgebiete in Deutschland mehr als verdreifachen!<\/a><\/span>, 11. Mai 2016<\/li>\n<li><span style=\"color: #0000ff;\"><a style=\"color: #0000ff;\" title=\"Wolfsnachweis in Rheinland-Pfalz\" href=\"https:\/\/wolfsmonitor.de\/?p=3456\" target=\"_blank\">Wolfsnachweis in Rheinland-Pfalz<\/a><\/span>, 11. Mai 2016<\/li>\n<li><span style=\"color: #0000ff;\"><a style=\"color: #0000ff;\" title=\"Psychologe: \u00c4ngste sind biologisch programmiert\" href=\"https:\/\/wolfsmonitor.de\/?p=3460\" target=\"_blank\">Psychologe: Die Angst vor W\u00f6lfen ist biologisch programmiert<\/a><\/span>, 12. Mai 2016<\/li>\n<li><span style=\"color: #0000ff;\"><a style=\"color: #0000ff;\" title=\"LK Verden: Wir brauchen den Wolf hier nicht!\" href=\"https:\/\/wolfsmonitor.de\/?p=3470\" target=\"_blank\">Niedersachsen: \u201eWir brauchen den Wolf hier nicht!\u201c<\/a><\/span> , 13. Mai 2016<\/li>\n<li><span style=\"color: #0000ff;\"><a style=\"color: #0000ff;\" title=\"Interview Heiko Anders\" href=\"https:\/\/wolfsmonitor.de\/?p=3468\" target=\"_blank\">3 Antworten von Heiko Anders<\/a><\/span>, 14. Mai 2016<\/li>\n<li><span style=\"color: #0000ff;\"><a style=\"color: #0000ff;\" title=\"Neunter Wolfsnachweis in NRW\" href=\"https:\/\/wolfsmonitor.de\/?p=3494\" target=\"_blank\">Neunter Wolfsnachweis in Nordrhein-Westfalen<\/a><\/span>, 15. Mai 2016<\/li>\n<li><span style=\"color: #0000ff;\"><a style=\"color: #0000ff;\" title=\"Kurti gesund, 16.5.2016\" href=\"https:\/\/wolfsmonitor.de\/?p=3514\" target=\"_blank\">Wolf \u201eKurti\u201c war vor Abschuss gesund<\/a><\/span>, 16. Mai 2016<\/li>\n<li><span style=\"color: #0000ff;\"><a style=\"color: #0000ff;\" title=\"Beitrag: Naturbewusstseinsstudie 2015\" href=\"https:\/\/wolfsmonitor.de\/?p=3521\" target=\"_blank\">Umfrage: Deutsche sehen chemische Bek\u00e4mpfung von Sch\u00e4dlingen kritisch<\/a><\/span>, 17. Mai 2016<\/li>\n<li><span style=\"color: #0000ff;\"><a style=\"color: #0000ff;\" title=\"Baden W\u00fcrttemberg, 17. 05. 2016\" href=\"https:\/\/wolfsmonitor.de\/?p=3538\" target=\"_blank\">Baden-W\u00fcrttemberg: Wolf mehrmals gesichtet<\/a><\/span>, 17. Mai 2016<\/li>\n<li><span style=\"color: #0000ff;\"><a style=\"color: #0000ff;\" title=\"Neuheiten auf Wolfsmonitor, 18.5.2016\" href=\"https:\/\/wolfsmonitor.de\/?p=3544\" target=\"_blank\">Neuheiten auf Wolfsmonitor<\/a><\/span>, 18. Mai 2016<\/li>\n<li><span style=\"color: #0000ff;\"><a style=\"color: #0000ff;\" title=\"Dr. Britta Habbe ver\u00e4ndert sich beruflich\" href=\"https:\/\/wolfsmonitor.de\/?p=3556\" target=\"_blank\">Dr. Britta Habbe ver\u00e4ndert sich beruflich<\/a><\/span>, 18. Mai 2016<\/li>\n<li><span style=\"color: #0000ff;\"><a style=\"color: #0000ff;\" title=\"Wolfsprojekt in MV\" href=\"https:\/\/wolfsmonitor.de\/?p=3563\" target=\"_blank\">Wolfsprojekt in Mecklenburg-Vorpommern: Wirkung auf das Damwild<\/a><\/span>, 18. Mai 2016<\/li>\n<li><span style=\"color: #0000ff;\"><a style=\"color: #0000ff;\" title=\"Klaus Bullerjahn, 18.5.2016\" href=\"https:\/\/wolfsmonitor.de\/?p=3578\" target=\"_blank\">Klaus Bullerjahn: Wenn Artenschutz zum Schweinkram wird<\/a><\/span>, 18. Mai 2016<\/li>\n<li><span style=\"color: #0000ff;\"><a style=\"color: #0000ff;\" title=\"Kommentar zum eingeschl\u00e4ferten Wolf\" href=\"Kommentar%20zum eingeschl\u00e4ferten Wolf\" target=\"_blank\">Kommentar zum eingeschl\u00e4ferten Wolf<\/a><\/span>, 20. Mai 2016<\/li>\n<li><span style=\"color: #0000ff;\"><a style=\"color: #0000ff;\" title=\"LFU PM. 20.5.2016\" href=\"https:\/\/wolfsmonitor.de\/?p=3597\" target=\"_blank\">Bayern: Wolf im N\u00fcrnberger Land durch Riss best\u00e4tigt<\/a><\/span>, 20. Mai 2016<\/li>\n<li><a title=\"Nix los am Wochenende?\" href=\"https:\/\/wolfsmonitor.de\/?p=3617\" target=\"_blank\"><span style=\"color: #0000ff;\">Nix los am Wochenende? Oh doch\u2026<\/span><\/a>, 22. Mai 2016<\/li>\n<li><span style=\"color: #0000ff;\"><a style=\"color: #0000ff;\" title=\"10. NRW-Nachweis\" href=\"https:\/\/wolfsmonitor.de\/?p=3623\" target=\"_blank\">Zehnter Wolfsnachweis in NRW &#8211; drei Mal derselbe Jungwolf<\/a><\/span>, 23. Mai 2016<\/li>\n<li><span style=\"color: #0000ff;\"><a style=\"color: #0000ff;\" title=\"Goldschakal in Greifswald\" href=\"https:\/\/wolfsmonitor.de\/?p=3632\" target=\"_blank\">Sensation: Goldschakal in Greifswald<\/a><\/span>, 24. Mai 2016<\/li>\n<li><span style=\"color: #0000ff;\"><a style=\"color: #0000ff;\" title=\"Kurtis Schwester ist tot\" href=\"https:\/\/wolfsmonitor.de\/?p=3637\" target=\"_blank\">Kurtis Schwester ist tot<\/a><\/span>, 24. Mai 2016<\/li>\n<li><span style=\"color: #0000ff;\"><a style=\"color: #0000ff;\" title=\"Nds 6.toter Wolf\" href=\"https:\/\/wolfsmonitor.de\/?p=3644\" target=\"_blank\">Niedersachsen: Kurtis Schwester bereits der sechste tote Wolf in diesem Jahr<\/a><\/span>, 25.Mai 2016<\/li>\n<li><a title=\"Bericht Rainer Deppe, 24.5.2016\" href=\"https:\/\/wolfsmonitor.de\/?p=3663\" target=\"_blank\"><span style=\"color: #0000ff;\">Landespolitiker Deppe: Wolfsansiedlung im Bergischen Land sinnlos<\/span>!<\/a>, 26. Mai 2016<\/li>\n<li><span style=\"color: #0000ff;\"><a style=\"color: #0000ff;\" title=\"Meckenstedt\" href=\"https:\/\/wolfsmonitor.de\/?p=3686\" target=\"_blank\">Wolfsriss in Meckenstedt!<\/a><\/span>, 27. Mai 2016<\/li>\n<li><span style=\"color: #0000ff;\"><a style=\"color: #0000ff;\" title=\"NRW: Nachweis Nr. 11\" href=\"https:\/\/wolfsmonitor.de\/?p=3696\" target=\"_blank\">NRW: Wolfsnachweis Nr. 11 im Kreis Wesel<\/a>,<\/span> 28. Mai 2016<\/li>\n<li><span style=\"color: #0000ff;\"><a style=\"color: #0000ff;\" title=\"Goldenstedter W\u00f6lfin, 29. Mai 2016\" href=\"https:\/\/wolfsmonitor.de\/?p=3702\" target=\"_blank\">Kommunalpolitik ber\u00e4t \u00fcber Goldenstedter W\u00f6lfin<\/a><\/span>, 29. Mai 2016<\/li>\n<li><span style=\"color: #0000ff;\"><a style=\"color: #0000ff;\" title=\"Bayern: Wolf \u00fcberfahren, 30.5.2016\" href=\"https:\/\/wolfsmonitor.de\/?p=3711\" target=\"_blank\">Bayern: Wolf bei Verkehrsunfall get\u00f6tet<\/a><\/span>, 30. Mai 2016<\/li>\n<\/ol>\n<p>&nbsp;<\/p>\n<p>Sie k\u00f6nnen alle Beitr\u00e4ge auch nach \u201cKategorien\u201d geordnet aufrufen. Bitte nutzen Sie dazu die gleichnamige Auswahl in der rechten Seitenleiste!<\/p>\n<p>Viel Spa\u00df!<\/p>\n<p>Ihr<\/p>\n<p>J\u00fcrgen Vogler<\/p>\n<div class=\"shariff shariff-align-center shariff-widget-align-center\" data-services=\"facebook%7Ctwitter\" data-url=\"https%3A%2F%2Fwolfsmonitor.de%2F%3Fpage_id%3D3296\" data-timestamp=\"1526950019\" data-backendurl=\"?rest_route=\/shariff\/v1\/share_counts&\"><ul class=\"shariff-buttons theme-color orientation-horizontal buttonsize-small\"><li class=\"shariff-button facebook shariff-nocustomcolor\" style=\"background-color:#4273c8\"><a href=\"https:\/\/www.facebook.com\/sharer\/sharer.php?u=https%3A%2F%2Fwolfsmonitor.de%2F%3Fpage_id%3D3296\" title=\"Bei Facebook teilen\" aria-label=\"Bei Facebook teilen\" role=\"button\" rel=\"nofollow\" class=\"shariff-link\" style=\"; background-color:#3b5998; color:#fff\" target=\"_blank\"><span class=\"shariff-icon\" style=\"\"><svg width=\"32px\" height=\"20px\" xmlns=\"http:\/\/www.w3.org\/2000\/svg\" viewBox=\"0 0 18 32\"><path fill=\"#3b5998\" d=\"M17.1 0.2v4.7h-2.8q-1.5 0-2.1 0.6t-0.5 1.9v3.4h5.2l-0.7 5.3h-4.5v13.6h-5.5v-13.6h-4.5v-5.3h4.5v-3.9q0-3.3 1.9-5.2t5-1.8q2.6 0 4.1 0.2z\"\/><\/svg><\/span><span class=\"shariff-text\">teilen<\/span>&nbsp;<span data-service=\"facebook\" style=\"color:#3b5998\" class=\"shariff-count shariff-hidezero\"><\/span>&nbsp;<\/a><\/li><li class=\"shariff-button twitter shariff-nocustomcolor\" style=\"background-color:#32bbf5\"><a href=\"https:\/\/twitter.com\/share?url=https%3A%2F%2Fwolfsmonitor.de%2F%3Fpage_id%3D3296&text=Beitr%C3%A4ge%20Mai%202016\" title=\"Bei Twitter teilen\" aria-label=\"Bei Twitter teilen\" role=\"button\" rel=\"noopener nofollow\" class=\"shariff-link\" style=\"; background-color:#55acee; color:#fff\" target=\"_blank\"><span class=\"shariff-icon\" style=\"\"><svg width=\"32px\" height=\"20px\" xmlns=\"http:\/\/www.w3.org\/2000\/svg\" viewBox=\"0 0 30 32\"><path fill=\"#55acee\" d=\"M29.7 6.8q-1.2 1.8-3 3.1 0 0.3 0 0.8 0 2.5-0.7 4.9t-2.2 4.7-3.5 4-4.9 2.8-6.1 1q-5.1 0-9.3-2.7 0.6 0.1 1.5 0.1 4.3 0 7.6-2.6-2-0.1-3.5-1.2t-2.2-3q0.6 0.1 1.1 0.1 0.8 0 1.6-0.2-2.1-0.4-3.5-2.1t-1.4-3.9v-0.1q1.3 0.7 2.8 0.8-1.2-0.8-2-2.2t-0.7-2.9q0-1.7 0.8-3.1 2.3 2.8 5.5 4.5t7 1.9q-0.2-0.7-0.2-1.4 0-2.5 1.8-4.3t4.3-1.8q2.7 0 4.5 1.9 2.1-0.4 3.9-1.5-0.7 2.2-2.7 3.4 1.8-0.2 3.5-0.9z\"\/><\/svg><\/span><span class=\"shariff-text\">twittern<\/span>&nbsp;<span data-service=\"twitter\" style=\"color:#55acee\" class=\"shariff-count shariff-hidezero\"><\/span>&nbsp;<\/a><\/li><li class=\"shariff-button rss shariff-nocustomcolor\" style=\"background-color:#ff8c00\"><a href=\"https:\/\/wolfsmonitor.de\/?feed=rss\" title=\"RSS-feed\" aria-label=\"RSS-feed\" role=\"button\" class=\"shariff-link\" style=\"; background-color:#fe9312; color:#fff\" target=\"_blank\"><span class=\"shariff-icon\" style=\"\"><svg width=\"32px\" height=\"20px\" xmlns=\"http:\/\/www.w3.org\/2000\/svg\" viewBox=\"0 0 32 32\"><path fill=\"#fe9312\" d=\"M4.3 23.5c-2.3 0-4.3 1.9-4.3 4.3 0 2.3 1.9 4.2 4.3 4.2 2.4 0 4.3-1.9 4.3-4.2 0-2.3-1.9-4.3-4.3-4.3zM0 10.9v6.1c4 0 7.7 1.6 10.6 4.4 2.8 2.8 4.4 6.6 4.4 10.6h6.2c0-11.7-9.5-21.1-21.1-21.1zM0 0v6.1c14.2 0 25.8 11.6 25.8 25.9h6.2c0-17.6-14.4-32-32-32z\"\/><\/svg><\/span><span class=\"shariff-text\">RSS-feed<\/span>&nbsp;<\/a><\/li><li class=\"shariff-button mailto shariff-nocustomcolor\" style=\"background-color:#a8a8a8\"><a href=\"mailto:?body=https%3A%2F%2Fwolfsmonitor.de%2F%3Fpage_id%3D3296&subject=Beitr%C3%A4ge%20Mai%202016\" title=\"Per E-Mail versenden\" aria-label=\"Per E-Mail versenden\" role=\"button\" rel=\"noopener nofollow\" class=\"shariff-link\" style=\"; background-color:#999; color:#fff\"><span class=\"shariff-icon\" style=\"\"><svg width=\"32px\" height=\"20px\" xmlns=\"http:\/\/www.w3.org\/2000\/svg\" viewBox=\"0 0 32 32\"><path fill=\"#999\" d=\"M32 12.7v14.2q0 1.2-0.8 2t-2 0.9h-26.3q-1.2 0-2-0.9t-0.8-2v-14.2q0.8 0.9 1.8 1.6 6.5 4.4 8.9 6.1 1 0.8 1.6 1.2t1.7 0.9 2 0.4h0.1q0.9 0 2-0.4t1.7-0.9 1.6-1.2q3-2.2 8.9-6.1 1-0.7 1.8-1.6zM32 7.4q0 1.4-0.9 2.7t-2.2 2.2q-6.7 4.7-8.4 5.8-0.2 0.1-0.7 0.5t-1 0.7-0.9 0.6-1.1 0.5-0.9 0.2h-0.1q-0.4 0-0.9-0.2t-1.1-0.5-0.9-0.6-1-0.7-0.7-0.5q-1.6-1.1-4.7-3.2t-3.6-2.6q-1.1-0.7-2.1-2t-1-2.5q0-1.4 0.7-2.3t2.1-0.9h26.3q1.2 0 2 0.8t0.9 2z\"\/><\/svg><\/span><span class=\"shariff-text\">E-Mail<\/span>&nbsp;<\/a><\/li><li class=\"shariff-button info shariff-nocustomcolor\" style=\"background-color:#a8a8a8\"><a href=\"http:\/\/ct.de\/-2467514\" title=\"Weitere Informationen\" aria-label=\"Weitere Informationen\" role=\"button\" rel=\"noopener \" class=\"shariff-link\" style=\"; background-color:#999; color:#fff\" target=\"_blank\"><span class=\"shariff-icon\" style=\"\"><svg width=\"32px\" height=\"20px\" xmlns=\"http:\/\/www.w3.org\/2000\/svg\" viewBox=\"0 0 11 32\"><path fill=\"#999\" d=\"M11.4 24v2.3q0 0.5-0.3 0.8t-0.8 0.4h-9.1q-0.5 0-0.8-0.4t-0.4-0.8v-2.3q0-0.5 0.4-0.8t0.8-0.4h1.1v-6.8h-1.1q-0.5 0-0.8-0.4t-0.4-0.8v-2.3q0-0.5 0.4-0.8t0.8-0.4h6.8q0.5 0 0.8 0.4t0.4 0.8v10.3h1.1q0.5 0 0.8 0.4t0.3 0.8zM9.2 3.4v3.4q0 0.5-0.4 0.8t-0.8 0.4h-4.6q-0.4 0-0.8-0.4t-0.4-0.8v-3.4q0-0.4 0.4-0.8t0.8-0.4h4.6q0.5 0 0.8 0.4t0.4 0.8z\"\/><\/svg><\/span><\/a><\/li><\/ul><\/div>","protected":false},"excerpt":{"rendered":"<p>Hier finden Sie alle Beitr\u00e4ge aus dem Mai 2016, dem dreizehnten Monat des Blogs Wolfsmonitor! Bitte klicken Sie direkt auf den gew\u00fcnschten Titel im &#8222;Klappmenue&#8220; oben unter &#8222;Beitr\u00e4ge&#8220; oder auf folgende, chronologisch angeordnete Beitrags\u00fcberschriften: Wolfsabschuss hat juristisches Nachspiel, 2. Mai 2016 Wolfsexperte Boitani: &#8222;Kurtis&#8220; Verhalten war keineswegs unnat\u00fcrlich!, 2. Mai 2016 Interview: 3 Fragen an [&hellip;]<\/p>\n<div class=\"shariff shariff-align-center shariff-widget-align-center\" data-services=\"facebook%7Ctwitter\" data-url=\"https%3A%2F%2Fwolfsmonitor.de%2F%3Fpage_id%3D3296\" data-timestamp=\"1526950019\" data-backendurl=\"?rest_route=\/shariff\/v1\/share_counts&\"><ul class=\"shariff-buttons theme-color orientation-horizontal buttonsize-small\"><li class=\"shariff-button facebook shariff-nocustomcolor\" style=\"background-color:#4273c8\"><a href=\"https:\/\/www.facebook.com\/sharer\/sharer.php?u=https%3A%2F%2Fwolfsmonitor.de%2F%3Fpage_id%3D3296\" title=\"Bei Facebook teilen\" aria-label=\"Bei Facebook teilen\" role=\"button\" rel=\"nofollow\" class=\"shariff-link\" style=\"; background-color:#3b5998; color:#fff\" target=\"_blank\"><span class=\"shariff-icon\" style=\"\"><svg width=\"32px\" height=\"20px\" xmlns=\"http:\/\/www.w3.org\/2000\/svg\" viewBox=\"0 0 18 32\"><path fill=\"#3b5998\" d=\"M17.1 0.2v4.7h-2.8q-1.5 0-2.1 0.6t-0.5 1.9v3.4h5.2l-0.7 5.3h-4.5v13.6h-5.5v-13.6h-4.5v-5.3h4.5v-3.9q0-3.3 1.9-5.2t5-1.8q2.6 0 4.1 0.2z\"\/><\/svg><\/span><span class=\"shariff-text\">teilen<\/span>&nbsp;<span data-service=\"facebook\" style=\"color:#3b5998\" class=\"shariff-count shariff-hidezero\"><\/span>&nbsp;<\/a><\/li><li class=\"shariff-button twitter shariff-nocustomcolor\" style=\"background-color:#32bbf5\"><a href=\"https:\/\/twitter.com\/share?url=https%3A%2F%2Fwolfsmonitor.de%2F%3Fpage_id%3D3296&text=Beitr%C3%A4ge%20Mai%202016\" title=\"Bei Twitter teilen\" aria-label=\"Bei Twitter teilen\" role=\"button\" rel=\"noopener nofollow\" class=\"shariff-link\" style=\"; background-color:#55acee; color:#fff\" target=\"_blank\"><span class=\"shariff-icon\" style=\"\"><svg width=\"32px\" height=\"20px\" xmlns=\"http:\/\/www.w3.org\/2000\/svg\" viewBox=\"0 0 30 32\"><path fill=\"#55acee\" d=\"M29.7 6.8q-1.2 1.8-3 3.1 0 0.3 0 0.8 0 2.5-0.7 4.9t-2.2 4.7-3.5 4-4.9 2.8-6.1 1q-5.1 0-9.3-2.7 0.6 0.1 1.5 0.1 4.3 0 7.6-2.6-2-0.1-3.5-1.2t-2.2-3q0.6 0.1 1.1 0.1 0.8 0 1.6-0.2-2.1-0.4-3.5-2.1t-1.4-3.9v-0.1q1.3 0.7 2.8 0.8-1.2-0.8-2-2.2t-0.7-2.9q0-1.7 0.8-3.1 2.3 2.8 5.5 4.5t7 1.9q-0.2-0.7-0.2-1.4 0-2.5 1.8-4.3t4.3-1.8q2.7 0 4.5 1.9 2.1-0.4 3.9-1.5-0.7 2.2-2.7 3.4 1.8-0.2 3.5-0.9z\"\/><\/svg><\/span><span class=\"shariff-text\">twittern<\/span>&nbsp;<span data-service=\"twitter\" style=\"color:#55acee\" class=\"shariff-count shariff-hidezero\"><\/span>&nbsp;<\/a><\/li><li class=\"shariff-button rss shariff-nocustomcolor\" style=\"background-color:#ff8c00\"><a href=\"https:\/\/wolfsmonitor.de\/?feed=rss\" title=\"RSS-feed\" aria-label=\"RSS-feed\" role=\"button\" class=\"shariff-link\" style=\"; background-color:#fe9312; color:#fff\" target=\"_blank\"><span class=\"shariff-icon\" style=\"\"><svg width=\"32px\" height=\"20px\" xmlns=\"http:\/\/www.w3.org\/2000\/svg\" viewBox=\"0 0 32 32\"><path fill=\"#fe9312\" d=\"M4.3 23.5c-2.3 0-4.3 1.9-4.3 4.3 0 2.3 1.9 4.2 4.3 4.2 2.4 0 4.3-1.9 4.3-4.2 0-2.3-1.9-4.3-4.3-4.3zM0 10.9v6.1c4 0 7.7 1.6 10.6 4.4 2.8 2.8 4.4 6.6 4.4 10.6h6.2c0-11.7-9.5-21.1-21.1-21.1zM0 0v6.1c14.2 0 25.8 11.6 25.8 25.9h6.2c0-17.6-14.4-32-32-32z\"\/><\/svg><\/span><span class=\"shariff-text\">RSS-feed<\/span>&nbsp;<\/a><\/li><li class=\"shariff-button mailto shariff-nocustomcolor\" style=\"background-color:#a8a8a8\"><a href=\"mailto:?body=https%3A%2F%2Fwolfsmonitor.de%2F%3Fpage_id%3D3296&subject=Beitr%C3%A4ge%20Mai%202016\" title=\"Per E-Mail versenden\" aria-label=\"Per E-Mail versenden\" role=\"button\" rel=\"noopener nofollow\" class=\"shariff-link\" style=\"; background-color:#999; color:#fff\"><span class=\"shariff-icon\" style=\"\"><svg width=\"32px\" height=\"20px\" xmlns=\"http:\/\/www.w3.org\/2000\/svg\" viewBox=\"0 0 32 32\"><path fill=\"#999\" d=\"M32 12.7v14.2q0 1.2-0.8 2t-2 0.9h-26.3q-1.2 0-2-0.9t-0.8-2v-14.2q0.8 0.9 1.8 1.6 6.5 4.4 8.9 6.1 1 0.8 1.6 1.2t1.7 0.9 2 0.4h0.1q0.9 0 2-0.4t1.7-0.9 1.6-1.2q3-2.2 8.9-6.1 1-0.7 1.8-1.6zM32 7.4q0 1.4-0.9 2.7t-2.2 2.2q-6.7 4.7-8.4 5.8-0.2 0.1-0.7 0.5t-1 0.7-0.9 0.6-1.1 0.5-0.9 0.2h-0.1q-0.4 0-0.9-0.2t-1.1-0.5-0.9-0.6-1-0.7-0.7-0.5q-1.6-1.1-4.7-3.2t-3.6-2.6q-1.1-0.7-2.1-2t-1-2.5q0-1.4 0.7-2.3t2.1-0.9h26.3q1.2 0 2 0.8t0.9 2z\"\/><\/svg><\/span><span class=\"shariff-text\">E-Mail<\/span>&nbsp;<\/a><\/li><li class=\"shariff-button info shariff-nocustomcolor\" style=\"background-color:#a8a8a8\"><a href=\"http:\/\/ct.de\/-2467514\" title=\"Weitere Informationen\" aria-label=\"Weitere Informationen\" role=\"button\" rel=\"noopener \" class=\"shariff-link\" style=\"; background-color:#999; color:#fff\" target=\"_blank\"><span class=\"shariff-icon\" style=\"\"><svg width=\"32px\" height=\"20px\" xmlns=\"http:\/\/www.w3.org\/2000\/svg\" viewBox=\"0 0 11 32\"><path fill=\"#999\" d=\"M11.4 24v2.3q0 0.5-0.3 0.8t-0.8 0.4h-9.1q-0.5 0-0.8-0.4t-0.4-0.8v-2.3q0-0.5 0.4-0.8t0.8-0.4h1.1v-6.8h-1.1q-0.5 0-0.8-0.4t-0.4-0.8v-2.3q0-0.5 0.4-0.8t0.8-0.4h6.8q0.5 0 0.8 0.4t0.4 0.8v10.3h1.1q0.5 0 0.8 0.4t0.3 0.8zM9.2 3.4v3.4q0 0.5-0.4 0.8t-0.8 0.4h-4.6q-0.4 0-0.8-0.4t-0.4-0.8v-3.4q0-0.4 0.4-0.8t0.8-0.4h4.6q0.5 0 0.8 0.4t0.4 0.8z\"\/><\/svg><\/span><\/a><\/li><\/ul><\/div>","protected":false},"author":1,"featured_media":0,"parent":28,"menu_order":2,"comment_status":"closed","ping_status":"closed","template":"","meta":{"spay_email":""},"jetpack_shortlink":"https:\/\/wp.me\/P61YbU-Ra","jetpack-related-posts":[{"id":18500,"url":"https:\/\/wolfsmonitor.de\/?page_id=18500","url_meta":{"origin":3296,"position":0},"title":"Beitr\u00e4ge Mai 2020","date":"18. Mai 2020","format":false,"excerpt":"Hier finden Sie alle Beitr\u00e4ge aus dem Mai 2020, dem einundsechzigsten Monat des Blogs! Bitte klicken Sie direkt auf den gew\u00fcnschten Titel in der Menueauswahl oder auf folgende, chronologisch angeordnete Beitrags\u00fcberschriften: Olaf Lies verk\u00fcndet Wolfsverordnung f\u00fcr Niedersachsen, 18. Mai 2020Pr\u00fcfung der \u00c4nderungen im Naturschutzgesetz des Bundes auf EU-Konformit\u00e4t, 20. Mai\u2026","rel":"","context":"\u00c4hnlicher Beitrag","img":{"alt_text":"","src":"","width":0,"height":0},"classes":[]},{"id":843,"url":"https:\/\/wolfsmonitor.de\/?page_id=843","url_meta":{"origin":3296,"position":1},"title":"Beitr\u00e4ge Mai 2015","date":"19. Juli 2015","format":false,"excerpt":"Hier finden Sie alle Beitr\u00e4ge aus dem Mai 2015, dem zweiten Monat des Blogs! Bitte klicken Sie direkt auf den gew\u00fcnschten Titel in der Menueauswahl oder auf folgende, chronologisch angeordnete Beitrags\u00fcberschriften: Auf der Suche nach \"echten Wolfsexperten\", 3. Mai 2015 100 Monitoringtage je Wolfsrudel, 4. Mai 2015 Die Zahl 1000\u2026","rel":"","context":"\u00c4hnlicher Beitrag","img":{"alt_text":"","src":"","width":0,"height":0},"classes":[]},{"id":13413,"url":"https:\/\/wolfsmonitor.de\/?page_id=13413","url_meta":{"origin":3296,"position":2},"title":"Beitr\u00e4ge Mai 2018","date":"1. Mai 2018","format":false,"excerpt":"Hier finden Sie alle Wolfsmonitor-Beitr\u00e4ge aus dem Mai 2018. Bitte klicken Sie direkt auf den gew\u00fcnschten Titel im \"Klappmenue\" oben unter \"Beitr\u00e4ge\" oder auf folgende, chronologisch angeordnete Beitrags\u00fcberschriften. Das Wolfss\u00fcppchen der Konservativen, 1. Mai 2018 \u201eKundige Wolfsberater\u201c, 2. Mai 2018 Irritierende Schlagzeilen nach Nutztier\u00fcbergriff am Tag des Wolfes, 3. Mai\u2026","rel":"","context":"\u00c4hnlicher Beitrag","img":{"alt_text":"","src":"","width":0,"height":0},"classes":[]},{"id":17168,"url":"https:\/\/wolfsmonitor.de\/?page_id=17168","url_meta":{"origin":3296,"position":3},"title":"Beitr\u00e4ge Mai 2019","date":"1. Mai 2019","format":false,"excerpt":"Hier finden Sie alle Wolfsmonitor-Beitr\u00e4ge aus dem Mai 2019. Am Tag des Wolfes: NABU sieht Ministerin Julia Kl\u00f6ckner in der Pflicht, 1. Mai 2019 Wolfsfrage wird jetzt Chefsache, 6. Mai 2019 Niedersachsen: Schuld sind offenbar immer nur die anderen..., 7. Mai 2019 NABU, WWF und IFAW: Harsche Kritik am beh\u00f6rdlichen\u2026","rel":"","context":"\u00c4hnlicher Beitrag","img":{"alt_text":"","src":"","width":0,"height":0},"classes":[]},{"id":8688,"url":"https:\/\/wolfsmonitor.de\/?page_id=8688","url_meta":{"origin":3296,"position":4},"title":"Beitr\u00e4ge Mai 2017","date":"2. Mai 2017","format":false,"excerpt":"Hier finden Sie alle Wolfsmonitor-Beitr\u00e4ge aus dem Mai 2017! Bitte klicken Sie direkt auf den gew\u00fcnschten Titel im \"Klappmenue\" oben unter \"Beitr\u00e4ge\" oder auf folgende, chronologisch angeordnete Beitrags\u00fcberschriften: Zwei Jahre Wolfsmonitor, 2. Mai 2017 Schweiz: Wolf \u201eM75\u201c zum Abschuss freigegeben, 2. Mai 2017 Das Wolfsbuch des Jahres!, 3. Mai 2017\u2026","rel":"","context":"\u00c4hnlicher Beitrag","img":{"alt_text":"","src":"","width":0,"height":0},"classes":[]},{"id":6943,"url":"https:\/\/wolfsmonitor.de\/?page_id=6943","url_meta":{"origin":3296,"position":5},"title":"Beitr\u00e4ge aus dem Jahr 2015","date":"1. Januar 2017","format":false,"excerpt":"Zur Weiterleitung bitte auf den jeweiligen Monat klicken! Dezember 2015 November 2015 Oktober 2015 September 2015 August 2015 Juli 2015 Juni 2015 Mai 2015 Blogstart im April 2015","rel":"","context":"\u00c4hnlicher Beitrag","img":{"alt_text":"","src":"","width":0,"height":0},"classes":[]}],"_links":{"self":[{"href":"https:\/\/wolfsmonitor.de\/index.php?rest_route=\/wp\/v2\/pages\/3296"}],"collection":[{"href":"https:\/\/wolfsmonitor.de\/index.php?rest_route=\/wp\/v2\/pages"}],"about":[{"href":"https:\/\/wolfsmonitor.de\/index.php?rest_route=\/wp\/v2\/types\/page"}],"author":[{"embeddable":true,"href":"https:\/\/wolfsmonitor.de\/index.php?rest_route=\/wp\/v2\/users\/1"}],"replies":[{"embeddable":true,"href":"https:\/\/wolfsmonitor.de\/index.php?rest_route=%2Fwp%2Fv2%2Fcomments&post=3296"}],"version-history":[{"count":43,"href":"https:\/\/wolfsmonitor.de\/index.php?rest_route=\/wp\/v2\/pages\/3296\/revisions"}],"predecessor-version":[{"id":3717,"href":"https:\/\/wolfsmonitor.de\/index.php?rest_route=\/wp\/v2\/pages\/3296\/revisions\/3717"}],"up":[{"embeddable":true,"href":"https:\/\/wolfsmonitor.de\/index.php?rest_route=\/wp\/v2\/pages\/28"}],"wp:attachment":[{"href":"https:\/\/wolfsmonitor.de\/index.php?rest_route=%2Fwp%2Fv2%2Fmedia&parent=3296"}],"curies":[{"name":"wp","href":"https:\/\/api.w.org\/{rel}","templated":true}]}}