{"id":4080,"date":"2016-07-01T10:34:54","date_gmt":"2016-07-01T08:34:54","guid":{"rendered":"http:\/\/wolfsmonitor.de\/?page_id=4080"},"modified":"2016-07-31T15:52:41","modified_gmt":"2016-07-31T13:52:41","slug":"beitraege-juli-2016","status":"publish","type":"page","link":"https:\/\/wolfsmonitor.de\/?page_id=4080","title":{"rendered":"Beitr\u00e4ge Juli 2016"},"content":{"rendered":"<p><span style=\"color: #000000;\">Hier finden Sie alle Beitr\u00e4ge aus dem Juli 2016!<\/span><\/p>\n<p><span style=\"color: #000000;\" title=\"Goldenstedt: unzureichender Herdenschutz\">Bitte klicken Sie direkt auf den gew\u00fcnschten Titel im &#8222;Klappmenue&#8220; oben oder auf folgende, chronologisch angeordnete Beitrags\u00fcberschriften:<\/span><\/p>\n<ol>\n<li><span style=\"color: #0000ff;\"><a style=\"color: #0000ff;\" href=\"https:\/\/wolfsmonitor.de\/?p=4073\" target=\"_blank\">Emsland: Herdenschutzhund abgeschafft \u2013 46 Schafe gestohlen!<\/a><\/span>, 1. Juli 2016<\/li>\n<li><span style=\"color: #0000ff;\"><a style=\"color: #0000ff;\" href=\"https:\/\/wolfsmonitor.de\/?p=4090\" target=\"_blank\">Niedersachsen: 42. Wolfsrudel in Deutschland nachgewiesen<\/a><\/span>, 2. Juli 2016<\/li>\n<li><span style=\"color: #0000ff;\"><a style=\"color: #0000ff;\" href=\"https:\/\/wolfsmonitor.de\/?p=4100\" target=\"_blank\">Wolfswahn in Wriedel<\/a><\/span>, 3. Juli 2016<\/li>\n<li><span style=\"color: #0000ff;\"><a style=\"color: #0000ff;\" href=\"https:\/\/wolfsmonitor.de\/?p=4111\" target=\"_blank\">Das Jenseits der W\u00f6lfe: Speckk\u00e4ferlarven und Pr\u00e4paratoren<\/a><\/span>, 4. Juli 2016<\/li>\n<li><span style=\"color: #0000ff;\"><a style=\"color: #0000ff;\" href=\"https:\/\/wolfsmonitor.de\/?p=4118\" target=\"_blank\">Zwei neue Wolfsrudel in Sachsen: Rudel Nr. 43 und 44 in Deutschland<\/a><\/span>, 4. Juli 2016<\/li>\n<li><span style=\"color: #0000ff;\"><a style=\"color: #0000ff;\" href=\"https:\/\/wolfsmonitor.de\/?p=4127\" target=\"_blank\">Brandenburg: Naturschutzverband IFAW unterst\u00fctzt zwei Projekte zum Schutz von Nutztieren<\/a><\/span>, 5. Juli 2016<\/li>\n<li><span style=\"color: #0000ff;\"><a style=\"color: #0000ff;\" href=\"https:\/\/wolfsmonitor.de\/?p=4140\" target=\"_blank\">Herdenschutz 2.0-Tagung: Internationale Experten auf NABU Gut Sunder<\/a><\/span>, 6. Juli 2016<\/li>\n<li><span style=\"color: #0000ff;\"><a style=\"color: #0000ff;\" href=\"https:\/\/wolfsmonitor.de\/?p=4146\" target=\"_blank\">Freundeskreis-Meldung: &#8222;Wolfsblut&#8220; spendet 18 S\u00e4cke Futter f\u00fcr Herdenschutzhunde<\/a><\/span>, 6. Juli 2016<\/li>\n<li><span style=\"color: #0000ff;\"><a style=\"color: #0000ff;\" href=\"https:\/\/wolfsmonitor.de\/?p=4155\" target=\"_blank\">NRW: Pony Oskar vom Wolf verletzt &#8211; &#8222;\u00e4tzende&#8220; Berichterstattung?<\/a><\/span>, 7. Juli 2016<\/li>\n<li><span style=\"color: #0000ff;\"><a style=\"color: #0000ff;\" href=\"https:\/\/wolfsmonitor.de\/?p=4178\" target=\"_blank\">Sachsen-Anhalt: Wolfstheater in Kl\u00f6tze<\/a>,<\/span> 8. Juli 2016<\/li>\n<li><span style=\"color: #0000ff;\"><a style=\"color: #0000ff;\" href=\"https:\/\/wolfsmonitor.de\/?p=4168\" target=\"_blank\">NRW: Wurde Pony Oskar Opfer anderer Ponys?<\/a><\/span>, 9. Juli 2016<\/li>\n<li><span style=\"color: #0000ff;\"><a style=\"color: #0000ff;\" href=\"https:\/\/wolfsmonitor.de\/?p=4191\" target=\"_blank\">Niedersachsen: \u00dcber 50.000 Petitions-Unterschriften und kein Abnehmer<\/a><\/span>, 10. Juli 2016<\/li>\n<li><span style=\"color: #0000ff;\"><a style=\"color: #0000ff;\" href=\"https:\/\/wolfsmonitor.de\/?p=4200\" target=\"_blank\">NRW: Nieders\u00e4chsischer Jungwolf \u201etestet\u201c Nordrhein-Westfalen, <\/a><\/span>11. Juli 2016<\/li>\n<li><span style=\"color: #0000ff;\"><a style=\"color: #0000ff;\" href=\"https:\/\/wolfsmonitor.de\/?p=4212\" target=\"_blank\">Niedersachsen: Landtagspr\u00e4sident nimmt ETHIA-Protestliste entgegen<\/a><\/span>, 11. Juli 2016<\/li>\n<li><span style=\"color: #0000ff;\"><a style=\"color: #0000ff;\" href=\"https:\/\/wolfsmonitor.de\/?p=4226\" target=\"_blank\">Sachsen: Erschossener Wolf im Kreis G\u00f6rlitz gefunden<\/a><\/span>, 12. Juli 2016<\/li>\n<li><span style=\"color: #0000ff;\"><a style=\"color: #0000ff;\" href=\"https:\/\/wolfsmonitor.de\/?p=4231\" target=\"_blank\">Kotrschal: W\u00f6lfe als Symbol f\u00fcr das Lebensrecht anderer Tiere neben uns<\/a><\/span>, 13. Juli 2016<\/li>\n<li><span style=\"color: #0000ff;\"><a style=\"color: #0000ff;\" href=\"https:\/\/wolfsmonitor.de\/?p=4241\" target=\"_blank\">Touristenattraktion Wolf?<\/a><\/span>, 14. Juli 2016<\/li>\n<li><span style=\"color: #0000ff;\"><a style=\"color: #0000ff;\" href=\"https:\/\/wolfsmonitor.de\/?p=4255\" target=\"_blank\">Wird umfangreiches Fotomaterial \u00fcber fr\u00fche Menschenkontakte der Munsteraner Jungw\u00f6lfe zur\u00fcckgehalten?<\/a><\/span>, 15. Juli 2016<\/li>\n<li><span style=\"color: #0000ff;\"><a style=\"color: #0000ff;\" href=\"https:\/\/wolfsmonitor.de\/?p=4268\" target=\"_blank\">WWF: \u201eDeutschland hat ein Wilderei-Problem\u201c! \u2013 25.000 \u20ac zur Ergreifung des T\u00e4ters in Sachsen<\/a><\/span>, 17. Juli 2016<\/li>\n<li><span style=\"color: #0000ff;\"><a style=\"color: #0000ff;\" href=\"https:\/\/wolfsmonitor.de\/?p=4273\" target=\"_blank\">LJN: Neuntes nieders\u00e4chsisches Wolfsrudel best\u00e4tigt!<\/a>,<\/span> 18. Juli 2016<\/li>\n<li><span style=\"color: #0000ff;\"><a style=\"color: #0000ff;\" href=\"https:\/\/wolfsmonitor.de\/?p=4280\" target=\"_blank\">MU-Info: Nieders\u00e4chsiches Umweltministerium weist Vorw\u00fcrfe zur\u00fcck<\/a><\/span>, 18. Juli 2016<\/li>\n<li><span style=\"color: #0000ff;\"><a style=\"color: #0000ff;\" href=\"https:\/\/wolfsmonitor.de\/?p=4285\" target=\"_blank\">Illegale Wolfst\u00f6tung in Sachsen: \u201eBelohnung\u201c steigt auf 28.000 \u20ac.<\/a> <\/span>19. Juli 2016<\/li>\n<li><span style=\"color: #0000ff;\"><a style=\"color: #0000ff;\" href=\"https:\/\/wolfsmonitor.de\/?p=4293\" target=\"_blank\">Kurtis T\u00f6tung \u201eletztes Mittel\u201c? \u2013 Staatsanwalt sieht keinen Anfangsverdacht f\u00fcr eine Strafverfolgung<\/a>!,<\/span> 20. Juli 2016<\/li>\n<li><span style=\"color: #0000ff;\"><a style=\"color: #0000ff;\" href=\"https:\/\/wolfsmonitor.de\/?p=4303\" target=\"_blank\">LJN: Wolfsnachwuchs im Raum Eschede und im Landkreis Cuxhaven sowie eine Klarstellung<\/a>,<\/span> 20. Juli 2016<\/li>\n<li><span style=\"color: #0000ff;\"><a style=\"color: #0000ff;\" href=\"https:\/\/wolfsmonitor.de\/?p=4310\" target=\"_blank\">CDU-Fraktion Niedersachsen beantragt Ausschuss-Unterrichtung zu Fotobeweisen<\/a><\/span>, 21. Juli 2016<\/li>\n<li><span style=\"color: #0000ff;\"><a style=\"color: #0000ff;\" href=\"https:\/\/wolfsmonitor.de\/?p=4316\" target=\"_blank\">Uwe Martens vom Freundeskreis freilebender W\u00f6lfe zu den &#8222;Geheimnissen um Oerrel&#8220;<\/a><\/span>, 22. Juli 2016<\/li>\n<li><span style=\"color: #0000ff;\"><a style=\"color: #0000ff;\" href=\"https:\/\/wolfsmonitor.de\/?p=4340\" target=\"_blank\">Klaus Bullerjahn konstruiert neuartige Wolfsfalle<\/a><\/span><a href=\"https:\/\/wolfsmonitor.de\/?p=4340\">,<\/a> 25. Juli 2016<\/li>\n<li><span style=\"color: #0000ff;\"><a style=\"color: #0000ff;\" href=\"https:\/\/wolfsmonitor.de\/?p=4350\" target=\"_blank\">Wer m\u00f6chte einen Dokumentarfilm \u00fcber Deutschlands W\u00f6lfe unterst\u00fctzen?<\/a><\/span>, 26. Juli 2016<\/li>\n<li><span style=\"color: #0000ff;\"><a style=\"color: #0000ff;\" href=\"https:\/\/wolfsmonitor.de\/?p=4359\" target=\"_blank\">Norwegen: Wolfsmanagement \u201ein Moll\u201c \u2013 11.571 J\u00e4ger bewarben sich um 16 Wolfsjagd-Lizenzen<\/a><\/span>, 27. Juli 2016<\/li>\n<li><span style=\"color: #0000ff;\"><a style=\"color: #0000ff;\" href=\"https:\/\/wolfsmonitor.de\/?p=4372\" target=\"_blank\">Offenbar Fehler in der Wielgus\/Peebles-Studie, die besagt, dass W\u00f6lfe t\u00f6ten sich r\u00e4cht\u2026<\/a><\/span>, 28. Juli 2016<\/li>\n<li><span style=\"color: #0000ff;\"><a style=\"color: #0000ff;\" href=\"https:\/\/wolfsmonitor.de\/?p=4380\" target=\"_blank\">Schweiz: Wolf erschossen, nachdem er rund 50 Schafe riss<\/a><\/span>, 29. Juli 2016<\/li>\n<li><span style=\"color: #0000ff;\"><a style=\"color: #0000ff;\" href=\"https:\/\/wolfsmonitor.de\/?p=4389\" target=\"_blank\">Burgdorf: &#8222;So etwas macht ein wildernder Hund nicht&#8230;&#8220;<\/a><\/span>, 30. Juli 2016<\/li>\n<li><span style=\"color: #0000ff;\"><a style=\"color: #0000ff;\" href=\"https:\/\/wolfsmonitor.de\/?p=4405\" target=\"_blank\">Der Wolf im \u201eFocus\u201c \u2013 Journalisten als \u201eAllzweckwaffen\u201c?<\/a><\/span>, 31. Juli 2016<\/li>\n<\/ol>\n<p><span style=\"color: #000000;\">Sie k\u00f6nnen alle Beitr\u00e4ge auch nach \u201cKategorien\u201d aufrufen. Bitte nutzen Sie dazu die gleichnamige Auswahl in der rechten Seitenleiste!<\/span><\/p>\n<p><span style=\"color: #000000;\">Viel Spa\u00df!<\/span><\/p>\n<p><span style=\"color: #000000;\">Ihr<\/span><\/p>\n<p><span style=\"color: #000000;\">J\u00fcrgen Vogler<\/span><\/p>\n<div class=\"shariff shariff-align-center shariff-widget-align-center\" data-services=\"facebook%7Ctwitter\" data-url=\"https%3A%2F%2Fwolfsmonitor.de%2F%3Fpage_id%3D4080\" data-timestamp=\"1469980361\" data-backendurl=\"?rest_route=\/shariff\/v1\/share_counts&\"><ul class=\"shariff-buttons theme-color orientation-horizontal buttonsize-small\"><li class=\"shariff-button facebook shariff-nocustomcolor\" style=\"background-color:#4273c8\"><a href=\"https:\/\/www.facebook.com\/sharer\/sharer.php?u=https%3A%2F%2Fwolfsmonitor.de%2F%3Fpage_id%3D4080\" title=\"Bei Facebook teilen\" aria-label=\"Bei Facebook teilen\" role=\"button\" rel=\"nofollow\" class=\"shariff-link\" style=\"; background-color:#3b5998; color:#fff\" target=\"_blank\"><span class=\"shariff-icon\" style=\"\"><svg width=\"32px\" height=\"20px\" xmlns=\"http:\/\/www.w3.org\/2000\/svg\" viewBox=\"0 0 18 32\"><path fill=\"#3b5998\" d=\"M17.1 0.2v4.7h-2.8q-1.5 0-2.1 0.6t-0.5 1.9v3.4h5.2l-0.7 5.3h-4.5v13.6h-5.5v-13.6h-4.5v-5.3h4.5v-3.9q0-3.3 1.9-5.2t5-1.8q2.6 0 4.1 0.2z\"\/><\/svg><\/span><span class=\"shariff-text\">teilen<\/span>&nbsp;<span data-service=\"facebook\" style=\"color:#3b5998\" class=\"shariff-count shariff-hidezero\"><\/span>&nbsp;<\/a><\/li><li class=\"shariff-button twitter shariff-nocustomcolor\" style=\"background-color:#32bbf5\"><a href=\"https:\/\/twitter.com\/share?url=https%3A%2F%2Fwolfsmonitor.de%2F%3Fpage_id%3D4080&text=Beitr%C3%A4ge%20Juli%202016\" title=\"Bei Twitter teilen\" aria-label=\"Bei Twitter teilen\" role=\"button\" rel=\"noopener nofollow\" class=\"shariff-link\" style=\"; background-color:#55acee; color:#fff\" target=\"_blank\"><span class=\"shariff-icon\" style=\"\"><svg width=\"32px\" height=\"20px\" xmlns=\"http:\/\/www.w3.org\/2000\/svg\" viewBox=\"0 0 30 32\"><path fill=\"#55acee\" d=\"M29.7 6.8q-1.2 1.8-3 3.1 0 0.3 0 0.8 0 2.5-0.7 4.9t-2.2 4.7-3.5 4-4.9 2.8-6.1 1q-5.1 0-9.3-2.7 0.6 0.1 1.5 0.1 4.3 0 7.6-2.6-2-0.1-3.5-1.2t-2.2-3q0.6 0.1 1.1 0.1 0.8 0 1.6-0.2-2.1-0.4-3.5-2.1t-1.4-3.9v-0.1q1.3 0.7 2.8 0.8-1.2-0.8-2-2.2t-0.7-2.9q0-1.7 0.8-3.1 2.3 2.8 5.5 4.5t7 1.9q-0.2-0.7-0.2-1.4 0-2.5 1.8-4.3t4.3-1.8q2.7 0 4.5 1.9 2.1-0.4 3.9-1.5-0.7 2.2-2.7 3.4 1.8-0.2 3.5-0.9z\"\/><\/svg><\/span><span class=\"shariff-text\">twittern<\/span>&nbsp;<span data-service=\"twitter\" style=\"color:#55acee\" class=\"shariff-count shariff-hidezero\"><\/span>&nbsp;<\/a><\/li><li class=\"shariff-button rss shariff-nocustomcolor\" style=\"background-color:#ff8c00\"><a href=\"https:\/\/wolfsmonitor.de\/?feed=rss\" title=\"RSS-feed\" aria-label=\"RSS-feed\" role=\"button\" class=\"shariff-link\" style=\"; background-color:#fe9312; color:#fff\" target=\"_blank\"><span class=\"shariff-icon\" style=\"\"><svg width=\"32px\" height=\"20px\" xmlns=\"http:\/\/www.w3.org\/2000\/svg\" viewBox=\"0 0 32 32\"><path fill=\"#fe9312\" d=\"M4.3 23.5c-2.3 0-4.3 1.9-4.3 4.3 0 2.3 1.9 4.2 4.3 4.2 2.4 0 4.3-1.9 4.3-4.2 0-2.3-1.9-4.3-4.3-4.3zM0 10.9v6.1c4 0 7.7 1.6 10.6 4.4 2.8 2.8 4.4 6.6 4.4 10.6h6.2c0-11.7-9.5-21.1-21.1-21.1zM0 0v6.1c14.2 0 25.8 11.6 25.8 25.9h6.2c0-17.6-14.4-32-32-32z\"\/><\/svg><\/span><span class=\"shariff-text\">RSS-feed<\/span>&nbsp;<\/a><\/li><li class=\"shariff-button mailto shariff-nocustomcolor\" style=\"background-color:#a8a8a8\"><a href=\"mailto:?body=https%3A%2F%2Fwolfsmonitor.de%2F%3Fpage_id%3D4080&subject=Beitr%C3%A4ge%20Juli%202016\" title=\"Per E-Mail versenden\" aria-label=\"Per E-Mail versenden\" role=\"button\" rel=\"noopener nofollow\" class=\"shariff-link\" style=\"; background-color:#999; color:#fff\"><span class=\"shariff-icon\" style=\"\"><svg width=\"32px\" height=\"20px\" xmlns=\"http:\/\/www.w3.org\/2000\/svg\" viewBox=\"0 0 32 32\"><path fill=\"#999\" d=\"M32 12.7v14.2q0 1.2-0.8 2t-2 0.9h-26.3q-1.2 0-2-0.9t-0.8-2v-14.2q0.8 0.9 1.8 1.6 6.5 4.4 8.9 6.1 1 0.8 1.6 1.2t1.7 0.9 2 0.4h0.1q0.9 0 2-0.4t1.7-0.9 1.6-1.2q3-2.2 8.9-6.1 1-0.7 1.8-1.6zM32 7.4q0 1.4-0.9 2.7t-2.2 2.2q-6.7 4.7-8.4 5.8-0.2 0.1-0.7 0.5t-1 0.7-0.9 0.6-1.1 0.5-0.9 0.2h-0.1q-0.4 0-0.9-0.2t-1.1-0.5-0.9-0.6-1-0.7-0.7-0.5q-1.6-1.1-4.7-3.2t-3.6-2.6q-1.1-0.7-2.1-2t-1-2.5q0-1.4 0.7-2.3t2.1-0.9h26.3q1.2 0 2 0.8t0.9 2z\"\/><\/svg><\/span><span class=\"shariff-text\">E-Mail<\/span>&nbsp;<\/a><\/li><li class=\"shariff-button info shariff-nocustomcolor\" style=\"background-color:#a8a8a8\"><a href=\"http:\/\/ct.de\/-2467514\" title=\"Weitere Informationen\" aria-label=\"Weitere Informationen\" role=\"button\" rel=\"noopener \" class=\"shariff-link\" style=\"; background-color:#999; color:#fff\" target=\"_blank\"><span class=\"shariff-icon\" style=\"\"><svg width=\"32px\" height=\"20px\" xmlns=\"http:\/\/www.w3.org\/2000\/svg\" viewBox=\"0 0 11 32\"><path fill=\"#999\" d=\"M11.4 24v2.3q0 0.5-0.3 0.8t-0.8 0.4h-9.1q-0.5 0-0.8-0.4t-0.4-0.8v-2.3q0-0.5 0.4-0.8t0.8-0.4h1.1v-6.8h-1.1q-0.5 0-0.8-0.4t-0.4-0.8v-2.3q0-0.5 0.4-0.8t0.8-0.4h6.8q0.5 0 0.8 0.4t0.4 0.8v10.3h1.1q0.5 0 0.8 0.4t0.3 0.8zM9.2 3.4v3.4q0 0.5-0.4 0.8t-0.8 0.4h-4.6q-0.4 0-0.8-0.4t-0.4-0.8v-3.4q0-0.4 0.4-0.8t0.8-0.4h4.6q0.5 0 0.8 0.4t0.4 0.8z\"\/><\/svg><\/span><\/a><\/li><\/ul><\/div>","protected":false},"excerpt":{"rendered":"<p>Hier finden Sie alle Beitr\u00e4ge aus dem Juli 2016! Bitte klicken Sie direkt auf den gew\u00fcnschten Titel im &#8222;Klappmenue&#8220; oben oder auf folgende, chronologisch angeordnete Beitrags\u00fcberschriften: Emsland: Herdenschutzhund abgeschafft \u2013 46 Schafe gestohlen!, 1. Juli 2016 Niedersachsen: 42. Wolfsrudel in Deutschland nachgewiesen, 2. Juli 2016 Wolfswahn in Wriedel, 3. Juli 2016 Das Jenseits der W\u00f6lfe: [&hellip;]<\/p>\n<div class=\"shariff shariff-align-center shariff-widget-align-center\" data-services=\"facebook%7Ctwitter\" data-url=\"https%3A%2F%2Fwolfsmonitor.de%2F%3Fpage_id%3D4080\" data-timestamp=\"1469980361\" data-backendurl=\"?rest_route=\/shariff\/v1\/share_counts&\"><ul class=\"shariff-buttons theme-color orientation-horizontal buttonsize-small\"><li class=\"shariff-button facebook shariff-nocustomcolor\" style=\"background-color:#4273c8\"><a href=\"https:\/\/www.facebook.com\/sharer\/sharer.php?u=https%3A%2F%2Fwolfsmonitor.de%2F%3Fpage_id%3D4080\" title=\"Bei Facebook teilen\" aria-label=\"Bei Facebook teilen\" role=\"button\" rel=\"nofollow\" class=\"shariff-link\" style=\"; background-color:#3b5998; color:#fff\" target=\"_blank\"><span class=\"shariff-icon\" style=\"\"><svg width=\"32px\" height=\"20px\" xmlns=\"http:\/\/www.w3.org\/2000\/svg\" viewBox=\"0 0 18 32\"><path fill=\"#3b5998\" d=\"M17.1 0.2v4.7h-2.8q-1.5 0-2.1 0.6t-0.5 1.9v3.4h5.2l-0.7 5.3h-4.5v13.6h-5.5v-13.6h-4.5v-5.3h4.5v-3.9q0-3.3 1.9-5.2t5-1.8q2.6 0 4.1 0.2z\"\/><\/svg><\/span><span class=\"shariff-text\">teilen<\/span>&nbsp;<span data-service=\"facebook\" style=\"color:#3b5998\" class=\"shariff-count shariff-hidezero\"><\/span>&nbsp;<\/a><\/li><li class=\"shariff-button twitter shariff-nocustomcolor\" style=\"background-color:#32bbf5\"><a href=\"https:\/\/twitter.com\/share?url=https%3A%2F%2Fwolfsmonitor.de%2F%3Fpage_id%3D4080&text=Beitr%C3%A4ge%20Juli%202016\" title=\"Bei Twitter teilen\" aria-label=\"Bei Twitter teilen\" role=\"button\" rel=\"noopener nofollow\" class=\"shariff-link\" style=\"; background-color:#55acee; color:#fff\" target=\"_blank\"><span class=\"shariff-icon\" style=\"\"><svg width=\"32px\" height=\"20px\" xmlns=\"http:\/\/www.w3.org\/2000\/svg\" viewBox=\"0 0 30 32\"><path fill=\"#55acee\" d=\"M29.7 6.8q-1.2 1.8-3 3.1 0 0.3 0 0.8 0 2.5-0.7 4.9t-2.2 4.7-3.5 4-4.9 2.8-6.1 1q-5.1 0-9.3-2.7 0.6 0.1 1.5 0.1 4.3 0 7.6-2.6-2-0.1-3.5-1.2t-2.2-3q0.6 0.1 1.1 0.1 0.8 0 1.6-0.2-2.1-0.4-3.5-2.1t-1.4-3.9v-0.1q1.3 0.7 2.8 0.8-1.2-0.8-2-2.2t-0.7-2.9q0-1.7 0.8-3.1 2.3 2.8 5.5 4.5t7 1.9q-0.2-0.7-0.2-1.4 0-2.5 1.8-4.3t4.3-1.8q2.7 0 4.5 1.9 2.1-0.4 3.9-1.5-0.7 2.2-2.7 3.4 1.8-0.2 3.5-0.9z\"\/><\/svg><\/span><span class=\"shariff-text\">twittern<\/span>&nbsp;<span data-service=\"twitter\" style=\"color:#55acee\" class=\"shariff-count shariff-hidezero\"><\/span>&nbsp;<\/a><\/li><li class=\"shariff-button rss shariff-nocustomcolor\" style=\"background-color:#ff8c00\"><a href=\"https:\/\/wolfsmonitor.de\/?feed=rss\" title=\"RSS-feed\" aria-label=\"RSS-feed\" role=\"button\" class=\"shariff-link\" style=\"; background-color:#fe9312; color:#fff\" target=\"_blank\"><span class=\"shariff-icon\" style=\"\"><svg width=\"32px\" height=\"20px\" xmlns=\"http:\/\/www.w3.org\/2000\/svg\" viewBox=\"0 0 32 32\"><path fill=\"#fe9312\" d=\"M4.3 23.5c-2.3 0-4.3 1.9-4.3 4.3 0 2.3 1.9 4.2 4.3 4.2 2.4 0 4.3-1.9 4.3-4.2 0-2.3-1.9-4.3-4.3-4.3zM0 10.9v6.1c4 0 7.7 1.6 10.6 4.4 2.8 2.8 4.4 6.6 4.4 10.6h6.2c0-11.7-9.5-21.1-21.1-21.1zM0 0v6.1c14.2 0 25.8 11.6 25.8 25.9h6.2c0-17.6-14.4-32-32-32z\"\/><\/svg><\/span><span class=\"shariff-text\">RSS-feed<\/span>&nbsp;<\/a><\/li><li class=\"shariff-button mailto shariff-nocustomcolor\" style=\"background-color:#a8a8a8\"><a href=\"mailto:?body=https%3A%2F%2Fwolfsmonitor.de%2F%3Fpage_id%3D4080&subject=Beitr%C3%A4ge%20Juli%202016\" title=\"Per E-Mail versenden\" aria-label=\"Per E-Mail versenden\" role=\"button\" rel=\"noopener nofollow\" class=\"shariff-link\" style=\"; background-color:#999; color:#fff\"><span class=\"shariff-icon\" style=\"\"><svg width=\"32px\" height=\"20px\" xmlns=\"http:\/\/www.w3.org\/2000\/svg\" viewBox=\"0 0 32 32\"><path fill=\"#999\" d=\"M32 12.7v14.2q0 1.2-0.8 2t-2 0.9h-26.3q-1.2 0-2-0.9t-0.8-2v-14.2q0.8 0.9 1.8 1.6 6.5 4.4 8.9 6.1 1 0.8 1.6 1.2t1.7 0.9 2 0.4h0.1q0.9 0 2-0.4t1.7-0.9 1.6-1.2q3-2.2 8.9-6.1 1-0.7 1.8-1.6zM32 7.4q0 1.4-0.9 2.7t-2.2 2.2q-6.7 4.7-8.4 5.8-0.2 0.1-0.7 0.5t-1 0.7-0.9 0.6-1.1 0.5-0.9 0.2h-0.1q-0.4 0-0.9-0.2t-1.1-0.5-0.9-0.6-1-0.7-0.7-0.5q-1.6-1.1-4.7-3.2t-3.6-2.6q-1.1-0.7-2.1-2t-1-2.5q0-1.4 0.7-2.3t2.1-0.9h26.3q1.2 0 2 0.8t0.9 2z\"\/><\/svg><\/span><span class=\"shariff-text\">E-Mail<\/span>&nbsp;<\/a><\/li><li class=\"shariff-button info shariff-nocustomcolor\" style=\"background-color:#a8a8a8\"><a href=\"http:\/\/ct.de\/-2467514\" title=\"Weitere Informationen\" aria-label=\"Weitere Informationen\" role=\"button\" rel=\"noopener \" class=\"shariff-link\" style=\"; background-color:#999; color:#fff\" target=\"_blank\"><span class=\"shariff-icon\" style=\"\"><svg width=\"32px\" height=\"20px\" xmlns=\"http:\/\/www.w3.org\/2000\/svg\" viewBox=\"0 0 11 32\"><path fill=\"#999\" d=\"M11.4 24v2.3q0 0.5-0.3 0.8t-0.8 0.4h-9.1q-0.5 0-0.8-0.4t-0.4-0.8v-2.3q0-0.5 0.4-0.8t0.8-0.4h1.1v-6.8h-1.1q-0.5 0-0.8-0.4t-0.4-0.8v-2.3q0-0.5 0.4-0.8t0.8-0.4h6.8q0.5 0 0.8 0.4t0.4 0.8v10.3h1.1q0.5 0 0.8 0.4t0.3 0.8zM9.2 3.4v3.4q0 0.5-0.4 0.8t-0.8 0.4h-4.6q-0.4 0-0.8-0.4t-0.4-0.8v-3.4q0-0.4 0.4-0.8t0.8-0.4h4.6q0.5 0 0.8 0.4t0.4 0.8z\"\/><\/svg><\/span><\/a><\/li><\/ul><\/div>","protected":false},"author":1,"featured_media":0,"parent":28,"menu_order":0,"comment_status":"closed","ping_status":"closed","template":"","meta":{"spay_email":""},"jetpack_shortlink":"https:\/\/wp.me\/P61YbU-13O","jetpack-related-posts":[{"id":17464,"url":"https:\/\/wolfsmonitor.de\/?page_id=17464","url_meta":{"origin":4080,"position":0},"title":"Beitr\u00e4ge Juli 2019","date":"2. Juli 2019","format":false,"excerpt":"Hier finden Sie alle Wolfsmonitor-Beitr\u00e4ge aus dem Juli 2019. Empfangsst\u00f6rung?, 2. Juli 2019 Wolfsrisse? Nein, eher Sensationsgier!, 4. Juli 2019 Live and let die..., 6. Juli 2019 Erster Schafhalter gibt auf und hat eine Botschaft. Ich auch!, 10. Juli 201 Der \u201e40.000-W\u00f6lfe-Prophet\u201c tritt als CDU-Fraktionschef zur\u00fcck, 13. Juli 2019 \"Sch\u00e4ferst\u00fcndchen\",\u2026","rel":"","context":"\u00c4hnlicher Beitrag","img":{"alt_text":"","src":"","width":0,"height":0},"classes":[]},{"id":14117,"url":"https:\/\/wolfsmonitor.de\/?page_id=14117","url_meta":{"origin":4080,"position":1},"title":"Beitr\u00e4ge Juli 2018","date":"2. Juli 2018","format":false,"excerpt":"Hier finden Sie alle Wolfsmonitor-Beitr\u00e4ge aus dem Juli 2018. Bitte klicken Sie direkt auf den gew\u00fcnschten Titel im \"Klappmenue\" oben unter \"Beitr\u00e4ge\" oder auf folgende, chronologisch angeordnete Beitrags\u00fcberschriften: Landwirtschaft in Deutschland: \u201eSehenden Auges gegen die Wand\u201c\u2026, 2. Juli 2018 Umstrittene Aktion: Fischotterjagd in \u00d6sterreich, 3. Juli 2018 Niedersachsen: \"Unseri\u00f6se und\u2026","rel":"","context":"\u00c4hnlicher Beitrag","img":{"alt_text":"","src":"","width":0,"height":0},"classes":[]},{"id":9485,"url":"https:\/\/wolfsmonitor.de\/?page_id=9485","url_meta":{"origin":4080,"position":2},"title":"Beitr\u00e4ge Juli 2017","date":"1. Juli 2017","format":false,"excerpt":"Hier finden Sie alle Wolfsmonitor-Beitr\u00e4ge aus dem Juli 2017! Bitte klicken Sie direkt auf den gew\u00fcnschten Titel im \"Klappmenue\" oben unter \"Beitr\u00e4ge\" oder auf folgende, chronologisch angeordnete Beitrags\u00fcberschriften: Nordrhein-Westfalen: K\u00e4lber in Schieder-Schwalenberg keine Wolfsopfer, 1. Juli 2017 Radfahrerin im Landkreis Cuxhaven von W\u00f6lfen verfolgt?, 1. Juli 2017 Ruhen und schweigen!,\u2026","rel":"","context":"\u00c4hnlicher Beitrag","img":{"alt_text":"","src":"","width":0,"height":0},"classes":[]},{"id":850,"url":"https:\/\/wolfsmonitor.de\/?page_id=850","url_meta":{"origin":4080,"position":3},"title":"Beitr\u00e4ge Juli 2015","date":"19. Juli 2015","format":false,"excerpt":"Hier finden Sie alle Beitr\u00e4ge aus dem Juli 2014, dem vierten Monat des Blogs! Bitte klicken Sie direkt auf den gew\u00fcnschten Titel in der Menueauswahl oder auf folgende, chronologisch angeordnete Beitrags\u00fcberschriften: Wolfsmonitor - Zwischenfazit im Juli 2015, 01. Juli 2015 Neues Wolfsportal b\u00fcndelt Informationen in Niedersachsen, 02. Juli 2015 Leitlinien\u2026","rel":"","context":"\u00c4hnlicher Beitrag","img":{"alt_text":"","src":"","width":0,"height":0},"classes":[]},{"id":3733,"url":"https:\/\/wolfsmonitor.de\/?page_id=3733","url_meta":{"origin":4080,"position":4},"title":"Beitr\u00e4ge Juni 2016","date":"2. Juni 2016","format":false,"excerpt":"Hier finden Sie alle Beitr\u00e4ge aus dem Juni 2016! Bitte klicken Sie direkt auf den gew\u00fcnschten Titel im \"Klappmenue\" oben oder auf folgende, chronologisch angeordnete Beitrags\u00fcberschriften: Kein M\u00e4rchen: Wolf rei\u00dft sieben Gei\u00dflein \u2013 auf einen Streich!, 2. Juni 2016 Gastautor Dr. Wolf Kribben: \"FDP-Forderung zu W\u00f6lfen in NRW inakzeptabel!\", 2.\u2026","rel":"","context":"\u00c4hnlicher Beitrag","img":{"alt_text":"","src":"","width":0,"height":0},"classes":[]},{"id":6943,"url":"https:\/\/wolfsmonitor.de\/?page_id=6943","url_meta":{"origin":4080,"position":5},"title":"Beitr\u00e4ge aus dem Jahr 2015","date":"1. Januar 2017","format":false,"excerpt":"Zur Weiterleitung bitte auf den jeweiligen Monat klicken! Dezember 2015 November 2015 Oktober 2015 September 2015 August 2015 Juli 2015 Juni 2015 Mai 2015 Blogstart im April 2015","rel":"","context":"\u00c4hnlicher Beitrag","img":{"alt_text":"","src":"","width":0,"height":0},"classes":[]}],"_links":{"self":[{"href":"https:\/\/wolfsmonitor.de\/index.php?rest_route=\/wp\/v2\/pages\/4080"}],"collection":[{"href":"https:\/\/wolfsmonitor.de\/index.php?rest_route=\/wp\/v2\/pages"}],"about":[{"href":"https:\/\/wolfsmonitor.de\/index.php?rest_route=\/wp\/v2\/types\/page"}],"author":[{"embeddable":true,"href":"https:\/\/wolfsmonitor.de\/index.php?rest_route=\/wp\/v2\/users\/1"}],"replies":[{"embeddable":true,"href":"https:\/\/wolfsmonitor.de\/index.php?rest_route=%2Fwp%2Fv2%2Fcomments&post=4080"}],"version-history":[{"count":35,"href":"https:\/\/wolfsmonitor.de\/index.php?rest_route=\/wp\/v2\/pages\/4080\/revisions"}],"predecessor-version":[{"id":4410,"href":"https:\/\/wolfsmonitor.de\/index.php?rest_route=\/wp\/v2\/pages\/4080\/revisions\/4410"}],"up":[{"embeddable":true,"href":"https:\/\/wolfsmonitor.de\/index.php?rest_route=\/wp\/v2\/pages\/28"}],"wp:attachment":[{"href":"https:\/\/wolfsmonitor.de\/index.php?rest_route=%2Fwp%2Fv2%2Fmedia&parent=4080"}],"curies":[{"name":"wp","href":"https:\/\/api.w.org\/{rel}","templated":true}]}}