{"id":5119,"date":"2016-09-23T10:29:40","date_gmt":"2016-09-23T08:29:40","guid":{"rendered":"http:\/\/wolfsmonitor.de\/?page_id=5119"},"modified":"2016-11-22T12:28:41","modified_gmt":"2016-11-22T10:28:41","slug":"interviews-2016","status":"publish","type":"page","link":"https:\/\/wolfsmonitor.de\/?page_id=5119","title":{"rendered":"Interviews 2016"},"content":{"rendered":"<p><strong>Wolfsmonitor f\u00fchrte im Jahr 2016 \u201e3 Antworten von\u2026\u201c \u2013 Interviews mit:<\/strong><\/p>\n<ul>\n<li><a href=\"https:\/\/wolfsmonitor.de\/?p=6157\" target=\"_blank\"><span style=\"color: #0000ff;\">Dr. Frank Kr\u00fcger <\/span><span style=\"color: #000000;\">(Mitarbeiter beim Wolfsmanagement im Nds. Ministerium f\u00fcr Umwelt, Energie und Klimaschutz (MU))<\/span><\/a><\/li>\n<li><span style=\"color: #0000ff;\"><a style=\"color: #0000ff;\" href=\"https:\/\/wolfsmonitor.de\/?p=4953\" target=\"_blank\">Elli H. Radinger <span style=\"color: #000000;\">(bekannte Buchautorin und Mitarbeiterin in Wolfsprojekten)<\/span><\/a><\/span><\/li>\n<li><span style=\"color: #0000ff;\"><a style=\"color: #0000ff;\" href=\"https:\/\/wolfsmonitor.de\/?p=4852\" target=\"_blank\">Frank Fa\u00df <span style=\"color: #000000;\">(Inhaber und Betreiber des Wolfcenter D\u00f6rverden)<\/span><\/a><\/span><\/li>\n<li><span style=\"color: #0000ff;\"><a style=\"color: #0000ff;\" href=\"https:\/\/wolfsmonitor.de\/?p=4693\" target=\"_blank\">Christiane Schr\u00f6der <span style=\"color: #000000;\">(NABU-Gesch\u00e4ftsf\u00fchrerin im Land Brandenburg)<\/span><\/a><\/span><\/li>\n<li><span style=\"color: #0000ff;\"><a style=\"color: #0000ff;\" href=\"https:\/\/wolfsmonitor.de\/?p=3468\" target=\"_blank\">Heiko Anders<span style=\"color: #000000;\"> (Naturfotograf)<\/span><\/a><\/span><\/li>\n<li><span style=\"color: #0000ff;\"><a style=\"color: #0000ff;\" href=\"https:\/\/wolfsmonitor.de\/?p=3316\" target=\"_blank\">Heino Krannich<span style=\"color: #000000;\"> (Distanznarkose-Experte)<\/span><\/a><\/span><\/li>\n<li><span style=\"color: #0000ff;\"><a style=\"color: #0000ff;\" href=\"https:\/\/wolfsmonitor.de\/?p=2513\" target=\"_blank\">Uwe Martens <span style=\"color: #000000;\">(ehrenamtlicher Wolfsberater in Niedersachsen)<\/span><\/a><\/span><\/li>\n<li><span style=\"color: #0000ff;\"><a style=\"color: #0000ff;\" href=\"https:\/\/wolfsmonitor.de\/?p=2288\" target=\"_blank\">Sabine Begtsson <span style=\"color: #000000;\">(Inhaberin der Naturreiseagentur &#8222;Perlenf\u00e4nger&#8220;)<\/span><\/a><\/span><\/li>\n<li><span style=\"color: #0000ff;\"><a style=\"color: #0000ff;\" href=\"https:\/\/wolfsmonitor.de\/?p=2183\" target=\"_blank\">David Gerke<span style=\"color: #000000;\"> (Pr\u00e4sident der \u201eGruppe Wolf Schweiz &#8211; GWS\u201c)<\/span><\/a><\/span><\/li>\n<\/ul>\n<div class=\"shariff shariff-align-center shariff-widget-align-center\" data-services=\"facebook%7Ctwitter\" data-url=\"https%3A%2F%2Fwolfsmonitor.de%2F%3Fpage_id%3D5119\" data-timestamp=\"1479817721\" data-backendurl=\"?rest_route=\/shariff\/v1\/share_counts&\"><ul class=\"shariff-buttons theme-color orientation-horizontal buttonsize-small\"><li class=\"shariff-button facebook shariff-nocustomcolor\" style=\"background-color:#4273c8\"><a href=\"https:\/\/www.facebook.com\/sharer\/sharer.php?u=https%3A%2F%2Fwolfsmonitor.de%2F%3Fpage_id%3D5119\" title=\"Bei Facebook teilen\" aria-label=\"Bei Facebook teilen\" role=\"button\" rel=\"nofollow\" class=\"shariff-link\" style=\"; background-color:#3b5998; color:#fff\" target=\"_blank\"><span class=\"shariff-icon\" style=\"\"><svg width=\"32px\" height=\"20px\" xmlns=\"http:\/\/www.w3.org\/2000\/svg\" viewBox=\"0 0 18 32\"><path fill=\"#3b5998\" d=\"M17.1 0.2v4.7h-2.8q-1.5 0-2.1 0.6t-0.5 1.9v3.4h5.2l-0.7 5.3h-4.5v13.6h-5.5v-13.6h-4.5v-5.3h4.5v-3.9q0-3.3 1.9-5.2t5-1.8q2.6 0 4.1 0.2z\"\/><\/svg><\/span><span class=\"shariff-text\">teilen<\/span>&nbsp;<span data-service=\"facebook\" style=\"color:#3b5998\" class=\"shariff-count shariff-hidezero\"><\/span>&nbsp;<\/a><\/li><li class=\"shariff-button twitter shariff-nocustomcolor\" style=\"background-color:#32bbf5\"><a href=\"https:\/\/twitter.com\/share?url=https%3A%2F%2Fwolfsmonitor.de%2F%3Fpage_id%3D5119&text=Interviews%202016\" title=\"Bei Twitter teilen\" aria-label=\"Bei Twitter teilen\" role=\"button\" rel=\"noopener nofollow\" class=\"shariff-link\" style=\"; background-color:#55acee; color:#fff\" target=\"_blank\"><span class=\"shariff-icon\" style=\"\"><svg width=\"32px\" height=\"20px\" xmlns=\"http:\/\/www.w3.org\/2000\/svg\" viewBox=\"0 0 30 32\"><path fill=\"#55acee\" d=\"M29.7 6.8q-1.2 1.8-3 3.1 0 0.3 0 0.8 0 2.5-0.7 4.9t-2.2 4.7-3.5 4-4.9 2.8-6.1 1q-5.1 0-9.3-2.7 0.6 0.1 1.5 0.1 4.3 0 7.6-2.6-2-0.1-3.5-1.2t-2.2-3q0.6 0.1 1.1 0.1 0.8 0 1.6-0.2-2.1-0.4-3.5-2.1t-1.4-3.9v-0.1q1.3 0.7 2.8 0.8-1.2-0.8-2-2.2t-0.7-2.9q0-1.7 0.8-3.1 2.3 2.8 5.5 4.5t7 1.9q-0.2-0.7-0.2-1.4 0-2.5 1.8-4.3t4.3-1.8q2.7 0 4.5 1.9 2.1-0.4 3.9-1.5-0.7 2.2-2.7 3.4 1.8-0.2 3.5-0.9z\"\/><\/svg><\/span><span class=\"shariff-text\">twittern<\/span>&nbsp;<span data-service=\"twitter\" style=\"color:#55acee\" class=\"shariff-count shariff-hidezero\"><\/span>&nbsp;<\/a><\/li><li class=\"shariff-button rss shariff-nocustomcolor\" style=\"background-color:#ff8c00\"><a href=\"https:\/\/wolfsmonitor.de\/?feed=rss\" title=\"RSS-feed\" aria-label=\"RSS-feed\" role=\"button\" class=\"shariff-link\" style=\"; background-color:#fe9312; color:#fff\" target=\"_blank\"><span class=\"shariff-icon\" style=\"\"><svg width=\"32px\" height=\"20px\" xmlns=\"http:\/\/www.w3.org\/2000\/svg\" viewBox=\"0 0 32 32\"><path fill=\"#fe9312\" d=\"M4.3 23.5c-2.3 0-4.3 1.9-4.3 4.3 0 2.3 1.9 4.2 4.3 4.2 2.4 0 4.3-1.9 4.3-4.2 0-2.3-1.9-4.3-4.3-4.3zM0 10.9v6.1c4 0 7.7 1.6 10.6 4.4 2.8 2.8 4.4 6.6 4.4 10.6h6.2c0-11.7-9.5-21.1-21.1-21.1zM0 0v6.1c14.2 0 25.8 11.6 25.8 25.9h6.2c0-17.6-14.4-32-32-32z\"\/><\/svg><\/span><span class=\"shariff-text\">RSS-feed<\/span>&nbsp;<\/a><\/li><li class=\"shariff-button mailto shariff-nocustomcolor\" style=\"background-color:#a8a8a8\"><a href=\"mailto:?body=https%3A%2F%2Fwolfsmonitor.de%2F%3Fpage_id%3D5119&subject=Interviews%202016\" title=\"Per E-Mail versenden\" aria-label=\"Per E-Mail versenden\" role=\"button\" rel=\"noopener nofollow\" class=\"shariff-link\" style=\"; background-color:#999; color:#fff\"><span class=\"shariff-icon\" style=\"\"><svg width=\"32px\" height=\"20px\" xmlns=\"http:\/\/www.w3.org\/2000\/svg\" viewBox=\"0 0 32 32\"><path fill=\"#999\" d=\"M32 12.7v14.2q0 1.2-0.8 2t-2 0.9h-26.3q-1.2 0-2-0.9t-0.8-2v-14.2q0.8 0.9 1.8 1.6 6.5 4.4 8.9 6.1 1 0.8 1.6 1.2t1.7 0.9 2 0.4h0.1q0.9 0 2-0.4t1.7-0.9 1.6-1.2q3-2.2 8.9-6.1 1-0.7 1.8-1.6zM32 7.4q0 1.4-0.9 2.7t-2.2 2.2q-6.7 4.7-8.4 5.8-0.2 0.1-0.7 0.5t-1 0.7-0.9 0.6-1.1 0.5-0.9 0.2h-0.1q-0.4 0-0.9-0.2t-1.1-0.5-0.9-0.6-1-0.7-0.7-0.5q-1.6-1.1-4.7-3.2t-3.6-2.6q-1.1-0.7-2.1-2t-1-2.5q0-1.4 0.7-2.3t2.1-0.9h26.3q1.2 0 2 0.8t0.9 2z\"\/><\/svg><\/span><span class=\"shariff-text\">E-Mail<\/span>&nbsp;<\/a><\/li><li class=\"shariff-button info shariff-nocustomcolor\" style=\"background-color:#a8a8a8\"><a href=\"http:\/\/ct.de\/-2467514\" title=\"Weitere Informationen\" aria-label=\"Weitere Informationen\" role=\"button\" rel=\"noopener \" class=\"shariff-link\" style=\"; background-color:#999; color:#fff\" target=\"_blank\"><span class=\"shariff-icon\" style=\"\"><svg width=\"32px\" height=\"20px\" xmlns=\"http:\/\/www.w3.org\/2000\/svg\" viewBox=\"0 0 11 32\"><path fill=\"#999\" d=\"M11.4 24v2.3q0 0.5-0.3 0.8t-0.8 0.4h-9.1q-0.5 0-0.8-0.4t-0.4-0.8v-2.3q0-0.5 0.4-0.8t0.8-0.4h1.1v-6.8h-1.1q-0.5 0-0.8-0.4t-0.4-0.8v-2.3q0-0.5 0.4-0.8t0.8-0.4h6.8q0.5 0 0.8 0.4t0.4 0.8v10.3h1.1q0.5 0 0.8 0.4t0.3 0.8zM9.2 3.4v3.4q0 0.5-0.4 0.8t-0.8 0.4h-4.6q-0.4 0-0.8-0.4t-0.4-0.8v-3.4q0-0.4 0.4-0.8t0.8-0.4h4.6q0.5 0 0.8 0.4t0.4 0.8z\"\/><\/svg><\/span><\/a><\/li><\/ul><\/div>","protected":false},"excerpt":{"rendered":"<p>Wolfsmonitor f\u00fchrte im Jahr 2016 \u201e3 Antworten von\u2026\u201c \u2013 Interviews mit: Dr. Frank Kr\u00fcger (Mitarbeiter beim Wolfsmanagement im Nds. Ministerium f\u00fcr Umwelt, Energie und Klimaschutz (MU)) Elli H. Radinger (bekannte Buchautorin und Mitarbeiterin in Wolfsprojekten) Frank Fa\u00df (Inhaber und Betreiber des Wolfcenter D\u00f6rverden) Christiane Schr\u00f6der (NABU-Gesch\u00e4ftsf\u00fchrerin im Land Brandenburg) Heiko Anders (Naturfotograf) Heino Krannich (Distanznarkose-Experte) [&hellip;]<\/p>\n<div class=\"shariff shariff-align-center shariff-widget-align-center\" data-services=\"facebook%7Ctwitter\" data-url=\"https%3A%2F%2Fwolfsmonitor.de%2F%3Fpage_id%3D5119\" data-timestamp=\"1479817721\" data-backendurl=\"?rest_route=\/shariff\/v1\/share_counts&\"><ul class=\"shariff-buttons theme-color orientation-horizontal buttonsize-small\"><li class=\"shariff-button facebook shariff-nocustomcolor\" style=\"background-color:#4273c8\"><a href=\"https:\/\/www.facebook.com\/sharer\/sharer.php?u=https%3A%2F%2Fwolfsmonitor.de%2F%3Fpage_id%3D5119\" title=\"Bei Facebook teilen\" aria-label=\"Bei Facebook teilen\" role=\"button\" rel=\"nofollow\" class=\"shariff-link\" style=\"; background-color:#3b5998; color:#fff\" target=\"_blank\"><span class=\"shariff-icon\" style=\"\"><svg width=\"32px\" height=\"20px\" xmlns=\"http:\/\/www.w3.org\/2000\/svg\" viewBox=\"0 0 18 32\"><path fill=\"#3b5998\" d=\"M17.1 0.2v4.7h-2.8q-1.5 0-2.1 0.6t-0.5 1.9v3.4h5.2l-0.7 5.3h-4.5v13.6h-5.5v-13.6h-4.5v-5.3h4.5v-3.9q0-3.3 1.9-5.2t5-1.8q2.6 0 4.1 0.2z\"\/><\/svg><\/span><span class=\"shariff-text\">teilen<\/span>&nbsp;<span data-service=\"facebook\" style=\"color:#3b5998\" class=\"shariff-count shariff-hidezero\"><\/span>&nbsp;<\/a><\/li><li class=\"shariff-button twitter shariff-nocustomcolor\" style=\"background-color:#32bbf5\"><a href=\"https:\/\/twitter.com\/share?url=https%3A%2F%2Fwolfsmonitor.de%2F%3Fpage_id%3D5119&text=Interviews%202016\" title=\"Bei Twitter teilen\" aria-label=\"Bei Twitter teilen\" role=\"button\" rel=\"noopener nofollow\" class=\"shariff-link\" style=\"; background-color:#55acee; color:#fff\" target=\"_blank\"><span class=\"shariff-icon\" style=\"\"><svg width=\"32px\" height=\"20px\" xmlns=\"http:\/\/www.w3.org\/2000\/svg\" viewBox=\"0 0 30 32\"><path fill=\"#55acee\" d=\"M29.7 6.8q-1.2 1.8-3 3.1 0 0.3 0 0.8 0 2.5-0.7 4.9t-2.2 4.7-3.5 4-4.9 2.8-6.1 1q-5.1 0-9.3-2.7 0.6 0.1 1.5 0.1 4.3 0 7.6-2.6-2-0.1-3.5-1.2t-2.2-3q0.6 0.1 1.1 0.1 0.8 0 1.6-0.2-2.1-0.4-3.5-2.1t-1.4-3.9v-0.1q1.3 0.7 2.8 0.8-1.2-0.8-2-2.2t-0.7-2.9q0-1.7 0.8-3.1 2.3 2.8 5.5 4.5t7 1.9q-0.2-0.7-0.2-1.4 0-2.5 1.8-4.3t4.3-1.8q2.7 0 4.5 1.9 2.1-0.4 3.9-1.5-0.7 2.2-2.7 3.4 1.8-0.2 3.5-0.9z\"\/><\/svg><\/span><span class=\"shariff-text\">twittern<\/span>&nbsp;<span data-service=\"twitter\" style=\"color:#55acee\" class=\"shariff-count shariff-hidezero\"><\/span>&nbsp;<\/a><\/li><li class=\"shariff-button rss shariff-nocustomcolor\" style=\"background-color:#ff8c00\"><a href=\"https:\/\/wolfsmonitor.de\/?feed=rss\" title=\"RSS-feed\" aria-label=\"RSS-feed\" role=\"button\" class=\"shariff-link\" style=\"; background-color:#fe9312; color:#fff\" target=\"_blank\"><span class=\"shariff-icon\" style=\"\"><svg width=\"32px\" height=\"20px\" xmlns=\"http:\/\/www.w3.org\/2000\/svg\" viewBox=\"0 0 32 32\"><path fill=\"#fe9312\" d=\"M4.3 23.5c-2.3 0-4.3 1.9-4.3 4.3 0 2.3 1.9 4.2 4.3 4.2 2.4 0 4.3-1.9 4.3-4.2 0-2.3-1.9-4.3-4.3-4.3zM0 10.9v6.1c4 0 7.7 1.6 10.6 4.4 2.8 2.8 4.4 6.6 4.4 10.6h6.2c0-11.7-9.5-21.1-21.1-21.1zM0 0v6.1c14.2 0 25.8 11.6 25.8 25.9h6.2c0-17.6-14.4-32-32-32z\"\/><\/svg><\/span><span class=\"shariff-text\">RSS-feed<\/span>&nbsp;<\/a><\/li><li class=\"shariff-button mailto shariff-nocustomcolor\" style=\"background-color:#a8a8a8\"><a href=\"mailto:?body=https%3A%2F%2Fwolfsmonitor.de%2F%3Fpage_id%3D5119&subject=Interviews%202016\" title=\"Per E-Mail versenden\" aria-label=\"Per E-Mail versenden\" role=\"button\" rel=\"noopener nofollow\" class=\"shariff-link\" style=\"; background-color:#999; color:#fff\"><span class=\"shariff-icon\" style=\"\"><svg width=\"32px\" height=\"20px\" xmlns=\"http:\/\/www.w3.org\/2000\/svg\" viewBox=\"0 0 32 32\"><path fill=\"#999\" d=\"M32 12.7v14.2q0 1.2-0.8 2t-2 0.9h-26.3q-1.2 0-2-0.9t-0.8-2v-14.2q0.8 0.9 1.8 1.6 6.5 4.4 8.9 6.1 1 0.8 1.6 1.2t1.7 0.9 2 0.4h0.1q0.9 0 2-0.4t1.7-0.9 1.6-1.2q3-2.2 8.9-6.1 1-0.7 1.8-1.6zM32 7.4q0 1.4-0.9 2.7t-2.2 2.2q-6.7 4.7-8.4 5.8-0.2 0.1-0.7 0.5t-1 0.7-0.9 0.6-1.1 0.5-0.9 0.2h-0.1q-0.4 0-0.9-0.2t-1.1-0.5-0.9-0.6-1-0.7-0.7-0.5q-1.6-1.1-4.7-3.2t-3.6-2.6q-1.1-0.7-2.1-2t-1-2.5q0-1.4 0.7-2.3t2.1-0.9h26.3q1.2 0 2 0.8t0.9 2z\"\/><\/svg><\/span><span class=\"shariff-text\">E-Mail<\/span>&nbsp;<\/a><\/li><li class=\"shariff-button info shariff-nocustomcolor\" style=\"background-color:#a8a8a8\"><a href=\"http:\/\/ct.de\/-2467514\" title=\"Weitere Informationen\" aria-label=\"Weitere Informationen\" role=\"button\" rel=\"noopener \" class=\"shariff-link\" style=\"; background-color:#999; color:#fff\" target=\"_blank\"><span class=\"shariff-icon\" style=\"\"><svg width=\"32px\" height=\"20px\" xmlns=\"http:\/\/www.w3.org\/2000\/svg\" viewBox=\"0 0 11 32\"><path fill=\"#999\" d=\"M11.4 24v2.3q0 0.5-0.3 0.8t-0.8 0.4h-9.1q-0.5 0-0.8-0.4t-0.4-0.8v-2.3q0-0.5 0.4-0.8t0.8-0.4h1.1v-6.8h-1.1q-0.5 0-0.8-0.4t-0.4-0.8v-2.3q0-0.5 0.4-0.8t0.8-0.4h6.8q0.5 0 0.8 0.4t0.4 0.8v10.3h1.1q0.5 0 0.8 0.4t0.3 0.8zM9.2 3.4v3.4q0 0.5-0.4 0.8t-0.8 0.4h-4.6q-0.4 0-0.8-0.4t-0.4-0.8v-3.4q0-0.4 0.4-0.8t0.8-0.4h4.6q0.5 0 0.8 0.4t0.4 0.8z\"\/><\/svg><\/span><\/a><\/li><\/ul><\/div>","protected":false},"author":1,"featured_media":5122,"parent":361,"menu_order":1,"comment_status":"closed","ping_status":"closed","template":"","meta":{"spay_email":""},"jetpack_shortlink":"https:\/\/wp.me\/P61YbU-1kz","jetpack-related-posts":[{"id":5117,"url":"https:\/\/wolfsmonitor.de\/?page_id=5117","url_meta":{"origin":5119,"position":0},"title":"Interviews 2015","date":"23. September 2016","format":false,"excerpt":"Wolfsmonitor f\u00fchrte im Jahr 2015 \"3 Antworten von...\" - Interviews mit: Peter Peuker (J\u00e4ger, Agrarwissenschaftler und ehrenamtlicher Wolfsbeauftragter in Brandenburg) Nathalie Soethe (Agraringenieurin und Gr\u00fcnderin der Initiative WikiWolves) Markus Bathen (Forstwissenschaftler und Wolfsexperte beim Naturschutzbund Deutschland, NABU) Torsten Fritz (Untere Jagdbeh\u00f6rde beim Landkreis Potsdam-Mittelmark, ehrenamtlicher Wolfsbeauftragter) Ralph Schr\u00e4der (Vorsitzender der\u2026","rel":"","context":"\u00c4hnlicher Beitrag","img":{"alt_text":"Tierpark-Wolf im Fellwechsel (Foto. Vogler)","src":"https:\/\/i2.wp.com\/wolfsmonitor.de\/wp-content\/uploads\/2016\/09\/Beitrafsfoto-Interviews.jpg?fit=722%2C507&ssl=1&resize=350%2C200","width":350,"height":200},"classes":[]},{"id":1275,"url":"https:\/\/wolfsmonitor.de\/?page_id=1275","url_meta":{"origin":5119,"position":1},"title":"Wolfswissen im 3. Quartal 2015","date":"22. September 2015","format":false,"excerpt":"In dieser Rubrik werden auf W\u00f6lfe bezogene Ansichten, Einsichten, Textstellen und Zitate vorgestellt. In Ihrer Summe ergeben sie ein Bild vom Wolf, wie es der Realit\u00e4t weitestgehend entsprechen d\u00fcrfte. Im 3. Quartal 2015 wurden hier folgende Zitate ver\u00f6ffentlicht: Prof. Dr. Kurt Kotrschal zur Bejagung von W\u00f6lfen (weitere Informationen zur Textquelle)\u2026","rel":"","context":"\u00c4hnlicher Beitrag","img":{"alt_text":"","src":"","width":0,"height":0},"classes":[]},{"id":5281,"url":"https:\/\/wolfsmonitor.de\/?page_id=5281","url_meta":{"origin":5119,"position":2},"title":"Beitr\u00e4ge Oktober 2016","date":"1. Oktober 2016","format":false,"excerpt":"Hier finden Sie alle Beitr\u00e4ge aus dem Oktober 2016! Bitte klicken Sie direkt auf den gew\u00fcnschten Titel im \"Klappmenue\" oben oder auf folgende, chronologisch angeordnete Beitrags\u00fcberschriften: Norwegen: Bereits mehr als 200.000 Unterschriften innerhalb von zwei Wochen gegen Wolfst\u00f6tungen, 1. Oktober 2016 Nutztierhaltung 4.0: \u201eAlptracker\u201c, 2. Oktober 2016 Markige T\u00f6ne aus\u2026","rel":"","context":"\u00c4hnlicher Beitrag","img":{"alt_text":"","src":"","width":0,"height":0},"classes":[]},{"id":1108,"url":"https:\/\/wolfsmonitor.de\/?page_id=1108","url_meta":{"origin":5119,"position":3},"title":"Beitr\u00e4ge September 2015","date":"3. September 2015","format":false,"excerpt":"Hier finden Sie alle Beitr\u00e4ge aus dem September 2015, dem sechsten Monat des Blogs! Bitte klicken Sie direkt auf den gew\u00fcnschten Titel im \"Klappmenue\" oder auf folgende, chronologisch angeordnete Beitrags\u00fcberschriften: \u00a0B\u00fcrgerstiftung f\u00f6rdert Wolfsbetreuer, 3. September 2015 Josef H. Reichholf: Jagd auf wandernde Arten unvertretbar!, 5. September 2015 W\u00f6lfe dieses Wochenende\u2026","rel":"","context":"\u00c4hnlicher Beitrag","img":{"alt_text":"","src":"","width":0,"height":0},"classes":[]},{"id":1927,"url":"https:\/\/wolfsmonitor.de\/?page_id=1927","url_meta":{"origin":5119,"position":4},"title":"Beitr\u00e4ge Dezember 2015","date":"1. Dezember 2015","format":false,"excerpt":"Hier finden Sie alle Beitr\u00e4ge aus dem Dezember 2015, dem neunten Monat des Blogs! Bitte klicken Sie direkt auf den gew\u00fcnschten Titel im \"Klappmenue\" oben oder auf folgende, chronologisch angeordnete Beitrags\u00fcberschriften: \u00a02 tote W\u00f6lfe gefunden, 1. Dezember 2015 Bauerngejammer in Brandenburg, 3. Dezember 2015 Mark Rowlands: Im Schatten des Wolfes,\u2026","rel":"","context":"\u00c4hnlicher Beitrag","img":{"alt_text":"","src":"","width":0,"height":0},"classes":[]},{"id":8926,"url":"https:\/\/wolfsmonitor.de\/?page_id=8926","url_meta":{"origin":5119,"position":5},"title":"Interviews 2017","date":"16. Mai 2017","format":false,"excerpt":"Wolfsmonitor f\u00fchrte im Jahr 2017 \u201e3 Antworten von\u2026\u201c \u2013 Interviews mit: Ludger Schomaker, NABU-Vorsitzender in Barnstorf, 16. Mai 2017","rel":"","context":"\u00c4hnlicher Beitrag","img":{"alt_text":"Tierpark-Wolf im Fellwechsel (Foto. Vogler)","src":"https:\/\/i2.wp.com\/wolfsmonitor.de\/wp-content\/uploads\/2016\/09\/Beitrafsfoto-Interviews.jpg?fit=722%2C507&ssl=1&resize=350%2C200","width":350,"height":200},"classes":[]}],"_links":{"self":[{"href":"https:\/\/wolfsmonitor.de\/index.php?rest_route=\/wp\/v2\/pages\/5119"}],"collection":[{"href":"https:\/\/wolfsmonitor.de\/index.php?rest_route=\/wp\/v2\/pages"}],"about":[{"href":"https:\/\/wolfsmonitor.de\/index.php?rest_route=\/wp\/v2\/types\/page"}],"author":[{"embeddable":true,"href":"https:\/\/wolfsmonitor.de\/index.php?rest_route=\/wp\/v2\/users\/1"}],"replies":[{"embeddable":true,"href":"https:\/\/wolfsmonitor.de\/index.php?rest_route=%2Fwp%2Fv2%2Fcomments&post=5119"}],"version-history":[{"count":4,"href":"https:\/\/wolfsmonitor.de\/index.php?rest_route=\/wp\/v2\/pages\/5119\/revisions"}],"predecessor-version":[{"id":6174,"href":"https:\/\/wolfsmonitor.de\/index.php?rest_route=\/wp\/v2\/pages\/5119\/revisions\/6174"}],"up":[{"embeddable":true,"href":"https:\/\/wolfsmonitor.de\/index.php?rest_route=\/wp\/v2\/pages\/361"}],"wp:featuredmedia":[{"embeddable":true,"href":"https:\/\/wolfsmonitor.de\/index.php?rest_route=\/wp\/v2\/media\/5122"}],"wp:attachment":[{"href":"https:\/\/wolfsmonitor.de\/index.php?rest_route=%2Fwp%2Fv2%2Fmedia&parent=5119"}],"curies":[{"name":"wp","href":"https:\/\/api.w.org\/{rel}","templated":true}]}}