{"id":7956,"date":"2017-03-01T01:23:58","date_gmt":"2017-02-28T23:23:58","guid":{"rendered":"http:\/\/wolfsmonitor.de\/?page_id=7956"},"modified":"2017-03-31T07:25:15","modified_gmt":"2017-03-31T05:25:15","slug":"beitraege-maerz-2017","status":"publish","type":"page","link":"https:\/\/wolfsmonitor.de\/?page_id=7956","title":{"rendered":"Beitr\u00e4ge M\u00e4rz 2017"},"content":{"rendered":"<p>Hier finden Sie alle Beitr\u00e4ge aus dem M\u00e4rz 2017!<\/p>\n<p><span title=\"Goldenstedt: unzureichender Herdenschutz\">Bitte klicken Sie direkt auf den gew\u00fcnschten Titel im \u201eKlappmenue\u201c oben oder auf folgende, chronologisch angeordnete Beitrags\u00fcberschriften:<\/span><\/p>\n<ol>\n<li><span style=\"color: #0000ff;\"><a style=\"color: #0000ff;\" href=\"https:\/\/wolfsmonitor.de\/?p=7950\" target=\"_blank\">CDU- Niedersachsen fordert Obergrenze und die Aufnahme des Wolfes ins Jagdrecht<\/a><\/span>, 1. M\u00e4rz 2017<\/li>\n<li><span style=\"color: #0000ff;\"><a style=\"color: #0000ff;\" href=\"https:\/\/wolfsmonitor.de\/?p=7963\" target=\"_blank\">Bremen: Konsens in der Wolfsdebatte erkennbar? Oder doch nicht?<\/a><\/span>, 2. Februar 2017<\/li>\n<li><span style=\"color: #0000ff;\"><a style=\"color: #0000ff;\" href=\"https:\/\/wolfsmonitor.de\/?p=7970\" target=\"_blank\">&#8222;UN World Wildlife Day&#8220; am 3. M\u00e4rz: Wolf und Luchs r\u00fchmliche Artenschutz-Ausnahmen<\/a><\/span>, 2. Februar 2017<\/li>\n<li><span style=\"color: #0000ff;\"><a style=\"color: #0000ff;\" href=\"https:\/\/wolfsmonitor.de\/?p=7976\" target=\"_blank\">Aufregung im Landkreis Uelzen: Nordic-Walkerin rettet sich angeblich vor einem Wolf auf einen Trecker<\/a>,<\/span> 3. M\u00e4rz 2017<\/li>\n<li><span style=\"color: #0000ff;\"><a style=\"color: #0000ff;\" href=\"https:\/\/wolfsmonitor.de\/?p=7988\" target=\"_blank\">Ernst gemeint? Herdenschutz ist offenbar etwas f\u00fcr &#8222;Tr\u00e4umer&#8220;&#8230;<\/a><\/span>, 5. M\u00e4rz 2017<\/li>\n<li><span style=\"color: #0000ff;\"><a style=\"color: #0000ff;\" href=\"https:\/\/wolfsmonitor.de\/?p=8002\" target=\"_blank\">Aktuelle Wolfsdiskussion verschlafen? \u201eW\u00f6lfe ins Jagdrecht\u201c ist (vor)gestern!!!<\/a>,<\/span> 5. M\u00e4rz 2017<\/li>\n<li><span style=\"color: #0000ff;\"><a style=\"color: #0000ff;\" href=\"https:\/\/wolfsmonitor.de\/?p=8013\" target=\"_blank\">Gruppe eines Waldkindergartens trifft auf Wolf&#8230; <\/a><\/span>8. M\u00e4rz 2017<\/li>\n<li><span style=\"color: #0000ff;\"><a style=\"color: #0000ff;\" href=\"https:\/\/wolfsmonitor.de\/?p=8021\" target=\"_blank\">Politikverbitterung und EU-Verdrossenheit durch W\u00f6lfe?<\/a><\/span>, 9. M\u00e4rz 2017<\/li>\n<li><span style=\"color: #0000ff;\"><a style=\"color: #0000ff;\" href=\"https:\/\/wolfsmonitor.de\/?p=8033\" target=\"_blank\">Wolfspaar im Grenzgebiet Bayerischer Wald\/B\u00f6hmerwald nachgewiesen<\/a><\/span>, 10. M\u00e4rz 2017<\/li>\n<li><a href=\"https:\/\/wolfsmonitor.de\/?p=8050\" target=\"_blank\"><span style=\"color: #0000ff;\">J\u00e4ger in Rotenburg wollen W\u00f6lfe im Jagdrecht, <\/span><\/a>13. M\u00e4rz 2017<\/li>\n<li><span style=\"color: #0000ff;\"><a style=\"color: #0000ff;\" href=\"https:\/\/wolfsmonitor.de\/?p=8060\" target=\"_blank\">Wegen der W\u00f6lfe: Hegegemeinschaft Heideblick stellt Jagdstrategie um<\/a><\/span>, 14. M\u00e4rz 2017<\/li>\n<li><span style=\"color: #0000ff;\"><a style=\"color: #0000ff;\" href=\"https:\/\/wolfsmonitor.de\/?p=8069\" target=\"_blank\">50 Kilogramm schwerer Cuxwolf in Holland \u00fcberfahren<\/a><\/span>, 14. M\u00e4rz 2017<\/li>\n<li><span style=\"color: #0000ff;\"><a style=\"color: #0000ff;\" href=\"https:\/\/wolfsmonitor.de\/?p=8075\" target=\"_blank\">Ehrlich unehrlich?<\/a><\/span>, 15. M\u00e4rz 2017<\/li>\n<li><span style=\"color: #0000ff;\"><a style=\"color: #0000ff;\" href=\"https:\/\/wolfsmonitor.de\/?p=8091\" target=\"_blank\">Rei\u00dfen W\u00f6lfe Nutztiere, weil es zu umst\u00e4ndlich ist, Rehe zu jagen?<\/a><\/span>, 16: M\u00e4rz 2017<\/li>\n<li><span style=\"color: #0000ff;\"><a style=\"color: #0000ff;\" href=\"https:\/\/wolfsmonitor.de\/?p=8100\" target=\"_blank\">Uelzen: Landrat auf den Barrikaden<\/a><\/span>, 17.M\u00e4rz 2017<\/li>\n<li><span style=\"color: #0000ff;\"><a style=\"color: #0000ff;\" href=\"https:\/\/wolfsmonitor.de\/?p=8112\" target=\"_blank\">Einmalig: Wolf soll stromf\u00fchrenden Zaun durchbissen haben<\/a><\/span>, 18. M\u00e4rz 2017<\/li>\n<li><span style=\"color: #0000ff;\"><a style=\"color: #0000ff;\" href=\"https:\/\/wolfsmonitor.de\/?p=8121\" target=\"_blank\">Uelzen: Zerbiss tats\u00e4chlich ein Wolf den Elektrozaun in Ellerndorf?<\/a><\/span>, 18. M\u00e4rz 2017<\/li>\n<li><span style=\"color: #0000ff;\"><a style=\"color: #0000ff;\" href=\"https:\/\/wolfsmonitor.de\/?p=8134\" target=\"_blank\">Schweiz: 10.000 Franken f\u00fcr Hinweise, die zur Ergreifung des Val-d\u2019Anniviers- Wolfswilderers f\u00fchren<\/a><\/span>, 20. M\u00e4rz 2017<\/li>\n<li><span style=\"color: #0000ff;\"><a style=\"color: #0000ff;\" href=\"https:\/\/wolfsmonitor.de\/?p=8140\" target=\"_blank\">Wenzel: Forderungskatalog der Opposition enth\u00e4lt Ma\u00dfnahmen, die gegen geltendes Recht versto\u00dfen<\/a><\/span>, 20. M\u00e4rz 2017<\/li>\n<li><span style=\"color: #0000ff;\"><a style=\"color: #0000ff;\" href=\"https:\/\/wolfsmonitor.de\/?p=8147\" target=\"_blank\">Keine Obergrenze f\u00fcr W\u00f6lfe in Niedersachsen<\/a><\/span>, 21. M\u00e4rz 2017<\/li>\n<li><span style=\"color: #0000ff;\"><a style=\"color: #0000ff;\" href=\"https:\/\/wolfsmonitor.de\/?p=8159\" target=\"_blank\">\u201eSt. Lupus\u201c: Ein Kommentar zum Kommentar<\/a><\/span>, 22. M\u00e4rz 2017<\/li>\n<li><span style=\"color: #0000ff;\"><a style=\"color: #0000ff;\" href=\"https:\/\/wolfsmonitor.de\/?p=8172\" target=\"_blank\">Studie zeigt: Wolfsbejagung kann Wilderei sogar noch anheizen<\/a><\/span>, 23. M\u00e4rz 2017<\/li>\n<li><span style=\"color: #0000ff;\"><a style=\"color: #0000ff;\" href=\"https:\/\/wolfsmonitor.de\/?p=8179\" target=\"_blank\">Sch\u00e4fer: Mit gut geschulten Schutzhunden ist 100% iger Herdenschutz m\u00f6glich!<\/a><\/span>, 23. M\u00e4rz 2017<\/li>\n<li><span style=\"color: #0000ff;\"><a style=\"color: #0000ff;\" href=\"https:\/\/wolfsmonitor.de\/?p=8187\" target=\"_blank\">Die Zerrissenheit der nieders\u00e4chsischen FDP beim Wolf<\/a><\/span>, 24. M\u00e4rz 2017<\/li>\n<li><span style=\"color: #0000ff;\"><a style=\"color: #0000ff;\" href=\"https:\/\/wolfsmonitor.de\/?p=8195\" target=\"_blank\">Niedersachsen: Neue Herdenschutz- Initiative bietet Nutztierhaltern kostenlose Unterst\u00fctzung!<\/a><\/span>, 26. M\u00e4rz 2017<\/li>\n<li><span style=\"color: #0000ff;\"><a style=\"color: #0000ff;\" href=\"https:\/\/wolfsmonitor.de\/?p=8202\" target=\"_blank\">CDU und FDP in Niedersachsen fordern die \u00dcbernahme des Wolfes ins Jagdrecht<\/a><\/span>, 28. M\u00e4rz 2017<\/li>\n<li><span style=\"color: #0000ff;\"><a style=\"color: #0000ff;\" href=\"https:\/\/wolfsmonitor.de\/?p=8210\" target=\"_blank\">\u201eWolfsproblem fu\u00dft auf drei L\u00fcgen&#8220;<\/a><\/span>, 30.3.2017<\/li>\n<li><span style=\"color: #0000ff;\"><a style=\"color: #0000ff;\" href=\"https:\/\/wolfsmonitor.de\/?p=8225\" target=\"_blank\">Landespolitiker Jan\u00dfen zu CDU-Vorschlag: Sch\u00f6n, aber v\u00f6llig belanglos!<\/a><\/span>, 31. M\u00e4rz 2017<\/li>\n<\/ol>\n<p>Sie k\u00f6nnen alle Beitr\u00e4ge auch nach \u201cKategorien\u201d aufrufen. Bitte nutzen Sie dazu die gleichnamige Auswahl in der rechten Seitenleiste!<\/p>\n<div class=\"googlepublisherpluginad\"><\/div>\n<hr \/>\n<p>Viel Spa\u00df beim Lesen!<\/p>\n<p>Ihr<\/p>\n<p>J\u00fcrgen Vogler<\/p>\n<div class=\"shariff shariff-align-center shariff-widget-align-center\" data-services=\"facebook%7Ctwitter\" data-url=\"https%3A%2F%2Fwolfsmonitor.de%2F%3Fpage_id%3D7956\" data-timestamp=\"1490945115\" data-backendurl=\"?rest_route=\/shariff\/v1\/share_counts&\"><ul class=\"shariff-buttons theme-color orientation-horizontal buttonsize-small\"><li class=\"shariff-button facebook shariff-nocustomcolor\" style=\"background-color:#4273c8\"><a href=\"https:\/\/www.facebook.com\/sharer\/sharer.php?u=https%3A%2F%2Fwolfsmonitor.de%2F%3Fpage_id%3D7956\" title=\"Bei Facebook teilen\" aria-label=\"Bei Facebook teilen\" role=\"button\" rel=\"nofollow\" class=\"shariff-link\" style=\"; background-color:#3b5998; color:#fff\" target=\"_blank\"><span class=\"shariff-icon\" style=\"\"><svg width=\"32px\" height=\"20px\" xmlns=\"http:\/\/www.w3.org\/2000\/svg\" viewBox=\"0 0 18 32\"><path fill=\"#3b5998\" d=\"M17.1 0.2v4.7h-2.8q-1.5 0-2.1 0.6t-0.5 1.9v3.4h5.2l-0.7 5.3h-4.5v13.6h-5.5v-13.6h-4.5v-5.3h4.5v-3.9q0-3.3 1.9-5.2t5-1.8q2.6 0 4.1 0.2z\"\/><\/svg><\/span><span class=\"shariff-text\">teilen<\/span>&nbsp;<span data-service=\"facebook\" style=\"color:#3b5998\" class=\"shariff-count shariff-hidezero\"><\/span>&nbsp;<\/a><\/li><li class=\"shariff-button twitter shariff-nocustomcolor\" style=\"background-color:#32bbf5\"><a href=\"https:\/\/twitter.com\/share?url=https%3A%2F%2Fwolfsmonitor.de%2F%3Fpage_id%3D7956&text=Beitr%C3%A4ge%20M%C3%A4rz%202017\" title=\"Bei Twitter teilen\" aria-label=\"Bei Twitter teilen\" role=\"button\" rel=\"noopener nofollow\" class=\"shariff-link\" style=\"; background-color:#55acee; color:#fff\" target=\"_blank\"><span class=\"shariff-icon\" style=\"\"><svg width=\"32px\" height=\"20px\" xmlns=\"http:\/\/www.w3.org\/2000\/svg\" viewBox=\"0 0 30 32\"><path fill=\"#55acee\" d=\"M29.7 6.8q-1.2 1.8-3 3.1 0 0.3 0 0.8 0 2.5-0.7 4.9t-2.2 4.7-3.5 4-4.9 2.8-6.1 1q-5.1 0-9.3-2.7 0.6 0.1 1.5 0.1 4.3 0 7.6-2.6-2-0.1-3.5-1.2t-2.2-3q0.6 0.1 1.1 0.1 0.8 0 1.6-0.2-2.1-0.4-3.5-2.1t-1.4-3.9v-0.1q1.3 0.7 2.8 0.8-1.2-0.8-2-2.2t-0.7-2.9q0-1.7 0.8-3.1 2.3 2.8 5.5 4.5t7 1.9q-0.2-0.7-0.2-1.4 0-2.5 1.8-4.3t4.3-1.8q2.7 0 4.5 1.9 2.1-0.4 3.9-1.5-0.7 2.2-2.7 3.4 1.8-0.2 3.5-0.9z\"\/><\/svg><\/span><span class=\"shariff-text\">twittern<\/span>&nbsp;<span data-service=\"twitter\" style=\"color:#55acee\" class=\"shariff-count shariff-hidezero\"><\/span>&nbsp;<\/a><\/li><li class=\"shariff-button rss shariff-nocustomcolor\" style=\"background-color:#ff8c00\"><a href=\"https:\/\/wolfsmonitor.de\/?feed=rss\" title=\"RSS-feed\" aria-label=\"RSS-feed\" role=\"button\" class=\"shariff-link\" style=\"; background-color:#fe9312; color:#fff\" target=\"_blank\"><span class=\"shariff-icon\" style=\"\"><svg width=\"32px\" height=\"20px\" xmlns=\"http:\/\/www.w3.org\/2000\/svg\" viewBox=\"0 0 32 32\"><path fill=\"#fe9312\" d=\"M4.3 23.5c-2.3 0-4.3 1.9-4.3 4.3 0 2.3 1.9 4.2 4.3 4.2 2.4 0 4.3-1.9 4.3-4.2 0-2.3-1.9-4.3-4.3-4.3zM0 10.9v6.1c4 0 7.7 1.6 10.6 4.4 2.8 2.8 4.4 6.6 4.4 10.6h6.2c0-11.7-9.5-21.1-21.1-21.1zM0 0v6.1c14.2 0 25.8 11.6 25.8 25.9h6.2c0-17.6-14.4-32-32-32z\"\/><\/svg><\/span><span class=\"shariff-text\">RSS-feed<\/span>&nbsp;<\/a><\/li><li class=\"shariff-button mailto shariff-nocustomcolor\" style=\"background-color:#a8a8a8\"><a href=\"mailto:?body=https%3A%2F%2Fwolfsmonitor.de%2F%3Fpage_id%3D7956&subject=Beitr%C3%A4ge%20M%C3%A4rz%202017\" title=\"Per E-Mail versenden\" aria-label=\"Per E-Mail versenden\" role=\"button\" rel=\"noopener nofollow\" class=\"shariff-link\" style=\"; background-color:#999; color:#fff\"><span class=\"shariff-icon\" style=\"\"><svg width=\"32px\" height=\"20px\" xmlns=\"http:\/\/www.w3.org\/2000\/svg\" viewBox=\"0 0 32 32\"><path fill=\"#999\" d=\"M32 12.7v14.2q0 1.2-0.8 2t-2 0.9h-26.3q-1.2 0-2-0.9t-0.8-2v-14.2q0.8 0.9 1.8 1.6 6.5 4.4 8.9 6.1 1 0.8 1.6 1.2t1.7 0.9 2 0.4h0.1q0.9 0 2-0.4t1.7-0.9 1.6-1.2q3-2.2 8.9-6.1 1-0.7 1.8-1.6zM32 7.4q0 1.4-0.9 2.7t-2.2 2.2q-6.7 4.7-8.4 5.8-0.2 0.1-0.7 0.5t-1 0.7-0.9 0.6-1.1 0.5-0.9 0.2h-0.1q-0.4 0-0.9-0.2t-1.1-0.5-0.9-0.6-1-0.7-0.7-0.5q-1.6-1.1-4.7-3.2t-3.6-2.6q-1.1-0.7-2.1-2t-1-2.5q0-1.4 0.7-2.3t2.1-0.9h26.3q1.2 0 2 0.8t0.9 2z\"\/><\/svg><\/span><span class=\"shariff-text\">E-Mail<\/span>&nbsp;<\/a><\/li><li class=\"shariff-button info shariff-nocustomcolor\" style=\"background-color:#a8a8a8\"><a href=\"http:\/\/ct.de\/-2467514\" title=\"Weitere Informationen\" aria-label=\"Weitere Informationen\" role=\"button\" rel=\"noopener \" class=\"shariff-link\" style=\"; background-color:#999; color:#fff\" target=\"_blank\"><span class=\"shariff-icon\" style=\"\"><svg width=\"32px\" height=\"20px\" xmlns=\"http:\/\/www.w3.org\/2000\/svg\" viewBox=\"0 0 11 32\"><path fill=\"#999\" d=\"M11.4 24v2.3q0 0.5-0.3 0.8t-0.8 0.4h-9.1q-0.5 0-0.8-0.4t-0.4-0.8v-2.3q0-0.5 0.4-0.8t0.8-0.4h1.1v-6.8h-1.1q-0.5 0-0.8-0.4t-0.4-0.8v-2.3q0-0.5 0.4-0.8t0.8-0.4h6.8q0.5 0 0.8 0.4t0.4 0.8v10.3h1.1q0.5 0 0.8 0.4t0.3 0.8zM9.2 3.4v3.4q0 0.5-0.4 0.8t-0.8 0.4h-4.6q-0.4 0-0.8-0.4t-0.4-0.8v-3.4q0-0.4 0.4-0.8t0.8-0.4h4.6q0.5 0 0.8 0.4t0.4 0.8z\"\/><\/svg><\/span><\/a><\/li><\/ul><\/div>","protected":false},"excerpt":{"rendered":"<p>Hier finden Sie alle Beitr\u00e4ge aus dem M\u00e4rz 2017! Bitte klicken Sie direkt auf den gew\u00fcnschten Titel im \u201eKlappmenue\u201c oben oder auf folgende, chronologisch angeordnete Beitrags\u00fcberschriften: CDU- Niedersachsen fordert Obergrenze und die Aufnahme des Wolfes ins Jagdrecht, 1. M\u00e4rz 2017 Bremen: Konsens in der Wolfsdebatte erkennbar? Oder doch nicht?, 2. Februar 2017 &#8222;UN World Wildlife [&hellip;]<\/p>\n<div class=\"shariff shariff-align-center shariff-widget-align-center\" data-services=\"facebook%7Ctwitter\" data-url=\"https%3A%2F%2Fwolfsmonitor.de%2F%3Fpage_id%3D7956\" data-timestamp=\"1490945115\" data-backendurl=\"?rest_route=\/shariff\/v1\/share_counts&\"><ul class=\"shariff-buttons theme-color orientation-horizontal buttonsize-small\"><li class=\"shariff-button facebook shariff-nocustomcolor\" style=\"background-color:#4273c8\"><a href=\"https:\/\/www.facebook.com\/sharer\/sharer.php?u=https%3A%2F%2Fwolfsmonitor.de%2F%3Fpage_id%3D7956\" title=\"Bei Facebook teilen\" aria-label=\"Bei Facebook teilen\" role=\"button\" rel=\"nofollow\" class=\"shariff-link\" style=\"; background-color:#3b5998; color:#fff\" target=\"_blank\"><span class=\"shariff-icon\" style=\"\"><svg width=\"32px\" height=\"20px\" xmlns=\"http:\/\/www.w3.org\/2000\/svg\" viewBox=\"0 0 18 32\"><path fill=\"#3b5998\" d=\"M17.1 0.2v4.7h-2.8q-1.5 0-2.1 0.6t-0.5 1.9v3.4h5.2l-0.7 5.3h-4.5v13.6h-5.5v-13.6h-4.5v-5.3h4.5v-3.9q0-3.3 1.9-5.2t5-1.8q2.6 0 4.1 0.2z\"\/><\/svg><\/span><span class=\"shariff-text\">teilen<\/span>&nbsp;<span data-service=\"facebook\" style=\"color:#3b5998\" class=\"shariff-count shariff-hidezero\"><\/span>&nbsp;<\/a><\/li><li class=\"shariff-button twitter shariff-nocustomcolor\" style=\"background-color:#32bbf5\"><a href=\"https:\/\/twitter.com\/share?url=https%3A%2F%2Fwolfsmonitor.de%2F%3Fpage_id%3D7956&text=Beitr%C3%A4ge%20M%C3%A4rz%202017\" title=\"Bei Twitter teilen\" aria-label=\"Bei Twitter teilen\" role=\"button\" rel=\"noopener nofollow\" class=\"shariff-link\" style=\"; background-color:#55acee; color:#fff\" target=\"_blank\"><span class=\"shariff-icon\" style=\"\"><svg width=\"32px\" height=\"20px\" xmlns=\"http:\/\/www.w3.org\/2000\/svg\" viewBox=\"0 0 30 32\"><path fill=\"#55acee\" d=\"M29.7 6.8q-1.2 1.8-3 3.1 0 0.3 0 0.8 0 2.5-0.7 4.9t-2.2 4.7-3.5 4-4.9 2.8-6.1 1q-5.1 0-9.3-2.7 0.6 0.1 1.5 0.1 4.3 0 7.6-2.6-2-0.1-3.5-1.2t-2.2-3q0.6 0.1 1.1 0.1 0.8 0 1.6-0.2-2.1-0.4-3.5-2.1t-1.4-3.9v-0.1q1.3 0.7 2.8 0.8-1.2-0.8-2-2.2t-0.7-2.9q0-1.7 0.8-3.1 2.3 2.8 5.5 4.5t7 1.9q-0.2-0.7-0.2-1.4 0-2.5 1.8-4.3t4.3-1.8q2.7 0 4.5 1.9 2.1-0.4 3.9-1.5-0.7 2.2-2.7 3.4 1.8-0.2 3.5-0.9z\"\/><\/svg><\/span><span class=\"shariff-text\">twittern<\/span>&nbsp;<span data-service=\"twitter\" style=\"color:#55acee\" class=\"shariff-count shariff-hidezero\"><\/span>&nbsp;<\/a><\/li><li class=\"shariff-button rss shariff-nocustomcolor\" style=\"background-color:#ff8c00\"><a href=\"https:\/\/wolfsmonitor.de\/?feed=rss\" title=\"RSS-feed\" aria-label=\"RSS-feed\" role=\"button\" class=\"shariff-link\" style=\"; background-color:#fe9312; color:#fff\" target=\"_blank\"><span class=\"shariff-icon\" style=\"\"><svg width=\"32px\" height=\"20px\" xmlns=\"http:\/\/www.w3.org\/2000\/svg\" viewBox=\"0 0 32 32\"><path fill=\"#fe9312\" d=\"M4.3 23.5c-2.3 0-4.3 1.9-4.3 4.3 0 2.3 1.9 4.2 4.3 4.2 2.4 0 4.3-1.9 4.3-4.2 0-2.3-1.9-4.3-4.3-4.3zM0 10.9v6.1c4 0 7.7 1.6 10.6 4.4 2.8 2.8 4.4 6.6 4.4 10.6h6.2c0-11.7-9.5-21.1-21.1-21.1zM0 0v6.1c14.2 0 25.8 11.6 25.8 25.9h6.2c0-17.6-14.4-32-32-32z\"\/><\/svg><\/span><span class=\"shariff-text\">RSS-feed<\/span>&nbsp;<\/a><\/li><li class=\"shariff-button mailto shariff-nocustomcolor\" style=\"background-color:#a8a8a8\"><a href=\"mailto:?body=https%3A%2F%2Fwolfsmonitor.de%2F%3Fpage_id%3D7956&subject=Beitr%C3%A4ge%20M%C3%A4rz%202017\" title=\"Per E-Mail versenden\" aria-label=\"Per E-Mail versenden\" role=\"button\" rel=\"noopener nofollow\" class=\"shariff-link\" style=\"; background-color:#999; color:#fff\"><span class=\"shariff-icon\" style=\"\"><svg width=\"32px\" height=\"20px\" xmlns=\"http:\/\/www.w3.org\/2000\/svg\" viewBox=\"0 0 32 32\"><path fill=\"#999\" d=\"M32 12.7v14.2q0 1.2-0.8 2t-2 0.9h-26.3q-1.2 0-2-0.9t-0.8-2v-14.2q0.8 0.9 1.8 1.6 6.5 4.4 8.9 6.1 1 0.8 1.6 1.2t1.7 0.9 2 0.4h0.1q0.9 0 2-0.4t1.7-0.9 1.6-1.2q3-2.2 8.9-6.1 1-0.7 1.8-1.6zM32 7.4q0 1.4-0.9 2.7t-2.2 2.2q-6.7 4.7-8.4 5.8-0.2 0.1-0.7 0.5t-1 0.7-0.9 0.6-1.1 0.5-0.9 0.2h-0.1q-0.4 0-0.9-0.2t-1.1-0.5-0.9-0.6-1-0.7-0.7-0.5q-1.6-1.1-4.7-3.2t-3.6-2.6q-1.1-0.7-2.1-2t-1-2.5q0-1.4 0.7-2.3t2.1-0.9h26.3q1.2 0 2 0.8t0.9 2z\"\/><\/svg><\/span><span class=\"shariff-text\">E-Mail<\/span>&nbsp;<\/a><\/li><li class=\"shariff-button info shariff-nocustomcolor\" style=\"background-color:#a8a8a8\"><a href=\"http:\/\/ct.de\/-2467514\" title=\"Weitere Informationen\" aria-label=\"Weitere Informationen\" role=\"button\" rel=\"noopener \" class=\"shariff-link\" style=\"; background-color:#999; color:#fff\" target=\"_blank\"><span class=\"shariff-icon\" style=\"\"><svg width=\"32px\" height=\"20px\" xmlns=\"http:\/\/www.w3.org\/2000\/svg\" viewBox=\"0 0 11 32\"><path fill=\"#999\" d=\"M11.4 24v2.3q0 0.5-0.3 0.8t-0.8 0.4h-9.1q-0.5 0-0.8-0.4t-0.4-0.8v-2.3q0-0.5 0.4-0.8t0.8-0.4h1.1v-6.8h-1.1q-0.5 0-0.8-0.4t-0.4-0.8v-2.3q0-0.5 0.4-0.8t0.8-0.4h6.8q0.5 0 0.8 0.4t0.4 0.8v10.3h1.1q0.5 0 0.8 0.4t0.3 0.8zM9.2 3.4v3.4q0 0.5-0.4 0.8t-0.8 0.4h-4.6q-0.4 0-0.8-0.4t-0.4-0.8v-3.4q0-0.4 0.4-0.8t0.8-0.4h4.6q0.5 0 0.8 0.4t0.4 0.8z\"\/><\/svg><\/span><\/a><\/li><\/ul><\/div>","protected":false},"author":1,"featured_media":0,"parent":6947,"menu_order":0,"comment_status":"closed","ping_status":"closed","template":"","meta":{"spay_email":""},"jetpack_shortlink":"https:\/\/wp.me\/P61YbU-24k","jetpack-related-posts":[{"id":12706,"url":"https:\/\/wolfsmonitor.de\/?page_id=12706","url_meta":{"origin":7956,"position":0},"title":"Beitr\u00e4ge M\u00e4rz 2018","date":"1. M\u00e4rz 2018","format":false,"excerpt":"Hier finden Sie alle Wolfsmonitor-Beitr\u00e4ge aus dem M\u00e4rz 2018! Bitte klicken Sie direkt auf den gew\u00fcnschten Titel im \"Klappmenue\" oben unter \"Beitr\u00e4ge\" oder auf folgende, chronologisch angeordnete Beitrags\u00fcberschriften. Ohrdrufer Wolfsmischlinge: Bisher alle Fangversuche erfolglos, 1. M\u00e4rz 2018 \u00bbWei\u00dfe Haie auf Pfoten\u00ab?, 2. M\u00e4rz 2018 74 EU-Vertragsverletzungs-Verfahren und die Kraftmeierei einiger\u2026","rel":"","context":"\u00c4hnlicher Beitrag","img":{"alt_text":"","src":"","width":0,"height":0},"classes":[]},{"id":2645,"url":"https:\/\/wolfsmonitor.de\/?page_id=2645","url_meta":{"origin":7956,"position":1},"title":"Beitr\u00e4ge M\u00e4rz 2016","date":"2. M\u00e4rz 2016","format":false,"excerpt":"Hier finden Sie alle Beitr\u00e4ge aus dem M\u00e4rz 2016, dem elften Monat des Blogs! Bitte klicken Sie direkt auf den gew\u00fcnschten Titel im \"Klappmenue\" oben oder auf folgende, chronologisch angeordnete Beitrags\u00fcberschriften: Goldenstedt: Unzureichender Herdenschutz, 02. M\u00e4rz 2016 Vergr\u00e4men, aber wie? 03. M\u00e4rz 2016 Bereits \u00fcber 53.000 Unterschriften zur Rettung der\u2026","rel":"","context":"\u00c4hnlicher Beitrag","img":{"alt_text":"","src":"","width":0,"height":0},"classes":[]},{"id":16875,"url":"https:\/\/wolfsmonitor.de\/?page_id=16875","url_meta":{"origin":7956,"position":2},"title":"Beitr\u00e4ge M\u00e4rz 2019","date":"1. M\u00e4rz 2019","format":false,"excerpt":"Hier finden Sie alle Wolfsmonitor-Beitr\u00e4ge aus dem M\u00e4rz 2019. Auch NABU ist \u00fcberzeugt: Begr\u00fcndung f\u00fcr Abschuss des Rodewalder Wolfs ist fachlich falsch, 1. M\u00e4rz 2019 Extremposition als angeblicher \u201eMittelweg\u201c, 2. M\u00e4rz 2019 Svenja Schulzes (SPD) \u201eLex Wolf\u201c: Absch\u00fcsse erleichtern, 3. M\u00e4rz 2019 Ausgerechnet am \u201eTag des Artenschutzes\u201c: Aufregung \u00fcber \u201eLex\u2026","rel":"","context":"\u00c4hnlicher Beitrag","img":{"alt_text":"","src":"","width":0,"height":0},"classes":[]},{"id":6945,"url":"https:\/\/wolfsmonitor.de\/?page_id=6945","url_meta":{"origin":7956,"position":3},"title":"Beitr\u00e4ge aus dem Jahr 2016","date":"1. Januar 2017","format":false,"excerpt":"Zur Beitrags\u00fcbersicht bitte direkt auf den jeweiligen Monat klicken! Dezember 2016 November 2016 Oktober 2016 September 2016 August 2016 Juli 2016 Juni 2016 Mai 2016 April 2016 M\u00e4rz 2016 Februar 2016 Januar 2016","rel":"","context":"\u00c4hnlicher Beitrag","img":{"alt_text":"","src":"","width":0,"height":0},"classes":[]},{"id":18286,"url":"https:\/\/wolfsmonitor.de\/?page_id=18286","url_meta":{"origin":7956,"position":4},"title":"Beitr\u00e4ge Februar 2020","date":"1. Februar 2020","format":false,"excerpt":"Hier finden Sie alle Beitr\u00e4ge aus dem Februar 2020, dem achtundf\u00fcnfzigsten Monat dieses Blogs! Bitte klicken Sie direkt auf den gew\u00fcnschten Titel in der Menueauswahl oder auf folgende, chronologisch angeordnete Beitrags\u00fcberschriften: Muttertier des Knappenroder II Rudels erschossen und vergraben, 1. Februar 2020 Wolfsabsch\u00fcsse keine L\u00f6sung \u2013 eher versch\u00e4rft sich dadurch\u2026","rel":"","context":"\u00c4hnlicher Beitrag","img":{"alt_text":"","src":"","width":0,"height":0},"classes":[]},{"id":12386,"url":"https:\/\/wolfsmonitor.de\/?page_id=12386","url_meta":{"origin":7956,"position":5},"title":"Beitr\u00e4ge Februar 2018","date":"1. Februar 2018","format":false,"excerpt":"Hier finden Sie alle Wolfsmonitor-Beitr\u00e4ge aus dem Februar 2018! Bitte klicken Sie direkt auf den gew\u00fcnschten Titel im \"Klappmenue\" oben unter \"Beitr\u00e4ge\" oder auf folgende, chronologisch angeordnete Beitrags\u00fcberschriften: \u201eUnser Auftrag ist es, zu berichten \u2013 nicht auf Grundlage von Mutma\u00dfungen Panik zu verbreiten\u201c!, 1. Februar 2018 Erster Wolf in Sachsen\u2026","rel":"","context":"\u00c4hnlicher Beitrag","img":{"alt_text":"","src":"","width":0,"height":0},"classes":[]}],"_links":{"self":[{"href":"https:\/\/wolfsmonitor.de\/index.php?rest_route=\/wp\/v2\/pages\/7956"}],"collection":[{"href":"https:\/\/wolfsmonitor.de\/index.php?rest_route=\/wp\/v2\/pages"}],"about":[{"href":"https:\/\/wolfsmonitor.de\/index.php?rest_route=\/wp\/v2\/types\/page"}],"author":[{"embeddable":true,"href":"https:\/\/wolfsmonitor.de\/index.php?rest_route=\/wp\/v2\/users\/1"}],"replies":[{"embeddable":true,"href":"https:\/\/wolfsmonitor.de\/index.php?rest_route=%2Fwp%2Fv2%2Fcomments&post=7956"}],"version-history":[{"count":31,"href":"https:\/\/wolfsmonitor.de\/index.php?rest_route=\/wp\/v2\/pages\/7956\/revisions"}],"predecessor-version":[{"id":8235,"href":"https:\/\/wolfsmonitor.de\/index.php?rest_route=\/wp\/v2\/pages\/7956\/revisions\/8235"}],"up":[{"embeddable":true,"href":"https:\/\/wolfsmonitor.de\/index.php?rest_route=\/wp\/v2\/pages\/6947"}],"wp:attachment":[{"href":"https:\/\/wolfsmonitor.de\/index.php?rest_route=%2Fwp%2Fv2%2Fmedia&parent=7956"}],"curies":[{"name":"wp","href":"https:\/\/api.w.org\/{rel}","templated":true}]}}