{"id":850,"date":"2015-07-19T17:45:38","date_gmt":"2015-07-19T15:45:38","guid":{"rendered":"http:\/\/wolfsmonitor.de\/?page_id=850"},"modified":"2018-05-22T00:47:45","modified_gmt":"2018-05-21T22:47:45","slug":"beitraege-juli-2015","status":"publish","type":"page","link":"https:\/\/wolfsmonitor.de\/?page_id=850","title":{"rendered":"Beitr\u00e4ge Juli 2015"},"content":{"rendered":"<p>Hier finden Sie alle Beitr\u00e4ge aus dem Juli 2014, dem vierten Monat des Blogs!<\/p>\n<p>Bitte klicken Sie direkt auf den gew\u00fcnschten Titel in der Menueauswahl oder auf folgende, chronologisch angeordnete Beitrags\u00fcberschriften:<\/p>\n<ol>\n<li><span style=\"color: #0000ff;\"><a style=\"color: #0000ff;\" title=\"1.7.2015\" href=\"https:\/\/wolfsmonitor.de\/?p=701\" target=\"_blank\">Wolfsmonitor &#8211; Zwischenfazit im Juli 2015<\/a><\/span>, 01. Juli 2015<\/li>\n<li><span style=\"color: #0000ff;\"><a style=\"color: #0000ff;\" title=\"2.7.2015\" href=\"https:\/\/wolfsmonitor.de\/?p=715\" target=\"_blank\">Neues Wolfsportal b\u00fcndelt Informationen in Niedersachsen<\/a><\/span>, 02. Juli 2015<\/li>\n<li><span style=\"color: #0000ff;\"><a style=\"color: #0000ff;\" title=\"6.7.2015\" href=\"https:\/\/wolfsmonitor.de\/?p=724\" target=\"_blank\">Leitlinien zum Management von Gro\u00dfraubtieren (Studie 1)<\/a><\/span>, 06. Juli 2015<\/li>\n<li><span style=\"color: #0000ff;\"><a style=\"color: #0000ff;\" title=\"Beitrag 7.7.2015\" href=\"https:\/\/wolfsmonitor.de\/?p=735\" target=\"_blank\">NINA-Studie &#8220; The fear of wolves&#8220; (Studie 2)<\/a><\/span>, 07. Juli 2015<\/li>\n<li><span style=\"color: #0000ff;\"><a style=\"color: #0000ff;\" title=\"7.7.2015\" href=\"https:\/\/wolfsmonitor.de\/?p=740\" target=\"_blank\">Pr\u00e4sident der Deutschen Reiterlichen Vereinigung (FN) bem\u00e4ngelt falsch verstandenen Naturschutz<\/a><\/span>, 07. Juli 2015<\/li>\n<li><span style=\"color: #0000ff;\"><a style=\"color: #0000ff;\" title=\"8.7.2015\" href=\"https:\/\/wolfsmonitor.de\/?p=752\" target=\"_blank\">Monitoring von Gro\u00dfraubtieren in Deutschland (Studie 3)<\/a><\/span>, 08. Juli 2015<\/li>\n<li><span style=\"color: #0000ff;\"><a style=\"color: #0000ff;\" title=\"9.7.2015\" href=\"https:\/\/wolfsmonitor.de\/?p=756\" target=\"_blank\">&#8222;Naturbewusstsein 2013&#8220; (Studie 4)<\/a><\/span>, 09. Juli 2015<\/li>\n<li><span style=\"color: #0000ff;\"><a style=\"color: #0000ff;\" title=\"10.7.2015\" href=\"https:\/\/wolfsmonitor.de\/?p=763\" target=\"_blank\">Eingreifteam und 400 Wolfsrudel in \u00d6sterreich<\/a><\/span>, 10. Juli 2015<\/li>\n<li><span style=\"color: #0000ff;\"><a style=\"color: #0000ff;\" title=\"11.7.2015\" href=\"https:\/\/wolfsmonitor.de\/?p=773\" target=\"_blank\">Prof. Dr. Kurt Kotrschal zur Bejagung von W\u00f6lfen<\/a><\/span>, 11. Juli 2015<\/li>\n<li><span style=\"color: #0000ff;\"><a style=\"color: #0000ff;\" title=\"13.7.2015\" href=\"https:\/\/wolfsmonitor.de\/?p=784\" target=\"_blank\">Schie\u00dfen? Sofort Schie\u00dfen?<\/a><\/span>, 13. Juli 2015<\/li>\n<li><span style=\"color: #0000ff;\"><a style=\"color: #0000ff;\" title=\"14.7.2015\" href=\"https:\/\/wolfsmonitor.de\/?p=793\" target=\"_blank\">Dichtung und Wahrheit &#8211; Wolfsattacke entpuppt sich als J\u00e4gerlatein!<\/a><\/span>, 14. Juli 2015<\/li>\n<li><span style=\"color: #0000ff;\"><a style=\"color: #0000ff;\" title=\"15.7.2015\" href=\"https:\/\/wolfsmonitor.de\/?p=803\" target=\"_blank\">Bund der Steuerzahler bezeichnet das neue Wolfsb\u00fcro als \u201eEinrichtung mit fragw\u00fcrdigem Nutzen\u201d!<\/a><\/span>, 15. Juli 2015<\/li>\n<li><span style=\"color: #0000ff;\"><a style=\"color: #0000ff;\" title=\"Beitrag 16.7.2015\" href=\"https:\/\/wolfsmonitor.de\/?p=810\" target=\"_blank\">Wolfspopulation im westlichen Polen w\u00e4chst weiter<\/a><\/span>, 16. Juli 2015<\/li>\n<li><span style=\"color: #0000ff;\"><a style=\"color: #0000ff;\" title=\"16.7.2015\" href=\"https:\/\/wolfsmonitor.de\/?p=815\" target=\"_blank\">Wie viel Platz gibt es in Niedersachsen f\u00fcr W\u00f6lfe?<\/a><\/span>, 16. Juli 2015<\/li>\n<li><span style=\"color: #0000ff;\"><a style=\"color: #0000ff;\" title=\"17.7.2015\" href=\"https:\/\/wolfsmonitor.de\/?p=823\" target=\"_blank\">Mark E. McNay: Aggressives Wolfsverhalten in Alaska und Kanada (Studie 5)<\/a><\/span>, 17. Juli 2015<\/li>\n<li><span style=\"color: #0000ff;\"><a style=\"color: #0000ff;\" title=\"18.7.2015\" href=\"https:\/\/wolfsmonitor.de\/?p=833\" target=\"_blank\">Erik Zimen: Berufsgruppe, die W\u00f6lfe f\u00fcr besonders gef\u00e4hrlich h\u00e4lt<\/a><\/span>, 18. Juli 2015<\/li>\n<li><span style=\"color: #0000ff;\"><a style=\"color: #0000ff;\" title=\"Mickel\" href=\"https:\/\/wolfsmonitor.de\/?p=892\" target=\"_blank\">In eigener Sache (3) &#8211; Mein &#8222;Herdenschutzhund&#8220; Mickel<\/a><\/span>, 20. Juli 2015<\/li>\n<li><span style=\"color: #0000ff;\"><a style=\"color: #0000ff;\" title=\"Wir dachten, ....\" href=\"https:\/\/wolfsmonitor.de\/?p=907\" target=\"_blank\">Wir dachten, wir haben noch so viel Zeit!<\/a><\/span>, 21. Juli 2015<\/li>\n<li><span style=\"color: #0000ff;\"><a style=\"color: #0000ff;\" title=\"Gatesnotes: T\u00f6dliche Tiere\" href=\"https:\/\/wolfsmonitor.de\/?p=916\" target=\"_blank\">Die 15 f\u00fcr Menschen gef\u00e4hrlichsten Kreaturen<\/a><\/span>, 22. Juli 2015<\/li>\n<li><a title=\"Heinz-Sielmann-Stiftung, Juli 2015\" href=\"https:\/\/wolfsmonitor.de\/?p=929\" target=\"_blank\"><span style=\"color: #0000ff;\">Heinz-Sielmann-Stiftung als Vorbild f\u00fcr andere Naturschutzverb\u00e4nde?<\/span><\/a>, 23. Juli 2015<\/li>\n<li><span style=\"color: #0000ff;\"><a style=\"color: #0000ff;\" title=\"LJN, 23.07.2015\" href=\"https:\/\/wolfsmonitor.de\/?p=938\" target=\"_blank\">Wanderwolf in Niedersachsen wurde Verkehrsopfer<\/a><\/span>, 23. Juli 2015<\/li>\n<li><span style=\"color: #0000ff;\"><a style=\"color: #0000ff;\" title=\"Luigi Boitani\" href=\"https:\/\/wolfsmonitor.de\/?p=947\" target=\"_blank\">Luigi Boitani: \u201cDen Sorgen der B\u00fcrger mit Informationen begegnen!\u201d<\/a><\/span>, 24.Juli 2015<\/li>\n<li><span style=\"color: #0000ff;\"><a style=\"color: #0000ff;\" title=\"Jagd oder Artenschutzpolitik?\" href=\"https:\/\/wolfsmonitor.de\/?p=957\" target=\"_blank\">Jagd- oder artenschutzpolitisches Wolfsschicksal ?<\/a><\/span>, 28. Juli 2015<\/li>\n<li><span style=\"color: #0000ff;\"><a style=\"color: #0000ff;\" title=\"Deutschland - Finnland\" href=\"https:\/\/wolfsmonitor.de\/?p=965\" target=\"_blank\">Umgang mit W\u00f6lfen in Deutschland als Vorbild f\u00fcr Finnland<\/a><\/span>, 28. Juli 2015<\/li>\n<li><span style=\"color: #0000ff;\"><a style=\"color: #0000ff;\" title=\"Nabu vs. DJV\" href=\"https:\/\/wolfsmonitor.de\/?p=980\" target=\"_blank\">Naturschutzbund kommentiert Positionspapier des Deutschen Jagdverbandes<\/a><\/span>, 30. Juli 2015<\/li>\n<\/ol>\n<p>Sie k\u00f6nnen alle Beitr\u00e4ge auch nach \u201cKategorien\u201d geordnet aufrufen. Bitte nutzen Sie dazu das gleichnamige Menue in der rechten Seitenleiste!<\/p>\n<p>Viel Spa\u00df!<\/p>\n<p>Ihr<\/p>\n<p>J\u00fcrgen Vogler<\/p>\n<div class=\"shariff shariff-align-center shariff-widget-align-center\" data-services=\"facebook%7Ctwitter\" data-url=\"https%3A%2F%2Fwolfsmonitor.de%2F%3Fpage_id%3D850\" data-timestamp=\"1526950065\" data-backendurl=\"?rest_route=\/shariff\/v1\/share_counts&\"><ul class=\"shariff-buttons theme-color orientation-horizontal buttonsize-small\"><li class=\"shariff-button facebook shariff-nocustomcolor\" style=\"background-color:#4273c8\"><a href=\"https:\/\/www.facebook.com\/sharer\/sharer.php?u=https%3A%2F%2Fwolfsmonitor.de%2F%3Fpage_id%3D850\" title=\"Bei Facebook teilen\" aria-label=\"Bei Facebook teilen\" role=\"button\" rel=\"nofollow\" class=\"shariff-link\" style=\"; background-color:#3b5998; color:#fff\" target=\"_blank\"><span class=\"shariff-icon\" style=\"\"><svg width=\"32px\" height=\"20px\" xmlns=\"http:\/\/www.w3.org\/2000\/svg\" viewBox=\"0 0 18 32\"><path fill=\"#3b5998\" d=\"M17.1 0.2v4.7h-2.8q-1.5 0-2.1 0.6t-0.5 1.9v3.4h5.2l-0.7 5.3h-4.5v13.6h-5.5v-13.6h-4.5v-5.3h4.5v-3.9q0-3.3 1.9-5.2t5-1.8q2.6 0 4.1 0.2z\"\/><\/svg><\/span><span class=\"shariff-text\">teilen<\/span>&nbsp;<span data-service=\"facebook\" style=\"color:#3b5998\" class=\"shariff-count shariff-hidezero\"><\/span>&nbsp;<\/a><\/li><li class=\"shariff-button twitter shariff-nocustomcolor\" style=\"background-color:#32bbf5\"><a href=\"https:\/\/twitter.com\/share?url=https%3A%2F%2Fwolfsmonitor.de%2F%3Fpage_id%3D850&text=Beitr%C3%A4ge%20Juli%202015\" title=\"Bei Twitter teilen\" aria-label=\"Bei Twitter teilen\" role=\"button\" rel=\"noopener nofollow\" class=\"shariff-link\" style=\"; background-color:#55acee; color:#fff\" target=\"_blank\"><span class=\"shariff-icon\" style=\"\"><svg width=\"32px\" height=\"20px\" xmlns=\"http:\/\/www.w3.org\/2000\/svg\" viewBox=\"0 0 30 32\"><path fill=\"#55acee\" d=\"M29.7 6.8q-1.2 1.8-3 3.1 0 0.3 0 0.8 0 2.5-0.7 4.9t-2.2 4.7-3.5 4-4.9 2.8-6.1 1q-5.1 0-9.3-2.7 0.6 0.1 1.5 0.1 4.3 0 7.6-2.6-2-0.1-3.5-1.2t-2.2-3q0.6 0.1 1.1 0.1 0.8 0 1.6-0.2-2.1-0.4-3.5-2.1t-1.4-3.9v-0.1q1.3 0.7 2.8 0.8-1.2-0.8-2-2.2t-0.7-2.9q0-1.7 0.8-3.1 2.3 2.8 5.5 4.5t7 1.9q-0.2-0.7-0.2-1.4 0-2.5 1.8-4.3t4.3-1.8q2.7 0 4.5 1.9 2.1-0.4 3.9-1.5-0.7 2.2-2.7 3.4 1.8-0.2 3.5-0.9z\"\/><\/svg><\/span><span class=\"shariff-text\">twittern<\/span>&nbsp;<span data-service=\"twitter\" style=\"color:#55acee\" class=\"shariff-count shariff-hidezero\"><\/span>&nbsp;<\/a><\/li><li class=\"shariff-button rss shariff-nocustomcolor\" style=\"background-color:#ff8c00\"><a href=\"https:\/\/wolfsmonitor.de\/?feed=rss\" title=\"RSS-feed\" aria-label=\"RSS-feed\" role=\"button\" class=\"shariff-link\" style=\"; background-color:#fe9312; color:#fff\" target=\"_blank\"><span class=\"shariff-icon\" style=\"\"><svg width=\"32px\" height=\"20px\" xmlns=\"http:\/\/www.w3.org\/2000\/svg\" viewBox=\"0 0 32 32\"><path fill=\"#fe9312\" d=\"M4.3 23.5c-2.3 0-4.3 1.9-4.3 4.3 0 2.3 1.9 4.2 4.3 4.2 2.4 0 4.3-1.9 4.3-4.2 0-2.3-1.9-4.3-4.3-4.3zM0 10.9v6.1c4 0 7.7 1.6 10.6 4.4 2.8 2.8 4.4 6.6 4.4 10.6h6.2c0-11.7-9.5-21.1-21.1-21.1zM0 0v6.1c14.2 0 25.8 11.6 25.8 25.9h6.2c0-17.6-14.4-32-32-32z\"\/><\/svg><\/span><span class=\"shariff-text\">RSS-feed<\/span>&nbsp;<\/a><\/li><li class=\"shariff-button mailto shariff-nocustomcolor\" style=\"background-color:#a8a8a8\"><a href=\"mailto:?body=https%3A%2F%2Fwolfsmonitor.de%2F%3Fpage_id%3D850&subject=Beitr%C3%A4ge%20Juli%202015\" title=\"Per E-Mail versenden\" aria-label=\"Per E-Mail versenden\" role=\"button\" rel=\"noopener nofollow\" class=\"shariff-link\" style=\"; background-color:#999; color:#fff\"><span class=\"shariff-icon\" style=\"\"><svg width=\"32px\" height=\"20px\" xmlns=\"http:\/\/www.w3.org\/2000\/svg\" viewBox=\"0 0 32 32\"><path fill=\"#999\" d=\"M32 12.7v14.2q0 1.2-0.8 2t-2 0.9h-26.3q-1.2 0-2-0.9t-0.8-2v-14.2q0.8 0.9 1.8 1.6 6.5 4.4 8.9 6.1 1 0.8 1.6 1.2t1.7 0.9 2 0.4h0.1q0.9 0 2-0.4t1.7-0.9 1.6-1.2q3-2.2 8.9-6.1 1-0.7 1.8-1.6zM32 7.4q0 1.4-0.9 2.7t-2.2 2.2q-6.7 4.7-8.4 5.8-0.2 0.1-0.7 0.5t-1 0.7-0.9 0.6-1.1 0.5-0.9 0.2h-0.1q-0.4 0-0.9-0.2t-1.1-0.5-0.9-0.6-1-0.7-0.7-0.5q-1.6-1.1-4.7-3.2t-3.6-2.6q-1.1-0.7-2.1-2t-1-2.5q0-1.4 0.7-2.3t2.1-0.9h26.3q1.2 0 2 0.8t0.9 2z\"\/><\/svg><\/span><span class=\"shariff-text\">E-Mail<\/span>&nbsp;<\/a><\/li><li class=\"shariff-button info shariff-nocustomcolor\" style=\"background-color:#a8a8a8\"><a href=\"http:\/\/ct.de\/-2467514\" title=\"Weitere Informationen\" aria-label=\"Weitere Informationen\" role=\"button\" rel=\"noopener \" class=\"shariff-link\" style=\"; background-color:#999; color:#fff\" target=\"_blank\"><span class=\"shariff-icon\" style=\"\"><svg width=\"32px\" height=\"20px\" xmlns=\"http:\/\/www.w3.org\/2000\/svg\" viewBox=\"0 0 11 32\"><path fill=\"#999\" d=\"M11.4 24v2.3q0 0.5-0.3 0.8t-0.8 0.4h-9.1q-0.5 0-0.8-0.4t-0.4-0.8v-2.3q0-0.5 0.4-0.8t0.8-0.4h1.1v-6.8h-1.1q-0.5 0-0.8-0.4t-0.4-0.8v-2.3q0-0.5 0.4-0.8t0.8-0.4h6.8q0.5 0 0.8 0.4t0.4 0.8v10.3h1.1q0.5 0 0.8 0.4t0.3 0.8zM9.2 3.4v3.4q0 0.5-0.4 0.8t-0.8 0.4h-4.6q-0.4 0-0.8-0.4t-0.4-0.8v-3.4q0-0.4 0.4-0.8t0.8-0.4h4.6q0.5 0 0.8 0.4t0.4 0.8z\"\/><\/svg><\/span><\/a><\/li><\/ul><\/div>","protected":false},"excerpt":{"rendered":"<p>Hier finden Sie alle Beitr\u00e4ge aus dem Juli 2014, dem vierten Monat des Blogs! Bitte klicken Sie direkt auf den gew\u00fcnschten Titel in der Menueauswahl oder auf folgende, chronologisch angeordnete Beitrags\u00fcberschriften: Wolfsmonitor &#8211; Zwischenfazit im Juli 2015, 01. Juli 2015 Neues Wolfsportal b\u00fcndelt Informationen in Niedersachsen, 02. Juli 2015 Leitlinien zum Management von Gro\u00dfraubtieren (Studie [&hellip;]<\/p>\n<div class=\"shariff shariff-align-center shariff-widget-align-center\" data-services=\"facebook%7Ctwitter\" data-url=\"https%3A%2F%2Fwolfsmonitor.de%2F%3Fpage_id%3D850\" data-timestamp=\"1526950065\" data-backendurl=\"?rest_route=\/shariff\/v1\/share_counts&\"><ul class=\"shariff-buttons theme-color orientation-horizontal buttonsize-small\"><li class=\"shariff-button facebook shariff-nocustomcolor\" style=\"background-color:#4273c8\"><a href=\"https:\/\/www.facebook.com\/sharer\/sharer.php?u=https%3A%2F%2Fwolfsmonitor.de%2F%3Fpage_id%3D850\" title=\"Bei Facebook teilen\" aria-label=\"Bei Facebook teilen\" role=\"button\" rel=\"nofollow\" class=\"shariff-link\" style=\"; background-color:#3b5998; color:#fff\" target=\"_blank\"><span class=\"shariff-icon\" style=\"\"><svg width=\"32px\" height=\"20px\" xmlns=\"http:\/\/www.w3.org\/2000\/svg\" viewBox=\"0 0 18 32\"><path fill=\"#3b5998\" d=\"M17.1 0.2v4.7h-2.8q-1.5 0-2.1 0.6t-0.5 1.9v3.4h5.2l-0.7 5.3h-4.5v13.6h-5.5v-13.6h-4.5v-5.3h4.5v-3.9q0-3.3 1.9-5.2t5-1.8q2.6 0 4.1 0.2z\"\/><\/svg><\/span><span class=\"shariff-text\">teilen<\/span>&nbsp;<span data-service=\"facebook\" style=\"color:#3b5998\" class=\"shariff-count shariff-hidezero\"><\/span>&nbsp;<\/a><\/li><li class=\"shariff-button twitter shariff-nocustomcolor\" style=\"background-color:#32bbf5\"><a href=\"https:\/\/twitter.com\/share?url=https%3A%2F%2Fwolfsmonitor.de%2F%3Fpage_id%3D850&text=Beitr%C3%A4ge%20Juli%202015\" title=\"Bei Twitter teilen\" aria-label=\"Bei Twitter teilen\" role=\"button\" rel=\"noopener nofollow\" class=\"shariff-link\" style=\"; background-color:#55acee; color:#fff\" target=\"_blank\"><span class=\"shariff-icon\" style=\"\"><svg width=\"32px\" height=\"20px\" xmlns=\"http:\/\/www.w3.org\/2000\/svg\" viewBox=\"0 0 30 32\"><path fill=\"#55acee\" d=\"M29.7 6.8q-1.2 1.8-3 3.1 0 0.3 0 0.8 0 2.5-0.7 4.9t-2.2 4.7-3.5 4-4.9 2.8-6.1 1q-5.1 0-9.3-2.7 0.6 0.1 1.5 0.1 4.3 0 7.6-2.6-2-0.1-3.5-1.2t-2.2-3q0.6 0.1 1.1 0.1 0.8 0 1.6-0.2-2.1-0.4-3.5-2.1t-1.4-3.9v-0.1q1.3 0.7 2.8 0.8-1.2-0.8-2-2.2t-0.7-2.9q0-1.7 0.8-3.1 2.3 2.8 5.5 4.5t7 1.9q-0.2-0.7-0.2-1.4 0-2.5 1.8-4.3t4.3-1.8q2.7 0 4.5 1.9 2.1-0.4 3.9-1.5-0.7 2.2-2.7 3.4 1.8-0.2 3.5-0.9z\"\/><\/svg><\/span><span class=\"shariff-text\">twittern<\/span>&nbsp;<span data-service=\"twitter\" style=\"color:#55acee\" class=\"shariff-count shariff-hidezero\"><\/span>&nbsp;<\/a><\/li><li class=\"shariff-button rss shariff-nocustomcolor\" style=\"background-color:#ff8c00\"><a href=\"https:\/\/wolfsmonitor.de\/?feed=rss\" title=\"RSS-feed\" aria-label=\"RSS-feed\" role=\"button\" class=\"shariff-link\" style=\"; background-color:#fe9312; color:#fff\" target=\"_blank\"><span class=\"shariff-icon\" style=\"\"><svg width=\"32px\" height=\"20px\" xmlns=\"http:\/\/www.w3.org\/2000\/svg\" viewBox=\"0 0 32 32\"><path fill=\"#fe9312\" d=\"M4.3 23.5c-2.3 0-4.3 1.9-4.3 4.3 0 2.3 1.9 4.2 4.3 4.2 2.4 0 4.3-1.9 4.3-4.2 0-2.3-1.9-4.3-4.3-4.3zM0 10.9v6.1c4 0 7.7 1.6 10.6 4.4 2.8 2.8 4.4 6.6 4.4 10.6h6.2c0-11.7-9.5-21.1-21.1-21.1zM0 0v6.1c14.2 0 25.8 11.6 25.8 25.9h6.2c0-17.6-14.4-32-32-32z\"\/><\/svg><\/span><span class=\"shariff-text\">RSS-feed<\/span>&nbsp;<\/a><\/li><li class=\"shariff-button mailto shariff-nocustomcolor\" style=\"background-color:#a8a8a8\"><a href=\"mailto:?body=https%3A%2F%2Fwolfsmonitor.de%2F%3Fpage_id%3D850&subject=Beitr%C3%A4ge%20Juli%202015\" title=\"Per E-Mail versenden\" aria-label=\"Per E-Mail versenden\" role=\"button\" rel=\"noopener nofollow\" class=\"shariff-link\" style=\"; background-color:#999; color:#fff\"><span class=\"shariff-icon\" style=\"\"><svg width=\"32px\" height=\"20px\" xmlns=\"http:\/\/www.w3.org\/2000\/svg\" viewBox=\"0 0 32 32\"><path fill=\"#999\" d=\"M32 12.7v14.2q0 1.2-0.8 2t-2 0.9h-26.3q-1.2 0-2-0.9t-0.8-2v-14.2q0.8 0.9 1.8 1.6 6.5 4.4 8.9 6.1 1 0.8 1.6 1.2t1.7 0.9 2 0.4h0.1q0.9 0 2-0.4t1.7-0.9 1.6-1.2q3-2.2 8.9-6.1 1-0.7 1.8-1.6zM32 7.4q0 1.4-0.9 2.7t-2.2 2.2q-6.7 4.7-8.4 5.8-0.2 0.1-0.7 0.5t-1 0.7-0.9 0.6-1.1 0.5-0.9 0.2h-0.1q-0.4 0-0.9-0.2t-1.1-0.5-0.9-0.6-1-0.7-0.7-0.5q-1.6-1.1-4.7-3.2t-3.6-2.6q-1.1-0.7-2.1-2t-1-2.5q0-1.4 0.7-2.3t2.1-0.9h26.3q1.2 0 2 0.8t0.9 2z\"\/><\/svg><\/span><span class=\"shariff-text\">E-Mail<\/span>&nbsp;<\/a><\/li><li class=\"shariff-button info shariff-nocustomcolor\" style=\"background-color:#a8a8a8\"><a href=\"http:\/\/ct.de\/-2467514\" title=\"Weitere Informationen\" aria-label=\"Weitere Informationen\" role=\"button\" rel=\"noopener \" class=\"shariff-link\" style=\"; background-color:#999; color:#fff\" target=\"_blank\"><span class=\"shariff-icon\" style=\"\"><svg width=\"32px\" height=\"20px\" xmlns=\"http:\/\/www.w3.org\/2000\/svg\" viewBox=\"0 0 11 32\"><path fill=\"#999\" d=\"M11.4 24v2.3q0 0.5-0.3 0.8t-0.8 0.4h-9.1q-0.5 0-0.8-0.4t-0.4-0.8v-2.3q0-0.5 0.4-0.8t0.8-0.4h1.1v-6.8h-1.1q-0.5 0-0.8-0.4t-0.4-0.8v-2.3q0-0.5 0.4-0.8t0.8-0.4h6.8q0.5 0 0.8 0.4t0.4 0.8v10.3h1.1q0.5 0 0.8 0.4t0.3 0.8zM9.2 3.4v3.4q0 0.5-0.4 0.8t-0.8 0.4h-4.6q-0.4 0-0.8-0.4t-0.4-0.8v-3.4q0-0.4 0.4-0.8t0.8-0.4h4.6q0.5 0 0.8 0.4t0.4 0.8z\"\/><\/svg><\/span><\/a><\/li><\/ul><\/div>","protected":false},"author":1,"featured_media":0,"parent":28,"menu_order":0,"comment_status":"closed","ping_status":"closed","template":"","meta":{"spay_email":""},"jetpack_shortlink":"https:\/\/wp.me\/P61YbU-dI","jetpack-related-posts":[{"id":4080,"url":"https:\/\/wolfsmonitor.de\/?page_id=4080","url_meta":{"origin":850,"position":0},"title":"Beitr\u00e4ge Juli 2016","date":"1. Juli 2016","format":false,"excerpt":"Hier finden Sie alle Beitr\u00e4ge aus dem Juli 2016! Bitte klicken Sie direkt auf den gew\u00fcnschten Titel im \"Klappmenue\" oben oder auf folgende, chronologisch angeordnete Beitrags\u00fcberschriften: Emsland: Herdenschutzhund abgeschafft \u2013 46 Schafe gestohlen!, 1. Juli 2016 Niedersachsen: 42. Wolfsrudel in Deutschland nachgewiesen, 2. Juli 2016 Wolfswahn in Wriedel, 3. Juli\u2026","rel":"","context":"\u00c4hnlicher Beitrag","img":{"alt_text":"","src":"","width":0,"height":0},"classes":[]},{"id":17464,"url":"https:\/\/wolfsmonitor.de\/?page_id=17464","url_meta":{"origin":850,"position":1},"title":"Beitr\u00e4ge Juli 2019","date":"2. Juli 2019","format":false,"excerpt":"Hier finden Sie alle Wolfsmonitor-Beitr\u00e4ge aus dem Juli 2019. Empfangsst\u00f6rung?, 2. Juli 2019 Wolfsrisse? Nein, eher Sensationsgier!, 4. Juli 2019 Live and let die..., 6. Juli 2019 Erster Schafhalter gibt auf und hat eine Botschaft. Ich auch!, 10. Juli 201 Der \u201e40.000-W\u00f6lfe-Prophet\u201c tritt als CDU-Fraktionschef zur\u00fcck, 13. Juli 2019 \"Sch\u00e4ferst\u00fcndchen\",\u2026","rel":"","context":"\u00c4hnlicher Beitrag","img":{"alt_text":"","src":"","width":0,"height":0},"classes":[]},{"id":14117,"url":"https:\/\/wolfsmonitor.de\/?page_id=14117","url_meta":{"origin":850,"position":2},"title":"Beitr\u00e4ge Juli 2018","date":"2. Juli 2018","format":false,"excerpt":"Hier finden Sie alle Wolfsmonitor-Beitr\u00e4ge aus dem Juli 2018. Bitte klicken Sie direkt auf den gew\u00fcnschten Titel im \"Klappmenue\" oben unter \"Beitr\u00e4ge\" oder auf folgende, chronologisch angeordnete Beitrags\u00fcberschriften: Landwirtschaft in Deutschland: \u201eSehenden Auges gegen die Wand\u201c\u2026, 2. Juli 2018 Umstrittene Aktion: Fischotterjagd in \u00d6sterreich, 3. Juli 2018 Niedersachsen: \"Unseri\u00f6se und\u2026","rel":"","context":"\u00c4hnlicher Beitrag","img":{"alt_text":"","src":"","width":0,"height":0},"classes":[]},{"id":9485,"url":"https:\/\/wolfsmonitor.de\/?page_id=9485","url_meta":{"origin":850,"position":3},"title":"Beitr\u00e4ge Juli 2017","date":"1. Juli 2017","format":false,"excerpt":"Hier finden Sie alle Wolfsmonitor-Beitr\u00e4ge aus dem Juli 2017! Bitte klicken Sie direkt auf den gew\u00fcnschten Titel im \"Klappmenue\" oben unter \"Beitr\u00e4ge\" oder auf folgende, chronologisch angeordnete Beitrags\u00fcberschriften: Nordrhein-Westfalen: K\u00e4lber in Schieder-Schwalenberg keine Wolfsopfer, 1. Juli 2017 Radfahrerin im Landkreis Cuxhaven von W\u00f6lfen verfolgt?, 1. Juli 2017 Ruhen und schweigen!,\u2026","rel":"","context":"\u00c4hnlicher Beitrag","img":{"alt_text":"","src":"","width":0,"height":0},"classes":[]},{"id":6943,"url":"https:\/\/wolfsmonitor.de\/?page_id=6943","url_meta":{"origin":850,"position":4},"title":"Beitr\u00e4ge aus dem Jahr 2015","date":"1. Januar 2017","format":false,"excerpt":"Zur Weiterleitung bitte auf den jeweiligen Monat klicken! Dezember 2015 November 2015 Oktober 2015 September 2015 August 2015 Juli 2015 Juni 2015 Mai 2015 Blogstart im April 2015","rel":"","context":"\u00c4hnlicher Beitrag","img":{"alt_text":"","src":"","width":0,"height":0},"classes":[]},{"id":6945,"url":"https:\/\/wolfsmonitor.de\/?page_id=6945","url_meta":{"origin":850,"position":5},"title":"Beitr\u00e4ge aus dem Jahr 2016","date":"1. Januar 2017","format":false,"excerpt":"Zur Beitrags\u00fcbersicht bitte direkt auf den jeweiligen Monat klicken! Dezember 2016 November 2016 Oktober 2016 September 2016 August 2016 Juli 2016 Juni 2016 Mai 2016 April 2016 M\u00e4rz 2016 Februar 2016 Januar 2016","rel":"","context":"\u00c4hnlicher Beitrag","img":{"alt_text":"","src":"","width":0,"height":0},"classes":[]}],"_links":{"self":[{"href":"https:\/\/wolfsmonitor.de\/index.php?rest_route=\/wp\/v2\/pages\/850"}],"collection":[{"href":"https:\/\/wolfsmonitor.de\/index.php?rest_route=\/wp\/v2\/pages"}],"about":[{"href":"https:\/\/wolfsmonitor.de\/index.php?rest_route=\/wp\/v2\/types\/page"}],"author":[{"embeddable":true,"href":"https:\/\/wolfsmonitor.de\/index.php?rest_route=\/wp\/v2\/users\/1"}],"replies":[{"embeddable":true,"href":"https:\/\/wolfsmonitor.de\/index.php?rest_route=%2Fwp%2Fv2%2Fcomments&post=850"}],"version-history":[{"count":14,"href":"https:\/\/wolfsmonitor.de\/index.php?rest_route=\/wp\/v2\/pages\/850\/revisions"}],"predecessor-version":[{"id":985,"href":"https:\/\/wolfsmonitor.de\/index.php?rest_route=\/wp\/v2\/pages\/850\/revisions\/985"}],"up":[{"embeddable":true,"href":"https:\/\/wolfsmonitor.de\/index.php?rest_route=\/wp\/v2\/pages\/28"}],"wp:attachment":[{"href":"https:\/\/wolfsmonitor.de\/index.php?rest_route=%2Fwp%2Fv2%2Fmedia&parent=850"}],"curies":[{"name":"wp","href":"https:\/\/api.w.org\/{rel}","templated":true}]}}