{"id":8688,"date":"2017-05-02T07:53:55","date_gmt":"2017-05-02T05:53:55","guid":{"rendered":"http:\/\/wolfsmonitor.de\/?page_id=8688"},"modified":"2017-06-01T07:34:22","modified_gmt":"2017-06-01T05:34:22","slug":"beitraege-mai-2017","status":"publish","type":"page","link":"https:\/\/wolfsmonitor.de\/?page_id=8688","title":{"rendered":"Beitr\u00e4ge Mai 2017"},"content":{"rendered":"<p>Hier finden Sie alle Wolfsmonitor-Beitr\u00e4ge aus dem Mai 2017!<\/p>\n<p><span title=\"umwelt.nrw-Info 1.4.2016\">Bitte klicken Sie direkt auf den gew\u00fcnschten Titel im &#8222;Klappmenue&#8220; oben unter &#8222;Beitr\u00e4ge&#8220; oder auf folgende, chronologisch angeordnete Beitrags\u00fcberschriften:<\/span><\/p>\n<ol>\n<li><span style=\"color: #0000ff;\"><a style=\"color: #0000ff;\" href=\"https:\/\/wolfsmonitor.de\/?p=8681\" target=\"_blank\">Zwei Jahre Wolfsmonitor<\/a><\/span>, 2. Mai 2017<\/li>\n<li><span style=\"color: #0000ff;\"><a style=\"color: #0000ff;\" href=\"https:\/\/wolfsmonitor.de\/?p=8705\" target=\"_blank\">Schweiz: Wolf \u201eM75\u201c zum Abschuss freigegeben<\/a><\/span>, 2. Mai 2017<\/li>\n<li><span style=\"color: #0000ff;\"><a style=\"color: #0000ff;\" href=\"https:\/\/wolfsmonitor.de\/?p=8699\" target=\"_blank\">Das Wolfsbuch des Jahres!<\/a><\/span>, 3. Mai 2017<\/li>\n<li><span style=\"color: #0000ff;\"><a style=\"color: #0000ff;\" href=\"https:\/\/wolfsmonitor.de\/?p=8731\" target=\"_blank\">Jagdverband in Baden-W\u00fcrttemberg warnt vor Fake-News einer &#8222;einschl\u00e4gigen Gruppe&#8220;<\/a><\/span>, 4. Mai 2017<\/li>\n<li><span style=\"color: #0000ff;\"><a style=\"color: #0000ff;\" href=\"https:\/\/wolfsmonitor.de\/?p=8736\" target=\"_blank\">Absurdistan in Brandenburg: \u201eAnti-Baby-Pille\u201c f\u00fcr W\u00f6lfe<\/a><\/span>, 5. Mai 2017<\/li>\n<li><span style=\"color: #0000ff;\"><a style=\"color: #0000ff;\" href=\"https:\/\/wolfsmonitor.de\/?p=8760\" target=\"_blank\">88. Konferenz der Umweltminister: Hochrangige L\u00e4nderarbeitsgruppe zum Wolf vereinbart<\/a>,<\/span> 6. Mai 2017<\/li>\n<li><span style=\"color: #0000ff;\"><a style=\"color: #0000ff;\" href=\"https:\/\/wolfsmonitor.de\/?p=8766\" target=\"_blank\">Saalow: Und immer wieder\u2026<\/a><\/span>, 6. Mai 2017<\/li>\n<li><span style=\"color: #0000ff;\"><a style=\"color: #0000ff;\" href=\"https:\/\/wolfsmonitor.de\/?p=8789\" target=\"_blank\">Kein &#8222;Selbstreinigungs-Mechanismus&#8220; bei W\u00f6lfen?<\/a><\/span>, 8. Mai 2017<\/li>\n<li><span style=\"color: #0000ff;\"><a style=\"color: #0000ff;\" href=\"https:\/\/wolfsmonitor.de\/?p=8802\" target=\"_blank\">Jetzt erh\u00e4ltlich: Das &#8222;Loccumer Protokoll&#8220; zur Wolfstagung<\/a><\/span>, 9. Mai 2017<\/li>\n<li><span style=\"color: #0000ff;\"><a style=\"color: #0000ff;\" href=\"https:\/\/wolfsmonitor.de\/?p=8827\" target=\"_blank\">Deutscher Jagdverband propagiert Vergr\u00e4mung von Rudeln durch Abschuss einzelner W\u00f6lfe<\/a><\/span>, 10. Mai 2017<\/li>\n<li><span style=\"color: #0000ff;\"><a style=\"color: #0000ff;\" href=\"https:\/\/wolfsmonitor.de\/?p=8844\" target=\"_blank\">Was braucht der Mensch als J\u00e4ger, Jagdkonkurrent und Wolfsberater?<\/a> <\/span>(Teil 1 von 3), 11. Mai 2017<\/li>\n<li><span style=\"color: #0000ff;\"><a style=\"color: #0000ff;\" href=\"https:\/\/wolfsmonitor.de\/?p=8854\" target=\"_blank\">Streichung der EU-Betriebspr\u00e4mie bei mangelhaftem Herdenschutz?<\/a><\/span>, 12. Mai 2017<\/li>\n<li><a href=\"https:\/\/wolfsmonitor.de\/?p=8870\" target=\"_blank\"><span style=\"color: #0000ff;\">Was braucht der Mensch als J\u00e4ger, Jagdkonkurrent und Wolfsberater?<\/span> <\/a>(Teil 2 von 3), 13. Mai 2017<\/li>\n<li><span style=\"color: #0000ff;\"><a style=\"color: #0000ff;\" href=\"https:\/\/wolfsmonitor.de\/?p=8878\" target=\"_blank\">&#8222;Mahnfeuer&#8220; und &#8222;Wolfswachen&#8220; nichts als Effekthascherei!<\/a><\/span>, 14. Mai 2017<\/li>\n<li><a href=\"https:\/\/wolfsmonitor.de\/?p=8896\" target=\"_blank\"><span style=\"color: #0000ff;\">Was braucht der Mensch als J\u00e4ger, Jagdkonkurre<\/span><span style=\"color: #0000ff;\">n<\/span><span style=\"color: #0000ff;\">t und Wolfsberater?<\/span><\/a> (Teil 3 von 3), 15. Mai 2017<\/li>\n<li><span style=\"color: #0000ff;\"><a style=\"color: #0000ff;\" href=\"https:\/\/wolfsmonitor.de\/?p=8913\" target=\"_blank\">Emsland wieder Wolfsland<\/a>,<\/span> 16. Mai 2017<\/li>\n<li><span style=\"color: #0000ff;\"><a style=\"color: #0000ff;\" href=\"https:\/\/wolfsmonitor.de\/?p=8919\" target=\"_blank\">3 Antworten von Ludger Schomaker, NABU-Vorsitzender in Barnstorf<\/a><\/span>, 16. Mai 2017<\/li>\n<li><span style=\"color: #0000ff;\"><a style=\"color: #0000ff;\" href=\"https:\/\/wolfsmonitor.de\/?p=8933\" target=\"_blank\">Sch\u00fcrt das \u201eAktionsb\u00fcndnis aktives Wolfsmanagement\u201c unn\u00f6tig \u00c4ngste?<\/a><\/span>, 18. Mai 2017<\/li>\n<li><span style=\"color: #0000ff;\"><a style=\"color: #0000ff;\" href=\"https:\/\/wolfsmonitor.de\/?p=8951\" target=\"_blank\">Durchbruch im Wolfsmanagement: Signifikant h\u00f6here Ausgleichszahlungen m\u00f6glich!<\/a><\/span>, 18. Mai 2017<\/li>\n<li><span style=\"color: #0000ff;\"><a style=\"color: #0000ff;\" href=\"https:\/\/wolfsmonitor.de\/?p=8955\" target=\"_blank\">Bippen bei Osnabr\u00fcck: Drei Wolfs\u00fcbergriffe auf dieselbe Herde<\/a><\/span>, 19. Mai 2017<\/li>\n<li><span style=\"color: #0000ff;\"><a style=\"color: #0000ff;\" href=\"https:\/\/wolfsmonitor.de\/?p=8969\" target=\"_blank\">Ausgestopfter &#8222;Kurti\u201c ab morgen im Museum: Reaktionen darauf\u2026<\/a><\/span>, 20. Mai 2017<\/li>\n<li><span style=\"color: #0000ff;\"><a style=\"color: #0000ff;\" href=\"https:\/\/wolfsmonitor.de\/?p=8980\" target=\"_blank\">Wolf in Potsdam nachgewiesen<\/a><\/span>, 21. Mai 2017<\/li>\n<li><span style=\"color: #0000ff;\"><a style=\"color: #0000ff;\" href=\"https:\/\/wolfsmonitor.de\/?p=8993\" target=\"_blank\">Warum das ambitionierte Engagement mancher Politiker in die Irre f\u00fchren kann&#8230;<\/a><\/span>, 23. Mai 2017<\/li>\n<li><span style=\"color: #0000ff;\"><a style=\"color: #0000ff;\" href=\"https:\/\/wolfsmonitor.de\/?p=9004\" target=\"_blank\">MU-Info: Vier aktuelle Antworten zum Wolf in Niedersachsen<\/a><\/span>, 23. Mai 2017<\/li>\n<li><span style=\"color: #0000ff;\"><a style=\"color: #0000ff;\" href=\"https:\/\/wolfsmonitor.de\/?p=9011\" target=\"_blank\">WikiWolves sucht erneut tatkr\u00e4ftige Unterst\u00fctzung<\/a><\/span>, 25. Mai 2017<\/li>\n<li><span style=\"color: #0000ff;\"><a style=\"color: #0000ff;\" href=\"https:\/\/wolfsmonitor.de\/?p=9023\" target=\"_blank\">Einstand vermasselt?<\/a>,<\/span> 25. Mai 2017<\/li>\n<li><span style=\"color: #0000ff;\"><a style=\"color: #0000ff;\" href=\"https:\/\/wolfsmonitor.de\/?p=9033\" target=\"_blank\">Wolfsbeauftragter: Kein Wolf in Potsdam!<\/a><\/span>, 26. Mai 2017<\/li>\n<li><span style=\"color: #0000ff;\"><a style=\"color: #0000ff;\" href=\"https:\/\/wolfsmonitor.de\/?p=9043\" target=\"_blank\">Umstritten: Verzicht auf H\u00fctten f\u00fcr arbeitende Herdenschutzhunde<\/a><\/span>, 27. Mai 2017<\/li>\n<li><span style=\"color: #0000ff;\"><a style=\"color: #0000ff;\" href=\"https:\/\/wolfsmonitor.de\/?p=9038\" target=\"_blank\">Die &#8222;Dokumentations- und Beratungsstelle des Bundes zum Thema Wolf&#8220; ist jetzt online!<\/a>,<\/span> 28. Mai 2017<\/li>\n<li><span style=\"color: #0000ff;\"><a style=\"color: #0000ff;\" href=\"https:\/\/wolfsmonitor.de\/?p=9082\" target=\"_blank\">Wandersch\u00e4fer Sven de Vries: \u201eWer den Wolf will, muss uns auch unsere Herden sch\u00fctzen lassen!\u201c<\/a><\/span>, 28. Mai 2017<\/li>\n<li><span style=\"color: #0000ff;\"><a style=\"color: #0000ff;\" href=\"https:\/\/wolfsmonitor.de\/?p=9099\" target=\"_blank\">Niedersachsens Streit um W\u00f6lfe: Bund soll aufkl\u00e4ren&#8230;<\/a>,<\/span> 30. Mai 2017<\/li>\n<li><span style=\"color: #0000ff;\"><a style=\"color: #0000ff;\" href=\"https:\/\/wolfsmonitor.de\/?p=9109\" target=\"_blank\">Brandenburg: Verb\u00e4nde haben einen Monat Zeit, Bedenken gegen Wolfsverordnungs-Entwurf zu \u00e4u\u00dfern<\/a><\/span>, 30. Mai 2017<br \/>\n<h1 class=\"watch-title-container\"><span id=\"eow-title\" class=\"watch-title\" dir=\"ltr\" title=\"re:publica 2017 - Flachsinn - \u00fcber gute und schlechte Aufmerksamkeit, wie man sie bekommt, wer ...\">\u00a0<\/span><\/h1>\n<\/li>\n<\/ol>\n<p>Sie k\u00f6nnen alle Beitr\u00e4ge auch nach \u201cKategorien\u201d geordnet aufrufen. Bitte nutzen Sie dazu die gleichnamige Auswahl in der rechten Seitenleiste!<\/p>\n<p>Viel Spa\u00df!<\/p>\n<p>Ihr<\/p>\n<p>J\u00fcrgen Vogler<\/p>\n<div class=\"shariff shariff-align-center shariff-widget-align-center\" data-services=\"facebook%7Ctwitter\" data-url=\"https%3A%2F%2Fwolfsmonitor.de%2F%3Fpage_id%3D8688\" data-timestamp=\"1496302462\" data-backendurl=\"?rest_route=\/shariff\/v1\/share_counts&\"><ul class=\"shariff-buttons theme-color orientation-horizontal buttonsize-small\"><li class=\"shariff-button facebook shariff-nocustomcolor\" style=\"background-color:#4273c8\"><a href=\"https:\/\/www.facebook.com\/sharer\/sharer.php?u=https%3A%2F%2Fwolfsmonitor.de%2F%3Fpage_id%3D8688\" title=\"Bei Facebook teilen\" aria-label=\"Bei Facebook teilen\" role=\"button\" rel=\"nofollow\" class=\"shariff-link\" style=\"; background-color:#3b5998; color:#fff\" target=\"_blank\"><span class=\"shariff-icon\" style=\"\"><svg width=\"32px\" height=\"20px\" xmlns=\"http:\/\/www.w3.org\/2000\/svg\" viewBox=\"0 0 18 32\"><path fill=\"#3b5998\" d=\"M17.1 0.2v4.7h-2.8q-1.5 0-2.1 0.6t-0.5 1.9v3.4h5.2l-0.7 5.3h-4.5v13.6h-5.5v-13.6h-4.5v-5.3h4.5v-3.9q0-3.3 1.9-5.2t5-1.8q2.6 0 4.1 0.2z\"\/><\/svg><\/span><span class=\"shariff-text\">teilen<\/span>&nbsp;<span data-service=\"facebook\" style=\"color:#3b5998\" class=\"shariff-count shariff-hidezero\"><\/span>&nbsp;<\/a><\/li><li class=\"shariff-button twitter shariff-nocustomcolor\" style=\"background-color:#32bbf5\"><a href=\"https:\/\/twitter.com\/share?url=https%3A%2F%2Fwolfsmonitor.de%2F%3Fpage_id%3D8688&text=Beitr%C3%A4ge%20Mai%202017\" title=\"Bei Twitter teilen\" aria-label=\"Bei Twitter teilen\" role=\"button\" rel=\"noopener nofollow\" class=\"shariff-link\" style=\"; background-color:#55acee; color:#fff\" target=\"_blank\"><span class=\"shariff-icon\" style=\"\"><svg width=\"32px\" height=\"20px\" xmlns=\"http:\/\/www.w3.org\/2000\/svg\" viewBox=\"0 0 30 32\"><path fill=\"#55acee\" d=\"M29.7 6.8q-1.2 1.8-3 3.1 0 0.3 0 0.8 0 2.5-0.7 4.9t-2.2 4.7-3.5 4-4.9 2.8-6.1 1q-5.1 0-9.3-2.7 0.6 0.1 1.5 0.1 4.3 0 7.6-2.6-2-0.1-3.5-1.2t-2.2-3q0.6 0.1 1.1 0.1 0.8 0 1.6-0.2-2.1-0.4-3.5-2.1t-1.4-3.9v-0.1q1.3 0.7 2.8 0.8-1.2-0.8-2-2.2t-0.7-2.9q0-1.7 0.8-3.1 2.3 2.8 5.5 4.5t7 1.9q-0.2-0.7-0.2-1.4 0-2.5 1.8-4.3t4.3-1.8q2.7 0 4.5 1.9 2.1-0.4 3.9-1.5-0.7 2.2-2.7 3.4 1.8-0.2 3.5-0.9z\"\/><\/svg><\/span><span class=\"shariff-text\">twittern<\/span>&nbsp;<span data-service=\"twitter\" style=\"color:#55acee\" class=\"shariff-count shariff-hidezero\"><\/span>&nbsp;<\/a><\/li><li class=\"shariff-button rss shariff-nocustomcolor\" style=\"background-color:#ff8c00\"><a href=\"https:\/\/wolfsmonitor.de\/?feed=rss\" title=\"RSS-feed\" aria-label=\"RSS-feed\" role=\"button\" class=\"shariff-link\" style=\"; background-color:#fe9312; color:#fff\" target=\"_blank\"><span class=\"shariff-icon\" style=\"\"><svg width=\"32px\" height=\"20px\" xmlns=\"http:\/\/www.w3.org\/2000\/svg\" viewBox=\"0 0 32 32\"><path fill=\"#fe9312\" d=\"M4.3 23.5c-2.3 0-4.3 1.9-4.3 4.3 0 2.3 1.9 4.2 4.3 4.2 2.4 0 4.3-1.9 4.3-4.2 0-2.3-1.9-4.3-4.3-4.3zM0 10.9v6.1c4 0 7.7 1.6 10.6 4.4 2.8 2.8 4.4 6.6 4.4 10.6h6.2c0-11.7-9.5-21.1-21.1-21.1zM0 0v6.1c14.2 0 25.8 11.6 25.8 25.9h6.2c0-17.6-14.4-32-32-32z\"\/><\/svg><\/span><span class=\"shariff-text\">RSS-feed<\/span>&nbsp;<\/a><\/li><li class=\"shariff-button mailto shariff-nocustomcolor\" style=\"background-color:#a8a8a8\"><a href=\"mailto:?body=https%3A%2F%2Fwolfsmonitor.de%2F%3Fpage_id%3D8688&subject=Beitr%C3%A4ge%20Mai%202017\" title=\"Per E-Mail versenden\" aria-label=\"Per E-Mail versenden\" role=\"button\" rel=\"noopener nofollow\" class=\"shariff-link\" style=\"; background-color:#999; color:#fff\"><span class=\"shariff-icon\" style=\"\"><svg width=\"32px\" height=\"20px\" xmlns=\"http:\/\/www.w3.org\/2000\/svg\" viewBox=\"0 0 32 32\"><path fill=\"#999\" d=\"M32 12.7v14.2q0 1.2-0.8 2t-2 0.9h-26.3q-1.2 0-2-0.9t-0.8-2v-14.2q0.8 0.9 1.8 1.6 6.5 4.4 8.9 6.1 1 0.8 1.6 1.2t1.7 0.9 2 0.4h0.1q0.9 0 2-0.4t1.7-0.9 1.6-1.2q3-2.2 8.9-6.1 1-0.7 1.8-1.6zM32 7.4q0 1.4-0.9 2.7t-2.2 2.2q-6.7 4.7-8.4 5.8-0.2 0.1-0.7 0.5t-1 0.7-0.9 0.6-1.1 0.5-0.9 0.2h-0.1q-0.4 0-0.9-0.2t-1.1-0.5-0.9-0.6-1-0.7-0.7-0.5q-1.6-1.1-4.7-3.2t-3.6-2.6q-1.1-0.7-2.1-2t-1-2.5q0-1.4 0.7-2.3t2.1-0.9h26.3q1.2 0 2 0.8t0.9 2z\"\/><\/svg><\/span><span class=\"shariff-text\">E-Mail<\/span>&nbsp;<\/a><\/li><li class=\"shariff-button info shariff-nocustomcolor\" style=\"background-color:#a8a8a8\"><a href=\"http:\/\/ct.de\/-2467514\" title=\"Weitere Informationen\" aria-label=\"Weitere Informationen\" role=\"button\" rel=\"noopener \" class=\"shariff-link\" style=\"; background-color:#999; color:#fff\" target=\"_blank\"><span class=\"shariff-icon\" style=\"\"><svg width=\"32px\" height=\"20px\" xmlns=\"http:\/\/www.w3.org\/2000\/svg\" viewBox=\"0 0 11 32\"><path fill=\"#999\" d=\"M11.4 24v2.3q0 0.5-0.3 0.8t-0.8 0.4h-9.1q-0.5 0-0.8-0.4t-0.4-0.8v-2.3q0-0.5 0.4-0.8t0.8-0.4h1.1v-6.8h-1.1q-0.5 0-0.8-0.4t-0.4-0.8v-2.3q0-0.5 0.4-0.8t0.8-0.4h6.8q0.5 0 0.8 0.4t0.4 0.8v10.3h1.1q0.5 0 0.8 0.4t0.3 0.8zM9.2 3.4v3.4q0 0.5-0.4 0.8t-0.8 0.4h-4.6q-0.4 0-0.8-0.4t-0.4-0.8v-3.4q0-0.4 0.4-0.8t0.8-0.4h4.6q0.5 0 0.8 0.4t0.4 0.8z\"\/><\/svg><\/span><\/a><\/li><\/ul><\/div>","protected":false},"excerpt":{"rendered":"<p>Hier finden Sie alle Wolfsmonitor-Beitr\u00e4ge aus dem Mai 2017! Bitte klicken Sie direkt auf den gew\u00fcnschten Titel im &#8222;Klappmenue&#8220; oben unter &#8222;Beitr\u00e4ge&#8220; oder auf folgende, chronologisch angeordnete Beitrags\u00fcberschriften: Zwei Jahre Wolfsmonitor, 2. Mai 2017 Schweiz: Wolf \u201eM75\u201c zum Abschuss freigegeben, 2. Mai 2017 Das Wolfsbuch des Jahres!, 3. Mai 2017 Jagdverband in Baden-W\u00fcrttemberg warnt vor [&hellip;]<\/p>\n<div class=\"shariff shariff-align-center shariff-widget-align-center\" data-services=\"facebook%7Ctwitter\" data-url=\"https%3A%2F%2Fwolfsmonitor.de%2F%3Fpage_id%3D8688\" data-timestamp=\"1496302462\" data-backendurl=\"?rest_route=\/shariff\/v1\/share_counts&\"><ul class=\"shariff-buttons theme-color orientation-horizontal buttonsize-small\"><li class=\"shariff-button facebook shariff-nocustomcolor\" style=\"background-color:#4273c8\"><a href=\"https:\/\/www.facebook.com\/sharer\/sharer.php?u=https%3A%2F%2Fwolfsmonitor.de%2F%3Fpage_id%3D8688\" title=\"Bei Facebook teilen\" aria-label=\"Bei Facebook teilen\" role=\"button\" rel=\"nofollow\" class=\"shariff-link\" style=\"; background-color:#3b5998; color:#fff\" target=\"_blank\"><span class=\"shariff-icon\" style=\"\"><svg width=\"32px\" height=\"20px\" xmlns=\"http:\/\/www.w3.org\/2000\/svg\" viewBox=\"0 0 18 32\"><path fill=\"#3b5998\" d=\"M17.1 0.2v4.7h-2.8q-1.5 0-2.1 0.6t-0.5 1.9v3.4h5.2l-0.7 5.3h-4.5v13.6h-5.5v-13.6h-4.5v-5.3h4.5v-3.9q0-3.3 1.9-5.2t5-1.8q2.6 0 4.1 0.2z\"\/><\/svg><\/span><span class=\"shariff-text\">teilen<\/span>&nbsp;<span data-service=\"facebook\" style=\"color:#3b5998\" class=\"shariff-count shariff-hidezero\"><\/span>&nbsp;<\/a><\/li><li class=\"shariff-button twitter shariff-nocustomcolor\" style=\"background-color:#32bbf5\"><a href=\"https:\/\/twitter.com\/share?url=https%3A%2F%2Fwolfsmonitor.de%2F%3Fpage_id%3D8688&text=Beitr%C3%A4ge%20Mai%202017\" title=\"Bei Twitter teilen\" aria-label=\"Bei Twitter teilen\" role=\"button\" rel=\"noopener nofollow\" class=\"shariff-link\" style=\"; background-color:#55acee; color:#fff\" target=\"_blank\"><span class=\"shariff-icon\" style=\"\"><svg width=\"32px\" height=\"20px\" xmlns=\"http:\/\/www.w3.org\/2000\/svg\" viewBox=\"0 0 30 32\"><path fill=\"#55acee\" d=\"M29.7 6.8q-1.2 1.8-3 3.1 0 0.3 0 0.8 0 2.5-0.7 4.9t-2.2 4.7-3.5 4-4.9 2.8-6.1 1q-5.1 0-9.3-2.7 0.6 0.1 1.5 0.1 4.3 0 7.6-2.6-2-0.1-3.5-1.2t-2.2-3q0.6 0.1 1.1 0.1 0.8 0 1.6-0.2-2.1-0.4-3.5-2.1t-1.4-3.9v-0.1q1.3 0.7 2.8 0.8-1.2-0.8-2-2.2t-0.7-2.9q0-1.7 0.8-3.1 2.3 2.8 5.5 4.5t7 1.9q-0.2-0.7-0.2-1.4 0-2.5 1.8-4.3t4.3-1.8q2.7 0 4.5 1.9 2.1-0.4 3.9-1.5-0.7 2.2-2.7 3.4 1.8-0.2 3.5-0.9z\"\/><\/svg><\/span><span class=\"shariff-text\">twittern<\/span>&nbsp;<span data-service=\"twitter\" style=\"color:#55acee\" class=\"shariff-count shariff-hidezero\"><\/span>&nbsp;<\/a><\/li><li class=\"shariff-button rss shariff-nocustomcolor\" style=\"background-color:#ff8c00\"><a href=\"https:\/\/wolfsmonitor.de\/?feed=rss\" title=\"RSS-feed\" aria-label=\"RSS-feed\" role=\"button\" class=\"shariff-link\" style=\"; background-color:#fe9312; color:#fff\" target=\"_blank\"><span class=\"shariff-icon\" style=\"\"><svg width=\"32px\" height=\"20px\" xmlns=\"http:\/\/www.w3.org\/2000\/svg\" viewBox=\"0 0 32 32\"><path fill=\"#fe9312\" d=\"M4.3 23.5c-2.3 0-4.3 1.9-4.3 4.3 0 2.3 1.9 4.2 4.3 4.2 2.4 0 4.3-1.9 4.3-4.2 0-2.3-1.9-4.3-4.3-4.3zM0 10.9v6.1c4 0 7.7 1.6 10.6 4.4 2.8 2.8 4.4 6.6 4.4 10.6h6.2c0-11.7-9.5-21.1-21.1-21.1zM0 0v6.1c14.2 0 25.8 11.6 25.8 25.9h6.2c0-17.6-14.4-32-32-32z\"\/><\/svg><\/span><span class=\"shariff-text\">RSS-feed<\/span>&nbsp;<\/a><\/li><li class=\"shariff-button mailto shariff-nocustomcolor\" style=\"background-color:#a8a8a8\"><a href=\"mailto:?body=https%3A%2F%2Fwolfsmonitor.de%2F%3Fpage_id%3D8688&subject=Beitr%C3%A4ge%20Mai%202017\" title=\"Per E-Mail versenden\" aria-label=\"Per E-Mail versenden\" role=\"button\" rel=\"noopener nofollow\" class=\"shariff-link\" style=\"; background-color:#999; color:#fff\"><span class=\"shariff-icon\" style=\"\"><svg width=\"32px\" height=\"20px\" xmlns=\"http:\/\/www.w3.org\/2000\/svg\" viewBox=\"0 0 32 32\"><path fill=\"#999\" d=\"M32 12.7v14.2q0 1.2-0.8 2t-2 0.9h-26.3q-1.2 0-2-0.9t-0.8-2v-14.2q0.8 0.9 1.8 1.6 6.5 4.4 8.9 6.1 1 0.8 1.6 1.2t1.7 0.9 2 0.4h0.1q0.9 0 2-0.4t1.7-0.9 1.6-1.2q3-2.2 8.9-6.1 1-0.7 1.8-1.6zM32 7.4q0 1.4-0.9 2.7t-2.2 2.2q-6.7 4.7-8.4 5.8-0.2 0.1-0.7 0.5t-1 0.7-0.9 0.6-1.1 0.5-0.9 0.2h-0.1q-0.4 0-0.9-0.2t-1.1-0.5-0.9-0.6-1-0.7-0.7-0.5q-1.6-1.1-4.7-3.2t-3.6-2.6q-1.1-0.7-2.1-2t-1-2.5q0-1.4 0.7-2.3t2.1-0.9h26.3q1.2 0 2 0.8t0.9 2z\"\/><\/svg><\/span><span class=\"shariff-text\">E-Mail<\/span>&nbsp;<\/a><\/li><li class=\"shariff-button info shariff-nocustomcolor\" style=\"background-color:#a8a8a8\"><a href=\"http:\/\/ct.de\/-2467514\" title=\"Weitere Informationen\" aria-label=\"Weitere Informationen\" role=\"button\" rel=\"noopener \" class=\"shariff-link\" style=\"; background-color:#999; color:#fff\" target=\"_blank\"><span class=\"shariff-icon\" style=\"\"><svg width=\"32px\" height=\"20px\" xmlns=\"http:\/\/www.w3.org\/2000\/svg\" viewBox=\"0 0 11 32\"><path fill=\"#999\" d=\"M11.4 24v2.3q0 0.5-0.3 0.8t-0.8 0.4h-9.1q-0.5 0-0.8-0.4t-0.4-0.8v-2.3q0-0.5 0.4-0.8t0.8-0.4h1.1v-6.8h-1.1q-0.5 0-0.8-0.4t-0.4-0.8v-2.3q0-0.5 0.4-0.8t0.8-0.4h6.8q0.5 0 0.8 0.4t0.4 0.8v10.3h1.1q0.5 0 0.8 0.4t0.3 0.8zM9.2 3.4v3.4q0 0.5-0.4 0.8t-0.8 0.4h-4.6q-0.4 0-0.8-0.4t-0.4-0.8v-3.4q0-0.4 0.4-0.8t0.8-0.4h4.6q0.5 0 0.8 0.4t0.4 0.8z\"\/><\/svg><\/span><\/a><\/li><\/ul><\/div>","protected":false},"author":1,"featured_media":0,"parent":28,"menu_order":16,"comment_status":"closed","ping_status":"closed","template":"","meta":{"spay_email":""},"jetpack_shortlink":"https:\/\/wp.me\/P61YbU-2g8","jetpack-related-posts":[{"id":18500,"url":"https:\/\/wolfsmonitor.de\/?page_id=18500","url_meta":{"origin":8688,"position":0},"title":"Beitr\u00e4ge Mai 2020","date":"18. Mai 2020","format":false,"excerpt":"Hier finden Sie alle Beitr\u00e4ge aus dem Mai 2020, dem einundsechzigsten Monat des Blogs! Bitte klicken Sie direkt auf den gew\u00fcnschten Titel in der Menueauswahl oder auf folgende, chronologisch angeordnete Beitrags\u00fcberschriften: Olaf Lies verk\u00fcndet Wolfsverordnung f\u00fcr Niedersachsen, 18. Mai 2020Pr\u00fcfung der \u00c4nderungen im Naturschutzgesetz des Bundes auf EU-Konformit\u00e4t, 20. Mai\u2026","rel":"","context":"\u00c4hnlicher Beitrag","img":{"alt_text":"","src":"","width":0,"height":0},"classes":[]},{"id":843,"url":"https:\/\/wolfsmonitor.de\/?page_id=843","url_meta":{"origin":8688,"position":1},"title":"Beitr\u00e4ge Mai 2015","date":"19. Juli 2015","format":false,"excerpt":"Hier finden Sie alle Beitr\u00e4ge aus dem Mai 2015, dem zweiten Monat des Blogs! Bitte klicken Sie direkt auf den gew\u00fcnschten Titel in der Menueauswahl oder auf folgende, chronologisch angeordnete Beitrags\u00fcberschriften: Auf der Suche nach \"echten Wolfsexperten\", 3. Mai 2015 100 Monitoringtage je Wolfsrudel, 4. Mai 2015 Die Zahl 1000\u2026","rel":"","context":"\u00c4hnlicher Beitrag","img":{"alt_text":"","src":"","width":0,"height":0},"classes":[]},{"id":3296,"url":"https:\/\/wolfsmonitor.de\/?page_id=3296","url_meta":{"origin":8688,"position":2},"title":"Beitr\u00e4ge Mai 2016","date":"1. Mai 2016","format":false,"excerpt":"Hier finden Sie alle Beitr\u00e4ge aus dem Mai 2016, dem dreizehnten Monat des Blogs Wolfsmonitor! Bitte klicken Sie direkt auf den gew\u00fcnschten Titel im \"Klappmenue\" oben unter \"Beitr\u00e4ge\" oder auf folgende, chronologisch angeordnete Beitrags\u00fcberschriften: Wolfsabschuss hat juristisches Nachspiel, 2. Mai 2016 Wolfsexperte Boitani: \"Kurtis\" Verhalten war keineswegs unnat\u00fcrlich!, 2. Mai\u2026","rel":"","context":"\u00c4hnlicher Beitrag","img":{"alt_text":"","src":"","width":0,"height":0},"classes":[]},{"id":13413,"url":"https:\/\/wolfsmonitor.de\/?page_id=13413","url_meta":{"origin":8688,"position":3},"title":"Beitr\u00e4ge Mai 2018","date":"1. Mai 2018","format":false,"excerpt":"Hier finden Sie alle Wolfsmonitor-Beitr\u00e4ge aus dem Mai 2018. Bitte klicken Sie direkt auf den gew\u00fcnschten Titel im \"Klappmenue\" oben unter \"Beitr\u00e4ge\" oder auf folgende, chronologisch angeordnete Beitrags\u00fcberschriften. Das Wolfss\u00fcppchen der Konservativen, 1. Mai 2018 \u201eKundige Wolfsberater\u201c, 2. Mai 2018 Irritierende Schlagzeilen nach Nutztier\u00fcbergriff am Tag des Wolfes, 3. Mai\u2026","rel":"","context":"\u00c4hnlicher Beitrag","img":{"alt_text":"","src":"","width":0,"height":0},"classes":[]},{"id":17168,"url":"https:\/\/wolfsmonitor.de\/?page_id=17168","url_meta":{"origin":8688,"position":4},"title":"Beitr\u00e4ge Mai 2019","date":"1. Mai 2019","format":false,"excerpt":"Hier finden Sie alle Wolfsmonitor-Beitr\u00e4ge aus dem Mai 2019. Am Tag des Wolfes: NABU sieht Ministerin Julia Kl\u00f6ckner in der Pflicht, 1. Mai 2019 Wolfsfrage wird jetzt Chefsache, 6. Mai 2019 Niedersachsen: Schuld sind offenbar immer nur die anderen..., 7. Mai 2019 NABU, WWF und IFAW: Harsche Kritik am beh\u00f6rdlichen\u2026","rel":"","context":"\u00c4hnlicher Beitrag","img":{"alt_text":"","src":"","width":0,"height":0},"classes":[]},{"id":6943,"url":"https:\/\/wolfsmonitor.de\/?page_id=6943","url_meta":{"origin":8688,"position":5},"title":"Beitr\u00e4ge aus dem Jahr 2015","date":"1. Januar 2017","format":false,"excerpt":"Zur Weiterleitung bitte auf den jeweiligen Monat klicken! Dezember 2015 November 2015 Oktober 2015 September 2015 August 2015 Juli 2015 Juni 2015 Mai 2015 Blogstart im April 2015","rel":"","context":"\u00c4hnlicher Beitrag","img":{"alt_text":"","src":"","width":0,"height":0},"classes":[]}],"_links":{"self":[{"href":"https:\/\/wolfsmonitor.de\/index.php?rest_route=\/wp\/v2\/pages\/8688"}],"collection":[{"href":"https:\/\/wolfsmonitor.de\/index.php?rest_route=\/wp\/v2\/pages"}],"about":[{"href":"https:\/\/wolfsmonitor.de\/index.php?rest_route=\/wp\/v2\/types\/page"}],"author":[{"embeddable":true,"href":"https:\/\/wolfsmonitor.de\/index.php?rest_route=\/wp\/v2\/users\/1"}],"replies":[{"embeddable":true,"href":"https:\/\/wolfsmonitor.de\/index.php?rest_route=%2Fwp%2Fv2%2Fcomments&post=8688"}],"version-history":[{"count":35,"href":"https:\/\/wolfsmonitor.de\/index.php?rest_route=\/wp\/v2\/pages\/8688\/revisions"}],"predecessor-version":[{"id":9125,"href":"https:\/\/wolfsmonitor.de\/index.php?rest_route=\/wp\/v2\/pages\/8688\/revisions\/9125"}],"up":[{"embeddable":true,"href":"https:\/\/wolfsmonitor.de\/index.php?rest_route=\/wp\/v2\/pages\/28"}],"wp:attachment":[{"href":"https:\/\/wolfsmonitor.de\/index.php?rest_route=%2Fwp%2Fv2%2Fmedia&parent=8688"}],"curies":[{"name":"wp","href":"https:\/\/api.w.org\/{rel}","templated":true}]}}