{"id":9840,"date":"2017-08-01T22:24:10","date_gmt":"2017-08-01T20:24:10","guid":{"rendered":"http:\/\/wolfsmonitor.de\/?page_id=9840"},"modified":"2017-08-31T22:12:18","modified_gmt":"2017-08-31T20:12:18","slug":"beitraege-august-2017","status":"publish","type":"page","link":"https:\/\/wolfsmonitor.de\/?page_id=9840","title":{"rendered":"Beitr\u00e4ge August 2017"},"content":{"rendered":"<p>Hier finden Sie alle Wolfsmonitor-Beitr\u00e4ge aus dem August 2017!<\/p>\n<p><span title=\"umwelt.nrw-Info 1.4.2016\">Bitte klicken Sie direkt auf den gew\u00fcnschten Titel im &#8222;Klappmenue&#8220; oben unter &#8222;Beitr\u00e4ge&#8220; oder auf folgende, chronologisch angeordnete Beitrags\u00fcberschriften:<\/span><span id=\"eow-title\" class=\"watch-title\" dir=\"ltr\" title=\"re:publica 2017 - Flachsinn - \u00fcber gute und schlechte Aufmerksamkeit, wie man sie bekommt, wer ...\"><\/span><\/p>\n<ol>\n<li><span style=\"color: #0000ff;\"><a style=\"color: #0000ff;\" href=\"https:\/\/wolfsmonitor.de\/?p=9837\" target=\"_blank\" rel=\"noopener\">WWF: Werbung f\u00fcr Wolfsabsch\u00fcsse ist ein Skandal<\/a><\/span>, 1. August 2017<\/li>\n<li><span style=\"color: #0000ff;\"><a style=\"color: #0000ff;\" href=\"https:\/\/wolfsmonitor.de\/?p=9845\" target=\"_blank\" rel=\"noopener\">Stiftungschef: Wolfs-Abschusspl\u00e4ne von Minister Christian Schmidt \u201ekontraproduktiv\u201c<\/a>,<\/span> 2. August 2017<\/li>\n<li><span style=\"color: #0000ff;\"><a style=\"color: #0000ff;\" href=\"https:\/\/wolfsmonitor.de\/?p=9854\" target=\"_blank\" rel=\"noopener\">Cuxhavener Arbeitskreis Wolf tagte: Die Ergebnisse<\/a><\/span>, 3. August 2017<\/li>\n<li><span style=\"color: #0000ff;\"><a style=\"color: #0000ff;\" href=\"https:\/\/wolfsmonitor.de\/?p=9859\" target=\"_blank\" rel=\"noopener\">Niedersachsens Neuwahl und die W\u00f6lfe<\/a><\/span>, 4. August 2017<\/li>\n<li><span style=\"color: #0000ff;\"><a style=\"color: #0000ff;\" href=\"https:\/\/wolfsmonitor.de\/?p=9875\" target=\"_blank\" rel=\"noopener\">Best\u00e4tigt: Erstes Wolfsrudel im Bayerischen Wald<\/a><\/span>, 5. August 2017<\/li>\n<li><a href=\"https:\/\/wolfsmonitor.de\/?p=9886\" target=\"_blank\" rel=\"noopener\"><span style=\"color: #0000ff;\">Fall Twesten: W\u00f6lfe tragen offenbar Mitschuld an der Regierungskrise in Niedersachsen<\/span><\/a>, 7. August 2017<\/li>\n<li><a href=\"https:\/\/wolfsmonitor.de\/?p=9895\" target=\"_blank\" rel=\"noopener\"><span style=\"color: #0000ff;\">Verwirrend? &#8211; &#8222;Wolfsexperte&#8220; ohne Zust\u00e4ndigkeit&#8230;<\/span><\/a>, 8. August 2017<\/li>\n<li><a href=\"https:\/\/wolfsmonitor.de\/?p=9912\" target=\"_blank\" rel=\"noopener\"><span style=\"color: #0000ff;\">Traurige Gewissheit: Schwarzwald-Wolf wurde erschossen<\/span><\/a>, 8. August 2017<\/li>\n<li><a href=\"https:\/\/wolfsmonitor.de\/?p=9918\" target=\"_blank\" rel=\"noopener\"><span style=\"color: #0000ff;\">\u201eWolfsgutachten\u201c in Nordrhein-Westfalen: Zweifelhafte Objektivit\u00e4t!<\/span><\/a>, 9. August 2017<\/li>\n<li><a href=\"https:\/\/wolfsmonitor.de\/?p=9939\" target=\"_blank\" rel=\"noopener\"><span style=\"color: #0000ff;\">NABU und Landesjagdverband in NRW: Keine Aufnahme des Wolfes ins Jagdrecht!<\/span>,<\/a> 10. August 2017<\/li>\n<li><span style=\"color: #0000ff;\"><a href=\"https:\/\/wolfsmonitor.de\/?p=9935\" target=\"_blank\" rel=\"noopener\"><span style=\"color: #0000ff;\">\u00d6JV-Baden-W\u00fcrttemberg: \u201eDie Absicht des illegalen Wolfsabschusses ist klar!\u201c<\/span><\/a><\/span>, 10. August 2017<\/li>\n<li><a href=\"https:\/\/wolfsmonitor.de\/?p=9957\" target=\"_blank\" rel=\"noopener\"><span style=\"color: #0000ff;\">&#8222;Unser badisches Nashorn ist der Wolf!&#8220;<\/span><\/a>, 11. August 2017<\/li>\n<li><a href=\"https:\/\/wolfsmonitor.de\/?p=9961\" target=\"_blank\" rel=\"noopener\"><span style=\"color: #0000ff;\">Rheinische Landwirte gegen Abschussquote f\u00fcr W\u00f6lfe<\/span><\/a>, 12. August 2017<\/li>\n<li><a href=\"https:\/\/wolfsmonitor.de\/?p=9974\" target=\"_blank\" rel=\"noopener\"><span style=\"color: #0000ff;\">Verfehlter und verlogener Mahnfeuer-Aktionismus<\/span><\/a>, 13. August 2017<\/li>\n<li><span style=\"color: #0000ff;\"><a href=\"https:\/\/wolfsmonitor.de\/?p=9985\" target=\"_blank\" rel=\"noopener\"><span style=\"color: #0000ff;\">S\u00fcddeutsche Zeitung: &#8222;Was f\u00fcr ein Armutszeugnis!&#8220;<\/span><\/a><\/span>, 14. August 2017<\/li>\n<li><span style=\"color: #0000ff;\"><a href=\"https:\/\/wolfsmonitor.de\/?p=9991\" target=\"_blank\" rel=\"noopener\"><span style=\"color: #0000ff;\">Traurige Gewissheit: Eine Woche nach dem illegal get\u00f6teten Wolf im Schwarzwald das n\u00e4chste Opfer<\/span><\/a>, <\/span>15. August 2017<\/li>\n<li><span style=\"color: #0000ff;\"><a href=\"https:\/\/wolfsmonitor.de\/?p=9996\" target=\"_blank\" rel=\"noopener\"><span style=\"color: #0000ff;\">Bauernverband: Ablenkungsman\u00f6ver auf Kosten der W\u00f6lfe?<\/span><\/a><\/span>, 16. August 2017<\/li>\n<li><a href=\"https:\/\/wolfsmonitor.de\/?p=10012\" target=\"_blank\" rel=\"noopener\"><span style=\"color: #0000ff;\">Der Wolf als Glaubensfrage..<\/span>.<\/a>, 17. August 2017<\/li>\n<li><a href=\"https:\/\/wolfsmonitor.de\/?p=10021\" target=\"_blank\" rel=\"noopener\"><span style=\"color: #0000ff;\">Hat sich das Cuxhavener Wolfsrudel auf Rinderrisse spezialisiert?<\/span><\/a>, 18. August 2017<\/li>\n<li><span style=\"color: #0000ff;\"><a href=\"https:\/\/wolfsmonitor.de\/?p=10018\" target=\"_blank\" rel=\"noopener\"><span style=\"color: #0000ff;\">Abschussquoten f\u00fcr W\u00f6lfe funktionieren weder in Schweden noch in Frankreich<\/span><\/a><\/span>, 18. August 2017<\/li>\n<li><span style=\"color: #0000ff;\"><a href=\"https:\/\/wolfsmonitor.de\/?p=10033\" target=\"_blank\" rel=\"noopener\"><span style=\"color: #0000ff;\">Niedersachsen: Empfohlene wolfsabweisende Schutzma\u00dfnahmen bieten in der Regel guten Schutz<\/span><\/a>,<\/span> 19. August 2017<\/li>\n<li><span style=\"color: #0000ff;\"><a href=\"https:\/\/wolfsmonitor.de\/?p=10044\" target=\"_blank\" rel=\"noopener\"><span style=\"color: #0000ff;\">Bundestagswahl-Kandidat mit nur einem Thema: W\u00f6lfe regulieren<\/span><\/a>,<\/span> 20. August 2017<\/li>\n<li><span style=\"color: #0000ff;\"><a href=\"https:\/\/wolfsmonitor.de\/?p=10059\" target=\"_blank\" rel=\"noopener\"><span style=\"color: #0000ff;\">BUND in NRW: &#8222;Warum kein Mahnfeuer gegen die Sch\u00e4digung des Grundwassers durch G\u00fclle?&#8220;<\/span><\/a><\/span>, 21. August 2017<\/li>\n<li><a href=\"https:\/\/wolfsmonitor.de\/?p=10073\" target=\"_blank\" rel=\"noopener\"><span style=\"color: #0000ff;\">Oh Gott! Arbeitskreis im Cuxland will angebliche L\u00fccken im Managementplan f\u00fcr W\u00f6lfe selbst f\u00fcllen<\/span><\/a>, 22. August 2017<\/li>\n<li><span style=\"color: #0000ff;\"><a href=\"https:\/\/wolfsmonitor.de\/?p=10089\" target=\"_blank\" rel=\"noopener\"><span style=\"color: #0000ff;\">Karte: Wolfsverbreitung in \u00d6sterreich<\/span><\/a><\/span>, 22. August 2017<\/li>\n<li><span style=\"color: #0000ff;\"><a href=\"https:\/\/wolfsmonitor.de\/?p=10095\" target=\"_blank\" rel=\"noopener\"><span style=\"color: #0000ff;\">Lesenswerter Kommentar: Wolfsabschuss<\/span> <span style=\"color: #0000ff;\">ist<\/span> <span style=\"color: #0000ff;\">unvern\u00fcnftig!<\/span><\/a>,<\/span> 23. August 2017<\/li>\n<li><span style=\"color: #0000ff;\"><a href=\"https:\/\/wolfsmonitor.de\/?p=10111\" target=\"_blank\" rel=\"noopener\"><span style=\"color: #0000ff;\">Wolfsschutzverein: Beunruhigende Vorg\u00e4nge im Gebiet der Goldenstedter W\u00f6lfin<\/span><\/a>,<\/span> 23. August 2017<\/li>\n<li><a href=\"https:\/\/wolfsmonitor.de\/?p=10101\" target=\"_blank\" rel=\"noopener\"><span style=\"color: #0000ff;\">Landesj\u00e4gerschaft Niedersachsen: Politisch motivierte Pressemeldung?<\/span><\/a>, 24. August 2017<\/li>\n<li><span style=\"color: #0000ff;\"><a href=\"https:\/\/wolfsmonitor.de\/?p=10124\" target=\"_blank\" rel=\"noopener\"><span style=\"color: #0000ff;\">Wolfssch\u00e4den im Vergleich zu Sch\u00e4den von Mardern vernachl\u00e4ssigbar gering<\/span><\/a><\/span>, 25. August 2017<\/li>\n<li><span style=\"color: #0000ff;\"><a href=\"https:\/\/wolfsmonitor.de\/?p=10130\" target=\"_blank\" rel=\"noopener\"><span style=\"color: #0000ff;\">Goldenstedt: Sechs Wolfswelpen und zahlreiche Bedenken<\/span><\/a><\/span>, 26. August 2017<\/li>\n<li><span style=\"color: #0000ff;\"><a href=\"https:\/\/wolfsmonitor.de\/?p=10143\" target=\"_blank\" rel=\"noopener\"><span style=\"color: #0000ff;\">Wolfs-Infoveranstaltung: &#8222;W\u00e4re, w\u00e4re &#8211; Fahrradkette&#8220;<\/span><\/a>,<\/span> 27. August 2017<\/li>\n<li><span style=\"color: #0000ff;\"><a href=\"https:\/\/wolfsmonitor.de\/?p=10173\" target=\"_blank\" rel=\"noopener\"><span style=\"color: #0000ff;\">Eselei mit Eseln<\/span><\/a><\/span>, 28. August 2017<\/li>\n<li><a href=\"https:\/\/wolfsmonitor.de\/?p=10185\" target=\"_blank\" rel=\"noopener\"><span style=\"color: #0000ff;\">Nach 25 illegal get\u00f6teten W\u00f6lfen in Deutschland: Jetzt 24-Stunden-Wilderei-Notrufhotline<\/span><\/a>, 29. August 2017<\/li>\n<li><span style=\"color: #0000ff;\"><a href=\"https:\/\/wolfsmonitor.de\/?p=10196\" target=\"_blank\" rel=\"noopener\"><span style=\"color: #0000ff;\">Niedersachsen: Althusmanns Agrarministerin in spe kritisiert W\u00f6lfe scharf!<\/span><\/a><\/span>, 29. August 2017<\/li>\n<li><span style=\"color: #0000ff;\"><a href=\"https:\/\/wolfsmonitor.de\/?p=10205\" target=\"_blank\" rel=\"noopener\"><span style=\"color: #0000ff;\">Klare Kante des Umweltministeriums in Berlin beim Wolf<\/span><\/a>, <\/span>30. August 2017<\/li>\n<li><a href=\"https:\/\/wolfsmonitor.de\/?p=10213\" target=\"_blank\" rel=\"noopener\"><span style=\"color: #0000ff;\">W\u00f6lfe als unverh\u00e4ltnism\u00e4\u00dfiges Wahlkampfthema<\/span><\/a>, 31. August 2017<\/li>\n<\/ol>\n<p>Sie k\u00f6nnen alle Beitr\u00e4ge auch nach \u201cKategorien\u201d geordnet aufrufe.n. Bitte nutzen Sie dazu die gleichnamige Auswahl in der rechten Seitenleiste!<\/p>\n<p>Viel Spa\u00df!<\/p>\n<p>Ihr<\/p>\n<p style=\"color: #0000ff;\"><span style=\"color: #000000;\">J\u00fcrgen Vogler<\/span><\/p>\n<p>&nbsp;<\/p>\n<div class=\"shariff shariff-align-center shariff-widget-align-center\" data-services=\"facebook%7Ctwitter\" data-url=\"https%3A%2F%2Fwolfsmonitor.de%2F%3Fpage_id%3D9840\" data-timestamp=\"1504217538\" data-backendurl=\"?rest_route=\/shariff\/v1\/share_counts&\"><ul class=\"shariff-buttons theme-color orientation-horizontal buttonsize-small\"><li class=\"shariff-button facebook shariff-nocustomcolor\" style=\"background-color:#4273c8\"><a href=\"https:\/\/www.facebook.com\/sharer\/sharer.php?u=https%3A%2F%2Fwolfsmonitor.de%2F%3Fpage_id%3D9840\" title=\"Bei Facebook teilen\" aria-label=\"Bei Facebook teilen\" role=\"button\" rel=\"nofollow\" class=\"shariff-link\" style=\"; background-color:#3b5998; color:#fff\" target=\"_blank\"><span class=\"shariff-icon\" style=\"\"><svg width=\"32px\" height=\"20px\" xmlns=\"http:\/\/www.w3.org\/2000\/svg\" viewBox=\"0 0 18 32\"><path fill=\"#3b5998\" d=\"M17.1 0.2v4.7h-2.8q-1.5 0-2.1 0.6t-0.5 1.9v3.4h5.2l-0.7 5.3h-4.5v13.6h-5.5v-13.6h-4.5v-5.3h4.5v-3.9q0-3.3 1.9-5.2t5-1.8q2.6 0 4.1 0.2z\"\/><\/svg><\/span><span class=\"shariff-text\">teilen<\/span>&nbsp;<span data-service=\"facebook\" style=\"color:#3b5998\" class=\"shariff-count shariff-hidezero\"><\/span>&nbsp;<\/a><\/li><li class=\"shariff-button twitter shariff-nocustomcolor\" style=\"background-color:#32bbf5\"><a href=\"https:\/\/twitter.com\/share?url=https%3A%2F%2Fwolfsmonitor.de%2F%3Fpage_id%3D9840&text=Beitr%C3%A4ge%20August%202017\" title=\"Bei Twitter teilen\" aria-label=\"Bei Twitter teilen\" role=\"button\" rel=\"noopener nofollow\" class=\"shariff-link\" style=\"; background-color:#55acee; color:#fff\" target=\"_blank\"><span class=\"shariff-icon\" style=\"\"><svg width=\"32px\" height=\"20px\" xmlns=\"http:\/\/www.w3.org\/2000\/svg\" viewBox=\"0 0 30 32\"><path fill=\"#55acee\" d=\"M29.7 6.8q-1.2 1.8-3 3.1 0 0.3 0 0.8 0 2.5-0.7 4.9t-2.2 4.7-3.5 4-4.9 2.8-6.1 1q-5.1 0-9.3-2.7 0.6 0.1 1.5 0.1 4.3 0 7.6-2.6-2-0.1-3.5-1.2t-2.2-3q0.6 0.1 1.1 0.1 0.8 0 1.6-0.2-2.1-0.4-3.5-2.1t-1.4-3.9v-0.1q1.3 0.7 2.8 0.8-1.2-0.8-2-2.2t-0.7-2.9q0-1.7 0.8-3.1 2.3 2.8 5.5 4.5t7 1.9q-0.2-0.7-0.2-1.4 0-2.5 1.8-4.3t4.3-1.8q2.7 0 4.5 1.9 2.1-0.4 3.9-1.5-0.7 2.2-2.7 3.4 1.8-0.2 3.5-0.9z\"\/><\/svg><\/span><span class=\"shariff-text\">twittern<\/span>&nbsp;<span data-service=\"twitter\" style=\"color:#55acee\" class=\"shariff-count shariff-hidezero\"><\/span>&nbsp;<\/a><\/li><li class=\"shariff-button rss shariff-nocustomcolor\" style=\"background-color:#ff8c00\"><a href=\"https:\/\/wolfsmonitor.de\/?feed=rss\" title=\"RSS-feed\" aria-label=\"RSS-feed\" role=\"button\" class=\"shariff-link\" style=\"; background-color:#fe9312; color:#fff\" target=\"_blank\"><span class=\"shariff-icon\" style=\"\"><svg width=\"32px\" height=\"20px\" xmlns=\"http:\/\/www.w3.org\/2000\/svg\" viewBox=\"0 0 32 32\"><path fill=\"#fe9312\" d=\"M4.3 23.5c-2.3 0-4.3 1.9-4.3 4.3 0 2.3 1.9 4.2 4.3 4.2 2.4 0 4.3-1.9 4.3-4.2 0-2.3-1.9-4.3-4.3-4.3zM0 10.9v6.1c4 0 7.7 1.6 10.6 4.4 2.8 2.8 4.4 6.6 4.4 10.6h6.2c0-11.7-9.5-21.1-21.1-21.1zM0 0v6.1c14.2 0 25.8 11.6 25.8 25.9h6.2c0-17.6-14.4-32-32-32z\"\/><\/svg><\/span><span class=\"shariff-text\">RSS-feed<\/span>&nbsp;<\/a><\/li><li class=\"shariff-button mailto shariff-nocustomcolor\" style=\"background-color:#a8a8a8\"><a href=\"mailto:?body=https%3A%2F%2Fwolfsmonitor.de%2F%3Fpage_id%3D9840&subject=Beitr%C3%A4ge%20August%202017\" title=\"Per E-Mail versenden\" aria-label=\"Per E-Mail versenden\" role=\"button\" rel=\"noopener nofollow\" class=\"shariff-link\" style=\"; background-color:#999; color:#fff\"><span class=\"shariff-icon\" style=\"\"><svg width=\"32px\" height=\"20px\" xmlns=\"http:\/\/www.w3.org\/2000\/svg\" viewBox=\"0 0 32 32\"><path fill=\"#999\" d=\"M32 12.7v14.2q0 1.2-0.8 2t-2 0.9h-26.3q-1.2 0-2-0.9t-0.8-2v-14.2q0.8 0.9 1.8 1.6 6.5 4.4 8.9 6.1 1 0.8 1.6 1.2t1.7 0.9 2 0.4h0.1q0.9 0 2-0.4t1.7-0.9 1.6-1.2q3-2.2 8.9-6.1 1-0.7 1.8-1.6zM32 7.4q0 1.4-0.9 2.7t-2.2 2.2q-6.7 4.7-8.4 5.8-0.2 0.1-0.7 0.5t-1 0.7-0.9 0.6-1.1 0.5-0.9 0.2h-0.1q-0.4 0-0.9-0.2t-1.1-0.5-0.9-0.6-1-0.7-0.7-0.5q-1.6-1.1-4.7-3.2t-3.6-2.6q-1.1-0.7-2.1-2t-1-2.5q0-1.4 0.7-2.3t2.1-0.9h26.3q1.2 0 2 0.8t0.9 2z\"\/><\/svg><\/span><span class=\"shariff-text\">E-Mail<\/span>&nbsp;<\/a><\/li><li class=\"shariff-button info shariff-nocustomcolor\" style=\"background-color:#a8a8a8\"><a href=\"http:\/\/ct.de\/-2467514\" title=\"Weitere Informationen\" aria-label=\"Weitere Informationen\" role=\"button\" rel=\"noopener \" class=\"shariff-link\" style=\"; background-color:#999; color:#fff\" target=\"_blank\"><span class=\"shariff-icon\" style=\"\"><svg width=\"32px\" height=\"20px\" xmlns=\"http:\/\/www.w3.org\/2000\/svg\" viewBox=\"0 0 11 32\"><path fill=\"#999\" d=\"M11.4 24v2.3q0 0.5-0.3 0.8t-0.8 0.4h-9.1q-0.5 0-0.8-0.4t-0.4-0.8v-2.3q0-0.5 0.4-0.8t0.8-0.4h1.1v-6.8h-1.1q-0.5 0-0.8-0.4t-0.4-0.8v-2.3q0-0.5 0.4-0.8t0.8-0.4h6.8q0.5 0 0.8 0.4t0.4 0.8v10.3h1.1q0.5 0 0.8 0.4t0.3 0.8zM9.2 3.4v3.4q0 0.5-0.4 0.8t-0.8 0.4h-4.6q-0.4 0-0.8-0.4t-0.4-0.8v-3.4q0-0.4 0.4-0.8t0.8-0.4h4.6q0.5 0 0.8 0.4t0.4 0.8z\"\/><\/svg><\/span><\/a><\/li><\/ul><\/div>","protected":false},"excerpt":{"rendered":"<p>Hier finden Sie alle Wolfsmonitor-Beitr\u00e4ge aus dem August 2017! Bitte klicken Sie direkt auf den gew\u00fcnschten Titel im &#8222;Klappmenue&#8220; oben unter &#8222;Beitr\u00e4ge&#8220; oder auf folgende, chronologisch angeordnete Beitrags\u00fcberschriften: WWF: Werbung f\u00fcr Wolfsabsch\u00fcsse ist ein Skandal, 1. August 2017 Stiftungschef: Wolfs-Abschusspl\u00e4ne von Minister Christian Schmidt \u201ekontraproduktiv\u201c, 2. August 2017 Cuxhavener Arbeitskreis Wolf tagte: Die Ergebnisse, 3. [&hellip;]<\/p>\n<div class=\"shariff shariff-align-center shariff-widget-align-center\" data-services=\"facebook%7Ctwitter\" data-url=\"https%3A%2F%2Fwolfsmonitor.de%2F%3Fpage_id%3D9840\" data-timestamp=\"1504217538\" data-backendurl=\"?rest_route=\/shariff\/v1\/share_counts&\"><ul class=\"shariff-buttons theme-color orientation-horizontal buttonsize-small\"><li class=\"shariff-button facebook shariff-nocustomcolor\" style=\"background-color:#4273c8\"><a href=\"https:\/\/www.facebook.com\/sharer\/sharer.php?u=https%3A%2F%2Fwolfsmonitor.de%2F%3Fpage_id%3D9840\" title=\"Bei Facebook teilen\" aria-label=\"Bei Facebook teilen\" role=\"button\" rel=\"nofollow\" class=\"shariff-link\" style=\"; background-color:#3b5998; color:#fff\" target=\"_blank\"><span class=\"shariff-icon\" style=\"\"><svg width=\"32px\" height=\"20px\" xmlns=\"http:\/\/www.w3.org\/2000\/svg\" viewBox=\"0 0 18 32\"><path fill=\"#3b5998\" d=\"M17.1 0.2v4.7h-2.8q-1.5 0-2.1 0.6t-0.5 1.9v3.4h5.2l-0.7 5.3h-4.5v13.6h-5.5v-13.6h-4.5v-5.3h4.5v-3.9q0-3.3 1.9-5.2t5-1.8q2.6 0 4.1 0.2z\"\/><\/svg><\/span><span class=\"shariff-text\">teilen<\/span>&nbsp;<span data-service=\"facebook\" style=\"color:#3b5998\" class=\"shariff-count shariff-hidezero\"><\/span>&nbsp;<\/a><\/li><li class=\"shariff-button twitter shariff-nocustomcolor\" style=\"background-color:#32bbf5\"><a href=\"https:\/\/twitter.com\/share?url=https%3A%2F%2Fwolfsmonitor.de%2F%3Fpage_id%3D9840&text=Beitr%C3%A4ge%20August%202017\" title=\"Bei Twitter teilen\" aria-label=\"Bei Twitter teilen\" role=\"button\" rel=\"noopener nofollow\" class=\"shariff-link\" style=\"; background-color:#55acee; color:#fff\" target=\"_blank\"><span class=\"shariff-icon\" style=\"\"><svg width=\"32px\" height=\"20px\" xmlns=\"http:\/\/www.w3.org\/2000\/svg\" viewBox=\"0 0 30 32\"><path fill=\"#55acee\" d=\"M29.7 6.8q-1.2 1.8-3 3.1 0 0.3 0 0.8 0 2.5-0.7 4.9t-2.2 4.7-3.5 4-4.9 2.8-6.1 1q-5.1 0-9.3-2.7 0.6 0.1 1.5 0.1 4.3 0 7.6-2.6-2-0.1-3.5-1.2t-2.2-3q0.6 0.1 1.1 0.1 0.8 0 1.6-0.2-2.1-0.4-3.5-2.1t-1.4-3.9v-0.1q1.3 0.7 2.8 0.8-1.2-0.8-2-2.2t-0.7-2.9q0-1.7 0.8-3.1 2.3 2.8 5.5 4.5t7 1.9q-0.2-0.7-0.2-1.4 0-2.5 1.8-4.3t4.3-1.8q2.7 0 4.5 1.9 2.1-0.4 3.9-1.5-0.7 2.2-2.7 3.4 1.8-0.2 3.5-0.9z\"\/><\/svg><\/span><span class=\"shariff-text\">twittern<\/span>&nbsp;<span data-service=\"twitter\" style=\"color:#55acee\" class=\"shariff-count shariff-hidezero\"><\/span>&nbsp;<\/a><\/li><li class=\"shariff-button rss shariff-nocustomcolor\" style=\"background-color:#ff8c00\"><a href=\"https:\/\/wolfsmonitor.de\/?feed=rss\" title=\"RSS-feed\" aria-label=\"RSS-feed\" role=\"button\" class=\"shariff-link\" style=\"; background-color:#fe9312; color:#fff\" target=\"_blank\"><span class=\"shariff-icon\" style=\"\"><svg width=\"32px\" height=\"20px\" xmlns=\"http:\/\/www.w3.org\/2000\/svg\" viewBox=\"0 0 32 32\"><path fill=\"#fe9312\" d=\"M4.3 23.5c-2.3 0-4.3 1.9-4.3 4.3 0 2.3 1.9 4.2 4.3 4.2 2.4 0 4.3-1.9 4.3-4.2 0-2.3-1.9-4.3-4.3-4.3zM0 10.9v6.1c4 0 7.7 1.6 10.6 4.4 2.8 2.8 4.4 6.6 4.4 10.6h6.2c0-11.7-9.5-21.1-21.1-21.1zM0 0v6.1c14.2 0 25.8 11.6 25.8 25.9h6.2c0-17.6-14.4-32-32-32z\"\/><\/svg><\/span><span class=\"shariff-text\">RSS-feed<\/span>&nbsp;<\/a><\/li><li class=\"shariff-button mailto shariff-nocustomcolor\" style=\"background-color:#a8a8a8\"><a href=\"mailto:?body=https%3A%2F%2Fwolfsmonitor.de%2F%3Fpage_id%3D9840&subject=Beitr%C3%A4ge%20August%202017\" title=\"Per E-Mail versenden\" aria-label=\"Per E-Mail versenden\" role=\"button\" rel=\"noopener nofollow\" class=\"shariff-link\" style=\"; background-color:#999; color:#fff\"><span class=\"shariff-icon\" style=\"\"><svg width=\"32px\" height=\"20px\" xmlns=\"http:\/\/www.w3.org\/2000\/svg\" viewBox=\"0 0 32 32\"><path fill=\"#999\" d=\"M32 12.7v14.2q0 1.2-0.8 2t-2 0.9h-26.3q-1.2 0-2-0.9t-0.8-2v-14.2q0.8 0.9 1.8 1.6 6.5 4.4 8.9 6.1 1 0.8 1.6 1.2t1.7 0.9 2 0.4h0.1q0.9 0 2-0.4t1.7-0.9 1.6-1.2q3-2.2 8.9-6.1 1-0.7 1.8-1.6zM32 7.4q0 1.4-0.9 2.7t-2.2 2.2q-6.7 4.7-8.4 5.8-0.2 0.1-0.7 0.5t-1 0.7-0.9 0.6-1.1 0.5-0.9 0.2h-0.1q-0.4 0-0.9-0.2t-1.1-0.5-0.9-0.6-1-0.7-0.7-0.5q-1.6-1.1-4.7-3.2t-3.6-2.6q-1.1-0.7-2.1-2t-1-2.5q0-1.4 0.7-2.3t2.1-0.9h26.3q1.2 0 2 0.8t0.9 2z\"\/><\/svg><\/span><span class=\"shariff-text\">E-Mail<\/span>&nbsp;<\/a><\/li><li class=\"shariff-button info shariff-nocustomcolor\" style=\"background-color:#a8a8a8\"><a href=\"http:\/\/ct.de\/-2467514\" title=\"Weitere Informationen\" aria-label=\"Weitere Informationen\" role=\"button\" rel=\"noopener \" class=\"shariff-link\" style=\"; background-color:#999; color:#fff\" target=\"_blank\"><span class=\"shariff-icon\" style=\"\"><svg width=\"32px\" height=\"20px\" xmlns=\"http:\/\/www.w3.org\/2000\/svg\" viewBox=\"0 0 11 32\"><path fill=\"#999\" d=\"M11.4 24v2.3q0 0.5-0.3 0.8t-0.8 0.4h-9.1q-0.5 0-0.8-0.4t-0.4-0.8v-2.3q0-0.5 0.4-0.8t0.8-0.4h1.1v-6.8h-1.1q-0.5 0-0.8-0.4t-0.4-0.8v-2.3q0-0.5 0.4-0.8t0.8-0.4h6.8q0.5 0 0.8 0.4t0.4 0.8v10.3h1.1q0.5 0 0.8 0.4t0.3 0.8zM9.2 3.4v3.4q0 0.5-0.4 0.8t-0.8 0.4h-4.6q-0.4 0-0.8-0.4t-0.4-0.8v-3.4q0-0.4 0.4-0.8t0.8-0.4h4.6q0.5 0 0.8 0.4t0.4 0.8z\"\/><\/svg><\/span><\/a><\/li><\/ul><\/div>","protected":false},"author":1,"featured_media":0,"parent":6947,"menu_order":8,"comment_status":"closed","ping_status":"closed","template":"","meta":{"spay_email":""},"jetpack_shortlink":"https:\/\/wp.me\/P61YbU-2yI","jetpack-related-posts":[{"id":996,"url":"https:\/\/wolfsmonitor.de\/?page_id=996","url_meta":{"origin":9840,"position":0},"title":"Beitr\u00e4ge August 2015","date":"31. Juli 2015","format":false,"excerpt":"Hier finden Sie alle Beitr\u00e4ge aus dem August 2015, dem f\u00fcnften Monat des Blogs! Bitte klicken Sie direkt auf den gew\u00fcnschten Titel in der Menueauswahl oder auf folgende, chronologisch angeordnete Beitrags\u00fcberschriften: \u00a0John Linnell: \"Die Erfahrung wird zeigen, ...\", 01. August 2015 Bewegt sich der Deutsche Jagdverband weiter ins Abseits?, 03.\u2026","rel":"","context":"\u00c4hnlicher Beitrag","img":{"alt_text":"","src":"","width":0,"height":0},"classes":[]},{"id":17669,"url":"https:\/\/wolfsmonitor.de\/?page_id=17669","url_meta":{"origin":9840,"position":1},"title":"Beitr\u00e4ge August 2019","date":"1. August 2019","format":false,"excerpt":"Hier finden Sie alle Wolfsmonitor-Beitr\u00e4ge aus dem August 2019. \"Der Wolf wird\u2019s Abonnentensterben schon richten.\", 1. August 2019 Thomas Mitschke zur erneuten Verl\u00e4ngerung der Abschusserlaubnis f\u00fcr Wolf \"GW717m\" in Niedersachsen, 1. August 2019 Verl\u00e4sst der Olaf sein \u201esinkendes Schiff\u201c?, 2. August 2019 13 tote Schafe im Emsland, 3. August 2019\u2026","rel":"","context":"\u00c4hnlicher Beitrag","img":{"alt_text":"","src":"","width":0,"height":0},"classes":[]},{"id":14456,"url":"https:\/\/wolfsmonitor.de\/?page_id=14456","url_meta":{"origin":9840,"position":2},"title":"Beitr\u00e4ge August 2018","date":"1. August 2018","format":false,"excerpt":"Hier finden Sie alle Wolfsmonitor-Beitr\u00e4ge aus dem August 2018. Bitte klicken Sie direkt auf den gew\u00fcnschten Titel im \"Klappmenue\" oben unter \"Beitr\u00e4ge\" oder auf folgende, chronologisch angeordnete Beitrags\u00fcberschriften: \u201cStatistischer Fliegenschiss\u201d, 1. August 2018 Hanno M. Pilartz: Offener Brief an den Deutschen Bauernverband, 2. August 2018 S\u00f6der (CSU):\"Die Alm ist bislang\u2026","rel":"","context":"\u00c4hnlicher Beitrag","img":{"alt_text":"","src":"","width":0,"height":0},"classes":[]},{"id":4438,"url":"https:\/\/wolfsmonitor.de\/?page_id=4438","url_meta":{"origin":9840,"position":3},"title":"Beitr\u00e4ge August 2016","date":"1. August 2016","format":false,"excerpt":"Hier finden Sie alle Beitr\u00e4ge aus dem August 2016! Bitte klicken Sie direkt auf den gew\u00fcnschten Titel im \"Klappmenue\" oben oder auf folgende, chronologisch angeordnete Beitrags\u00fcberschriften: Synergiepotenzial: Wolfsausstellung begeistert Menschen, 1. August 2016 Sachsen-Anhalt: Erstmals Wolfsnachwuchs in Zichtauer und Kl\u00f6tzer Forst, 2. August 2016 Ist die Angst vor Hunden gleichzusetzen\u2026","rel":"","context":"\u00c4hnlicher Beitrag","img":{"alt_text":"","src":"","width":0,"height":0},"classes":[]},{"id":18500,"url":"https:\/\/wolfsmonitor.de\/?page_id=18500","url_meta":{"origin":9840,"position":4},"title":"Beitr\u00e4ge Mai 2020","date":"18. Mai 2020","format":false,"excerpt":"Hier finden Sie alle Beitr\u00e4ge aus dem Mai 2020, dem einundsechzigsten Monat des Blogs! Bitte klicken Sie direkt auf den gew\u00fcnschten Titel in der Menueauswahl oder auf folgende, chronologisch angeordnete Beitrags\u00fcberschriften: Olaf Lies verk\u00fcndet Wolfsverordnung f\u00fcr Niedersachsen, 18. Mai 2020Pr\u00fcfung der \u00c4nderungen im Naturschutzgesetz des Bundes auf EU-Konformit\u00e4t, 20. Mai\u2026","rel":"","context":"\u00c4hnlicher Beitrag","img":{"alt_text":"","src":"","width":0,"height":0},"classes":[]},{"id":18232,"url":"https:\/\/wolfsmonitor.de\/?page_id=18232","url_meta":{"origin":9840,"position":5},"title":"Beitr\u00e4ge Januar 2020","date":"3. Januar 2020","format":false,"excerpt":"Hier finden Sie alle Beitr\u00e4ge aus dem Januar 2020, dem siebenundf\u00fcnfzigsten Monat dieses Blogs! Bitte klicken Sie direkt auf den gew\u00fcnschten Titel in der Menueauswahl oder auf folgende, chronologisch angeordnete Beitrags\u00fcberschriften: G\u00f6rlitzer Wolf wieder auf freiem Fu\u00df, 3. Januar 2020 VFD: \"Der effektivste Herdenschutz ist Pr\u00e4vention\", 7. Januar 2020 Ohrdrufer\u2026","rel":"","context":"\u00c4hnlicher Beitrag","img":{"alt_text":"","src":"","width":0,"height":0},"classes":[]}],"_links":{"self":[{"href":"https:\/\/wolfsmonitor.de\/index.php?rest_route=\/wp\/v2\/pages\/9840"}],"collection":[{"href":"https:\/\/wolfsmonitor.de\/index.php?rest_route=\/wp\/v2\/pages"}],"about":[{"href":"https:\/\/wolfsmonitor.de\/index.php?rest_route=\/wp\/v2\/types\/page"}],"author":[{"embeddable":true,"href":"https:\/\/wolfsmonitor.de\/index.php?rest_route=\/wp\/v2\/users\/1"}],"replies":[{"embeddable":true,"href":"https:\/\/wolfsmonitor.de\/index.php?rest_route=%2Fwp%2Fv2%2Fcomments&post=9840"}],"version-history":[{"count":38,"href":"https:\/\/wolfsmonitor.de\/index.php?rest_route=\/wp\/v2\/pages\/9840\/revisions"}],"predecessor-version":[{"id":10218,"href":"https:\/\/wolfsmonitor.de\/index.php?rest_route=\/wp\/v2\/pages\/9840\/revisions\/10218"}],"up":[{"embeddable":true,"href":"https:\/\/wolfsmonitor.de\/index.php?rest_route=\/wp\/v2\/pages\/6947"}],"wp:attachment":[{"href":"https:\/\/wolfsmonitor.de\/index.php?rest_route=%2Fwp%2Fv2%2Fmedia&parent=9840"}],"curies":[{"name":"wp","href":"https:\/\/api.w.org\/{rel}","templated":true}]}}